{"id":1508,"date":"2018-01-29T12:16:58","date_gmt":"2018-01-29T11:16:58","guid":{"rendered":"https:\/\/maiersgoldschmiede.com\/?post_type=product&#038;p=1508"},"modified":"2019-01-25T12:02:00","modified_gmt":"2019-01-25T11:02:00","slug":"mallorca-anhaenger-in-3-d-mit-schlaufe","status":"publish","type":"product","link":"https:\/\/maiersgoldschmiede.com\/en\/shop\/mallorca-anhaenger-in-3-d-mit-schlaufe\/","title":{"rendered":"Mallorca Anh\u00e4nger in 3 D mit Schlaufe"},"content":{"rendered":"<h4 class=\"fn\">Hochwertiger\u00a0 Mallorca Anh\u00e4nger in 3 D mit Schlaufe<\/h4>\n<div id=\"cc-shop-product-desc-text-13113136827\" class=\"description\">\n<p>Anh\u00e4nger in 925 Silber,\u00a0 L\u00e4nge 29 mm, Breite 23 mm, Gewicht ca 16 gr.<\/p>\n<p>&nbsp;<\/p>\n<\/div>\n","protected":false},"excerpt":{"rendered":"<p>Hochwertiger\u00a0 Mallorca Anh\u00e4nger in 3 D mit Schlaufe Anh\u00e4nger in 925 Silber,\u00a0 L\u00e4nge 29 mm, Breite 23 mm, Gewicht ca 16 gr. &nbsp;<\/p>\n","protected":false},"featured_media":1927,"template":"","meta":{"_exactmetrics_skip_tracking":false,"_exactmetrics_sitenote_active":false,"_exactmetrics_sitenote_note":"","_exactmetrics_sitenote_category":0},"product_brand":[],"product_cat":[516,509,548,576],"product_tag":[85,63,144],"class_list":{"0":"post-1508","1":"product","2":"type-product","3":"status-publish","4":"has-post-thumbnail","6":"product_cat-halsketten-colliers","7":"product_cat-herrenschmuck","8":"product_cat-mallorca-collection","9":"product_cat-silber","10":"product_tag-3d","11":"product_tag-anhaenger","12":"product_tag-mallorca","13":"pa_collection-mallorca-collection","14":"pa_material-silber","15":"pa_material-vergoldet","17":"first","18":"instock","19":"taxable","20":"shipping-taxable","21":"purchasable","22":"product-type-variable","23":"prodpage-style3"},"yoast_head":"<!-- This site is optimized with the Yoast SEO plugin v26.1.1 - https:\/\/yoast.com\/wordpress\/plugins\/seo\/ -->\n<title>Mallorca Anh\u00e4nger in 3 D mit Schlaufe - Maiers Goldschmiede<\/title>\n<meta name=\"robots\" content=\"index, follow, max-snippet:-1, max-image-preview:large, max-video-preview:-1\" \/>\n<link rel=\"canonical\" href=\"https:\/\/maiersgoldschmiede.com\/shop\/mallorca-anhaenger-in-3-d-mit-schlaufe\/\" \/>\n<meta property=\"og:locale\" content=\"en_US\" \/>\n<meta property=\"og:type\" content=\"article\" \/>\n<meta property=\"og:title\" content=\"Mallorca Anh\u00e4nger in 3 D mit Schlaufe - Maiers Goldschmiede\" \/>\n<meta property=\"og:description\" content=\"Hochwertiger\u00a0 Mallorca Anh\u00e4nger in 3 D mit Schlaufe Anh\u00e4nger in 925 Silber,\u00a0 L\u00e4nge 29 mm, Breite 23 mm, Gewicht ca 16 gr. &nbsp;\" \/>\n<meta property=\"og:url\" content=\"https:\/\/maiersgoldschmiede.com\/shop\/mallorca-anhaenger-in-3-d-mit-schlaufe\/\" \/>\n<meta property=\"og:site_name\" content=\"Maiers Goldschmiede\" \/>\n<meta property=\"article:publisher\" content=\"https:\/\/www.facebook.com\/MaiersGoldschmiede\" \/>\n<meta property=\"article:modified_time\" content=\"2019-01-25T11:02:00+00:00\" \/>\n<meta property=\"og:image\" content=\"https:\/\/maiersgoldschmiede.com\/wp-content\/uploads\/2018\/01\/Mallorca-Anh\u00e4nger-gro\u00df-Schlaufe-2.jpg\" \/>\n\t<meta property=\"og:image:width\" content=\"1200\" \/>\n\t<meta property=\"og:image:height\" content=\"1093\" \/>\n\t<meta property=\"og:image:type\" content=\"image\/jpeg\" \/>\n<meta name=\"twitter:card\" content=\"summary_large_image\" \/>\n<script type=\"application\/ld+json\" class=\"yoast-schema-graph\">{\"@context\":\"https:\/\/schema.org\",\"@graph\":[{\"@type\":\"WebPage\",\"@id\":\"https:\/\/maiersgoldschmiede.com\/shop\/mallorca-anhaenger-in-3-d-mit-schlaufe\/\",\"url\":\"https:\/\/maiersgoldschmiede.com\/shop\/mallorca-anhaenger-in-3-d-mit-schlaufe\/\",\"name\":\"Mallorca Anh\u00e4nger in 3 D mit Schlaufe - Maiers Goldschmiede\",\"isPartOf\":{\"@id\":\"https:\/\/maiersgoldschmiede.com\/es\/#website\"},\"primaryImageOfPage\":{\"@id\":\"https:\/\/maiersgoldschmiede.com\/shop\/mallorca-anhaenger-in-3-d-mit-schlaufe\/#primaryimage\"},\"image\":{\"@id\":\"https:\/\/maiersgoldschmiede.com\/shop\/mallorca-anhaenger-in-3-d-mit-schlaufe\/#primaryimage\"},\"thumbnailUrl\":\"https:\/\/maiersgoldschmiede.com\/wp-content\/uploads\/2018\/01\/Mallorca-Anh\u00e4nger-gro\u00df-Schlaufe-2.jpg\",\"datePublished\":\"2018-01-29T11:16:58+00:00\",\"dateModified\":\"2019-01-25T11:02:00+00:00\",\"breadcrumb\":{\"@id\":\"https:\/\/maiersgoldschmiede.com\/shop\/mallorca-anhaenger-in-3-d-mit-schlaufe\/#breadcrumb\"},\"inLanguage\":\"en-US\",\"potentialAction\":[{\"@type\":\"ReadAction\",\"target\":[\"https:\/\/maiersgoldschmiede.com\/shop\/mallorca-anhaenger-in-3-d-mit-schlaufe\/\"]}]},{\"@type\":\"ImageObject\",\"inLanguage\":\"en-US\",\"@id\":\"https:\/\/maiersgoldschmiede.com\/shop\/mallorca-anhaenger-in-3-d-mit-schlaufe\/#primaryimage\",\"url\":\"https:\/\/maiersgoldschmiede.com\/wp-content\/uploads\/2018\/01\/Mallorca-Anh\u00e4nger-gro\u00df-Schlaufe-2.jpg\",\"contentUrl\":\"https:\/\/maiersgoldschmiede.com\/wp-content\/uploads\/2018\/01\/Mallorca-Anh\u00e4nger-gro\u00df-Schlaufe-2.jpg\",\"width\":1200,\"height\":1093,\"caption\":\"Mallorca Anh\u00e4nger 3 D\"},{\"@type\":\"BreadcrumbList\",\"@id\":\"https:\/\/maiersgoldschmiede.com\/shop\/mallorca-anhaenger-in-3-d-mit-schlaufe\/#breadcrumb\",\"itemListElement\":[{\"@type\":\"ListItem\",\"position\":1,\"name\":\"Startseite\",\"item\":\"https:\/\/maiersgoldschmiede.com\/\"},{\"@type\":\"ListItem\",\"position\":2,\"name\":\"Maiers Goldsmith Shop\",\"item\":\"https:\/\/maiersgoldschmiede.com\/en\/maiers-goldsmith-shop\/\"},{\"@type\":\"ListItem\",\"position\":3,\"name\":\"Mallorca Anh\u00e4nger in 3 D mit Schlaufe\"}]},{\"@type\":\"WebSite\",\"@id\":\"https:\/\/maiersgoldschmiede.com\/es\/#website\",\"url\":\"https:\/\/maiersgoldschmiede.com\/es\/\",\"name\":\"Maiers Goldschmiede\",\"description\":\"Ibiza Goldschmied Werkstatt \u2013 Atelier\",\"publisher\":{\"@id\":\"https:\/\/maiersgoldschmiede.com\/es\/#organization\"},\"potentialAction\":[{\"@type\":\"SearchAction\",\"target\":{\"@type\":\"EntryPoint\",\"urlTemplate\":\"https:\/\/maiersgoldschmiede.com\/es\/?s={search_term_string}\"},\"query-input\":{\"@type\":\"PropertyValueSpecification\",\"valueRequired\":true,\"valueName\":\"search_term_string\"}}],\"inLanguage\":\"en-US\"},{\"@type\":\"Organization\",\"@id\":\"https:\/\/maiersgoldschmiede.com\/es\/#organization\",\"name\":\"Maiers Goldschmiede Ibiza\",\"url\":\"https:\/\/maiersgoldschmiede.com\/es\/\",\"logo\":{\"@type\":\"ImageObject\",\"inLanguage\":\"en-US\",\"@id\":\"https:\/\/maiersgoldschmiede.com\/es\/#\/schema\/logo\/image\/\",\"url\":\"https:\/\/maiersgoldschmiede.com\/wp-content\/uploads\/2017\/05\/logo2.png\",\"contentUrl\":\"https:\/\/maiersgoldschmiede.com\/wp-content\/uploads\/2017\/05\/logo2.png\",\"width\":150,\"height\":116,\"caption\":\"Maiers Goldschmiede Ibiza\"},\"image\":{\"@id\":\"https:\/\/maiersgoldschmiede.com\/es\/#\/schema\/logo\/image\/\"},\"sameAs\":[\"https:\/\/www.facebook.com\/MaiersGoldschmiede\",\"https:\/\/www.instagram.com\/maier.reinhard\"]}]}<\/script>\n<!-- \/ Yoast SEO plugin. -->","yoast_head_json":{"title":"Mallorca Anh\u00e4nger in 3 D mit Schlaufe - Maiers Goldschmiede","robots":{"index":"index","follow":"follow","max-snippet":"max-snippet:-1","max-image-preview":"max-image-preview:large","max-video-preview":"max-video-preview:-1"},"canonical":"https:\/\/maiersgoldschmiede.com\/shop\/mallorca-anhaenger-in-3-d-mit-schlaufe\/","og_locale":"en_US","og_type":"article","og_title":"Mallorca Anh\u00e4nger in 3 D mit Schlaufe - Maiers Goldschmiede","og_description":"Hochwertiger\u00a0 Mallorca Anh\u00e4nger in 3 D mit Schlaufe Anh\u00e4nger in 925 Silber,\u00a0 L\u00e4nge 29 mm, Breite 23 mm, Gewicht ca 16 gr. &nbsp;","og_url":"https:\/\/maiersgoldschmiede.com\/shop\/mallorca-anhaenger-in-3-d-mit-schlaufe\/","og_site_name":"Maiers Goldschmiede","article_publisher":"https:\/\/www.facebook.com\/MaiersGoldschmiede","article_modified_time":"2019-01-25T11:02:00+00:00","og_image":[{"width":1200,"height":1093,"url":"https:\/\/maiersgoldschmiede.com\/wp-content\/uploads\/2018\/01\/Mallorca-Anh\u00e4nger-gro\u00df-Schlaufe-2.jpg","type":"image\/jpeg"}],"twitter_card":"summary_large_image","schema":{"@context":"https:\/\/schema.org","@graph":[{"@type":"WebPage","@id":"https:\/\/maiersgoldschmiede.com\/shop\/mallorca-anhaenger-in-3-d-mit-schlaufe\/","url":"https:\/\/maiersgoldschmiede.com\/shop\/mallorca-anhaenger-in-3-d-mit-schlaufe\/","name":"Mallorca Anh\u00e4nger in 3 D mit Schlaufe - Maiers Goldschmiede","isPartOf":{"@id":"https:\/\/maiersgoldschmiede.com\/es\/#website"},"primaryImageOfPage":{"@id":"https:\/\/maiersgoldschmiede.com\/shop\/mallorca-anhaenger-in-3-d-mit-schlaufe\/#primaryimage"},"image":{"@id":"https:\/\/maiersgoldschmiede.com\/shop\/mallorca-anhaenger-in-3-d-mit-schlaufe\/#primaryimage"},"thumbnailUrl":"https:\/\/maiersgoldschmiede.com\/wp-content\/uploads\/2018\/01\/Mallorca-Anh\u00e4nger-gro\u00df-Schlaufe-2.jpg","datePublished":"2018-01-29T11:16:58+00:00","dateModified":"2019-01-25T11:02:00+00:00","breadcrumb":{"@id":"https:\/\/maiersgoldschmiede.com\/shop\/mallorca-anhaenger-in-3-d-mit-schlaufe\/#breadcrumb"},"inLanguage":"en-US","potentialAction":[{"@type":"ReadAction","target":["https:\/\/maiersgoldschmiede.com\/shop\/mallorca-anhaenger-in-3-d-mit-schlaufe\/"]}]},{"@type":"ImageObject","inLanguage":"en-US","@id":"https:\/\/maiersgoldschmiede.com\/shop\/mallorca-anhaenger-in-3-d-mit-schlaufe\/#primaryimage","url":"https:\/\/maiersgoldschmiede.com\/wp-content\/uploads\/2018\/01\/Mallorca-Anh\u00e4nger-gro\u00df-Schlaufe-2.jpg","contentUrl":"https:\/\/maiersgoldschmiede.com\/wp-content\/uploads\/2018\/01\/Mallorca-Anh\u00e4nger-gro\u00df-Schlaufe-2.jpg","width":1200,"height":1093,"caption":"Mallorca Anh\u00e4nger 3 D"},{"@type":"BreadcrumbList","@id":"https:\/\/maiersgoldschmiede.com\/shop\/mallorca-anhaenger-in-3-d-mit-schlaufe\/#breadcrumb","itemListElement":[{"@type":"ListItem","position":1,"name":"Startseite","item":"https:\/\/maiersgoldschmiede.com\/"},{"@type":"ListItem","position":2,"name":"Maiers Goldsmith Shop","item":"https:\/\/maiersgoldschmiede.com\/en\/maiers-goldsmith-shop\/"},{"@type":"ListItem","position":3,"name":"Mallorca Anh\u00e4nger in 3 D mit Schlaufe"}]},{"@type":"WebSite","@id":"https:\/\/maiersgoldschmiede.com\/es\/#website","url":"https:\/\/maiersgoldschmiede.com\/es\/","name":"Maiers Goldschmiede","description":"Ibiza Goldschmied Werkstatt \u2013 Atelier","publisher":{"@id":"https:\/\/maiersgoldschmiede.com\/es\/#organization"},"potentialAction":[{"@type":"SearchAction","target":{"@type":"EntryPoint","urlTemplate":"https:\/\/maiersgoldschmiede.com\/es\/?s={search_term_string}"},"query-input":{"@type":"PropertyValueSpecification","valueRequired":true,"valueName":"search_term_string"}}],"inLanguage":"en-US"},{"@type":"Organization","@id":"https:\/\/maiersgoldschmiede.com\/es\/#organization","name":"Maiers Goldschmiede Ibiza","url":"https:\/\/maiersgoldschmiede.com\/es\/","logo":{"@type":"ImageObject","inLanguage":"en-US","@id":"https:\/\/maiersgoldschmiede.com\/es\/#\/schema\/logo\/image\/","url":"https:\/\/maiersgoldschmiede.com\/wp-content\/uploads\/2017\/05\/logo2.png","contentUrl":"https:\/\/maiersgoldschmiede.com\/wp-content\/uploads\/2017\/05\/logo2.png","width":150,"height":116,"caption":"Maiers Goldschmiede Ibiza"},"image":{"@id":"https:\/\/maiersgoldschmiede.com\/es\/#\/schema\/logo\/image\/"},"sameAs":["https:\/\/www.facebook.com\/MaiersGoldschmiede","https:\/\/www.instagram.com\/maier.reinhard"]}]}},"_links":{"self":[{"href":"https:\/\/maiersgoldschmiede.com\/en\/wp-json\/wp\/v2\/product\/1508","targetHints":{"allow":["GET"]}}],"collection":[{"href":"https:\/\/maiersgoldschmiede.com\/en\/wp-json\/wp\/v2\/product"}],"about":[{"href":"https:\/\/maiersgoldschmiede.com\/en\/wp-json\/wp\/v2\/types\/product"}],"wp:featuredmedia":[{"embeddable":true,"href":"https:\/\/maiersgoldschmiede.com\/en\/wp-json\/wp\/v2\/media\/1927"}],"wp:attachment":[{"href":"https:\/\/maiersgoldschmiede.com\/en\/wp-json\/wp\/v2\/media?parent=1508"}],"wp:term":[{"taxonomy":"product_brand","embeddable":true,"href":"https:\/\/maiersgoldschmiede.com\/en\/wp-json\/wp\/v2\/product_brand?post=1508"},{"taxonomy":"product_cat","embeddable":true,"href":"https:\/\/maiersgoldschmiede.com\/en\/wp-json\/wp\/v2\/product_cat?post=1508"},{"taxonomy":"product_tag","embeddable":true,"href":"https:\/\/maiersgoldschmiede.com\/en\/wp-json\/wp\/v2\/product_tag?post=1508"}],"curies":[{"name":"wp","href":"https:\/\/api.w.org\/{rel}","templated":true}]}}