{"id":19459,"date":"2021-05-05T14:51:16","date_gmt":"2021-05-05T12:51:16","guid":{"rendered":"https:\/\/maiersgoldschmiede.com\/?post_type=product&#038;p=19459"},"modified":"2022-03-16T17:39:10","modified_gmt":"2022-03-16T16:39:10","slug":"bitcoin-auf-kautschuk-armband","status":"publish","type":"product","link":"https:\/\/maiersgoldschmiede.com\/en\/shop\/bitcoin-auf-kautschuk-armband\/","title":{"rendered":"Bitcoin auf Kautschuk Armband"},"content":{"rendered":"<p>Armband,<\/p>\n<p>Kautschuk Band: Breite: 9 mm. L\u00e4nge: variabel.<\/p>\n<p>Gewicht komplett: 31 gr.<\/p>\n<p>Bitcoin Platte, 925 Silber, Goldplattiert, Durchmesser: 12 mm, St\u00e4rke: 1,2 mm<\/p>\n<p>mit schwarzem, lichth\u00e4rtedem Kunstoff ausgelegt!<\/p>\n<p>Kann auch mit einem anderen Logo angefertigt werden!<\/p>\n<p>&nbsp;<\/p>\n","protected":false},"excerpt":{"rendered":"<p>Armband, Kautschuk Band: Breite: 9 mm. L\u00e4nge: variabel. Gewicht komplett: 31 gr. Bitcoin Platte, 925 Silber, Goldplattiert, Durchmesser: 12 mm, St\u00e4rke: 1,2 mm mit schwarzem, lichth\u00e4rtedem Kunstoff ausgelegt! Kann auch mit einem anderen Logo angefertigt werden! &nbsp;<\/p>\n","protected":false},"featured_media":19448,"template":"","meta":{"_exactmetrics_skip_tracking":false,"_exactmetrics_sitenote_active":false,"_exactmetrics_sitenote_note":"","_exactmetrics_sitenote_category":0},"product_brand":[],"product_cat":[515,1057,508,509,576],"product_tag":[83,1058,1062],"class_list":{"0":"post-19459","1":"product","2":"type-product","3":"status-publish","4":"has-post-thumbnail","6":"product_cat-armbaender-armreifen","7":"product_cat-bitcoin-collection","8":"product_cat-damenschmuck","9":"product_cat-herrenschmuck","10":"product_cat-silber","11":"product_tag-armband","12":"product_tag-bitcoin","13":"product_tag-kautschuk","14":"pa_collection-carbon-collection","16":"first","17":"instock","18":"taxable","19":"shipping-taxable","20":"purchasable","21":"product-type-simple","22":"prodpage-style3"},"yoast_head":"<!-- This site is optimized with the Yoast SEO plugin v26.1.1 - https:\/\/yoast.com\/wordpress\/plugins\/seo\/ -->\n<title>Bitcoin auf Kautschuk Armband - Maiers Goldschmiede<\/title>\n<meta name=\"robots\" content=\"index, follow, max-snippet:-1, max-image-preview:large, max-video-preview:-1\" \/>\n<link rel=\"canonical\" href=\"https:\/\/maiersgoldschmiede.com\/shop\/bitcoin-auf-kautschuk-armband\/\" \/>\n<meta property=\"og:locale\" content=\"en_US\" \/>\n<meta property=\"og:type\" content=\"article\" \/>\n<meta property=\"og:title\" content=\"Bitcoin auf Kautschuk Armband - Maiers Goldschmiede\" \/>\n<meta property=\"og:description\" content=\"Armband, Kautschuk Band: Breite: 9 mm. L\u00e4nge: variabel. Gewicht komplett: 31 gr. Bitcoin Platte, 925 Silber, Goldplattiert, Durchmesser: 12 mm, St\u00e4rke: 1,2 mm mit schwarzem, lichth\u00e4rtedem Kunstoff ausgelegt! Kann auch mit einem anderen Logo angefertigt werden! &nbsp;\" \/>\n<meta property=\"og:url\" content=\"https:\/\/maiersgoldschmiede.com\/shop\/bitcoin-auf-kautschuk-armband\/\" \/>\n<meta property=\"og:site_name\" content=\"Maiers Goldschmiede\" \/>\n<meta property=\"article:publisher\" content=\"https:\/\/www.facebook.com\/MaiersGoldschmiede\" \/>\n<meta property=\"article:modified_time\" content=\"2022-03-16T16:39:10+00:00\" \/>\n<meta property=\"og:image\" content=\"https:\/\/maiersgoldschmiede.com\/wp-content\/uploads\/2021\/05\/015_.jpg\" \/>\n\t<meta property=\"og:image:width\" content=\"1200\" \/>\n\t<meta property=\"og:image:height\" content=\"815\" \/>\n\t<meta property=\"og:image:type\" content=\"image\/jpeg\" \/>\n<meta name=\"twitter:card\" content=\"summary_large_image\" \/>\n<meta name=\"twitter:label1\" content=\"Est. reading time\" \/>\n\t<meta name=\"twitter:data1\" content=\"1 minute\" \/>\n<script type=\"application\/ld+json\" class=\"yoast-schema-graph\">{\"@context\":\"https:\/\/schema.org\",\"@graph\":[{\"@type\":\"WebPage\",\"@id\":\"https:\/\/maiersgoldschmiede.com\/shop\/bitcoin-auf-kautschuk-armband\/\",\"url\":\"https:\/\/maiersgoldschmiede.com\/shop\/bitcoin-auf-kautschuk-armband\/\",\"name\":\"Bitcoin auf Kautschuk Armband - Maiers Goldschmiede\",\"isPartOf\":{\"@id\":\"https:\/\/maiersgoldschmiede.com\/es\/#website\"},\"primaryImageOfPage\":{\"@id\":\"https:\/\/maiersgoldschmiede.com\/shop\/bitcoin-auf-kautschuk-armband\/#primaryimage\"},\"image\":{\"@id\":\"https:\/\/maiersgoldschmiede.com\/shop\/bitcoin-auf-kautschuk-armband\/#primaryimage\"},\"thumbnailUrl\":\"https:\/\/maiersgoldschmiede.com\/wp-content\/uploads\/2021\/05\/015_.jpg\",\"datePublished\":\"2021-05-05T12:51:16+00:00\",\"dateModified\":\"2022-03-16T16:39:10+00:00\",\"breadcrumb\":{\"@id\":\"https:\/\/maiersgoldschmiede.com\/shop\/bitcoin-auf-kautschuk-armband\/#breadcrumb\"},\"inLanguage\":\"en-US\",\"potentialAction\":[{\"@type\":\"ReadAction\",\"target\":[\"https:\/\/maiersgoldschmiede.com\/shop\/bitcoin-auf-kautschuk-armband\/\"]}]},{\"@type\":\"ImageObject\",\"inLanguage\":\"en-US\",\"@id\":\"https:\/\/maiersgoldschmiede.com\/shop\/bitcoin-auf-kautschuk-armband\/#primaryimage\",\"url\":\"https:\/\/maiersgoldschmiede.com\/wp-content\/uploads\/2021\/05\/015_.jpg\",\"contentUrl\":\"https:\/\/maiersgoldschmiede.com\/wp-content\/uploads\/2021\/05\/015_.jpg\",\"width\":1200,\"height\":815,\"caption\":\"Bitcoin auf Kautschuck Armband.www.maiersgoldschmiede.com\"},{\"@type\":\"BreadcrumbList\",\"@id\":\"https:\/\/maiersgoldschmiede.com\/shop\/bitcoin-auf-kautschuk-armband\/#breadcrumb\",\"itemListElement\":[{\"@type\":\"ListItem\",\"position\":1,\"name\":\"Startseite\",\"item\":\"https:\/\/maiersgoldschmiede.com\/\"},{\"@type\":\"ListItem\",\"position\":2,\"name\":\"Maiers Goldsmith Shop\",\"item\":\"https:\/\/maiersgoldschmiede.com\/en\/maiers-goldsmith-shop\/\"},{\"@type\":\"ListItem\",\"position\":3,\"name\":\"Bitcoin auf Kautschuk Armband\"}]},{\"@type\":\"WebSite\",\"@id\":\"https:\/\/maiersgoldschmiede.com\/es\/#website\",\"url\":\"https:\/\/maiersgoldschmiede.com\/es\/\",\"name\":\"Maiers Goldschmiede\",\"description\":\"Ibiza Goldschmied Werkstatt \u2013 Atelier\",\"publisher\":{\"@id\":\"https:\/\/maiersgoldschmiede.com\/es\/#organization\"},\"potentialAction\":[{\"@type\":\"SearchAction\",\"target\":{\"@type\":\"EntryPoint\",\"urlTemplate\":\"https:\/\/maiersgoldschmiede.com\/es\/?s={search_term_string}\"},\"query-input\":{\"@type\":\"PropertyValueSpecification\",\"valueRequired\":true,\"valueName\":\"search_term_string\"}}],\"inLanguage\":\"en-US\"},{\"@type\":\"Organization\",\"@id\":\"https:\/\/maiersgoldschmiede.com\/es\/#organization\",\"name\":\"Maiers Goldschmiede Ibiza\",\"url\":\"https:\/\/maiersgoldschmiede.com\/es\/\",\"logo\":{\"@type\":\"ImageObject\",\"inLanguage\":\"en-US\",\"@id\":\"https:\/\/maiersgoldschmiede.com\/es\/#\/schema\/logo\/image\/\",\"url\":\"https:\/\/maiersgoldschmiede.com\/wp-content\/uploads\/2017\/05\/logo2.png\",\"contentUrl\":\"https:\/\/maiersgoldschmiede.com\/wp-content\/uploads\/2017\/05\/logo2.png\",\"width\":150,\"height\":116,\"caption\":\"Maiers Goldschmiede Ibiza\"},\"image\":{\"@id\":\"https:\/\/maiersgoldschmiede.com\/es\/#\/schema\/logo\/image\/\"},\"sameAs\":[\"https:\/\/www.facebook.com\/MaiersGoldschmiede\",\"https:\/\/www.instagram.com\/maier.reinhard\"]}]}<\/script>\n<!-- \/ Yoast SEO plugin. -->","yoast_head_json":{"title":"Bitcoin auf Kautschuk Armband - Maiers Goldschmiede","robots":{"index":"index","follow":"follow","max-snippet":"max-snippet:-1","max-image-preview":"max-image-preview:large","max-video-preview":"max-video-preview:-1"},"canonical":"https:\/\/maiersgoldschmiede.com\/shop\/bitcoin-auf-kautschuk-armband\/","og_locale":"en_US","og_type":"article","og_title":"Bitcoin auf Kautschuk Armband - Maiers Goldschmiede","og_description":"Armband, Kautschuk Band: Breite: 9 mm. L\u00e4nge: variabel. Gewicht komplett: 31 gr. Bitcoin Platte, 925 Silber, Goldplattiert, Durchmesser: 12 mm, St\u00e4rke: 1,2 mm mit schwarzem, lichth\u00e4rtedem Kunstoff ausgelegt! Kann auch mit einem anderen Logo angefertigt werden! &nbsp;","og_url":"https:\/\/maiersgoldschmiede.com\/shop\/bitcoin-auf-kautschuk-armband\/","og_site_name":"Maiers Goldschmiede","article_publisher":"https:\/\/www.facebook.com\/MaiersGoldschmiede","article_modified_time":"2022-03-16T16:39:10+00:00","og_image":[{"width":1200,"height":815,"url":"https:\/\/maiersgoldschmiede.com\/wp-content\/uploads\/2021\/05\/015_.jpg","type":"image\/jpeg"}],"twitter_card":"summary_large_image","twitter_misc":{"Est. reading time":"1 minute"},"schema":{"@context":"https:\/\/schema.org","@graph":[{"@type":"WebPage","@id":"https:\/\/maiersgoldschmiede.com\/shop\/bitcoin-auf-kautschuk-armband\/","url":"https:\/\/maiersgoldschmiede.com\/shop\/bitcoin-auf-kautschuk-armband\/","name":"Bitcoin auf Kautschuk Armband - Maiers Goldschmiede","isPartOf":{"@id":"https:\/\/maiersgoldschmiede.com\/es\/#website"},"primaryImageOfPage":{"@id":"https:\/\/maiersgoldschmiede.com\/shop\/bitcoin-auf-kautschuk-armband\/#primaryimage"},"image":{"@id":"https:\/\/maiersgoldschmiede.com\/shop\/bitcoin-auf-kautschuk-armband\/#primaryimage"},"thumbnailUrl":"https:\/\/maiersgoldschmiede.com\/wp-content\/uploads\/2021\/05\/015_.jpg","datePublished":"2021-05-05T12:51:16+00:00","dateModified":"2022-03-16T16:39:10+00:00","breadcrumb":{"@id":"https:\/\/maiersgoldschmiede.com\/shop\/bitcoin-auf-kautschuk-armband\/#breadcrumb"},"inLanguage":"en-US","potentialAction":[{"@type":"ReadAction","target":["https:\/\/maiersgoldschmiede.com\/shop\/bitcoin-auf-kautschuk-armband\/"]}]},{"@type":"ImageObject","inLanguage":"en-US","@id":"https:\/\/maiersgoldschmiede.com\/shop\/bitcoin-auf-kautschuk-armband\/#primaryimage","url":"https:\/\/maiersgoldschmiede.com\/wp-content\/uploads\/2021\/05\/015_.jpg","contentUrl":"https:\/\/maiersgoldschmiede.com\/wp-content\/uploads\/2021\/05\/015_.jpg","width":1200,"height":815,"caption":"Bitcoin auf Kautschuck Armband.www.maiersgoldschmiede.com"},{"@type":"BreadcrumbList","@id":"https:\/\/maiersgoldschmiede.com\/shop\/bitcoin-auf-kautschuk-armband\/#breadcrumb","itemListElement":[{"@type":"ListItem","position":1,"name":"Startseite","item":"https:\/\/maiersgoldschmiede.com\/"},{"@type":"ListItem","position":2,"name":"Maiers Goldsmith Shop","item":"https:\/\/maiersgoldschmiede.com\/en\/maiers-goldsmith-shop\/"},{"@type":"ListItem","position":3,"name":"Bitcoin auf Kautschuk Armband"}]},{"@type":"WebSite","@id":"https:\/\/maiersgoldschmiede.com\/es\/#website","url":"https:\/\/maiersgoldschmiede.com\/es\/","name":"Maiers Goldschmiede","description":"Ibiza Goldschmied Werkstatt \u2013 Atelier","publisher":{"@id":"https:\/\/maiersgoldschmiede.com\/es\/#organization"},"potentialAction":[{"@type":"SearchAction","target":{"@type":"EntryPoint","urlTemplate":"https:\/\/maiersgoldschmiede.com\/es\/?s={search_term_string}"},"query-input":{"@type":"PropertyValueSpecification","valueRequired":true,"valueName":"search_term_string"}}],"inLanguage":"en-US"},{"@type":"Organization","@id":"https:\/\/maiersgoldschmiede.com\/es\/#organization","name":"Maiers Goldschmiede Ibiza","url":"https:\/\/maiersgoldschmiede.com\/es\/","logo":{"@type":"ImageObject","inLanguage":"en-US","@id":"https:\/\/maiersgoldschmiede.com\/es\/#\/schema\/logo\/image\/","url":"https:\/\/maiersgoldschmiede.com\/wp-content\/uploads\/2017\/05\/logo2.png","contentUrl":"https:\/\/maiersgoldschmiede.com\/wp-content\/uploads\/2017\/05\/logo2.png","width":150,"height":116,"caption":"Maiers Goldschmiede Ibiza"},"image":{"@id":"https:\/\/maiersgoldschmiede.com\/es\/#\/schema\/logo\/image\/"},"sameAs":["https:\/\/www.facebook.com\/MaiersGoldschmiede","https:\/\/www.instagram.com\/maier.reinhard"]}]}},"_links":{"self":[{"href":"https:\/\/maiersgoldschmiede.com\/en\/wp-json\/wp\/v2\/product\/19459","targetHints":{"allow":["GET"]}}],"collection":[{"href":"https:\/\/maiersgoldschmiede.com\/en\/wp-json\/wp\/v2\/product"}],"about":[{"href":"https:\/\/maiersgoldschmiede.com\/en\/wp-json\/wp\/v2\/types\/product"}],"wp:featuredmedia":[{"embeddable":true,"href":"https:\/\/maiersgoldschmiede.com\/en\/wp-json\/wp\/v2\/media\/19448"}],"wp:attachment":[{"href":"https:\/\/maiersgoldschmiede.com\/en\/wp-json\/wp\/v2\/media?parent=19459"}],"wp:term":[{"taxonomy":"product_brand","embeddable":true,"href":"https:\/\/maiersgoldschmiede.com\/en\/wp-json\/wp\/v2\/product_brand?post=19459"},{"taxonomy":"product_cat","embeddable":true,"href":"https:\/\/maiersgoldschmiede.com\/en\/wp-json\/wp\/v2\/product_cat?post=19459"},{"taxonomy":"product_tag","embeddable":true,"href":"https:\/\/maiersgoldschmiede.com\/en\/wp-json\/wp\/v2\/product_tag?post=19459"}],"curies":[{"name":"wp","href":"https:\/\/api.w.org\/{rel}","templated":true}]}}