{"id":20880,"date":"2023-06-03T07:48:54","date_gmt":"2023-06-03T05:48:54","guid":{"rendered":"https:\/\/maiersgoldschmiede.com\/?post_type=product&#038;p=20880"},"modified":"2023-06-03T08:30:41","modified_gmt":"2023-06-03T06:30:41","slug":"carbon-moissanite-spannring-2","status":"publish","type":"product","link":"https:\/\/maiersgoldschmiede.com\/en\/shop\/carbon-moissanite-spannring-2\/","title":{"rendered":"Carbon &#8211; MOISSANITE &#8211; Spannring"},"content":{"rendered":"<p>Mosissanite: Schliff Princess,\u00a0 5,5 x 5,5 mm Farbe: D, Reinheit: VVS1,\u00a0 Gewicht: 1 ct<\/p>\n<p>Ring: Breite: 8 mm.<\/p>\n<p>Gr\u00f6\u00dfe: 52 mm<\/p>\n<p>Mit GRA Zerdifikat<\/p>\n<p>In anderen Gr\u00f6\u00dfen auf Anfrage!<\/p>\n","protected":false},"excerpt":{"rendered":"<p>Mosissanite: Schliff Princess,\u00a0 5,5 x 5,5 mm Farbe: D, Reinheit: VVS1,\u00a0 Gewicht: 1 ct Ring: Breite: 8 mm. Gr\u00f6\u00dfe: 52 mm Mit GRA Zerdifikat In anderen Gr\u00f6\u00dfen auf Anfrage!<\/p>\n","protected":false},"featured_media":20890,"template":"","meta":{"_exactmetrics_skip_tracking":false,"_exactmetrics_sitenote_active":false,"_exactmetrics_sitenote_note":"","_exactmetrics_sitenote_category":0},"product_brand":[],"product_cat":[577,508,509,229,172,112,32,18],"product_tag":[73,1128,74],"class_list":{"0":"post-20880","1":"product","2":"type-product","3":"status-publish","4":"has-post-thumbnail","6":"product_cat-carbon","7":"product_cat-damenschmuck","8":"product_cat-herrenschmuck","9":"product_cat-neuheiten","10":"product_cat-ringe","11":"product_cat-unikate","12":"product_cat-carbon-collection","13":"product_cat-design-collection","14":"product_tag-carbon","15":"product_tag-moissanite","16":"product_tag-spannring","18":"first","19":"instock","20":"taxable","21":"shipping-taxable","22":"purchasable","23":"product-type-simple","24":"prodpage-style3"},"yoast_head":"<!-- This site is optimized with the Yoast SEO plugin v26.1.1 - https:\/\/yoast.com\/wordpress\/plugins\/seo\/ -->\n<title>Carbon - MOISSANITE - Spannring - Maiers Goldschmiede<\/title>\n<meta name=\"robots\" content=\"index, follow, max-snippet:-1, max-image-preview:large, max-video-preview:-1\" \/>\n<link rel=\"canonical\" href=\"https:\/\/maiersgoldschmiede.com\/shop\/carbon-moissanite-spannring-2\/\" \/>\n<meta property=\"og:locale\" content=\"en_US\" \/>\n<meta property=\"og:type\" content=\"article\" \/>\n<meta property=\"og:title\" content=\"Carbon - MOISSANITE - Spannring - Maiers Goldschmiede\" \/>\n<meta property=\"og:description\" content=\"Mosissanite: Schliff Princess,\u00a0 5,5 x 5,5 mm Farbe: D, Reinheit: VVS1,\u00a0 Gewicht: 1 ct Ring: Breite: 8 mm. Gr\u00f6\u00dfe: 52 mm Mit GRA Zerdifikat In anderen Gr\u00f6\u00dfen auf Anfrage!\" \/>\n<meta property=\"og:url\" content=\"https:\/\/maiersgoldschmiede.com\/shop\/carbon-moissanite-spannring-2\/\" \/>\n<meta property=\"og:site_name\" content=\"Maiers Goldschmiede\" \/>\n<meta property=\"article:publisher\" content=\"https:\/\/www.facebook.com\/MaiersGoldschmiede\" \/>\n<meta property=\"article:modified_time\" content=\"2023-06-03T06:30:41+00:00\" \/>\n<meta property=\"og:image\" content=\"https:\/\/maiersgoldschmiede.com\/wp-content\/uploads\/2023\/06\/011_.jpg\" \/>\n\t<meta property=\"og:image:width\" content=\"1200\" \/>\n\t<meta property=\"og:image:height\" content=\"874\" \/>\n\t<meta property=\"og:image:type\" content=\"image\/jpeg\" \/>\n<meta name=\"twitter:card\" content=\"summary_large_image\" \/>\n<meta name=\"twitter:label1\" content=\"Est. reading time\" \/>\n\t<meta name=\"twitter:data1\" content=\"1 minute\" \/>\n<script type=\"application\/ld+json\" class=\"yoast-schema-graph\">{\"@context\":\"https:\/\/schema.org\",\"@graph\":[{\"@type\":\"WebPage\",\"@id\":\"https:\/\/maiersgoldschmiede.com\/shop\/carbon-moissanite-spannring-2\/\",\"url\":\"https:\/\/maiersgoldschmiede.com\/shop\/carbon-moissanite-spannring-2\/\",\"name\":\"Carbon - MOISSANITE - Spannring - Maiers Goldschmiede\",\"isPartOf\":{\"@id\":\"https:\/\/maiersgoldschmiede.com\/es\/#website\"},\"primaryImageOfPage\":{\"@id\":\"https:\/\/maiersgoldschmiede.com\/shop\/carbon-moissanite-spannring-2\/#primaryimage\"},\"image\":{\"@id\":\"https:\/\/maiersgoldschmiede.com\/shop\/carbon-moissanite-spannring-2\/#primaryimage\"},\"thumbnailUrl\":\"https:\/\/maiersgoldschmiede.com\/wp-content\/uploads\/2023\/06\/011_.jpg\",\"datePublished\":\"2023-06-03T05:48:54+00:00\",\"dateModified\":\"2023-06-03T06:30:41+00:00\",\"breadcrumb\":{\"@id\":\"https:\/\/maiersgoldschmiede.com\/shop\/carbon-moissanite-spannring-2\/#breadcrumb\"},\"inLanguage\":\"en-US\",\"potentialAction\":[{\"@type\":\"ReadAction\",\"target\":[\"https:\/\/maiersgoldschmiede.com\/shop\/carbon-moissanite-spannring-2\/\"]}]},{\"@type\":\"ImageObject\",\"inLanguage\":\"en-US\",\"@id\":\"https:\/\/maiersgoldschmiede.com\/shop\/carbon-moissanite-spannring-2\/#primaryimage\",\"url\":\"https:\/\/maiersgoldschmiede.com\/wp-content\/uploads\/2023\/06\/011_.jpg\",\"contentUrl\":\"https:\/\/maiersgoldschmiede.com\/wp-content\/uploads\/2023\/06\/011_.jpg\",\"width\":1200,\"height\":874,\"caption\":\"Carbon - MOISSANITE - Spannring. www.maiersgoldschmiede.com\"},{\"@type\":\"BreadcrumbList\",\"@id\":\"https:\/\/maiersgoldschmiede.com\/shop\/carbon-moissanite-spannring-2\/#breadcrumb\",\"itemListElement\":[{\"@type\":\"ListItem\",\"position\":1,\"name\":\"Startseite\",\"item\":\"https:\/\/maiersgoldschmiede.com\/\"},{\"@type\":\"ListItem\",\"position\":2,\"name\":\"Maiers Goldsmith Shop\",\"item\":\"https:\/\/maiersgoldschmiede.com\/en\/maiers-goldsmith-shop\/\"},{\"@type\":\"ListItem\",\"position\":3,\"name\":\"Carbon &#8211; MOISSANITE &#8211; Spannring\"}]},{\"@type\":\"WebSite\",\"@id\":\"https:\/\/maiersgoldschmiede.com\/es\/#website\",\"url\":\"https:\/\/maiersgoldschmiede.com\/es\/\",\"name\":\"Maiers Goldschmiede\",\"description\":\"Ibiza Goldschmied Werkstatt \u2013 Atelier\",\"publisher\":{\"@id\":\"https:\/\/maiersgoldschmiede.com\/es\/#organization\"},\"potentialAction\":[{\"@type\":\"SearchAction\",\"target\":{\"@type\":\"EntryPoint\",\"urlTemplate\":\"https:\/\/maiersgoldschmiede.com\/es\/?s={search_term_string}\"},\"query-input\":{\"@type\":\"PropertyValueSpecification\",\"valueRequired\":true,\"valueName\":\"search_term_string\"}}],\"inLanguage\":\"en-US\"},{\"@type\":\"Organization\",\"@id\":\"https:\/\/maiersgoldschmiede.com\/es\/#organization\",\"name\":\"Maiers Goldschmiede Ibiza\",\"url\":\"https:\/\/maiersgoldschmiede.com\/es\/\",\"logo\":{\"@type\":\"ImageObject\",\"inLanguage\":\"en-US\",\"@id\":\"https:\/\/maiersgoldschmiede.com\/es\/#\/schema\/logo\/image\/\",\"url\":\"https:\/\/maiersgoldschmiede.com\/wp-content\/uploads\/2017\/05\/logo2.png\",\"contentUrl\":\"https:\/\/maiersgoldschmiede.com\/wp-content\/uploads\/2017\/05\/logo2.png\",\"width\":150,\"height\":116,\"caption\":\"Maiers Goldschmiede Ibiza\"},\"image\":{\"@id\":\"https:\/\/maiersgoldschmiede.com\/es\/#\/schema\/logo\/image\/\"},\"sameAs\":[\"https:\/\/www.facebook.com\/MaiersGoldschmiede\",\"https:\/\/www.instagram.com\/maier.reinhard\"]}]}<\/script>\n<!-- \/ Yoast SEO plugin. -->","yoast_head_json":{"title":"Carbon - MOISSANITE - Spannring - Maiers Goldschmiede","robots":{"index":"index","follow":"follow","max-snippet":"max-snippet:-1","max-image-preview":"max-image-preview:large","max-video-preview":"max-video-preview:-1"},"canonical":"https:\/\/maiersgoldschmiede.com\/shop\/carbon-moissanite-spannring-2\/","og_locale":"en_US","og_type":"article","og_title":"Carbon - MOISSANITE - Spannring - Maiers Goldschmiede","og_description":"Mosissanite: Schliff Princess,\u00a0 5,5 x 5,5 mm Farbe: D, Reinheit: VVS1,\u00a0 Gewicht: 1 ct Ring: Breite: 8 mm. Gr\u00f6\u00dfe: 52 mm Mit GRA Zerdifikat In anderen Gr\u00f6\u00dfen auf Anfrage!","og_url":"https:\/\/maiersgoldschmiede.com\/shop\/carbon-moissanite-spannring-2\/","og_site_name":"Maiers Goldschmiede","article_publisher":"https:\/\/www.facebook.com\/MaiersGoldschmiede","article_modified_time":"2023-06-03T06:30:41+00:00","og_image":[{"width":1200,"height":874,"url":"https:\/\/maiersgoldschmiede.com\/wp-content\/uploads\/2023\/06\/011_.jpg","type":"image\/jpeg"}],"twitter_card":"summary_large_image","twitter_misc":{"Est. reading time":"1 minute"},"schema":{"@context":"https:\/\/schema.org","@graph":[{"@type":"WebPage","@id":"https:\/\/maiersgoldschmiede.com\/shop\/carbon-moissanite-spannring-2\/","url":"https:\/\/maiersgoldschmiede.com\/shop\/carbon-moissanite-spannring-2\/","name":"Carbon - MOISSANITE - Spannring - Maiers Goldschmiede","isPartOf":{"@id":"https:\/\/maiersgoldschmiede.com\/es\/#website"},"primaryImageOfPage":{"@id":"https:\/\/maiersgoldschmiede.com\/shop\/carbon-moissanite-spannring-2\/#primaryimage"},"image":{"@id":"https:\/\/maiersgoldschmiede.com\/shop\/carbon-moissanite-spannring-2\/#primaryimage"},"thumbnailUrl":"https:\/\/maiersgoldschmiede.com\/wp-content\/uploads\/2023\/06\/011_.jpg","datePublished":"2023-06-03T05:48:54+00:00","dateModified":"2023-06-03T06:30:41+00:00","breadcrumb":{"@id":"https:\/\/maiersgoldschmiede.com\/shop\/carbon-moissanite-spannring-2\/#breadcrumb"},"inLanguage":"en-US","potentialAction":[{"@type":"ReadAction","target":["https:\/\/maiersgoldschmiede.com\/shop\/carbon-moissanite-spannring-2\/"]}]},{"@type":"ImageObject","inLanguage":"en-US","@id":"https:\/\/maiersgoldschmiede.com\/shop\/carbon-moissanite-spannring-2\/#primaryimage","url":"https:\/\/maiersgoldschmiede.com\/wp-content\/uploads\/2023\/06\/011_.jpg","contentUrl":"https:\/\/maiersgoldschmiede.com\/wp-content\/uploads\/2023\/06\/011_.jpg","width":1200,"height":874,"caption":"Carbon - MOISSANITE - Spannring. www.maiersgoldschmiede.com"},{"@type":"BreadcrumbList","@id":"https:\/\/maiersgoldschmiede.com\/shop\/carbon-moissanite-spannring-2\/#breadcrumb","itemListElement":[{"@type":"ListItem","position":1,"name":"Startseite","item":"https:\/\/maiersgoldschmiede.com\/"},{"@type":"ListItem","position":2,"name":"Maiers Goldsmith Shop","item":"https:\/\/maiersgoldschmiede.com\/en\/maiers-goldsmith-shop\/"},{"@type":"ListItem","position":3,"name":"Carbon &#8211; MOISSANITE &#8211; Spannring"}]},{"@type":"WebSite","@id":"https:\/\/maiersgoldschmiede.com\/es\/#website","url":"https:\/\/maiersgoldschmiede.com\/es\/","name":"Maiers Goldschmiede","description":"Ibiza Goldschmied Werkstatt \u2013 Atelier","publisher":{"@id":"https:\/\/maiersgoldschmiede.com\/es\/#organization"},"potentialAction":[{"@type":"SearchAction","target":{"@type":"EntryPoint","urlTemplate":"https:\/\/maiersgoldschmiede.com\/es\/?s={search_term_string}"},"query-input":{"@type":"PropertyValueSpecification","valueRequired":true,"valueName":"search_term_string"}}],"inLanguage":"en-US"},{"@type":"Organization","@id":"https:\/\/maiersgoldschmiede.com\/es\/#organization","name":"Maiers Goldschmiede Ibiza","url":"https:\/\/maiersgoldschmiede.com\/es\/","logo":{"@type":"ImageObject","inLanguage":"en-US","@id":"https:\/\/maiersgoldschmiede.com\/es\/#\/schema\/logo\/image\/","url":"https:\/\/maiersgoldschmiede.com\/wp-content\/uploads\/2017\/05\/logo2.png","contentUrl":"https:\/\/maiersgoldschmiede.com\/wp-content\/uploads\/2017\/05\/logo2.png","width":150,"height":116,"caption":"Maiers Goldschmiede Ibiza"},"image":{"@id":"https:\/\/maiersgoldschmiede.com\/es\/#\/schema\/logo\/image\/"},"sameAs":["https:\/\/www.facebook.com\/MaiersGoldschmiede","https:\/\/www.instagram.com\/maier.reinhard"]}]}},"_links":{"self":[{"href":"https:\/\/maiersgoldschmiede.com\/en\/wp-json\/wp\/v2\/product\/20880","targetHints":{"allow":["GET"]}}],"collection":[{"href":"https:\/\/maiersgoldschmiede.com\/en\/wp-json\/wp\/v2\/product"}],"about":[{"href":"https:\/\/maiersgoldschmiede.com\/en\/wp-json\/wp\/v2\/types\/product"}],"wp:featuredmedia":[{"embeddable":true,"href":"https:\/\/maiersgoldschmiede.com\/en\/wp-json\/wp\/v2\/media\/20890"}],"wp:attachment":[{"href":"https:\/\/maiersgoldschmiede.com\/en\/wp-json\/wp\/v2\/media?parent=20880"}],"wp:term":[{"taxonomy":"product_brand","embeddable":true,"href":"https:\/\/maiersgoldschmiede.com\/en\/wp-json\/wp\/v2\/product_brand?post=20880"},{"taxonomy":"product_cat","embeddable":true,"href":"https:\/\/maiersgoldschmiede.com\/en\/wp-json\/wp\/v2\/product_cat?post=20880"},{"taxonomy":"product_tag","embeddable":true,"href":"https:\/\/maiersgoldschmiede.com\/en\/wp-json\/wp\/v2\/product_tag?post=20880"}],"curies":[{"name":"wp","href":"https:\/\/api.w.org\/{rel}","templated":true}]}}