{"id":20904,"date":"2023-06-29T16:34:00","date_gmt":"2023-06-29T14:34:00","guid":{"rendered":"https:\/\/maiersgoldschmiede.com\/?post_type=product&#038;p=20904"},"modified":"2023-06-29T16:50:42","modified_gmt":"2023-06-29T14:50:42","slug":"hanfblatt-arm-hand-fuss-band-mit-gecko","status":"publish","type":"product","link":"https:\/\/maiersgoldschmiede.com\/en\/shop\/hanfblatt-arm-hand-fuss-band-mit-gecko\/","title":{"rendered":"Hanfblatt, Arm &#8211; Hand &#8211; Fu\u00df &#8211; Band mit Gecko"},"content":{"rendered":"<p>Arm &#8211; Hand &#8211; Fu\u00df &#8211; Band<\/p>\n<p>Kann auch am Fu\u00df gertagen werden!<\/p>\n<p>L\u00e4nge: 45 mm, Breite: 38 mm, H\u00f6he: 6 mm, mit Gecko.<\/p>\n<p>Gecko: 21 x 9 mm, vergoldet.<\/p>\n<p>Mit 2 Brillanten in den Augen, 0,02ct, schwarz<\/p>\n<p>Gewicht 18 gr, 925 Silber.<\/p>\n<p>Auf Elastofix 1,5 mm schwzarz.<\/p>\n<p>Stufenlos verstellbar.<\/p>\n","protected":false},"excerpt":{"rendered":"<p>Arm &#8211; Hand &#8211; Fu\u00df &#8211; Band Kann auch am Fu\u00df gertagen werden! L\u00e4nge: 45 mm, Breite: 38 mm, H\u00f6he: 6 mm, mit Gecko. Gecko: 21 x 9 mm, vergoldet. Mit 2 Brillanten in den Augen, 0,02ct, schwarz Gewicht 18 gr, 925 Silber. Auf Elastofix 1,5 mm schwzarz. Stufenlos verstellbar.<\/p>\n","protected":false},"featured_media":20914,"template":"","meta":{"_exactmetrics_skip_tracking":false,"_exactmetrics_sitenote_active":false,"_exactmetrics_sitenote_note":"","_exactmetrics_sitenote_category":0},"product_brand":[],"product_cat":[515,508,54,67,509,229,512,576,215],"product_tag":[1141,88,1131,64,1132],"class_list":{"0":"post-20904","1":"product","2":"type-product","3":"status-publish","4":"has-post-thumbnail","6":"product_cat-armbaender-armreifen","7":"product_cat-damenschmuck","8":"product_cat-gecko-collection","9":"product_cat-hand-fussschmuck","10":"product_cat-herrenschmuck","11":"product_cat-neuheiten","12":"product_cat-schmuck","13":"product_cat-silber","14":"product_cat-tier-collection","15":"product_tag-arm-hand-fuss-schmuck","16":"product_tag-brillanten","17":"product_tag-canabis","18":"product_tag-gecko","19":"product_tag-hanfblatt","21":"first","22":"instock","23":"taxable","24":"shipping-taxable","25":"purchasable","26":"product-type-simple","27":"prodpage-style3"},"yoast_head":"<!-- This site is optimized with the Yoast SEO plugin v26.1.1 - https:\/\/yoast.com\/wordpress\/plugins\/seo\/ -->\n<title>Hanfblatt, Arm - Hand - Fu\u00df - Band mit Gecko - Maiers Goldschmiede<\/title>\n<meta name=\"robots\" content=\"index, follow, max-snippet:-1, max-image-preview:large, max-video-preview:-1\" \/>\n<link rel=\"canonical\" href=\"https:\/\/maiersgoldschmiede.com\/shop\/hanfblatt-arm-hand-fuss-band-mit-gecko\/\" \/>\n<meta property=\"og:locale\" content=\"en_US\" \/>\n<meta property=\"og:type\" content=\"article\" \/>\n<meta property=\"og:title\" content=\"Hanfblatt, Arm - Hand - Fu\u00df - Band mit Gecko - Maiers Goldschmiede\" \/>\n<meta property=\"og:description\" content=\"Arm &#8211; Hand &#8211; Fu\u00df &#8211; Band Kann auch am Fu\u00df gertagen werden! L\u00e4nge: 45 mm, Breite: 38 mm, H\u00f6he: 6 mm, mit Gecko. Gecko: 21 x 9 mm, vergoldet. Mit 2 Brillanten in den Augen, 0,02ct, schwarz Gewicht 18 gr, 925 Silber. Auf Elastofix 1,5 mm schwzarz. Stufenlos verstellbar.\" \/>\n<meta property=\"og:url\" content=\"https:\/\/maiersgoldschmiede.com\/shop\/hanfblatt-arm-hand-fuss-band-mit-gecko\/\" \/>\n<meta property=\"og:site_name\" content=\"Maiers Goldschmiede\" \/>\n<meta property=\"article:publisher\" content=\"https:\/\/www.facebook.com\/MaiersGoldschmiede\" \/>\n<meta property=\"article:modified_time\" content=\"2023-06-29T14:50:42+00:00\" \/>\n<meta property=\"og:image\" content=\"https:\/\/maiersgoldschmiede.com\/wp-content\/uploads\/2023\/06\/017_-1.jpg\" \/>\n\t<meta property=\"og:image:width\" content=\"1200\" \/>\n\t<meta property=\"og:image:height\" content=\"780\" \/>\n\t<meta property=\"og:image:type\" content=\"image\/jpeg\" \/>\n<meta name=\"twitter:card\" content=\"summary_large_image\" \/>\n<meta name=\"twitter:label1\" content=\"Est. reading time\" \/>\n\t<meta name=\"twitter:data1\" content=\"1 minute\" \/>\n<script type=\"application\/ld+json\" class=\"yoast-schema-graph\">{\"@context\":\"https:\/\/schema.org\",\"@graph\":[{\"@type\":\"WebPage\",\"@id\":\"https:\/\/maiersgoldschmiede.com\/shop\/hanfblatt-arm-hand-fuss-band-mit-gecko\/\",\"url\":\"https:\/\/maiersgoldschmiede.com\/shop\/hanfblatt-arm-hand-fuss-band-mit-gecko\/\",\"name\":\"Hanfblatt, Arm - Hand - Fu\u00df - Band mit Gecko - Maiers Goldschmiede\",\"isPartOf\":{\"@id\":\"https:\/\/maiersgoldschmiede.com\/es\/#website\"},\"primaryImageOfPage\":{\"@id\":\"https:\/\/maiersgoldschmiede.com\/shop\/hanfblatt-arm-hand-fuss-band-mit-gecko\/#primaryimage\"},\"image\":{\"@id\":\"https:\/\/maiersgoldschmiede.com\/shop\/hanfblatt-arm-hand-fuss-band-mit-gecko\/#primaryimage\"},\"thumbnailUrl\":\"https:\/\/maiersgoldschmiede.com\/wp-content\/uploads\/2023\/06\/017_-1.jpg\",\"datePublished\":\"2023-06-29T14:34:00+00:00\",\"dateModified\":\"2023-06-29T14:50:42+00:00\",\"breadcrumb\":{\"@id\":\"https:\/\/maiersgoldschmiede.com\/shop\/hanfblatt-arm-hand-fuss-band-mit-gecko\/#breadcrumb\"},\"inLanguage\":\"en-US\",\"potentialAction\":[{\"@type\":\"ReadAction\",\"target\":[\"https:\/\/maiersgoldschmiede.com\/shop\/hanfblatt-arm-hand-fuss-band-mit-gecko\/\"]}]},{\"@type\":\"ImageObject\",\"inLanguage\":\"en-US\",\"@id\":\"https:\/\/maiersgoldschmiede.com\/shop\/hanfblatt-arm-hand-fuss-band-mit-gecko\/#primaryimage\",\"url\":\"https:\/\/maiersgoldschmiede.com\/wp-content\/uploads\/2023\/06\/017_-1.jpg\",\"contentUrl\":\"https:\/\/maiersgoldschmiede.com\/wp-content\/uploads\/2023\/06\/017_-1.jpg\",\"width\":1200,\"height\":780,\"caption\":\"Hanfblatt mit Gecko - Hand - Fu\u00df Schmuck.www.maiersgoldschmiede.com\"},{\"@type\":\"BreadcrumbList\",\"@id\":\"https:\/\/maiersgoldschmiede.com\/shop\/hanfblatt-arm-hand-fuss-band-mit-gecko\/#breadcrumb\",\"itemListElement\":[{\"@type\":\"ListItem\",\"position\":1,\"name\":\"Startseite\",\"item\":\"https:\/\/maiersgoldschmiede.com\/\"},{\"@type\":\"ListItem\",\"position\":2,\"name\":\"Maiers Goldsmith Shop\",\"item\":\"https:\/\/maiersgoldschmiede.com\/en\/maiers-goldsmith-shop\/\"},{\"@type\":\"ListItem\",\"position\":3,\"name\":\"Hanfblatt, Arm &#8211; Hand &#8211; Fu\u00df &#8211; Band mit Gecko\"}]},{\"@type\":\"WebSite\",\"@id\":\"https:\/\/maiersgoldschmiede.com\/es\/#website\",\"url\":\"https:\/\/maiersgoldschmiede.com\/es\/\",\"name\":\"Maiers Goldschmiede\",\"description\":\"Ibiza Goldschmied Werkstatt \u2013 Atelier\",\"publisher\":{\"@id\":\"https:\/\/maiersgoldschmiede.com\/es\/#organization\"},\"potentialAction\":[{\"@type\":\"SearchAction\",\"target\":{\"@type\":\"EntryPoint\",\"urlTemplate\":\"https:\/\/maiersgoldschmiede.com\/es\/?s={search_term_string}\"},\"query-input\":{\"@type\":\"PropertyValueSpecification\",\"valueRequired\":true,\"valueName\":\"search_term_string\"}}],\"inLanguage\":\"en-US\"},{\"@type\":\"Organization\",\"@id\":\"https:\/\/maiersgoldschmiede.com\/es\/#organization\",\"name\":\"Maiers Goldschmiede Ibiza\",\"url\":\"https:\/\/maiersgoldschmiede.com\/es\/\",\"logo\":{\"@type\":\"ImageObject\",\"inLanguage\":\"en-US\",\"@id\":\"https:\/\/maiersgoldschmiede.com\/es\/#\/schema\/logo\/image\/\",\"url\":\"https:\/\/maiersgoldschmiede.com\/wp-content\/uploads\/2017\/05\/logo2.png\",\"contentUrl\":\"https:\/\/maiersgoldschmiede.com\/wp-content\/uploads\/2017\/05\/logo2.png\",\"width\":150,\"height\":116,\"caption\":\"Maiers Goldschmiede Ibiza\"},\"image\":{\"@id\":\"https:\/\/maiersgoldschmiede.com\/es\/#\/schema\/logo\/image\/\"},\"sameAs\":[\"https:\/\/www.facebook.com\/MaiersGoldschmiede\",\"https:\/\/www.instagram.com\/maier.reinhard\"]}]}<\/script>\n<!-- \/ Yoast SEO plugin. -->","yoast_head_json":{"title":"Hanfblatt, Arm - Hand - Fu\u00df - Band mit Gecko - Maiers Goldschmiede","robots":{"index":"index","follow":"follow","max-snippet":"max-snippet:-1","max-image-preview":"max-image-preview:large","max-video-preview":"max-video-preview:-1"},"canonical":"https:\/\/maiersgoldschmiede.com\/shop\/hanfblatt-arm-hand-fuss-band-mit-gecko\/","og_locale":"en_US","og_type":"article","og_title":"Hanfblatt, Arm - Hand - Fu\u00df - Band mit Gecko - Maiers Goldschmiede","og_description":"Arm &#8211; Hand &#8211; Fu\u00df &#8211; Band Kann auch am Fu\u00df gertagen werden! L\u00e4nge: 45 mm, Breite: 38 mm, H\u00f6he: 6 mm, mit Gecko. Gecko: 21 x 9 mm, vergoldet. Mit 2 Brillanten in den Augen, 0,02ct, schwarz Gewicht 18 gr, 925 Silber. Auf Elastofix 1,5 mm schwzarz. Stufenlos verstellbar.","og_url":"https:\/\/maiersgoldschmiede.com\/shop\/hanfblatt-arm-hand-fuss-band-mit-gecko\/","og_site_name":"Maiers Goldschmiede","article_publisher":"https:\/\/www.facebook.com\/MaiersGoldschmiede","article_modified_time":"2023-06-29T14:50:42+00:00","og_image":[{"width":1200,"height":780,"url":"https:\/\/maiersgoldschmiede.com\/wp-content\/uploads\/2023\/06\/017_-1.jpg","type":"image\/jpeg"}],"twitter_card":"summary_large_image","twitter_misc":{"Est. reading time":"1 minute"},"schema":{"@context":"https:\/\/schema.org","@graph":[{"@type":"WebPage","@id":"https:\/\/maiersgoldschmiede.com\/shop\/hanfblatt-arm-hand-fuss-band-mit-gecko\/","url":"https:\/\/maiersgoldschmiede.com\/shop\/hanfblatt-arm-hand-fuss-band-mit-gecko\/","name":"Hanfblatt, Arm - Hand - Fu\u00df - Band mit Gecko - Maiers Goldschmiede","isPartOf":{"@id":"https:\/\/maiersgoldschmiede.com\/es\/#website"},"primaryImageOfPage":{"@id":"https:\/\/maiersgoldschmiede.com\/shop\/hanfblatt-arm-hand-fuss-band-mit-gecko\/#primaryimage"},"image":{"@id":"https:\/\/maiersgoldschmiede.com\/shop\/hanfblatt-arm-hand-fuss-band-mit-gecko\/#primaryimage"},"thumbnailUrl":"https:\/\/maiersgoldschmiede.com\/wp-content\/uploads\/2023\/06\/017_-1.jpg","datePublished":"2023-06-29T14:34:00+00:00","dateModified":"2023-06-29T14:50:42+00:00","breadcrumb":{"@id":"https:\/\/maiersgoldschmiede.com\/shop\/hanfblatt-arm-hand-fuss-band-mit-gecko\/#breadcrumb"},"inLanguage":"en-US","potentialAction":[{"@type":"ReadAction","target":["https:\/\/maiersgoldschmiede.com\/shop\/hanfblatt-arm-hand-fuss-band-mit-gecko\/"]}]},{"@type":"ImageObject","inLanguage":"en-US","@id":"https:\/\/maiersgoldschmiede.com\/shop\/hanfblatt-arm-hand-fuss-band-mit-gecko\/#primaryimage","url":"https:\/\/maiersgoldschmiede.com\/wp-content\/uploads\/2023\/06\/017_-1.jpg","contentUrl":"https:\/\/maiersgoldschmiede.com\/wp-content\/uploads\/2023\/06\/017_-1.jpg","width":1200,"height":780,"caption":"Hanfblatt mit Gecko - Hand - Fu\u00df Schmuck.www.maiersgoldschmiede.com"},{"@type":"BreadcrumbList","@id":"https:\/\/maiersgoldschmiede.com\/shop\/hanfblatt-arm-hand-fuss-band-mit-gecko\/#breadcrumb","itemListElement":[{"@type":"ListItem","position":1,"name":"Startseite","item":"https:\/\/maiersgoldschmiede.com\/"},{"@type":"ListItem","position":2,"name":"Maiers Goldsmith Shop","item":"https:\/\/maiersgoldschmiede.com\/en\/maiers-goldsmith-shop\/"},{"@type":"ListItem","position":3,"name":"Hanfblatt, Arm &#8211; Hand &#8211; Fu\u00df &#8211; Band mit Gecko"}]},{"@type":"WebSite","@id":"https:\/\/maiersgoldschmiede.com\/es\/#website","url":"https:\/\/maiersgoldschmiede.com\/es\/","name":"Maiers Goldschmiede","description":"Ibiza Goldschmied Werkstatt \u2013 Atelier","publisher":{"@id":"https:\/\/maiersgoldschmiede.com\/es\/#organization"},"potentialAction":[{"@type":"SearchAction","target":{"@type":"EntryPoint","urlTemplate":"https:\/\/maiersgoldschmiede.com\/es\/?s={search_term_string}"},"query-input":{"@type":"PropertyValueSpecification","valueRequired":true,"valueName":"search_term_string"}}],"inLanguage":"en-US"},{"@type":"Organization","@id":"https:\/\/maiersgoldschmiede.com\/es\/#organization","name":"Maiers Goldschmiede Ibiza","url":"https:\/\/maiersgoldschmiede.com\/es\/","logo":{"@type":"ImageObject","inLanguage":"en-US","@id":"https:\/\/maiersgoldschmiede.com\/es\/#\/schema\/logo\/image\/","url":"https:\/\/maiersgoldschmiede.com\/wp-content\/uploads\/2017\/05\/logo2.png","contentUrl":"https:\/\/maiersgoldschmiede.com\/wp-content\/uploads\/2017\/05\/logo2.png","width":150,"height":116,"caption":"Maiers Goldschmiede Ibiza"},"image":{"@id":"https:\/\/maiersgoldschmiede.com\/es\/#\/schema\/logo\/image\/"},"sameAs":["https:\/\/www.facebook.com\/MaiersGoldschmiede","https:\/\/www.instagram.com\/maier.reinhard"]}]}},"_links":{"self":[{"href":"https:\/\/maiersgoldschmiede.com\/en\/wp-json\/wp\/v2\/product\/20904","targetHints":{"allow":["GET"]}}],"collection":[{"href":"https:\/\/maiersgoldschmiede.com\/en\/wp-json\/wp\/v2\/product"}],"about":[{"href":"https:\/\/maiersgoldschmiede.com\/en\/wp-json\/wp\/v2\/types\/product"}],"wp:featuredmedia":[{"embeddable":true,"href":"https:\/\/maiersgoldschmiede.com\/en\/wp-json\/wp\/v2\/media\/20914"}],"wp:attachment":[{"href":"https:\/\/maiersgoldschmiede.com\/en\/wp-json\/wp\/v2\/media?parent=20904"}],"wp:term":[{"taxonomy":"product_brand","embeddable":true,"href":"https:\/\/maiersgoldschmiede.com\/en\/wp-json\/wp\/v2\/product_brand?post=20904"},{"taxonomy":"product_cat","embeddable":true,"href":"https:\/\/maiersgoldschmiede.com\/en\/wp-json\/wp\/v2\/product_cat?post=20904"},{"taxonomy":"product_tag","embeddable":true,"href":"https:\/\/maiersgoldschmiede.com\/en\/wp-json\/wp\/v2\/product_tag?post=20904"}],"curies":[{"name":"wp","href":"https:\/\/api.w.org\/{rel}","templated":true}]}}