{"id":22502,"date":"2025-12-10T10:04:04","date_gmt":"2025-12-10T09:04:04","guid":{"rendered":"https:\/\/maiersgoldschmiede.com\/?post_type=product&#038;p=22502"},"modified":"2025-12-16T16:21:51","modified_gmt":"2025-12-16T15:21:51","slug":"gecko-anhaenger-aus-vergoldetem-925-silber-unikat-auf-achat-mit-quarz-druzy-2","status":"publish","type":"product","link":"https:\/\/maiersgoldschmiede.com\/en\/shop\/gecko-anhaenger-aus-vergoldetem-925-silber-unikat-auf-achat-mit-quarz-druzy-2\/","title":{"rendered":"Unikat-Collier \u201eTanit mit Geckos\u201c"},"content":{"rendered":"<p>&nbsp;<\/p>\n<p>Handgearbeitetes Schmuckobjekt aus Silber und Gold auf dem nat\u00fcrlichen Skelettk\u00f6rper eines Herzseeigels.<br \/>\nZentral die punische G\u00f6ttin Tanit als Schutzsymbol, flankiert von zwei Geckos, dem Wahrzeichen Ibizas.<\/p>\n<p>Produkt-Highlights:<br \/>\n\u2022 925er Sterlingsilber, hochwertig vergoldet<br \/>\n\u2022 Strahlende schwarzen Diamant-Augen f\u00fcr einen edlen Blick<br \/>\n\u2022 Seeigel: H\u00f6he \u00fcber alles 59 mm, Breite 48 mm, St\u00e4rke 20 mm,<br \/>\n\u2022 Symbolkraft des Ibiza-Geckos: Schutz, Gl\u00fcck &amp; positive Energie<br \/>\n\u2022 Perfekt als Geschenk oder pers\u00f6nlicher Talisman<\/p>\n<p>L\u00e4nge \u00fcber alles 55 mm, Breite: 33 mm, H\u00f6he 22 mm.<\/p>\n<p>Gewicht total: 48 gr.<\/p>\n<p>Tanit: L\u00e4nge 22 mm, Breite 14 mm,<\/p>\n<p>Gecko: L\u00e4nge 25 mm, Breite 10 mm,<\/p>\n<p>mit 6 schwarzen Diamanten in den Augen: 0,05ct<\/p>\n<p>Ohne Collier!!<\/p>\n<p>&nbsp;<\/p>\n<p>&nbsp;<\/p>\n","protected":false},"excerpt":{"rendered":"<p>&nbsp; Handgearbeitetes Schmuckobjekt aus Silber und Gold auf dem nat\u00fcrlichen Skelettk\u00f6rper eines Herzseeigels. Zentral die punische G\u00f6ttin Tanit als Schutzsymbol, flankiert von zwei Geckos, dem Wahrzeichen Ibizas. Produkt-Highlights: \u2022 925er Sterlingsilber, hochwertig vergoldet \u2022 Strahlende schwarzen Diamant-Augen f\u00fcr einen edlen Blick \u2022 Seeigel: H\u00f6he \u00fcber alles 59 mm, Breite 48 mm, St\u00e4rke 20 mm, \u2022<\/p>\n","protected":false},"featured_media":22521,"template":"","meta":{"_exactmetrics_skip_tracking":false,"_exactmetrics_sitenote_active":false,"_exactmetrics_sitenote_note":"","_exactmetrics_sitenote_category":0},"product_brand":[],"product_cat":[508,54,575,516,509,547,229,512,576,1162,215,112,17],"product_tag":[63,1185,64,147,1163,1188],"class_list":{"0":"post-22502","1":"product","2":"type-product","3":"status-publish","4":"has-post-thumbnail","6":"product_cat-damenschmuck","7":"product_cat-gecko-collection","8":"product_cat-gold","9":"product_cat-halsketten-colliers","10":"product_cat-herrenschmuck","11":"product_cat-ibiza-collection","12":"product_cat-neuheiten","13":"product_cat-schmuck","14":"product_cat-silber","15":"product_cat-tanit-ibizenkische-goettin","16":"product_cat-tier-collection","17":"product_cat-unikate","18":"product_cat-3d-collection","19":"product_tag-anhaenger","20":"product_tag-diamanten","21":"product_tag-gecko","22":"product_tag-silber","23":"product_tag-tanit","24":"product_tag-vgergoldet","26":"first","27":"instock","28":"taxable","29":"shipping-taxable","30":"purchasable","31":"product-type-simple","32":"prodpage-style3"},"yoast_head":"<!-- This site is optimized with the Yoast SEO plugin v26.1.1 - https:\/\/yoast.com\/wordpress\/plugins\/seo\/ -->\n<title>Unikat-Collier \u201eTanit mit Geckos\u201c - Maiers Goldschmiede<\/title>\n<meta name=\"robots\" content=\"index, follow, max-snippet:-1, max-image-preview:large, max-video-preview:-1\" \/>\n<link rel=\"canonical\" href=\"https:\/\/maiersgoldschmiede.com\/shop\/gecko-anhaenger-aus-vergoldetem-925-silber-unikat-auf-achat-mit-quarz-druzy-2\/\" \/>\n<meta property=\"og:locale\" content=\"en_US\" \/>\n<meta property=\"og:type\" content=\"article\" \/>\n<meta property=\"og:title\" content=\"Unikat-Collier \u201eTanit mit Geckos\u201c - Maiers Goldschmiede\" \/>\n<meta property=\"og:description\" content=\"&nbsp; Handgearbeitetes Schmuckobjekt aus Silber und Gold auf dem nat\u00fcrlichen Skelettk\u00f6rper eines Herzseeigels. Zentral die punische G\u00f6ttin Tanit als Schutzsymbol, flankiert von zwei Geckos, dem Wahrzeichen Ibizas. Produkt-Highlights: \u2022 925er Sterlingsilber, hochwertig vergoldet \u2022 Strahlende schwarzen Diamant-Augen f\u00fcr einen edlen Blick \u2022 Seeigel: H\u00f6he \u00fcber alles 59 mm, Breite 48 mm, St\u00e4rke 20 mm, \u2022\" \/>\n<meta property=\"og:url\" content=\"https:\/\/maiersgoldschmiede.com\/shop\/gecko-anhaenger-aus-vergoldetem-925-silber-unikat-auf-achat-mit-quarz-druzy-2\/\" \/>\n<meta property=\"og:site_name\" content=\"Maiers Goldschmiede\" \/>\n<meta property=\"article:publisher\" content=\"https:\/\/www.facebook.com\/MaiersGoldschmiede\" \/>\n<meta property=\"article:modified_time\" content=\"2025-12-16T15:21:51+00:00\" \/>\n<meta property=\"og:image\" content=\"https:\/\/maiersgoldschmiede.com\/wp-content\/uploads\/2025\/12\/DSC_0142.jpg\" \/>\n\t<meta property=\"og:image:width\" content=\"1200\" \/>\n\t<meta property=\"og:image:height\" content=\"1156\" \/>\n\t<meta property=\"og:image:type\" content=\"image\/jpeg\" \/>\n<meta name=\"twitter:card\" content=\"summary_large_image\" \/>\n<meta name=\"twitter:label1\" content=\"Est. reading time\" \/>\n\t<meta name=\"twitter:data1\" content=\"1 minute\" \/>\n<script type=\"application\/ld+json\" class=\"yoast-schema-graph\">{\"@context\":\"https:\/\/schema.org\",\"@graph\":[{\"@type\":\"WebPage\",\"@id\":\"https:\/\/maiersgoldschmiede.com\/shop\/gecko-anhaenger-aus-vergoldetem-925-silber-unikat-auf-achat-mit-quarz-druzy-2\/\",\"url\":\"https:\/\/maiersgoldschmiede.com\/shop\/gecko-anhaenger-aus-vergoldetem-925-silber-unikat-auf-achat-mit-quarz-druzy-2\/\",\"name\":\"Unikat-Collier \u201eTanit mit Geckos\u201c - Maiers Goldschmiede\",\"isPartOf\":{\"@id\":\"https:\/\/maiersgoldschmiede.com\/es\/#website\"},\"primaryImageOfPage\":{\"@id\":\"https:\/\/maiersgoldschmiede.com\/shop\/gecko-anhaenger-aus-vergoldetem-925-silber-unikat-auf-achat-mit-quarz-druzy-2\/#primaryimage\"},\"image\":{\"@id\":\"https:\/\/maiersgoldschmiede.com\/shop\/gecko-anhaenger-aus-vergoldetem-925-silber-unikat-auf-achat-mit-quarz-druzy-2\/#primaryimage\"},\"thumbnailUrl\":\"https:\/\/maiersgoldschmiede.com\/wp-content\/uploads\/2025\/12\/DSC_0142.jpg\",\"datePublished\":\"2025-12-10T09:04:04+00:00\",\"dateModified\":\"2025-12-16T15:21:51+00:00\",\"breadcrumb\":{\"@id\":\"https:\/\/maiersgoldschmiede.com\/shop\/gecko-anhaenger-aus-vergoldetem-925-silber-unikat-auf-achat-mit-quarz-druzy-2\/#breadcrumb\"},\"inLanguage\":\"en-US\",\"potentialAction\":[{\"@type\":\"ReadAction\",\"target\":[\"https:\/\/maiersgoldschmiede.com\/shop\/gecko-anhaenger-aus-vergoldetem-925-silber-unikat-auf-achat-mit-quarz-druzy-2\/\"]}]},{\"@type\":\"ImageObject\",\"inLanguage\":\"en-US\",\"@id\":\"https:\/\/maiersgoldschmiede.com\/shop\/gecko-anhaenger-aus-vergoldetem-925-silber-unikat-auf-achat-mit-quarz-druzy-2\/#primaryimage\",\"url\":\"https:\/\/maiersgoldschmiede.com\/wp-content\/uploads\/2025\/12\/DSC_0142.jpg\",\"contentUrl\":\"https:\/\/maiersgoldschmiede.com\/wp-content\/uploads\/2025\/12\/DSC_0142.jpg\",\"width\":1200,\"height\":1156,\"caption\":\"Tanit mit Gecko auf Seeigel - Anh\u00e4nger.www.maiersgolodschmiede.com\"},{\"@type\":\"BreadcrumbList\",\"@id\":\"https:\/\/maiersgoldschmiede.com\/shop\/gecko-anhaenger-aus-vergoldetem-925-silber-unikat-auf-achat-mit-quarz-druzy-2\/#breadcrumb\",\"itemListElement\":[{\"@type\":\"ListItem\",\"position\":1,\"name\":\"Startseite\",\"item\":\"https:\/\/maiersgoldschmiede.com\/\"},{\"@type\":\"ListItem\",\"position\":2,\"name\":\"Maiers Goldsmith Shop\",\"item\":\"https:\/\/maiersgoldschmiede.com\/en\/maiers-goldsmith-shop\/\"},{\"@type\":\"ListItem\",\"position\":3,\"name\":\"Unikat-Collier \u201eTanit mit Geckos\u201c\"}]},{\"@type\":\"WebSite\",\"@id\":\"https:\/\/maiersgoldschmiede.com\/es\/#website\",\"url\":\"https:\/\/maiersgoldschmiede.com\/es\/\",\"name\":\"Maiers Goldschmiede\",\"description\":\"Ibiza Goldschmied Werkstatt \u2013 Atelier\",\"publisher\":{\"@id\":\"https:\/\/maiersgoldschmiede.com\/es\/#organization\"},\"potentialAction\":[{\"@type\":\"SearchAction\",\"target\":{\"@type\":\"EntryPoint\",\"urlTemplate\":\"https:\/\/maiersgoldschmiede.com\/es\/?s={search_term_string}\"},\"query-input\":{\"@type\":\"PropertyValueSpecification\",\"valueRequired\":true,\"valueName\":\"search_term_string\"}}],\"inLanguage\":\"en-US\"},{\"@type\":\"Organization\",\"@id\":\"https:\/\/maiersgoldschmiede.com\/es\/#organization\",\"name\":\"Maiers Goldschmiede Ibiza\",\"url\":\"https:\/\/maiersgoldschmiede.com\/es\/\",\"logo\":{\"@type\":\"ImageObject\",\"inLanguage\":\"en-US\",\"@id\":\"https:\/\/maiersgoldschmiede.com\/es\/#\/schema\/logo\/image\/\",\"url\":\"https:\/\/maiersgoldschmiede.com\/wp-content\/uploads\/2017\/05\/logo2.png\",\"contentUrl\":\"https:\/\/maiersgoldschmiede.com\/wp-content\/uploads\/2017\/05\/logo2.png\",\"width\":150,\"height\":116,\"caption\":\"Maiers Goldschmiede Ibiza\"},\"image\":{\"@id\":\"https:\/\/maiersgoldschmiede.com\/es\/#\/schema\/logo\/image\/\"},\"sameAs\":[\"https:\/\/www.facebook.com\/MaiersGoldschmiede\",\"https:\/\/www.instagram.com\/maier.reinhard\"]}]}<\/script>\n<!-- \/ Yoast SEO plugin. -->","yoast_head_json":{"title":"Unikat-Collier \u201eTanit mit Geckos\u201c - Maiers Goldschmiede","robots":{"index":"index","follow":"follow","max-snippet":"max-snippet:-1","max-image-preview":"max-image-preview:large","max-video-preview":"max-video-preview:-1"},"canonical":"https:\/\/maiersgoldschmiede.com\/shop\/gecko-anhaenger-aus-vergoldetem-925-silber-unikat-auf-achat-mit-quarz-druzy-2\/","og_locale":"en_US","og_type":"article","og_title":"Unikat-Collier \u201eTanit mit Geckos\u201c - Maiers Goldschmiede","og_description":"&nbsp; Handgearbeitetes Schmuckobjekt aus Silber und Gold auf dem nat\u00fcrlichen Skelettk\u00f6rper eines Herzseeigels. Zentral die punische G\u00f6ttin Tanit als Schutzsymbol, flankiert von zwei Geckos, dem Wahrzeichen Ibizas. Produkt-Highlights: \u2022 925er Sterlingsilber, hochwertig vergoldet \u2022 Strahlende schwarzen Diamant-Augen f\u00fcr einen edlen Blick \u2022 Seeigel: H\u00f6he \u00fcber alles 59 mm, Breite 48 mm, St\u00e4rke 20 mm, \u2022","og_url":"https:\/\/maiersgoldschmiede.com\/shop\/gecko-anhaenger-aus-vergoldetem-925-silber-unikat-auf-achat-mit-quarz-druzy-2\/","og_site_name":"Maiers Goldschmiede","article_publisher":"https:\/\/www.facebook.com\/MaiersGoldschmiede","article_modified_time":"2025-12-16T15:21:51+00:00","og_image":[{"width":1200,"height":1156,"url":"https:\/\/maiersgoldschmiede.com\/wp-content\/uploads\/2025\/12\/DSC_0142.jpg","type":"image\/jpeg"}],"twitter_card":"summary_large_image","twitter_misc":{"Est. reading time":"1 minute"},"schema":{"@context":"https:\/\/schema.org","@graph":[{"@type":"WebPage","@id":"https:\/\/maiersgoldschmiede.com\/shop\/gecko-anhaenger-aus-vergoldetem-925-silber-unikat-auf-achat-mit-quarz-druzy-2\/","url":"https:\/\/maiersgoldschmiede.com\/shop\/gecko-anhaenger-aus-vergoldetem-925-silber-unikat-auf-achat-mit-quarz-druzy-2\/","name":"Unikat-Collier \u201eTanit mit Geckos\u201c - Maiers Goldschmiede","isPartOf":{"@id":"https:\/\/maiersgoldschmiede.com\/es\/#website"},"primaryImageOfPage":{"@id":"https:\/\/maiersgoldschmiede.com\/shop\/gecko-anhaenger-aus-vergoldetem-925-silber-unikat-auf-achat-mit-quarz-druzy-2\/#primaryimage"},"image":{"@id":"https:\/\/maiersgoldschmiede.com\/shop\/gecko-anhaenger-aus-vergoldetem-925-silber-unikat-auf-achat-mit-quarz-druzy-2\/#primaryimage"},"thumbnailUrl":"https:\/\/maiersgoldschmiede.com\/wp-content\/uploads\/2025\/12\/DSC_0142.jpg","datePublished":"2025-12-10T09:04:04+00:00","dateModified":"2025-12-16T15:21:51+00:00","breadcrumb":{"@id":"https:\/\/maiersgoldschmiede.com\/shop\/gecko-anhaenger-aus-vergoldetem-925-silber-unikat-auf-achat-mit-quarz-druzy-2\/#breadcrumb"},"inLanguage":"en-US","potentialAction":[{"@type":"ReadAction","target":["https:\/\/maiersgoldschmiede.com\/shop\/gecko-anhaenger-aus-vergoldetem-925-silber-unikat-auf-achat-mit-quarz-druzy-2\/"]}]},{"@type":"ImageObject","inLanguage":"en-US","@id":"https:\/\/maiersgoldschmiede.com\/shop\/gecko-anhaenger-aus-vergoldetem-925-silber-unikat-auf-achat-mit-quarz-druzy-2\/#primaryimage","url":"https:\/\/maiersgoldschmiede.com\/wp-content\/uploads\/2025\/12\/DSC_0142.jpg","contentUrl":"https:\/\/maiersgoldschmiede.com\/wp-content\/uploads\/2025\/12\/DSC_0142.jpg","width":1200,"height":1156,"caption":"Tanit mit Gecko auf Seeigel - Anh\u00e4nger.www.maiersgolodschmiede.com"},{"@type":"BreadcrumbList","@id":"https:\/\/maiersgoldschmiede.com\/shop\/gecko-anhaenger-aus-vergoldetem-925-silber-unikat-auf-achat-mit-quarz-druzy-2\/#breadcrumb","itemListElement":[{"@type":"ListItem","position":1,"name":"Startseite","item":"https:\/\/maiersgoldschmiede.com\/"},{"@type":"ListItem","position":2,"name":"Maiers Goldsmith Shop","item":"https:\/\/maiersgoldschmiede.com\/en\/maiers-goldsmith-shop\/"},{"@type":"ListItem","position":3,"name":"Unikat-Collier \u201eTanit mit Geckos\u201c"}]},{"@type":"WebSite","@id":"https:\/\/maiersgoldschmiede.com\/es\/#website","url":"https:\/\/maiersgoldschmiede.com\/es\/","name":"Maiers Goldschmiede","description":"Ibiza Goldschmied Werkstatt \u2013 Atelier","publisher":{"@id":"https:\/\/maiersgoldschmiede.com\/es\/#organization"},"potentialAction":[{"@type":"SearchAction","target":{"@type":"EntryPoint","urlTemplate":"https:\/\/maiersgoldschmiede.com\/es\/?s={search_term_string}"},"query-input":{"@type":"PropertyValueSpecification","valueRequired":true,"valueName":"search_term_string"}}],"inLanguage":"en-US"},{"@type":"Organization","@id":"https:\/\/maiersgoldschmiede.com\/es\/#organization","name":"Maiers Goldschmiede Ibiza","url":"https:\/\/maiersgoldschmiede.com\/es\/","logo":{"@type":"ImageObject","inLanguage":"en-US","@id":"https:\/\/maiersgoldschmiede.com\/es\/#\/schema\/logo\/image\/","url":"https:\/\/maiersgoldschmiede.com\/wp-content\/uploads\/2017\/05\/logo2.png","contentUrl":"https:\/\/maiersgoldschmiede.com\/wp-content\/uploads\/2017\/05\/logo2.png","width":150,"height":116,"caption":"Maiers Goldschmiede Ibiza"},"image":{"@id":"https:\/\/maiersgoldschmiede.com\/es\/#\/schema\/logo\/image\/"},"sameAs":["https:\/\/www.facebook.com\/MaiersGoldschmiede","https:\/\/www.instagram.com\/maier.reinhard"]}]}},"_links":{"self":[{"href":"https:\/\/maiersgoldschmiede.com\/en\/wp-json\/wp\/v2\/product\/22502","targetHints":{"allow":["GET"]}}],"collection":[{"href":"https:\/\/maiersgoldschmiede.com\/en\/wp-json\/wp\/v2\/product"}],"about":[{"href":"https:\/\/maiersgoldschmiede.com\/en\/wp-json\/wp\/v2\/types\/product"}],"wp:featuredmedia":[{"embeddable":true,"href":"https:\/\/maiersgoldschmiede.com\/en\/wp-json\/wp\/v2\/media\/22521"}],"wp:attachment":[{"href":"https:\/\/maiersgoldschmiede.com\/en\/wp-json\/wp\/v2\/media?parent=22502"}],"wp:term":[{"taxonomy":"product_brand","embeddable":true,"href":"https:\/\/maiersgoldschmiede.com\/en\/wp-json\/wp\/v2\/product_brand?post=22502"},{"taxonomy":"product_cat","embeddable":true,"href":"https:\/\/maiersgoldschmiede.com\/en\/wp-json\/wp\/v2\/product_cat?post=22502"},{"taxonomy":"product_tag","embeddable":true,"href":"https:\/\/maiersgoldschmiede.com\/en\/wp-json\/wp\/v2\/product_tag?post=22502"}],"curies":[{"name":"wp","href":"https:\/\/api.w.org\/{rel}","templated":true}]}}