{"id":22542,"date":"2025-12-31T08:46:30","date_gmt":"2025-12-31T07:46:30","guid":{"rendered":"https:\/\/maiersgoldschmiede.com\/?post_type=product&#038;p=22542"},"modified":"2026-01-10T11:08:49","modified_gmt":"2026-01-10T10:08:49","slug":"gecko-ring-750-gold-3","status":"publish","type":"product","link":"https:\/\/maiersgoldschmiede.com\/en\/shop\/gecko-ring-750-gold-3\/","title":{"rendered":"Gecko Ring 750 Gold"},"content":{"rendered":"<p>\ud83e\udd8e Gecko Doppelring \u2013 750 Gelbgold<\/p>\n<p>Dieser au\u00dfergew\u00f6hnliche Doppelring aus 750 Gelbgold zeigt zwei detailreich ausgearbeitete Geckos, die sich dynamisch und kraftvoll um den Finger legen. Die fein strukturierte Oberfl\u00e4che verleiht dem Ring eine lebendige, organische Anmutung.<\/p>\n<p>In den Augen der Geckos funkeln schwarze Diamanten, die dem Schmuckst\u00fcck Tiefe, Ausdruck und einen geheimnisvollen Charakter verleihen. Der Gecko gilt als Symbol f\u00fcr Gl\u00fcck, Schutz und Anpassungsf\u00e4higkeit \u2013 inspiriert von mediterraner Lebensfreude und der Natur Ibizas.<\/p>\n<p>Jeder Ring wird handgefertigt und ist ein echtes Unikat \u2013 f\u00fcr Menschen, die das Besondere lieben.<\/p>\n<p>Details:<br \/>\n\u2013 Material: 750 Gelbgold<br \/>\n\u2013 Besatz: 4 Schwarze Diamanten (Augen)<br \/>\n\u2013 Fertigung: Handarbeit<br \/>\n\u2013 Stil: Ausdrucksstark, organisch, exklusiv<\/p>\n<p>&nbsp;<\/p>\n<p>Gecko, L\u00e4nge 25 mm, Breite: 9 mm.<\/p>\n<p>Gewicht: 9,9 gr.<\/p>\n<p>Gr\u00f6\u00dfe: 55 mm.<\/p>\n<p>Andere Gr\u00f6\u00dfen auf Anfrage lieferbar!<\/p>\n<p><strong>\u00a0<\/strong><\/p>\n","protected":false},"excerpt":{"rendered":"<p>\ud83e\udd8e Gecko Doppelring \u2013 750 Gelbgold Dieser au\u00dfergew\u00f6hnliche Doppelring aus 750 Gelbgold zeigt zwei detailreich ausgearbeitete Geckos, die sich dynamisch und kraftvoll um den Finger legen. Die fein strukturierte Oberfl\u00e4che verleiht dem Ring eine lebendige, organische Anmutung. In den Augen der Geckos funkeln schwarze Diamanten, die dem Schmuckst\u00fcck Tiefe, Ausdruck und einen geheimnisvollen Charakter verleihen.<\/p>\n","protected":false},"featured_media":22553,"template":"","meta":{"_exactmetrics_skip_tracking":false,"_exactmetrics_sitenote_active":false,"_exactmetrics_sitenote_note":"","_exactmetrics_sitenote_category":0},"product_brand":[],"product_cat":[508,54,575,547,229,172,17],"product_tag":[1064,1185,64,95],"class_list":{"0":"post-22542","1":"product","2":"type-product","3":"status-publish","4":"has-post-thumbnail","6":"product_cat-damenschmuck","7":"product_cat-gecko-collection","8":"product_cat-gold","9":"product_cat-ibiza-collection","10":"product_cat-neuheiten","11":"product_cat-ringe","12":"product_cat-3d-collection","13":"product_tag-750-gold","14":"product_tag-diamanten","15":"product_tag-gecko","16":"product_tag-ring","17":"pa_collection-gecko-collection","19":"first","20":"instock","21":"taxable","22":"shipping-taxable","23":"purchasable","24":"product-type-simple","25":"prodpage-style3"},"yoast_head":"<!-- This site is optimized with the Yoast SEO plugin v26.1.1 - https:\/\/yoast.com\/wordpress\/plugins\/seo\/ -->\n<title>Gecko Ring 750 Gold - Maiers Goldschmiede<\/title>\n<meta name=\"robots\" content=\"index, follow, max-snippet:-1, max-image-preview:large, max-video-preview:-1\" \/>\n<link rel=\"canonical\" href=\"https:\/\/maiersgoldschmiede.com\/shop\/gecko-ring-750-gold-3\/\" \/>\n<meta property=\"og:locale\" content=\"en_US\" \/>\n<meta property=\"og:type\" content=\"article\" \/>\n<meta property=\"og:title\" content=\"Gecko Ring 750 Gold - Maiers Goldschmiede\" \/>\n<meta property=\"og:description\" content=\"\ud83e\udd8e Gecko Doppelring \u2013 750 Gelbgold Dieser au\u00dfergew\u00f6hnliche Doppelring aus 750 Gelbgold zeigt zwei detailreich ausgearbeitete Geckos, die sich dynamisch und kraftvoll um den Finger legen. Die fein strukturierte Oberfl\u00e4che verleiht dem Ring eine lebendige, organische Anmutung. In den Augen der Geckos funkeln schwarze Diamanten, die dem Schmuckst\u00fcck Tiefe, Ausdruck und einen geheimnisvollen Charakter verleihen.\" \/>\n<meta property=\"og:url\" content=\"https:\/\/maiersgoldschmiede.com\/shop\/gecko-ring-750-gold-3\/\" \/>\n<meta property=\"og:site_name\" content=\"Maiers Goldschmiede\" \/>\n<meta property=\"article:publisher\" content=\"https:\/\/www.facebook.com\/MaiersGoldschmiede\" \/>\n<meta property=\"article:modified_time\" content=\"2026-01-10T10:08:49+00:00\" \/>\n<meta property=\"og:image\" content=\"https:\/\/maiersgoldschmiede.com\/wp-content\/uploads\/2025\/12\/DSC_0213.jpg\" \/>\n\t<meta property=\"og:image:width\" content=\"1200\" \/>\n\t<meta property=\"og:image:height\" content=\"1198\" \/>\n\t<meta property=\"og:image:type\" content=\"image\/jpeg\" \/>\n<meta name=\"twitter:card\" content=\"summary_large_image\" \/>\n<meta name=\"twitter:label1\" content=\"Est. reading time\" \/>\n\t<meta name=\"twitter:data1\" content=\"1 minute\" \/>\n<script type=\"application\/ld+json\" class=\"yoast-schema-graph\">{\"@context\":\"https:\/\/schema.org\",\"@graph\":[{\"@type\":\"WebPage\",\"@id\":\"https:\/\/maiersgoldschmiede.com\/shop\/gecko-ring-750-gold-3\/\",\"url\":\"https:\/\/maiersgoldschmiede.com\/shop\/gecko-ring-750-gold-3\/\",\"name\":\"Gecko Ring 750 Gold - Maiers Goldschmiede\",\"isPartOf\":{\"@id\":\"https:\/\/maiersgoldschmiede.com\/es\/#website\"},\"primaryImageOfPage\":{\"@id\":\"https:\/\/maiersgoldschmiede.com\/shop\/gecko-ring-750-gold-3\/#primaryimage\"},\"image\":{\"@id\":\"https:\/\/maiersgoldschmiede.com\/shop\/gecko-ring-750-gold-3\/#primaryimage\"},\"thumbnailUrl\":\"https:\/\/maiersgoldschmiede.com\/wp-content\/uploads\/2025\/12\/DSC_0213.jpg\",\"datePublished\":\"2025-12-31T07:46:30+00:00\",\"dateModified\":\"2026-01-10T10:08:49+00:00\",\"breadcrumb\":{\"@id\":\"https:\/\/maiersgoldschmiede.com\/shop\/gecko-ring-750-gold-3\/#breadcrumb\"},\"inLanguage\":\"en-US\",\"potentialAction\":[{\"@type\":\"ReadAction\",\"target\":[\"https:\/\/maiersgoldschmiede.com\/shop\/gecko-ring-750-gold-3\/\"]}]},{\"@type\":\"ImageObject\",\"inLanguage\":\"en-US\",\"@id\":\"https:\/\/maiersgoldschmiede.com\/shop\/gecko-ring-750-gold-3\/#primaryimage\",\"url\":\"https:\/\/maiersgoldschmiede.com\/wp-content\/uploads\/2025\/12\/DSC_0213.jpg\",\"contentUrl\":\"https:\/\/maiersgoldschmiede.com\/wp-content\/uploads\/2025\/12\/DSC_0213.jpg\",\"width\":1200,\"height\":1198,\"caption\":\"Gecko Ring, www.maiersgoldschmiede.com\"},{\"@type\":\"BreadcrumbList\",\"@id\":\"https:\/\/maiersgoldschmiede.com\/shop\/gecko-ring-750-gold-3\/#breadcrumb\",\"itemListElement\":[{\"@type\":\"ListItem\",\"position\":1,\"name\":\"Startseite\",\"item\":\"https:\/\/maiersgoldschmiede.com\/\"},{\"@type\":\"ListItem\",\"position\":2,\"name\":\"Maiers Goldsmith Shop\",\"item\":\"https:\/\/maiersgoldschmiede.com\/en\/maiers-goldsmith-shop\/\"},{\"@type\":\"ListItem\",\"position\":3,\"name\":\"Gecko Ring 750 Gold\"}]},{\"@type\":\"WebSite\",\"@id\":\"https:\/\/maiersgoldschmiede.com\/es\/#website\",\"url\":\"https:\/\/maiersgoldschmiede.com\/es\/\",\"name\":\"Maiers Goldschmiede\",\"description\":\"Ibiza Goldschmied Werkstatt \u2013 Atelier\",\"publisher\":{\"@id\":\"https:\/\/maiersgoldschmiede.com\/es\/#organization\"},\"potentialAction\":[{\"@type\":\"SearchAction\",\"target\":{\"@type\":\"EntryPoint\",\"urlTemplate\":\"https:\/\/maiersgoldschmiede.com\/es\/?s={search_term_string}\"},\"query-input\":{\"@type\":\"PropertyValueSpecification\",\"valueRequired\":true,\"valueName\":\"search_term_string\"}}],\"inLanguage\":\"en-US\"},{\"@type\":\"Organization\",\"@id\":\"https:\/\/maiersgoldschmiede.com\/es\/#organization\",\"name\":\"Maiers Goldschmiede Ibiza\",\"url\":\"https:\/\/maiersgoldschmiede.com\/es\/\",\"logo\":{\"@type\":\"ImageObject\",\"inLanguage\":\"en-US\",\"@id\":\"https:\/\/maiersgoldschmiede.com\/es\/#\/schema\/logo\/image\/\",\"url\":\"https:\/\/maiersgoldschmiede.com\/wp-content\/uploads\/2017\/05\/logo2.png\",\"contentUrl\":\"https:\/\/maiersgoldschmiede.com\/wp-content\/uploads\/2017\/05\/logo2.png\",\"width\":150,\"height\":116,\"caption\":\"Maiers Goldschmiede Ibiza\"},\"image\":{\"@id\":\"https:\/\/maiersgoldschmiede.com\/es\/#\/schema\/logo\/image\/\"},\"sameAs\":[\"https:\/\/www.facebook.com\/MaiersGoldschmiede\",\"https:\/\/www.instagram.com\/maier.reinhard\"]}]}<\/script>\n<!-- \/ Yoast SEO plugin. -->","yoast_head_json":{"title":"Gecko Ring 750 Gold - Maiers Goldschmiede","robots":{"index":"index","follow":"follow","max-snippet":"max-snippet:-1","max-image-preview":"max-image-preview:large","max-video-preview":"max-video-preview:-1"},"canonical":"https:\/\/maiersgoldschmiede.com\/shop\/gecko-ring-750-gold-3\/","og_locale":"en_US","og_type":"article","og_title":"Gecko Ring 750 Gold - Maiers Goldschmiede","og_description":"\ud83e\udd8e Gecko Doppelring \u2013 750 Gelbgold Dieser au\u00dfergew\u00f6hnliche Doppelring aus 750 Gelbgold zeigt zwei detailreich ausgearbeitete Geckos, die sich dynamisch und kraftvoll um den Finger legen. Die fein strukturierte Oberfl\u00e4che verleiht dem Ring eine lebendige, organische Anmutung. In den Augen der Geckos funkeln schwarze Diamanten, die dem Schmuckst\u00fcck Tiefe, Ausdruck und einen geheimnisvollen Charakter verleihen.","og_url":"https:\/\/maiersgoldschmiede.com\/shop\/gecko-ring-750-gold-3\/","og_site_name":"Maiers Goldschmiede","article_publisher":"https:\/\/www.facebook.com\/MaiersGoldschmiede","article_modified_time":"2026-01-10T10:08:49+00:00","og_image":[{"width":1200,"height":1198,"url":"https:\/\/maiersgoldschmiede.com\/wp-content\/uploads\/2025\/12\/DSC_0213.jpg","type":"image\/jpeg"}],"twitter_card":"summary_large_image","twitter_misc":{"Est. reading time":"1 minute"},"schema":{"@context":"https:\/\/schema.org","@graph":[{"@type":"WebPage","@id":"https:\/\/maiersgoldschmiede.com\/shop\/gecko-ring-750-gold-3\/","url":"https:\/\/maiersgoldschmiede.com\/shop\/gecko-ring-750-gold-3\/","name":"Gecko Ring 750 Gold - Maiers Goldschmiede","isPartOf":{"@id":"https:\/\/maiersgoldschmiede.com\/es\/#website"},"primaryImageOfPage":{"@id":"https:\/\/maiersgoldschmiede.com\/shop\/gecko-ring-750-gold-3\/#primaryimage"},"image":{"@id":"https:\/\/maiersgoldschmiede.com\/shop\/gecko-ring-750-gold-3\/#primaryimage"},"thumbnailUrl":"https:\/\/maiersgoldschmiede.com\/wp-content\/uploads\/2025\/12\/DSC_0213.jpg","datePublished":"2025-12-31T07:46:30+00:00","dateModified":"2026-01-10T10:08:49+00:00","breadcrumb":{"@id":"https:\/\/maiersgoldschmiede.com\/shop\/gecko-ring-750-gold-3\/#breadcrumb"},"inLanguage":"en-US","potentialAction":[{"@type":"ReadAction","target":["https:\/\/maiersgoldschmiede.com\/shop\/gecko-ring-750-gold-3\/"]}]},{"@type":"ImageObject","inLanguage":"en-US","@id":"https:\/\/maiersgoldschmiede.com\/shop\/gecko-ring-750-gold-3\/#primaryimage","url":"https:\/\/maiersgoldschmiede.com\/wp-content\/uploads\/2025\/12\/DSC_0213.jpg","contentUrl":"https:\/\/maiersgoldschmiede.com\/wp-content\/uploads\/2025\/12\/DSC_0213.jpg","width":1200,"height":1198,"caption":"Gecko Ring, www.maiersgoldschmiede.com"},{"@type":"BreadcrumbList","@id":"https:\/\/maiersgoldschmiede.com\/shop\/gecko-ring-750-gold-3\/#breadcrumb","itemListElement":[{"@type":"ListItem","position":1,"name":"Startseite","item":"https:\/\/maiersgoldschmiede.com\/"},{"@type":"ListItem","position":2,"name":"Maiers Goldsmith Shop","item":"https:\/\/maiersgoldschmiede.com\/en\/maiers-goldsmith-shop\/"},{"@type":"ListItem","position":3,"name":"Gecko Ring 750 Gold"}]},{"@type":"WebSite","@id":"https:\/\/maiersgoldschmiede.com\/es\/#website","url":"https:\/\/maiersgoldschmiede.com\/es\/","name":"Maiers Goldschmiede","description":"Ibiza Goldschmied Werkstatt \u2013 Atelier","publisher":{"@id":"https:\/\/maiersgoldschmiede.com\/es\/#organization"},"potentialAction":[{"@type":"SearchAction","target":{"@type":"EntryPoint","urlTemplate":"https:\/\/maiersgoldschmiede.com\/es\/?s={search_term_string}"},"query-input":{"@type":"PropertyValueSpecification","valueRequired":true,"valueName":"search_term_string"}}],"inLanguage":"en-US"},{"@type":"Organization","@id":"https:\/\/maiersgoldschmiede.com\/es\/#organization","name":"Maiers Goldschmiede Ibiza","url":"https:\/\/maiersgoldschmiede.com\/es\/","logo":{"@type":"ImageObject","inLanguage":"en-US","@id":"https:\/\/maiersgoldschmiede.com\/es\/#\/schema\/logo\/image\/","url":"https:\/\/maiersgoldschmiede.com\/wp-content\/uploads\/2017\/05\/logo2.png","contentUrl":"https:\/\/maiersgoldschmiede.com\/wp-content\/uploads\/2017\/05\/logo2.png","width":150,"height":116,"caption":"Maiers Goldschmiede Ibiza"},"image":{"@id":"https:\/\/maiersgoldschmiede.com\/es\/#\/schema\/logo\/image\/"},"sameAs":["https:\/\/www.facebook.com\/MaiersGoldschmiede","https:\/\/www.instagram.com\/maier.reinhard"]}]}},"_links":{"self":[{"href":"https:\/\/maiersgoldschmiede.com\/en\/wp-json\/wp\/v2\/product\/22542","targetHints":{"allow":["GET"]}}],"collection":[{"href":"https:\/\/maiersgoldschmiede.com\/en\/wp-json\/wp\/v2\/product"}],"about":[{"href":"https:\/\/maiersgoldschmiede.com\/en\/wp-json\/wp\/v2\/types\/product"}],"wp:featuredmedia":[{"embeddable":true,"href":"https:\/\/maiersgoldschmiede.com\/en\/wp-json\/wp\/v2\/media\/22553"}],"wp:attachment":[{"href":"https:\/\/maiersgoldschmiede.com\/en\/wp-json\/wp\/v2\/media?parent=22542"}],"wp:term":[{"taxonomy":"product_brand","embeddable":true,"href":"https:\/\/maiersgoldschmiede.com\/en\/wp-json\/wp\/v2\/product_brand?post=22542"},{"taxonomy":"product_cat","embeddable":true,"href":"https:\/\/maiersgoldschmiede.com\/en\/wp-json\/wp\/v2\/product_cat?post=22542"},{"taxonomy":"product_tag","embeddable":true,"href":"https:\/\/maiersgoldschmiede.com\/en\/wp-json\/wp\/v2\/product_tag?post=22542"}],"curies":[{"name":"wp","href":"https:\/\/api.w.org\/{rel}","templated":true}]}}