{"id":22572,"date":"2026-01-07T19:20:53","date_gmt":"2026-01-07T18:20:53","guid":{"rendered":"https:\/\/maiersgoldschmiede.com\/?post_type=product&#038;p=22572"},"modified":"2026-02-22T16:45:59","modified_gmt":"2026-02-22T15:45:59","slug":"tanit-auf-rubinkreuz-anhaenger-unikat","status":"publish","type":"product","link":"https:\/\/maiersgoldschmiede.com\/en\/shop\/tanit-auf-rubinkreuz-anhaenger-unikat\/","title":{"rendered":"Tanit auf Rubinkreuz &#8211; Anh\u00e4nger  &#8211; UNIKAT"},"content":{"rendered":"<p>Handgearbeitetes Unikat aus 585 Gold auf einem Rubinkreuz.<br \/>\nDie punische G\u00f6ttin Tanit, ein kraftvolles Schutzsymbol und historisches Wahrzeichen Ibizas, steht im Mittelpunkt dieses au\u00dfergew\u00f6hnlichen Schmuckst\u00fccks.<br \/>\nDie Augen sind mit zwei Brillanten besetzt und verleihen der Figur eine besondere Tiefe.<br \/>\nDas Rubinkreuz ist vollst\u00e4ndig in 585 Gold eingefasst.<\/p>\n<p>Ein ausdrucksstarkes Schmuckst\u00fcck mit starker Pr\u00e4senz und zeitloser Symbolkraft.<\/p>\n<p>Anh\u00e4nger 585 gelb Gold 20,1 gr. L\u00e4nge: 37 mm mit Schlaufe, Breite: 26 mm, H\u00f6he: 8 mm!<\/p>\n<p>Gewicht: 15,1 gr.<\/p>\n<p>&nbsp;<\/p>\n<p>&nbsp;<\/p>\n<p>&nbsp;<\/p>\n<p>&nbsp;<\/p>\n","protected":false},"excerpt":{"rendered":"<p>Handgearbeitetes Unikat aus 585 Gold auf einem Rubinkreuz. Die punische G\u00f6ttin Tanit, ein kraftvolles Schutzsymbol und historisches Wahrzeichen Ibizas, steht im Mittelpunkt dieses au\u00dfergew\u00f6hnlichen Schmuckst\u00fccks. Die Augen sind mit zwei Brillanten besetzt und verleihen der Figur eine besondere Tiefe. Das Rubinkreuz ist vollst\u00e4ndig in 585 Gold eingefasst. Ein ausdrucksstarkes Schmuckst\u00fcck mit starker Pr\u00e4senz und zeitloser<\/p>\n","protected":false},"featured_media":22578,"template":"","meta":{"_exactmetrics_skip_tracking":false,"_exactmetrics_sitenote_active":false,"_exactmetrics_sitenote_note":"","_exactmetrics_sitenote_category":0},"product_brand":[],"product_cat":[508,575,516,547,229,512,1162,112],"product_tag":[63,88,1127,126,1163],"class_list":{"0":"post-22572","1":"product","2":"type-product","3":"status-publish","4":"has-post-thumbnail","6":"product_cat-damenschmuck","7":"product_cat-gold","8":"product_cat-halsketten-colliers","9":"product_cat-ibiza-collection","10":"product_cat-neuheiten","11":"product_cat-schmuck","12":"product_cat-tanit-ibizenkische-goettin","13":"product_cat-unikate","14":"product_tag-anhaenger","15":"product_tag-brillanten","16":"product_tag-gold","17":"product_tag-kreuz","18":"product_tag-tanit","20":"first","21":"instock","22":"taxable","23":"shipping-taxable","24":"purchasable","25":"product-type-simple","26":"prodpage-style3"},"yoast_head":"<!-- This site is optimized with the Yoast SEO plugin v26.1.1 - https:\/\/yoast.com\/wordpress\/plugins\/seo\/ -->\n<title>Tanit auf Rubinkreuz - Anh\u00e4nger - UNIKAT - Maiers Goldschmiede<\/title>\n<meta name=\"robots\" content=\"index, follow, max-snippet:-1, max-image-preview:large, max-video-preview:-1\" \/>\n<link rel=\"canonical\" href=\"https:\/\/maiersgoldschmiede.com\/shop\/tanit-auf-rubinkreuz-anhaenger-unikat\/\" \/>\n<meta property=\"og:locale\" content=\"en_US\" \/>\n<meta property=\"og:type\" content=\"article\" \/>\n<meta property=\"og:title\" content=\"Tanit auf Rubinkreuz - Anh\u00e4nger - UNIKAT - Maiers Goldschmiede\" \/>\n<meta property=\"og:description\" content=\"Handgearbeitetes Unikat aus 585 Gold auf einem Rubinkreuz. Die punische G\u00f6ttin Tanit, ein kraftvolles Schutzsymbol und historisches Wahrzeichen Ibizas, steht im Mittelpunkt dieses au\u00dfergew\u00f6hnlichen Schmuckst\u00fccks. Die Augen sind mit zwei Brillanten besetzt und verleihen der Figur eine besondere Tiefe. Das Rubinkreuz ist vollst\u00e4ndig in 585 Gold eingefasst. Ein ausdrucksstarkes Schmuckst\u00fcck mit starker Pr\u00e4senz und zeitloser\" \/>\n<meta property=\"og:url\" content=\"https:\/\/maiersgoldschmiede.com\/shop\/tanit-auf-rubinkreuz-anhaenger-unikat\/\" \/>\n<meta property=\"og:site_name\" content=\"Maiers Goldschmiede\" \/>\n<meta property=\"article:publisher\" content=\"https:\/\/www.facebook.com\/MaiersGoldschmiede\" \/>\n<meta property=\"article:modified_time\" content=\"2026-02-22T15:45:59+00:00\" \/>\n<meta property=\"og:image\" content=\"https:\/\/maiersgoldschmiede.com\/wp-content\/uploads\/2026\/01\/DSC_0229-Kopie.jpg\" \/>\n\t<meta property=\"og:image:width\" content=\"1064\" \/>\n\t<meta property=\"og:image:height\" content=\"1200\" \/>\n\t<meta property=\"og:image:type\" content=\"image\/jpeg\" \/>\n<meta name=\"twitter:card\" content=\"summary_large_image\" \/>\n<meta name=\"twitter:label1\" content=\"Est. reading time\" \/>\n\t<meta name=\"twitter:data1\" content=\"1 minute\" \/>\n<script type=\"application\/ld+json\" class=\"yoast-schema-graph\">{\"@context\":\"https:\/\/schema.org\",\"@graph\":[{\"@type\":\"WebPage\",\"@id\":\"https:\/\/maiersgoldschmiede.com\/shop\/tanit-auf-rubinkreuz-anhaenger-unikat\/\",\"url\":\"https:\/\/maiersgoldschmiede.com\/shop\/tanit-auf-rubinkreuz-anhaenger-unikat\/\",\"name\":\"Tanit auf Rubinkreuz - Anh\u00e4nger - UNIKAT - Maiers Goldschmiede\",\"isPartOf\":{\"@id\":\"https:\/\/maiersgoldschmiede.com\/es\/#website\"},\"primaryImageOfPage\":{\"@id\":\"https:\/\/maiersgoldschmiede.com\/shop\/tanit-auf-rubinkreuz-anhaenger-unikat\/#primaryimage\"},\"image\":{\"@id\":\"https:\/\/maiersgoldschmiede.com\/shop\/tanit-auf-rubinkreuz-anhaenger-unikat\/#primaryimage\"},\"thumbnailUrl\":\"https:\/\/maiersgoldschmiede.com\/wp-content\/uploads\/2026\/01\/DSC_0229-Kopie.jpg\",\"datePublished\":\"2026-01-07T18:20:53+00:00\",\"dateModified\":\"2026-02-22T15:45:59+00:00\",\"breadcrumb\":{\"@id\":\"https:\/\/maiersgoldschmiede.com\/shop\/tanit-auf-rubinkreuz-anhaenger-unikat\/#breadcrumb\"},\"inLanguage\":\"en-US\",\"potentialAction\":[{\"@type\":\"ReadAction\",\"target\":[\"https:\/\/maiersgoldschmiede.com\/shop\/tanit-auf-rubinkreuz-anhaenger-unikat\/\"]}]},{\"@type\":\"ImageObject\",\"inLanguage\":\"en-US\",\"@id\":\"https:\/\/maiersgoldschmiede.com\/shop\/tanit-auf-rubinkreuz-anhaenger-unikat\/#primaryimage\",\"url\":\"https:\/\/maiersgoldschmiede.com\/wp-content\/uploads\/2026\/01\/DSC_0229-Kopie.jpg\",\"contentUrl\":\"https:\/\/maiersgoldschmiede.com\/wp-content\/uploads\/2026\/01\/DSC_0229-Kopie.jpg\",\"width\":1064,\"height\":1200,\"caption\":\"Tanit auf Rubinkreuz Anh\u00e4nger.www.maiersgoldschmiede.com\"},{\"@type\":\"BreadcrumbList\",\"@id\":\"https:\/\/maiersgoldschmiede.com\/shop\/tanit-auf-rubinkreuz-anhaenger-unikat\/#breadcrumb\",\"itemListElement\":[{\"@type\":\"ListItem\",\"position\":1,\"name\":\"Startseite\",\"item\":\"https:\/\/maiersgoldschmiede.com\/\"},{\"@type\":\"ListItem\",\"position\":2,\"name\":\"Maiers Goldsmith Shop\",\"item\":\"https:\/\/maiersgoldschmiede.com\/en\/maiers-goldsmith-shop\/\"},{\"@type\":\"ListItem\",\"position\":3,\"name\":\"Tanit auf Rubinkreuz &#8211; Anh\u00e4nger &#8211; UNIKAT\"}]},{\"@type\":\"WebSite\",\"@id\":\"https:\/\/maiersgoldschmiede.com\/es\/#website\",\"url\":\"https:\/\/maiersgoldschmiede.com\/es\/\",\"name\":\"Maiers Goldschmiede\",\"description\":\"Ibiza Goldschmied Werkstatt \u2013 Atelier\",\"publisher\":{\"@id\":\"https:\/\/maiersgoldschmiede.com\/es\/#organization\"},\"potentialAction\":[{\"@type\":\"SearchAction\",\"target\":{\"@type\":\"EntryPoint\",\"urlTemplate\":\"https:\/\/maiersgoldschmiede.com\/es\/?s={search_term_string}\"},\"query-input\":{\"@type\":\"PropertyValueSpecification\",\"valueRequired\":true,\"valueName\":\"search_term_string\"}}],\"inLanguage\":\"en-US\"},{\"@type\":\"Organization\",\"@id\":\"https:\/\/maiersgoldschmiede.com\/es\/#organization\",\"name\":\"Maiers Goldschmiede Ibiza\",\"url\":\"https:\/\/maiersgoldschmiede.com\/es\/\",\"logo\":{\"@type\":\"ImageObject\",\"inLanguage\":\"en-US\",\"@id\":\"https:\/\/maiersgoldschmiede.com\/es\/#\/schema\/logo\/image\/\",\"url\":\"https:\/\/maiersgoldschmiede.com\/wp-content\/uploads\/2017\/05\/logo2.png\",\"contentUrl\":\"https:\/\/maiersgoldschmiede.com\/wp-content\/uploads\/2017\/05\/logo2.png\",\"width\":150,\"height\":116,\"caption\":\"Maiers Goldschmiede Ibiza\"},\"image\":{\"@id\":\"https:\/\/maiersgoldschmiede.com\/es\/#\/schema\/logo\/image\/\"},\"sameAs\":[\"https:\/\/www.facebook.com\/MaiersGoldschmiede\",\"https:\/\/www.instagram.com\/maier.reinhard\"]}]}<\/script>\n<!-- \/ Yoast SEO plugin. -->","yoast_head_json":{"title":"Tanit auf Rubinkreuz - Anh\u00e4nger - UNIKAT - Maiers Goldschmiede","robots":{"index":"index","follow":"follow","max-snippet":"max-snippet:-1","max-image-preview":"max-image-preview:large","max-video-preview":"max-video-preview:-1"},"canonical":"https:\/\/maiersgoldschmiede.com\/shop\/tanit-auf-rubinkreuz-anhaenger-unikat\/","og_locale":"en_US","og_type":"article","og_title":"Tanit auf Rubinkreuz - Anh\u00e4nger - UNIKAT - Maiers Goldschmiede","og_description":"Handgearbeitetes Unikat aus 585 Gold auf einem Rubinkreuz. Die punische G\u00f6ttin Tanit, ein kraftvolles Schutzsymbol und historisches Wahrzeichen Ibizas, steht im Mittelpunkt dieses au\u00dfergew\u00f6hnlichen Schmuckst\u00fccks. Die Augen sind mit zwei Brillanten besetzt und verleihen der Figur eine besondere Tiefe. Das Rubinkreuz ist vollst\u00e4ndig in 585 Gold eingefasst. Ein ausdrucksstarkes Schmuckst\u00fcck mit starker Pr\u00e4senz und zeitloser","og_url":"https:\/\/maiersgoldschmiede.com\/shop\/tanit-auf-rubinkreuz-anhaenger-unikat\/","og_site_name":"Maiers Goldschmiede","article_publisher":"https:\/\/www.facebook.com\/MaiersGoldschmiede","article_modified_time":"2026-02-22T15:45:59+00:00","og_image":[{"width":1064,"height":1200,"url":"https:\/\/maiersgoldschmiede.com\/wp-content\/uploads\/2026\/01\/DSC_0229-Kopie.jpg","type":"image\/jpeg"}],"twitter_card":"summary_large_image","twitter_misc":{"Est. reading time":"1 minute"},"schema":{"@context":"https:\/\/schema.org","@graph":[{"@type":"WebPage","@id":"https:\/\/maiersgoldschmiede.com\/shop\/tanit-auf-rubinkreuz-anhaenger-unikat\/","url":"https:\/\/maiersgoldschmiede.com\/shop\/tanit-auf-rubinkreuz-anhaenger-unikat\/","name":"Tanit auf Rubinkreuz - Anh\u00e4nger - UNIKAT - Maiers Goldschmiede","isPartOf":{"@id":"https:\/\/maiersgoldschmiede.com\/es\/#website"},"primaryImageOfPage":{"@id":"https:\/\/maiersgoldschmiede.com\/shop\/tanit-auf-rubinkreuz-anhaenger-unikat\/#primaryimage"},"image":{"@id":"https:\/\/maiersgoldschmiede.com\/shop\/tanit-auf-rubinkreuz-anhaenger-unikat\/#primaryimage"},"thumbnailUrl":"https:\/\/maiersgoldschmiede.com\/wp-content\/uploads\/2026\/01\/DSC_0229-Kopie.jpg","datePublished":"2026-01-07T18:20:53+00:00","dateModified":"2026-02-22T15:45:59+00:00","breadcrumb":{"@id":"https:\/\/maiersgoldschmiede.com\/shop\/tanit-auf-rubinkreuz-anhaenger-unikat\/#breadcrumb"},"inLanguage":"en-US","potentialAction":[{"@type":"ReadAction","target":["https:\/\/maiersgoldschmiede.com\/shop\/tanit-auf-rubinkreuz-anhaenger-unikat\/"]}]},{"@type":"ImageObject","inLanguage":"en-US","@id":"https:\/\/maiersgoldschmiede.com\/shop\/tanit-auf-rubinkreuz-anhaenger-unikat\/#primaryimage","url":"https:\/\/maiersgoldschmiede.com\/wp-content\/uploads\/2026\/01\/DSC_0229-Kopie.jpg","contentUrl":"https:\/\/maiersgoldschmiede.com\/wp-content\/uploads\/2026\/01\/DSC_0229-Kopie.jpg","width":1064,"height":1200,"caption":"Tanit auf Rubinkreuz Anh\u00e4nger.www.maiersgoldschmiede.com"},{"@type":"BreadcrumbList","@id":"https:\/\/maiersgoldschmiede.com\/shop\/tanit-auf-rubinkreuz-anhaenger-unikat\/#breadcrumb","itemListElement":[{"@type":"ListItem","position":1,"name":"Startseite","item":"https:\/\/maiersgoldschmiede.com\/"},{"@type":"ListItem","position":2,"name":"Maiers Goldsmith Shop","item":"https:\/\/maiersgoldschmiede.com\/en\/maiers-goldsmith-shop\/"},{"@type":"ListItem","position":3,"name":"Tanit auf Rubinkreuz &#8211; Anh\u00e4nger &#8211; UNIKAT"}]},{"@type":"WebSite","@id":"https:\/\/maiersgoldschmiede.com\/es\/#website","url":"https:\/\/maiersgoldschmiede.com\/es\/","name":"Maiers Goldschmiede","description":"Ibiza Goldschmied Werkstatt \u2013 Atelier","publisher":{"@id":"https:\/\/maiersgoldschmiede.com\/es\/#organization"},"potentialAction":[{"@type":"SearchAction","target":{"@type":"EntryPoint","urlTemplate":"https:\/\/maiersgoldschmiede.com\/es\/?s={search_term_string}"},"query-input":{"@type":"PropertyValueSpecification","valueRequired":true,"valueName":"search_term_string"}}],"inLanguage":"en-US"},{"@type":"Organization","@id":"https:\/\/maiersgoldschmiede.com\/es\/#organization","name":"Maiers Goldschmiede Ibiza","url":"https:\/\/maiersgoldschmiede.com\/es\/","logo":{"@type":"ImageObject","inLanguage":"en-US","@id":"https:\/\/maiersgoldschmiede.com\/es\/#\/schema\/logo\/image\/","url":"https:\/\/maiersgoldschmiede.com\/wp-content\/uploads\/2017\/05\/logo2.png","contentUrl":"https:\/\/maiersgoldschmiede.com\/wp-content\/uploads\/2017\/05\/logo2.png","width":150,"height":116,"caption":"Maiers Goldschmiede Ibiza"},"image":{"@id":"https:\/\/maiersgoldschmiede.com\/es\/#\/schema\/logo\/image\/"},"sameAs":["https:\/\/www.facebook.com\/MaiersGoldschmiede","https:\/\/www.instagram.com\/maier.reinhard"]}]}},"_links":{"self":[{"href":"https:\/\/maiersgoldschmiede.com\/en\/wp-json\/wp\/v2\/product\/22572","targetHints":{"allow":["GET"]}}],"collection":[{"href":"https:\/\/maiersgoldschmiede.com\/en\/wp-json\/wp\/v2\/product"}],"about":[{"href":"https:\/\/maiersgoldschmiede.com\/en\/wp-json\/wp\/v2\/types\/product"}],"wp:featuredmedia":[{"embeddable":true,"href":"https:\/\/maiersgoldschmiede.com\/en\/wp-json\/wp\/v2\/media\/22578"}],"wp:attachment":[{"href":"https:\/\/maiersgoldschmiede.com\/en\/wp-json\/wp\/v2\/media?parent=22572"}],"wp:term":[{"taxonomy":"product_brand","embeddable":true,"href":"https:\/\/maiersgoldschmiede.com\/en\/wp-json\/wp\/v2\/product_brand?post=22572"},{"taxonomy":"product_cat","embeddable":true,"href":"https:\/\/maiersgoldschmiede.com\/en\/wp-json\/wp\/v2\/product_cat?post=22572"},{"taxonomy":"product_tag","embeddable":true,"href":"https:\/\/maiersgoldschmiede.com\/en\/wp-json\/wp\/v2\/product_tag?post=22572"}],"curies":[{"name":"wp","href":"https:\/\/api.w.org\/{rel}","templated":true}]}}