{"id":22588,"date":"2026-01-10T09:05:14","date_gmt":"2026-01-10T08:05:14","guid":{"rendered":"https:\/\/maiersgoldschmiede.com\/?post_type=product&#038;p=22588"},"modified":"2026-01-10T10:34:45","modified_gmt":"2026-01-10T09:34:45","slug":"gecko-auf-bernstein-anhaenger-unikat-2","status":"publish","type":"product","link":"https:\/\/maiersgoldschmiede.com\/en\/shop\/gecko-auf-bernstein-anhaenger-unikat-2\/","title":{"rendered":"Gecko auf Bernstein &#8211; Anh\u00e4nger  &#8211; UNIKAT"},"content":{"rendered":"<p>Dieser einzigartige Gecko-Anh\u00e4nger zeigt das bekannte Wahrzeichen von Ibiza in einer eleganten und kraftvollen Darstellung. Der Gecko, Symbol f\u00fcr Gl\u00fcck, Schutz und mediterranes Lebensgef\u00fchl, sitzt auf einem wundersch\u00f6nen, warm leuchtenden Bernstein.<\/p>\n<p>Gefertigt aus 925 Sterling Silber und hochwertig gearbeitet, wird der Gecko durch zwei funkelnde Brillanten in den Augen veredelt. Ein kunstvoll gestalteter Silberrahmen fasst den Bernstein ein und verleiht dem Anh\u00e4nger eine edle, harmonische Form.<\/p>\n<p>Produktdetails<br \/>\n\u2022 Motiv: Gecko \u2013 Wahrzeichen von Ibiza<br \/>\n\u2022 Material: 925 Sterling Silber L\u00e4nge: 48 mm mit Scharnier, Breite: 35 mm, H\u00f6he: 25 mm!<\/p>\n<p>Gewicht: 29 Gramm.<\/p>\n<p>Bernstein L\u00e4nge: 55 mm, Breite: 35 mm, H\u00f6he 20 mm,<\/p>\n<p>Gecko: 925 Silber, L\u00e4nge: 23 mm, Breite : 8 mm.<\/p>\n<p>mit 2 Brillianten, in den Augen; zusammen 0,02 ct, si\/top wess.<\/p>\n<p>Mit Kautschuck Kette, Durchmesser: 3 mm, L\u00e4nge: 45 cm mit Karabiner Verschluss, Silber<\/p>\n<p>&nbsp;<\/p>\n<p>&nbsp;<\/p>\n<p>&nbsp;<\/p>\n","protected":false},"excerpt":{"rendered":"<p>Dieser einzigartige Gecko-Anh\u00e4nger zeigt das bekannte Wahrzeichen von Ibiza in einer eleganten und kraftvollen Darstellung. Der Gecko, Symbol f\u00fcr Gl\u00fcck, Schutz und mediterranes Lebensgef\u00fchl, sitzt auf einem wundersch\u00f6nen, warm leuchtenden Bernstein. Gefertigt aus 925 Sterling Silber und hochwertig gearbeitet, wird der Gecko durch zwei funkelnde Brillanten in den Augen veredelt. Ein kunstvoll gestalteter Silberrahmen fasst<\/p>\n","protected":false},"featured_media":22593,"template":"","meta":{"_exactmetrics_skip_tracking":false,"_exactmetrics_sitenote_active":false,"_exactmetrics_sitenote_note":"","_exactmetrics_sitenote_category":0},"product_brand":[],"product_cat":[508,54,516,229,512,576,215,112],"product_tag":[63,1178,64,147],"class_list":{"0":"post-22588","1":"product","2":"type-product","3":"status-publish","4":"has-post-thumbnail","6":"product_cat-damenschmuck","7":"product_cat-gecko-collection","8":"product_cat-halsketten-colliers","9":"product_cat-neuheiten","10":"product_cat-schmuck","11":"product_cat-silber","12":"product_cat-tier-collection","13":"product_cat-unikate","14":"product_tag-anhaenger","15":"product_tag-bernstein","16":"product_tag-gecko","17":"product_tag-silber","19":"first","20":"instock","21":"taxable","22":"shipping-taxable","23":"purchasable","24":"product-type-simple","25":"prodpage-style3"},"yoast_head":"<!-- This site is optimized with the Yoast SEO plugin v26.1.1 - https:\/\/yoast.com\/wordpress\/plugins\/seo\/ -->\n<title>Gecko auf Bernstein - Anh\u00e4nger - UNIKAT - Maiers Goldschmiede<\/title>\n<meta name=\"robots\" content=\"index, follow, max-snippet:-1, max-image-preview:large, max-video-preview:-1\" \/>\n<link rel=\"canonical\" href=\"https:\/\/maiersgoldschmiede.com\/shop\/gecko-auf-bernstein-anhaenger-unikat-2\/\" \/>\n<meta property=\"og:locale\" content=\"en_US\" \/>\n<meta property=\"og:type\" content=\"article\" \/>\n<meta property=\"og:title\" content=\"Gecko auf Bernstein - Anh\u00e4nger - UNIKAT - Maiers Goldschmiede\" \/>\n<meta property=\"og:description\" content=\"Dieser einzigartige Gecko-Anh\u00e4nger zeigt das bekannte Wahrzeichen von Ibiza in einer eleganten und kraftvollen Darstellung. Der Gecko, Symbol f\u00fcr Gl\u00fcck, Schutz und mediterranes Lebensgef\u00fchl, sitzt auf einem wundersch\u00f6nen, warm leuchtenden Bernstein. Gefertigt aus 925 Sterling Silber und hochwertig gearbeitet, wird der Gecko durch zwei funkelnde Brillanten in den Augen veredelt. Ein kunstvoll gestalteter Silberrahmen fasst\" \/>\n<meta property=\"og:url\" content=\"https:\/\/maiersgoldschmiede.com\/shop\/gecko-auf-bernstein-anhaenger-unikat-2\/\" \/>\n<meta property=\"og:site_name\" content=\"Maiers Goldschmiede\" \/>\n<meta property=\"article:publisher\" content=\"https:\/\/www.facebook.com\/MaiersGoldschmiede\" \/>\n<meta property=\"article:modified_time\" content=\"2026-01-10T09:34:45+00:00\" \/>\n<meta property=\"og:image\" content=\"https:\/\/maiersgoldschmiede.com\/wp-content\/uploads\/2026\/01\/DSC_0250.jpg\" \/>\n\t<meta property=\"og:image:width\" content=\"1054\" \/>\n\t<meta property=\"og:image:height\" content=\"1200\" \/>\n\t<meta property=\"og:image:type\" content=\"image\/jpeg\" \/>\n<meta name=\"twitter:card\" content=\"summary_large_image\" \/>\n<meta name=\"twitter:label1\" content=\"Est. reading time\" \/>\n\t<meta name=\"twitter:data1\" content=\"1 minute\" \/>\n<script type=\"application\/ld+json\" class=\"yoast-schema-graph\">{\"@context\":\"https:\/\/schema.org\",\"@graph\":[{\"@type\":\"WebPage\",\"@id\":\"https:\/\/maiersgoldschmiede.com\/shop\/gecko-auf-bernstein-anhaenger-unikat-2\/\",\"url\":\"https:\/\/maiersgoldschmiede.com\/shop\/gecko-auf-bernstein-anhaenger-unikat-2\/\",\"name\":\"Gecko auf Bernstein - Anh\u00e4nger - UNIKAT - Maiers Goldschmiede\",\"isPartOf\":{\"@id\":\"https:\/\/maiersgoldschmiede.com\/es\/#website\"},\"primaryImageOfPage\":{\"@id\":\"https:\/\/maiersgoldschmiede.com\/shop\/gecko-auf-bernstein-anhaenger-unikat-2\/#primaryimage\"},\"image\":{\"@id\":\"https:\/\/maiersgoldschmiede.com\/shop\/gecko-auf-bernstein-anhaenger-unikat-2\/#primaryimage\"},\"thumbnailUrl\":\"https:\/\/maiersgoldschmiede.com\/wp-content\/uploads\/2026\/01\/DSC_0250.jpg\",\"datePublished\":\"2026-01-10T08:05:14+00:00\",\"dateModified\":\"2026-01-10T09:34:45+00:00\",\"breadcrumb\":{\"@id\":\"https:\/\/maiersgoldschmiede.com\/shop\/gecko-auf-bernstein-anhaenger-unikat-2\/#breadcrumb\"},\"inLanguage\":\"en-US\",\"potentialAction\":[{\"@type\":\"ReadAction\",\"target\":[\"https:\/\/maiersgoldschmiede.com\/shop\/gecko-auf-bernstein-anhaenger-unikat-2\/\"]}]},{\"@type\":\"ImageObject\",\"inLanguage\":\"en-US\",\"@id\":\"https:\/\/maiersgoldschmiede.com\/shop\/gecko-auf-bernstein-anhaenger-unikat-2\/#primaryimage\",\"url\":\"https:\/\/maiersgoldschmiede.com\/wp-content\/uploads\/2026\/01\/DSC_0250.jpg\",\"contentUrl\":\"https:\/\/maiersgoldschmiede.com\/wp-content\/uploads\/2026\/01\/DSC_0250.jpg\",\"width\":1054,\"height\":1200,\"caption\":\"Gecko auf Bernsteinanh\u00e4nger.www.maiersgoldschmiede.com\"},{\"@type\":\"BreadcrumbList\",\"@id\":\"https:\/\/maiersgoldschmiede.com\/shop\/gecko-auf-bernstein-anhaenger-unikat-2\/#breadcrumb\",\"itemListElement\":[{\"@type\":\"ListItem\",\"position\":1,\"name\":\"Startseite\",\"item\":\"https:\/\/maiersgoldschmiede.com\/\"},{\"@type\":\"ListItem\",\"position\":2,\"name\":\"Maiers Goldsmith Shop\",\"item\":\"https:\/\/maiersgoldschmiede.com\/en\/maiers-goldsmith-shop\/\"},{\"@type\":\"ListItem\",\"position\":3,\"name\":\"Gecko auf Bernstein &#8211; Anh\u00e4nger &#8211; UNIKAT\"}]},{\"@type\":\"WebSite\",\"@id\":\"https:\/\/maiersgoldschmiede.com\/es\/#website\",\"url\":\"https:\/\/maiersgoldschmiede.com\/es\/\",\"name\":\"Maiers Goldschmiede\",\"description\":\"Ibiza Goldschmied Werkstatt \u2013 Atelier\",\"publisher\":{\"@id\":\"https:\/\/maiersgoldschmiede.com\/es\/#organization\"},\"potentialAction\":[{\"@type\":\"SearchAction\",\"target\":{\"@type\":\"EntryPoint\",\"urlTemplate\":\"https:\/\/maiersgoldschmiede.com\/es\/?s={search_term_string}\"},\"query-input\":{\"@type\":\"PropertyValueSpecification\",\"valueRequired\":true,\"valueName\":\"search_term_string\"}}],\"inLanguage\":\"en-US\"},{\"@type\":\"Organization\",\"@id\":\"https:\/\/maiersgoldschmiede.com\/es\/#organization\",\"name\":\"Maiers Goldschmiede Ibiza\",\"url\":\"https:\/\/maiersgoldschmiede.com\/es\/\",\"logo\":{\"@type\":\"ImageObject\",\"inLanguage\":\"en-US\",\"@id\":\"https:\/\/maiersgoldschmiede.com\/es\/#\/schema\/logo\/image\/\",\"url\":\"https:\/\/maiersgoldschmiede.com\/wp-content\/uploads\/2017\/05\/logo2.png\",\"contentUrl\":\"https:\/\/maiersgoldschmiede.com\/wp-content\/uploads\/2017\/05\/logo2.png\",\"width\":150,\"height\":116,\"caption\":\"Maiers Goldschmiede Ibiza\"},\"image\":{\"@id\":\"https:\/\/maiersgoldschmiede.com\/es\/#\/schema\/logo\/image\/\"},\"sameAs\":[\"https:\/\/www.facebook.com\/MaiersGoldschmiede\",\"https:\/\/www.instagram.com\/maier.reinhard\"]}]}<\/script>\n<!-- \/ Yoast SEO plugin. -->","yoast_head_json":{"title":"Gecko auf Bernstein - Anh\u00e4nger - UNIKAT - Maiers Goldschmiede","robots":{"index":"index","follow":"follow","max-snippet":"max-snippet:-1","max-image-preview":"max-image-preview:large","max-video-preview":"max-video-preview:-1"},"canonical":"https:\/\/maiersgoldschmiede.com\/shop\/gecko-auf-bernstein-anhaenger-unikat-2\/","og_locale":"en_US","og_type":"article","og_title":"Gecko auf Bernstein - Anh\u00e4nger - UNIKAT - Maiers Goldschmiede","og_description":"Dieser einzigartige Gecko-Anh\u00e4nger zeigt das bekannte Wahrzeichen von Ibiza in einer eleganten und kraftvollen Darstellung. Der Gecko, Symbol f\u00fcr Gl\u00fcck, Schutz und mediterranes Lebensgef\u00fchl, sitzt auf einem wundersch\u00f6nen, warm leuchtenden Bernstein. Gefertigt aus 925 Sterling Silber und hochwertig gearbeitet, wird der Gecko durch zwei funkelnde Brillanten in den Augen veredelt. Ein kunstvoll gestalteter Silberrahmen fasst","og_url":"https:\/\/maiersgoldschmiede.com\/shop\/gecko-auf-bernstein-anhaenger-unikat-2\/","og_site_name":"Maiers Goldschmiede","article_publisher":"https:\/\/www.facebook.com\/MaiersGoldschmiede","article_modified_time":"2026-01-10T09:34:45+00:00","og_image":[{"width":1054,"height":1200,"url":"https:\/\/maiersgoldschmiede.com\/wp-content\/uploads\/2026\/01\/DSC_0250.jpg","type":"image\/jpeg"}],"twitter_card":"summary_large_image","twitter_misc":{"Est. reading time":"1 minute"},"schema":{"@context":"https:\/\/schema.org","@graph":[{"@type":"WebPage","@id":"https:\/\/maiersgoldschmiede.com\/shop\/gecko-auf-bernstein-anhaenger-unikat-2\/","url":"https:\/\/maiersgoldschmiede.com\/shop\/gecko-auf-bernstein-anhaenger-unikat-2\/","name":"Gecko auf Bernstein - Anh\u00e4nger - UNIKAT - Maiers Goldschmiede","isPartOf":{"@id":"https:\/\/maiersgoldschmiede.com\/es\/#website"},"primaryImageOfPage":{"@id":"https:\/\/maiersgoldschmiede.com\/shop\/gecko-auf-bernstein-anhaenger-unikat-2\/#primaryimage"},"image":{"@id":"https:\/\/maiersgoldschmiede.com\/shop\/gecko-auf-bernstein-anhaenger-unikat-2\/#primaryimage"},"thumbnailUrl":"https:\/\/maiersgoldschmiede.com\/wp-content\/uploads\/2026\/01\/DSC_0250.jpg","datePublished":"2026-01-10T08:05:14+00:00","dateModified":"2026-01-10T09:34:45+00:00","breadcrumb":{"@id":"https:\/\/maiersgoldschmiede.com\/shop\/gecko-auf-bernstein-anhaenger-unikat-2\/#breadcrumb"},"inLanguage":"en-US","potentialAction":[{"@type":"ReadAction","target":["https:\/\/maiersgoldschmiede.com\/shop\/gecko-auf-bernstein-anhaenger-unikat-2\/"]}]},{"@type":"ImageObject","inLanguage":"en-US","@id":"https:\/\/maiersgoldschmiede.com\/shop\/gecko-auf-bernstein-anhaenger-unikat-2\/#primaryimage","url":"https:\/\/maiersgoldschmiede.com\/wp-content\/uploads\/2026\/01\/DSC_0250.jpg","contentUrl":"https:\/\/maiersgoldschmiede.com\/wp-content\/uploads\/2026\/01\/DSC_0250.jpg","width":1054,"height":1200,"caption":"Gecko auf Bernsteinanh\u00e4nger.www.maiersgoldschmiede.com"},{"@type":"BreadcrumbList","@id":"https:\/\/maiersgoldschmiede.com\/shop\/gecko-auf-bernstein-anhaenger-unikat-2\/#breadcrumb","itemListElement":[{"@type":"ListItem","position":1,"name":"Startseite","item":"https:\/\/maiersgoldschmiede.com\/"},{"@type":"ListItem","position":2,"name":"Maiers Goldsmith Shop","item":"https:\/\/maiersgoldschmiede.com\/en\/maiers-goldsmith-shop\/"},{"@type":"ListItem","position":3,"name":"Gecko auf Bernstein &#8211; Anh\u00e4nger &#8211; UNIKAT"}]},{"@type":"WebSite","@id":"https:\/\/maiersgoldschmiede.com\/es\/#website","url":"https:\/\/maiersgoldschmiede.com\/es\/","name":"Maiers Goldschmiede","description":"Ibiza Goldschmied Werkstatt \u2013 Atelier","publisher":{"@id":"https:\/\/maiersgoldschmiede.com\/es\/#organization"},"potentialAction":[{"@type":"SearchAction","target":{"@type":"EntryPoint","urlTemplate":"https:\/\/maiersgoldschmiede.com\/es\/?s={search_term_string}"},"query-input":{"@type":"PropertyValueSpecification","valueRequired":true,"valueName":"search_term_string"}}],"inLanguage":"en-US"},{"@type":"Organization","@id":"https:\/\/maiersgoldschmiede.com\/es\/#organization","name":"Maiers Goldschmiede Ibiza","url":"https:\/\/maiersgoldschmiede.com\/es\/","logo":{"@type":"ImageObject","inLanguage":"en-US","@id":"https:\/\/maiersgoldschmiede.com\/es\/#\/schema\/logo\/image\/","url":"https:\/\/maiersgoldschmiede.com\/wp-content\/uploads\/2017\/05\/logo2.png","contentUrl":"https:\/\/maiersgoldschmiede.com\/wp-content\/uploads\/2017\/05\/logo2.png","width":150,"height":116,"caption":"Maiers Goldschmiede Ibiza"},"image":{"@id":"https:\/\/maiersgoldschmiede.com\/es\/#\/schema\/logo\/image\/"},"sameAs":["https:\/\/www.facebook.com\/MaiersGoldschmiede","https:\/\/www.instagram.com\/maier.reinhard"]}]}},"_links":{"self":[{"href":"https:\/\/maiersgoldschmiede.com\/en\/wp-json\/wp\/v2\/product\/22588","targetHints":{"allow":["GET"]}}],"collection":[{"href":"https:\/\/maiersgoldschmiede.com\/en\/wp-json\/wp\/v2\/product"}],"about":[{"href":"https:\/\/maiersgoldschmiede.com\/en\/wp-json\/wp\/v2\/types\/product"}],"wp:featuredmedia":[{"embeddable":true,"href":"https:\/\/maiersgoldschmiede.com\/en\/wp-json\/wp\/v2\/media\/22593"}],"wp:attachment":[{"href":"https:\/\/maiersgoldschmiede.com\/en\/wp-json\/wp\/v2\/media?parent=22588"}],"wp:term":[{"taxonomy":"product_brand","embeddable":true,"href":"https:\/\/maiersgoldschmiede.com\/en\/wp-json\/wp\/v2\/product_brand?post=22588"},{"taxonomy":"product_cat","embeddable":true,"href":"https:\/\/maiersgoldschmiede.com\/en\/wp-json\/wp\/v2\/product_cat?post=22588"},{"taxonomy":"product_tag","embeddable":true,"href":"https:\/\/maiersgoldschmiede.com\/en\/wp-json\/wp\/v2\/product_tag?post=22588"}],"curies":[{"name":"wp","href":"https:\/\/api.w.org\/{rel}","templated":true}]}}