{"id":22604,"date":"2026-01-10T10:36:11","date_gmt":"2026-01-10T09:36:11","guid":{"rendered":"https:\/\/maiersgoldschmiede.com\/?post_type=product&#038;p=22604"},"modified":"2026-01-15T16:42:59","modified_gmt":"2026-01-15T15:42:59","slug":"gecko-zehenring-aus-925-sterling-silber","status":"publish","type":"product","link":"https:\/\/maiersgoldschmiede.com\/en\/shop\/gecko-zehenring-aus-925-sterling-silber\/","title":{"rendered":"Gecko-Zehenring aus 925 Sterling Silber"},"content":{"rendered":"<p>Wundersch\u00f6ner Gecko-Zehenring, gefertigt aus 925 Sterling Silber und veredelt mit zwei schwarzen Brillanten in den Augen.<br \/>\nEin feines, besonderes Schmuckst\u00fcck mit echtem Ibiza-Spirit \u2013 inspiriert vom Wahrzeichen der Insel und in hochwertiger Handwerkskunst umgesetzt.<\/p>\n<p>Zwei schwarze Diamanten, die dem Schmuckst\u00fcck Tiefe, Ausdruck und einen geheimnisvollen Charakter verleihen. Der Gecko gilt als Symbol f\u00fcr Gl\u00fcck, Schutz und Anpassungsf\u00e4higkeit \u2013 inspiriert von mediterraner Lebensfreude und der Natur Ibizas.<\/p>\n<p>Produktdetails<\/p>\n<p>Motiv: Gecko \u2013 Wahrzeichen von Ibiza<\/p>\n<p>Gecko, L\u00e4nge 25 mm, Breite: 9 mm.<\/p>\n<p>Material: 925 Sterling Silber<\/p>\n<p>Gewicht: 2,6 gr.<\/p>\n<p>Gr\u00f6\u00dfe: 49 mm, verstellbar<\/p>\n<p>Andere Gr\u00f6\u00dfen auf Anfrage lieferbar!<\/p>\n<p><strong>\u00a0<\/strong><\/p>\n","protected":false},"excerpt":{"rendered":"<p>Wundersch\u00f6ner Gecko-Zehenring, gefertigt aus 925 Sterling Silber und veredelt mit zwei schwarzen Brillanten in den Augen. Ein feines, besonderes Schmuckst\u00fcck mit echtem Ibiza-Spirit \u2013 inspiriert vom Wahrzeichen der Insel und in hochwertiger Handwerkskunst umgesetzt. Zwei schwarze Diamanten, die dem Schmuckst\u00fcck Tiefe, Ausdruck und einen geheimnisvollen Charakter verleihen. Der Gecko gilt als Symbol f\u00fcr Gl\u00fcck, Schutz<\/p>\n","protected":false},"featured_media":22701,"template":"","meta":{"_exactmetrics_skip_tracking":false,"_exactmetrics_sitenote_active":false,"_exactmetrics_sitenote_note":"","_exactmetrics_sitenote_category":0},"product_brand":[],"product_cat":[508,54,547,229,172,576,17],"product_tag":[1075,1185,64,1190],"class_list":{"0":"post-22604","1":"product","2":"type-product","3":"status-publish","4":"has-post-thumbnail","6":"product_cat-damenschmuck","7":"product_cat-gecko-collection","8":"product_cat-ibiza-collection","9":"product_cat-neuheiten","10":"product_cat-ringe","11":"product_cat-silber","12":"product_cat-3d-collection","13":"product_tag-925-silber","14":"product_tag-diamanten","15":"product_tag-gecko","16":"product_tag-zehenring","17":"pa_collection-gecko-collection","19":"first","20":"instock","21":"taxable","22":"shipping-taxable","23":"purchasable","24":"product-type-simple","25":"prodpage-style3"},"yoast_head":"<!-- This site is optimized with the Yoast SEO plugin v26.1.1 - https:\/\/yoast.com\/wordpress\/plugins\/seo\/ -->\n<title>Gecko-Zehenring aus 925 Sterling Silber - Maiers Goldschmiede<\/title>\n<meta name=\"robots\" content=\"index, follow, max-snippet:-1, max-image-preview:large, max-video-preview:-1\" \/>\n<link rel=\"canonical\" href=\"https:\/\/maiersgoldschmiede.com\/shop\/gecko-zehenring-aus-925-sterling-silber\/\" \/>\n<meta property=\"og:locale\" content=\"en_US\" \/>\n<meta property=\"og:type\" content=\"article\" \/>\n<meta property=\"og:title\" content=\"Gecko-Zehenring aus 925 Sterling Silber - Maiers Goldschmiede\" \/>\n<meta property=\"og:description\" content=\"Wundersch\u00f6ner Gecko-Zehenring, gefertigt aus 925 Sterling Silber und veredelt mit zwei schwarzen Brillanten in den Augen. Ein feines, besonderes Schmuckst\u00fcck mit echtem Ibiza-Spirit \u2013 inspiriert vom Wahrzeichen der Insel und in hochwertiger Handwerkskunst umgesetzt. Zwei schwarze Diamanten, die dem Schmuckst\u00fcck Tiefe, Ausdruck und einen geheimnisvollen Charakter verleihen. Der Gecko gilt als Symbol f\u00fcr Gl\u00fcck, Schutz\" \/>\n<meta property=\"og:url\" content=\"https:\/\/maiersgoldschmiede.com\/shop\/gecko-zehenring-aus-925-sterling-silber\/\" \/>\n<meta property=\"og:site_name\" content=\"Maiers Goldschmiede\" \/>\n<meta property=\"article:publisher\" content=\"https:\/\/www.facebook.com\/MaiersGoldschmiede\" \/>\n<meta property=\"article:modified_time\" content=\"2026-01-15T15:42:59+00:00\" \/>\n<meta property=\"og:image\" content=\"https:\/\/maiersgoldschmiede.com\/wp-content\/uploads\/2026\/01\/MAIERS-GOLDSCHMIEDE_ZEHENRING_-2.jpg\" \/>\n\t<meta property=\"og:image:width\" content=\"800\" \/>\n\t<meta property=\"og:image:height\" content=\"1200\" \/>\n\t<meta property=\"og:image:type\" content=\"image\/jpeg\" \/>\n<meta name=\"twitter:card\" content=\"summary_large_image\" \/>\n<meta name=\"twitter:label1\" content=\"Est. reading time\" \/>\n\t<meta name=\"twitter:data1\" content=\"1 minute\" \/>\n<script type=\"application\/ld+json\" class=\"yoast-schema-graph\">{\"@context\":\"https:\/\/schema.org\",\"@graph\":[{\"@type\":\"WebPage\",\"@id\":\"https:\/\/maiersgoldschmiede.com\/shop\/gecko-zehenring-aus-925-sterling-silber\/\",\"url\":\"https:\/\/maiersgoldschmiede.com\/shop\/gecko-zehenring-aus-925-sterling-silber\/\",\"name\":\"Gecko-Zehenring aus 925 Sterling Silber - Maiers Goldschmiede\",\"isPartOf\":{\"@id\":\"https:\/\/maiersgoldschmiede.com\/es\/#website\"},\"primaryImageOfPage\":{\"@id\":\"https:\/\/maiersgoldschmiede.com\/shop\/gecko-zehenring-aus-925-sterling-silber\/#primaryimage\"},\"image\":{\"@id\":\"https:\/\/maiersgoldschmiede.com\/shop\/gecko-zehenring-aus-925-sterling-silber\/#primaryimage\"},\"thumbnailUrl\":\"https:\/\/maiersgoldschmiede.com\/wp-content\/uploads\/2026\/01\/MAIERS-GOLDSCHMIEDE_ZEHENRING_-2.jpg\",\"datePublished\":\"2026-01-10T09:36:11+00:00\",\"dateModified\":\"2026-01-15T15:42:59+00:00\",\"breadcrumb\":{\"@id\":\"https:\/\/maiersgoldschmiede.com\/shop\/gecko-zehenring-aus-925-sterling-silber\/#breadcrumb\"},\"inLanguage\":\"en-US\",\"potentialAction\":[{\"@type\":\"ReadAction\",\"target\":[\"https:\/\/maiersgoldschmiede.com\/shop\/gecko-zehenring-aus-925-sterling-silber\/\"]}]},{\"@type\":\"ImageObject\",\"inLanguage\":\"en-US\",\"@id\":\"https:\/\/maiersgoldschmiede.com\/shop\/gecko-zehenring-aus-925-sterling-silber\/#primaryimage\",\"url\":\"https:\/\/maiersgoldschmiede.com\/wp-content\/uploads\/2026\/01\/MAIERS-GOLDSCHMIEDE_ZEHENRING_-2.jpg\",\"contentUrl\":\"https:\/\/maiersgoldschmiede.com\/wp-content\/uploads\/2026\/01\/MAIERS-GOLDSCHMIEDE_ZEHENRING_-2.jpg\",\"width\":800,\"height\":1200,\"caption\":\"Gecko Zehenring.www.maiersgoldschmiede.com\"},{\"@type\":\"BreadcrumbList\",\"@id\":\"https:\/\/maiersgoldschmiede.com\/shop\/gecko-zehenring-aus-925-sterling-silber\/#breadcrumb\",\"itemListElement\":[{\"@type\":\"ListItem\",\"position\":1,\"name\":\"Startseite\",\"item\":\"https:\/\/maiersgoldschmiede.com\/\"},{\"@type\":\"ListItem\",\"position\":2,\"name\":\"Maiers Goldsmith Shop\",\"item\":\"https:\/\/maiersgoldschmiede.com\/en\/maiers-goldsmith-shop\/\"},{\"@type\":\"ListItem\",\"position\":3,\"name\":\"Gecko-Zehenring aus 925 Sterling Silber\"}]},{\"@type\":\"WebSite\",\"@id\":\"https:\/\/maiersgoldschmiede.com\/es\/#website\",\"url\":\"https:\/\/maiersgoldschmiede.com\/es\/\",\"name\":\"Maiers Goldschmiede\",\"description\":\"Ibiza Goldschmied Werkstatt \u2013 Atelier\",\"publisher\":{\"@id\":\"https:\/\/maiersgoldschmiede.com\/es\/#organization\"},\"potentialAction\":[{\"@type\":\"SearchAction\",\"target\":{\"@type\":\"EntryPoint\",\"urlTemplate\":\"https:\/\/maiersgoldschmiede.com\/es\/?s={search_term_string}\"},\"query-input\":{\"@type\":\"PropertyValueSpecification\",\"valueRequired\":true,\"valueName\":\"search_term_string\"}}],\"inLanguage\":\"en-US\"},{\"@type\":\"Organization\",\"@id\":\"https:\/\/maiersgoldschmiede.com\/es\/#organization\",\"name\":\"Maiers Goldschmiede Ibiza\",\"url\":\"https:\/\/maiersgoldschmiede.com\/es\/\",\"logo\":{\"@type\":\"ImageObject\",\"inLanguage\":\"en-US\",\"@id\":\"https:\/\/maiersgoldschmiede.com\/es\/#\/schema\/logo\/image\/\",\"url\":\"https:\/\/maiersgoldschmiede.com\/wp-content\/uploads\/2017\/05\/logo2.png\",\"contentUrl\":\"https:\/\/maiersgoldschmiede.com\/wp-content\/uploads\/2017\/05\/logo2.png\",\"width\":150,\"height\":116,\"caption\":\"Maiers Goldschmiede Ibiza\"},\"image\":{\"@id\":\"https:\/\/maiersgoldschmiede.com\/es\/#\/schema\/logo\/image\/\"},\"sameAs\":[\"https:\/\/www.facebook.com\/MaiersGoldschmiede\",\"https:\/\/www.instagram.com\/maier.reinhard\"]}]}<\/script>\n<!-- \/ Yoast SEO plugin. -->","yoast_head_json":{"title":"Gecko-Zehenring aus 925 Sterling Silber - Maiers Goldschmiede","robots":{"index":"index","follow":"follow","max-snippet":"max-snippet:-1","max-image-preview":"max-image-preview:large","max-video-preview":"max-video-preview:-1"},"canonical":"https:\/\/maiersgoldschmiede.com\/shop\/gecko-zehenring-aus-925-sterling-silber\/","og_locale":"en_US","og_type":"article","og_title":"Gecko-Zehenring aus 925 Sterling Silber - Maiers Goldschmiede","og_description":"Wundersch\u00f6ner Gecko-Zehenring, gefertigt aus 925 Sterling Silber und veredelt mit zwei schwarzen Brillanten in den Augen. Ein feines, besonderes Schmuckst\u00fcck mit echtem Ibiza-Spirit \u2013 inspiriert vom Wahrzeichen der Insel und in hochwertiger Handwerkskunst umgesetzt. Zwei schwarze Diamanten, die dem Schmuckst\u00fcck Tiefe, Ausdruck und einen geheimnisvollen Charakter verleihen. Der Gecko gilt als Symbol f\u00fcr Gl\u00fcck, Schutz","og_url":"https:\/\/maiersgoldschmiede.com\/shop\/gecko-zehenring-aus-925-sterling-silber\/","og_site_name":"Maiers Goldschmiede","article_publisher":"https:\/\/www.facebook.com\/MaiersGoldschmiede","article_modified_time":"2026-01-15T15:42:59+00:00","og_image":[{"width":800,"height":1200,"url":"https:\/\/maiersgoldschmiede.com\/wp-content\/uploads\/2026\/01\/MAIERS-GOLDSCHMIEDE_ZEHENRING_-2.jpg","type":"image\/jpeg"}],"twitter_card":"summary_large_image","twitter_misc":{"Est. reading time":"1 minute"},"schema":{"@context":"https:\/\/schema.org","@graph":[{"@type":"WebPage","@id":"https:\/\/maiersgoldschmiede.com\/shop\/gecko-zehenring-aus-925-sterling-silber\/","url":"https:\/\/maiersgoldschmiede.com\/shop\/gecko-zehenring-aus-925-sterling-silber\/","name":"Gecko-Zehenring aus 925 Sterling Silber - Maiers Goldschmiede","isPartOf":{"@id":"https:\/\/maiersgoldschmiede.com\/es\/#website"},"primaryImageOfPage":{"@id":"https:\/\/maiersgoldschmiede.com\/shop\/gecko-zehenring-aus-925-sterling-silber\/#primaryimage"},"image":{"@id":"https:\/\/maiersgoldschmiede.com\/shop\/gecko-zehenring-aus-925-sterling-silber\/#primaryimage"},"thumbnailUrl":"https:\/\/maiersgoldschmiede.com\/wp-content\/uploads\/2026\/01\/MAIERS-GOLDSCHMIEDE_ZEHENRING_-2.jpg","datePublished":"2026-01-10T09:36:11+00:00","dateModified":"2026-01-15T15:42:59+00:00","breadcrumb":{"@id":"https:\/\/maiersgoldschmiede.com\/shop\/gecko-zehenring-aus-925-sterling-silber\/#breadcrumb"},"inLanguage":"en-US","potentialAction":[{"@type":"ReadAction","target":["https:\/\/maiersgoldschmiede.com\/shop\/gecko-zehenring-aus-925-sterling-silber\/"]}]},{"@type":"ImageObject","inLanguage":"en-US","@id":"https:\/\/maiersgoldschmiede.com\/shop\/gecko-zehenring-aus-925-sterling-silber\/#primaryimage","url":"https:\/\/maiersgoldschmiede.com\/wp-content\/uploads\/2026\/01\/MAIERS-GOLDSCHMIEDE_ZEHENRING_-2.jpg","contentUrl":"https:\/\/maiersgoldschmiede.com\/wp-content\/uploads\/2026\/01\/MAIERS-GOLDSCHMIEDE_ZEHENRING_-2.jpg","width":800,"height":1200,"caption":"Gecko Zehenring.www.maiersgoldschmiede.com"},{"@type":"BreadcrumbList","@id":"https:\/\/maiersgoldschmiede.com\/shop\/gecko-zehenring-aus-925-sterling-silber\/#breadcrumb","itemListElement":[{"@type":"ListItem","position":1,"name":"Startseite","item":"https:\/\/maiersgoldschmiede.com\/"},{"@type":"ListItem","position":2,"name":"Maiers Goldsmith Shop","item":"https:\/\/maiersgoldschmiede.com\/en\/maiers-goldsmith-shop\/"},{"@type":"ListItem","position":3,"name":"Gecko-Zehenring aus 925 Sterling Silber"}]},{"@type":"WebSite","@id":"https:\/\/maiersgoldschmiede.com\/es\/#website","url":"https:\/\/maiersgoldschmiede.com\/es\/","name":"Maiers Goldschmiede","description":"Ibiza Goldschmied Werkstatt \u2013 Atelier","publisher":{"@id":"https:\/\/maiersgoldschmiede.com\/es\/#organization"},"potentialAction":[{"@type":"SearchAction","target":{"@type":"EntryPoint","urlTemplate":"https:\/\/maiersgoldschmiede.com\/es\/?s={search_term_string}"},"query-input":{"@type":"PropertyValueSpecification","valueRequired":true,"valueName":"search_term_string"}}],"inLanguage":"en-US"},{"@type":"Organization","@id":"https:\/\/maiersgoldschmiede.com\/es\/#organization","name":"Maiers Goldschmiede Ibiza","url":"https:\/\/maiersgoldschmiede.com\/es\/","logo":{"@type":"ImageObject","inLanguage":"en-US","@id":"https:\/\/maiersgoldschmiede.com\/es\/#\/schema\/logo\/image\/","url":"https:\/\/maiersgoldschmiede.com\/wp-content\/uploads\/2017\/05\/logo2.png","contentUrl":"https:\/\/maiersgoldschmiede.com\/wp-content\/uploads\/2017\/05\/logo2.png","width":150,"height":116,"caption":"Maiers Goldschmiede Ibiza"},"image":{"@id":"https:\/\/maiersgoldschmiede.com\/es\/#\/schema\/logo\/image\/"},"sameAs":["https:\/\/www.facebook.com\/MaiersGoldschmiede","https:\/\/www.instagram.com\/maier.reinhard"]}]}},"_links":{"self":[{"href":"https:\/\/maiersgoldschmiede.com\/en\/wp-json\/wp\/v2\/product\/22604","targetHints":{"allow":["GET"]}}],"collection":[{"href":"https:\/\/maiersgoldschmiede.com\/en\/wp-json\/wp\/v2\/product"}],"about":[{"href":"https:\/\/maiersgoldschmiede.com\/en\/wp-json\/wp\/v2\/types\/product"}],"wp:featuredmedia":[{"embeddable":true,"href":"https:\/\/maiersgoldschmiede.com\/en\/wp-json\/wp\/v2\/media\/22701"}],"wp:attachment":[{"href":"https:\/\/maiersgoldschmiede.com\/en\/wp-json\/wp\/v2\/media?parent=22604"}],"wp:term":[{"taxonomy":"product_brand","embeddable":true,"href":"https:\/\/maiersgoldschmiede.com\/en\/wp-json\/wp\/v2\/product_brand?post=22604"},{"taxonomy":"product_cat","embeddable":true,"href":"https:\/\/maiersgoldschmiede.com\/en\/wp-json\/wp\/v2\/product_cat?post=22604"},{"taxonomy":"product_tag","embeddable":true,"href":"https:\/\/maiersgoldschmiede.com\/en\/wp-json\/wp\/v2\/product_tag?post=22604"}],"curies":[{"name":"wp","href":"https:\/\/api.w.org\/{rel}","templated":true}]}}