{"id":22749,"date":"2026-01-25T18:49:03","date_gmt":"2026-01-25T17:49:03","guid":{"rendered":"https:\/\/maiersgoldschmiede.com\/?post_type=product&#038;p=22749"},"modified":"2026-02-20T16:32:46","modified_gmt":"2026-02-20T15:32:46","slug":"gecko-collier-mit-tanit-oder-suedseeperle","status":"publish","type":"product","link":"https:\/\/maiersgoldschmiede.com\/en\/shop\/gecko-collier-mit-tanit-oder-suedseeperle\/","title":{"rendered":"Gecko Collier mit Tanit oder S\u00fcdseeperle"},"content":{"rendered":"<p>Collier \u201eTanit\u201c \u2013 750 Gelbgold, handgefertigt<\/p>\n<p>Handgearbeitetes Collier aus 750 Gelbgold mit zwei Geckos im Mittelteil.<br \/>\nDie Geckos sind mit je zwei wei\u00dfen Brillanten als Augen besetzt.<\/p>\n<p>Dank Wechsel\u00f6se kann wahlweise die Ibiza-K\u00f6nigin Tanit mit zwei schwarzen Brillanten oder eine graue S\u00fcdseeperle getragen werden.<\/p>\n<p>Gewicht: zusammen 38 gr. 750 gelb Gold<\/p>\n<p>2 Geckos: L\u00e4nge: 22 mm, Breite: 8 mmm, je 2 wei\u00dfe Brillanten 004ct, si\/topwss, in den Augen!!<\/p>\n<p>Tanit: L\u00e4nge: 20 mm, Breite: 13 mm mit 2 schwarzen Brillanten 0,01ct<\/p>\n<p>S\u00fcdsee Perlen Trpofen: 12,5 mm Breite: 10 mm<\/p>\n","protected":false},"excerpt":{"rendered":"<p>Collier \u201eTanit\u201c \u2013 750 Gelbgold, handgefertigt Handgearbeitetes Collier aus 750 Gelbgold mit zwei Geckos im Mittelteil. Die Geckos sind mit je zwei wei\u00dfen Brillanten als Augen besetzt. Dank Wechsel\u00f6se kann wahlweise die Ibiza-K\u00f6nigin Tanit mit zwei schwarzen Brillanten oder eine graue S\u00fcdseeperle getragen werden. Gewicht: zusammen 38 gr. 750 gelb Gold 2 Geckos: L\u00e4nge: 22<\/p>\n","protected":false},"featured_media":22750,"template":"","meta":{"_exactmetrics_skip_tracking":false,"_exactmetrics_sitenote_active":false,"_exactmetrics_sitenote_note":"","_exactmetrics_sitenote_category":0},"product_brand":[],"product_cat":[254,229],"product_tag":[],"class_list":{"0":"post-22749","1":"product","2":"type-product","3":"status-publish","4":"has-post-thumbnail","6":"product_cat-unkategorisiert","7":"product_cat-neuheiten","9":"first","10":"instock","11":"taxable","12":"shipping-taxable","13":"purchasable","14":"product-type-simple","15":"prodpage-style3"},"yoast_head":"<!-- This site is optimized with the Yoast SEO plugin v26.1.1 - https:\/\/yoast.com\/wordpress\/plugins\/seo\/ -->\n<title>Gecko Collier mit Tanit oder S\u00fcdseeperle - Maiers Goldschmiede<\/title>\n<meta name=\"robots\" content=\"index, follow, max-snippet:-1, max-image-preview:large, max-video-preview:-1\" \/>\n<link rel=\"canonical\" href=\"https:\/\/maiersgoldschmiede.com\/shop\/gecko-collier-mit-tanit-oder-suedseeperle\/\" \/>\n<meta property=\"og:locale\" content=\"en_US\" \/>\n<meta property=\"og:type\" content=\"article\" \/>\n<meta property=\"og:title\" content=\"Gecko Collier mit Tanit oder S\u00fcdseeperle - Maiers Goldschmiede\" \/>\n<meta property=\"og:description\" content=\"Collier \u201eTanit\u201c \u2013 750 Gelbgold, handgefertigt Handgearbeitetes Collier aus 750 Gelbgold mit zwei Geckos im Mittelteil. Die Geckos sind mit je zwei wei\u00dfen Brillanten als Augen besetzt. Dank Wechsel\u00f6se kann wahlweise die Ibiza-K\u00f6nigin Tanit mit zwei schwarzen Brillanten oder eine graue S\u00fcdseeperle getragen werden. Gewicht: zusammen 38 gr. 750 gelb Gold 2 Geckos: L\u00e4nge: 22\" \/>\n<meta property=\"og:url\" content=\"https:\/\/maiersgoldschmiede.com\/shop\/gecko-collier-mit-tanit-oder-suedseeperle\/\" \/>\n<meta property=\"og:site_name\" content=\"Maiers Goldschmiede\" \/>\n<meta property=\"article:publisher\" content=\"https:\/\/www.facebook.com\/MaiersGoldschmiede\" \/>\n<meta property=\"article:modified_time\" content=\"2026-02-20T15:32:46+00:00\" \/>\n<meta property=\"og:image\" content=\"https:\/\/maiersgoldschmiede.com\/wp-content\/uploads\/2026\/01\/DSC_0002.jpg\" \/>\n\t<meta property=\"og:image:width\" content=\"1200\" \/>\n\t<meta property=\"og:image:height\" content=\"907\" \/>\n\t<meta property=\"og:image:type\" content=\"image\/jpeg\" \/>\n<meta name=\"twitter:card\" content=\"summary_large_image\" \/>\n<meta name=\"twitter:label1\" content=\"Est. reading time\" \/>\n\t<meta name=\"twitter:data1\" content=\"1 minute\" \/>\n<script type=\"application\/ld+json\" class=\"yoast-schema-graph\">{\"@context\":\"https:\/\/schema.org\",\"@graph\":[{\"@type\":\"WebPage\",\"@id\":\"https:\/\/maiersgoldschmiede.com\/shop\/gecko-collier-mit-tanit-oder-suedseeperle\/\",\"url\":\"https:\/\/maiersgoldschmiede.com\/shop\/gecko-collier-mit-tanit-oder-suedseeperle\/\",\"name\":\"Gecko Collier mit Tanit oder S\u00fcdseeperle - Maiers Goldschmiede\",\"isPartOf\":{\"@id\":\"https:\/\/maiersgoldschmiede.com\/es\/#website\"},\"primaryImageOfPage\":{\"@id\":\"https:\/\/maiersgoldschmiede.com\/shop\/gecko-collier-mit-tanit-oder-suedseeperle\/#primaryimage\"},\"image\":{\"@id\":\"https:\/\/maiersgoldschmiede.com\/shop\/gecko-collier-mit-tanit-oder-suedseeperle\/#primaryimage\"},\"thumbnailUrl\":\"https:\/\/maiersgoldschmiede.com\/wp-content\/uploads\/2026\/01\/DSC_0002.jpg\",\"datePublished\":\"2026-01-25T17:49:03+00:00\",\"dateModified\":\"2026-02-20T15:32:46+00:00\",\"breadcrumb\":{\"@id\":\"https:\/\/maiersgoldschmiede.com\/shop\/gecko-collier-mit-tanit-oder-suedseeperle\/#breadcrumb\"},\"inLanguage\":\"en-US\",\"potentialAction\":[{\"@type\":\"ReadAction\",\"target\":[\"https:\/\/maiersgoldschmiede.com\/shop\/gecko-collier-mit-tanit-oder-suedseeperle\/\"]}]},{\"@type\":\"ImageObject\",\"inLanguage\":\"en-US\",\"@id\":\"https:\/\/maiersgoldschmiede.com\/shop\/gecko-collier-mit-tanit-oder-suedseeperle\/#primaryimage\",\"url\":\"https:\/\/maiersgoldschmiede.com\/wp-content\/uploads\/2026\/01\/DSC_0002.jpg\",\"contentUrl\":\"https:\/\/maiersgoldschmiede.com\/wp-content\/uploads\/2026\/01\/DSC_0002.jpg\",\"width\":1200,\"height\":907,\"caption\":\"Gecko - Collier - Tanit - Perle.www.maiersgoldschmiede.com\"},{\"@type\":\"BreadcrumbList\",\"@id\":\"https:\/\/maiersgoldschmiede.com\/shop\/gecko-collier-mit-tanit-oder-suedseeperle\/#breadcrumb\",\"itemListElement\":[{\"@type\":\"ListItem\",\"position\":1,\"name\":\"Startseite\",\"item\":\"https:\/\/maiersgoldschmiede.com\/\"},{\"@type\":\"ListItem\",\"position\":2,\"name\":\"Maiers Goldsmith Shop\",\"item\":\"https:\/\/maiersgoldschmiede.com\/en\/maiers-goldsmith-shop\/\"},{\"@type\":\"ListItem\",\"position\":3,\"name\":\"Gecko Collier mit Tanit oder S\u00fcdseeperle\"}]},{\"@type\":\"WebSite\",\"@id\":\"https:\/\/maiersgoldschmiede.com\/es\/#website\",\"url\":\"https:\/\/maiersgoldschmiede.com\/es\/\",\"name\":\"Maiers Goldschmiede\",\"description\":\"Ibiza Goldschmied Werkstatt \u2013 Atelier\",\"publisher\":{\"@id\":\"https:\/\/maiersgoldschmiede.com\/es\/#organization\"},\"potentialAction\":[{\"@type\":\"SearchAction\",\"target\":{\"@type\":\"EntryPoint\",\"urlTemplate\":\"https:\/\/maiersgoldschmiede.com\/es\/?s={search_term_string}\"},\"query-input\":{\"@type\":\"PropertyValueSpecification\",\"valueRequired\":true,\"valueName\":\"search_term_string\"}}],\"inLanguage\":\"en-US\"},{\"@type\":\"Organization\",\"@id\":\"https:\/\/maiersgoldschmiede.com\/es\/#organization\",\"name\":\"Maiers Goldschmiede Ibiza\",\"url\":\"https:\/\/maiersgoldschmiede.com\/es\/\",\"logo\":{\"@type\":\"ImageObject\",\"inLanguage\":\"en-US\",\"@id\":\"https:\/\/maiersgoldschmiede.com\/es\/#\/schema\/logo\/image\/\",\"url\":\"https:\/\/maiersgoldschmiede.com\/wp-content\/uploads\/2017\/05\/logo2.png\",\"contentUrl\":\"https:\/\/maiersgoldschmiede.com\/wp-content\/uploads\/2017\/05\/logo2.png\",\"width\":150,\"height\":116,\"caption\":\"Maiers Goldschmiede Ibiza\"},\"image\":{\"@id\":\"https:\/\/maiersgoldschmiede.com\/es\/#\/schema\/logo\/image\/\"},\"sameAs\":[\"https:\/\/www.facebook.com\/MaiersGoldschmiede\",\"https:\/\/www.instagram.com\/maier.reinhard\"]}]}<\/script>\n<!-- \/ Yoast SEO plugin. -->","yoast_head_json":{"title":"Gecko Collier mit Tanit oder S\u00fcdseeperle - Maiers Goldschmiede","robots":{"index":"index","follow":"follow","max-snippet":"max-snippet:-1","max-image-preview":"max-image-preview:large","max-video-preview":"max-video-preview:-1"},"canonical":"https:\/\/maiersgoldschmiede.com\/shop\/gecko-collier-mit-tanit-oder-suedseeperle\/","og_locale":"en_US","og_type":"article","og_title":"Gecko Collier mit Tanit oder S\u00fcdseeperle - Maiers Goldschmiede","og_description":"Collier \u201eTanit\u201c \u2013 750 Gelbgold, handgefertigt Handgearbeitetes Collier aus 750 Gelbgold mit zwei Geckos im Mittelteil. Die Geckos sind mit je zwei wei\u00dfen Brillanten als Augen besetzt. Dank Wechsel\u00f6se kann wahlweise die Ibiza-K\u00f6nigin Tanit mit zwei schwarzen Brillanten oder eine graue S\u00fcdseeperle getragen werden. Gewicht: zusammen 38 gr. 750 gelb Gold 2 Geckos: L\u00e4nge: 22","og_url":"https:\/\/maiersgoldschmiede.com\/shop\/gecko-collier-mit-tanit-oder-suedseeperle\/","og_site_name":"Maiers Goldschmiede","article_publisher":"https:\/\/www.facebook.com\/MaiersGoldschmiede","article_modified_time":"2026-02-20T15:32:46+00:00","og_image":[{"width":1200,"height":907,"url":"https:\/\/maiersgoldschmiede.com\/wp-content\/uploads\/2026\/01\/DSC_0002.jpg","type":"image\/jpeg"}],"twitter_card":"summary_large_image","twitter_misc":{"Est. reading time":"1 minute"},"schema":{"@context":"https:\/\/schema.org","@graph":[{"@type":"WebPage","@id":"https:\/\/maiersgoldschmiede.com\/shop\/gecko-collier-mit-tanit-oder-suedseeperle\/","url":"https:\/\/maiersgoldschmiede.com\/shop\/gecko-collier-mit-tanit-oder-suedseeperle\/","name":"Gecko Collier mit Tanit oder S\u00fcdseeperle - Maiers Goldschmiede","isPartOf":{"@id":"https:\/\/maiersgoldschmiede.com\/es\/#website"},"primaryImageOfPage":{"@id":"https:\/\/maiersgoldschmiede.com\/shop\/gecko-collier-mit-tanit-oder-suedseeperle\/#primaryimage"},"image":{"@id":"https:\/\/maiersgoldschmiede.com\/shop\/gecko-collier-mit-tanit-oder-suedseeperle\/#primaryimage"},"thumbnailUrl":"https:\/\/maiersgoldschmiede.com\/wp-content\/uploads\/2026\/01\/DSC_0002.jpg","datePublished":"2026-01-25T17:49:03+00:00","dateModified":"2026-02-20T15:32:46+00:00","breadcrumb":{"@id":"https:\/\/maiersgoldschmiede.com\/shop\/gecko-collier-mit-tanit-oder-suedseeperle\/#breadcrumb"},"inLanguage":"en-US","potentialAction":[{"@type":"ReadAction","target":["https:\/\/maiersgoldschmiede.com\/shop\/gecko-collier-mit-tanit-oder-suedseeperle\/"]}]},{"@type":"ImageObject","inLanguage":"en-US","@id":"https:\/\/maiersgoldschmiede.com\/shop\/gecko-collier-mit-tanit-oder-suedseeperle\/#primaryimage","url":"https:\/\/maiersgoldschmiede.com\/wp-content\/uploads\/2026\/01\/DSC_0002.jpg","contentUrl":"https:\/\/maiersgoldschmiede.com\/wp-content\/uploads\/2026\/01\/DSC_0002.jpg","width":1200,"height":907,"caption":"Gecko - Collier - Tanit - Perle.www.maiersgoldschmiede.com"},{"@type":"BreadcrumbList","@id":"https:\/\/maiersgoldschmiede.com\/shop\/gecko-collier-mit-tanit-oder-suedseeperle\/#breadcrumb","itemListElement":[{"@type":"ListItem","position":1,"name":"Startseite","item":"https:\/\/maiersgoldschmiede.com\/"},{"@type":"ListItem","position":2,"name":"Maiers Goldsmith Shop","item":"https:\/\/maiersgoldschmiede.com\/en\/maiers-goldsmith-shop\/"},{"@type":"ListItem","position":3,"name":"Gecko Collier mit Tanit oder S\u00fcdseeperle"}]},{"@type":"WebSite","@id":"https:\/\/maiersgoldschmiede.com\/es\/#website","url":"https:\/\/maiersgoldschmiede.com\/es\/","name":"Maiers Goldschmiede","description":"Ibiza Goldschmied Werkstatt \u2013 Atelier","publisher":{"@id":"https:\/\/maiersgoldschmiede.com\/es\/#organization"},"potentialAction":[{"@type":"SearchAction","target":{"@type":"EntryPoint","urlTemplate":"https:\/\/maiersgoldschmiede.com\/es\/?s={search_term_string}"},"query-input":{"@type":"PropertyValueSpecification","valueRequired":true,"valueName":"search_term_string"}}],"inLanguage":"en-US"},{"@type":"Organization","@id":"https:\/\/maiersgoldschmiede.com\/es\/#organization","name":"Maiers Goldschmiede Ibiza","url":"https:\/\/maiersgoldschmiede.com\/es\/","logo":{"@type":"ImageObject","inLanguage":"en-US","@id":"https:\/\/maiersgoldschmiede.com\/es\/#\/schema\/logo\/image\/","url":"https:\/\/maiersgoldschmiede.com\/wp-content\/uploads\/2017\/05\/logo2.png","contentUrl":"https:\/\/maiersgoldschmiede.com\/wp-content\/uploads\/2017\/05\/logo2.png","width":150,"height":116,"caption":"Maiers Goldschmiede Ibiza"},"image":{"@id":"https:\/\/maiersgoldschmiede.com\/es\/#\/schema\/logo\/image\/"},"sameAs":["https:\/\/www.facebook.com\/MaiersGoldschmiede","https:\/\/www.instagram.com\/maier.reinhard"]}]}},"_links":{"self":[{"href":"https:\/\/maiersgoldschmiede.com\/en\/wp-json\/wp\/v2\/product\/22749","targetHints":{"allow":["GET"]}}],"collection":[{"href":"https:\/\/maiersgoldschmiede.com\/en\/wp-json\/wp\/v2\/product"}],"about":[{"href":"https:\/\/maiersgoldschmiede.com\/en\/wp-json\/wp\/v2\/types\/product"}],"wp:featuredmedia":[{"embeddable":true,"href":"https:\/\/maiersgoldschmiede.com\/en\/wp-json\/wp\/v2\/media\/22750"}],"wp:attachment":[{"href":"https:\/\/maiersgoldschmiede.com\/en\/wp-json\/wp\/v2\/media?parent=22749"}],"wp:term":[{"taxonomy":"product_brand","embeddable":true,"href":"https:\/\/maiersgoldschmiede.com\/en\/wp-json\/wp\/v2\/product_brand?post=22749"},{"taxonomy":"product_cat","embeddable":true,"href":"https:\/\/maiersgoldschmiede.com\/en\/wp-json\/wp\/v2\/product_cat?post=22749"},{"taxonomy":"product_tag","embeddable":true,"href":"https:\/\/maiersgoldschmiede.com\/en\/wp-json\/wp\/v2\/product_tag?post=22749"}],"curies":[{"name":"wp","href":"https:\/\/api.w.org\/{rel}","templated":true}]}}