{"id":22838,"date":"2026-03-15T13:07:27","date_gmt":"2026-03-15T12:07:27","guid":{"rendered":"https:\/\/maiersgoldschmiede.com\/?post_type=product&#038;p=22838"},"modified":"2026-03-15T13:29:38","modified_gmt":"2026-03-15T12:29:38","slug":"gecko-auf-opalisierendem-gestein-anhaenger-unikat","status":"publish","type":"product","link":"https:\/\/maiersgoldschmiede.com\/en\/shop\/gecko-auf-opalisierendem-gestein-anhaenger-unikat\/","title":{"rendered":"Gecko auf Opalisierendem Gestein &#8211; Anh\u00e4nger  &#8211; UNIKAT"},"content":{"rendered":"<p>Dieser einzigartige Gecko-Anh\u00e4nger zeigt das bekannte Wahrzeichen von Ibiza in einer eleganten und kraftvollen Darstellung. Der Gecko, Symbol f\u00fcr Gl\u00fcck, Schutz und mediterranes Lebensgef\u00fchl, sitzt auf einem wundersch\u00f6nen, warm leuchtenden Bernstein.<\/p>\n<p>Gefertigt aus 925 Sterling Silber und hochwertig gearbeitet, wird der Gecko durch zwei funkelnde Brillanten in den Augen veredelt. Ein kunstvoll gestalteter Silberrahmen fasst den\u00a0 Opalisierendem Gestein ein und verleiht dem Anh\u00e4nger eine edle, harmonische Form.<\/p>\n<p>Produktdetails<br \/>\n\u2022 Motiv: Gecko \u2013 Wahrzeichen von Ibiza<br \/>\n\u2022 Material: 925 Sterling Silber L\u00e4nge: 41 mm mit Scharnier, Breite: 29 mm, H\u00f6he: 14 mm!<\/p>\n<p>Gewicht: 31 Gramm.<\/p>\n<p>Opal Stein: L\u00e4nge: 36 mm, Breite: 26 mm, H\u00f6he 23 mm,<\/p>\n<p>Gecko: 925 Silber, L\u00e4nge: 21 mm, Breite : 8 mm.<\/p>\n<p>mit 2 Brillianten schwarz in den Augen; zusammen 0,03 ct,<\/p>\n<p>&nbsp;<\/p>\n<p><span style=\"color: #ff0000;\">Ohne Collier!<\/span><\/p>\n<p><span style=\"color: #ff0000;\">Auf Anfrage!<\/span><\/p>\n<p>&nbsp;<\/p>\n<p>&nbsp;<\/p>\n<p>&nbsp;<\/p>\n","protected":false},"excerpt":{"rendered":"<p>Dieser einzigartige Gecko-Anh\u00e4nger zeigt das bekannte Wahrzeichen von Ibiza in einer eleganten und kraftvollen Darstellung. Der Gecko, Symbol f\u00fcr Gl\u00fcck, Schutz und mediterranes Lebensgef\u00fchl, sitzt auf einem wundersch\u00f6nen, warm leuchtenden Bernstein. Gefertigt aus 925 Sterling Silber und hochwertig gearbeitet, wird der Gecko durch zwei funkelnde Brillanten in den Augen veredelt. Ein kunstvoll gestalteter Silberrahmen fasst<\/p>\n","protected":false},"featured_media":22855,"template":"","meta":{"_exactmetrics_skip_tracking":false,"_exactmetrics_sitenote_active":false,"_exactmetrics_sitenote_note":"","_exactmetrics_sitenote_category":0},"product_brand":[],"product_cat":[508,54,516,547,229,512,576,215,112],"product_tag":[63,171,64,147],"class_list":{"0":"post-22838","1":"product","2":"type-product","3":"status-publish","4":"has-post-thumbnail","6":"product_cat-damenschmuck","7":"product_cat-gecko-collection","8":"product_cat-halsketten-colliers","9":"product_cat-ibiza-collection","10":"product_cat-neuheiten","11":"product_cat-schmuck","12":"product_cat-silber","13":"product_cat-tier-collection","14":"product_cat-unikate","15":"product_tag-anhaenger","16":"product_tag-boulderopal","17":"product_tag-gecko","18":"product_tag-silber","20":"first","21":"instock","22":"taxable","23":"shipping-taxable","24":"purchasable","25":"product-type-simple","26":"prodpage-style3"},"yoast_head":"<!-- This site is optimized with the Yoast SEO plugin v26.1.1 - https:\/\/yoast.com\/wordpress\/plugins\/seo\/ -->\n<title>Gecko auf Opalisierendem Gestein - Anh\u00e4nger - UNIKAT - Maiers Goldschmiede<\/title>\n<meta name=\"robots\" content=\"index, follow, max-snippet:-1, max-image-preview:large, max-video-preview:-1\" \/>\n<link rel=\"canonical\" href=\"https:\/\/maiersgoldschmiede.com\/shop\/gecko-auf-opalisierendem-gestein-anhaenger-unikat\/\" \/>\n<meta property=\"og:locale\" content=\"en_US\" \/>\n<meta property=\"og:type\" content=\"article\" \/>\n<meta property=\"og:title\" content=\"Gecko auf Opalisierendem Gestein - Anh\u00e4nger - UNIKAT - Maiers Goldschmiede\" \/>\n<meta property=\"og:description\" content=\"Dieser einzigartige Gecko-Anh\u00e4nger zeigt das bekannte Wahrzeichen von Ibiza in einer eleganten und kraftvollen Darstellung. Der Gecko, Symbol f\u00fcr Gl\u00fcck, Schutz und mediterranes Lebensgef\u00fchl, sitzt auf einem wundersch\u00f6nen, warm leuchtenden Bernstein. Gefertigt aus 925 Sterling Silber und hochwertig gearbeitet, wird der Gecko durch zwei funkelnde Brillanten in den Augen veredelt. Ein kunstvoll gestalteter Silberrahmen fasst\" \/>\n<meta property=\"og:url\" content=\"https:\/\/maiersgoldschmiede.com\/shop\/gecko-auf-opalisierendem-gestein-anhaenger-unikat\/\" \/>\n<meta property=\"og:site_name\" content=\"Maiers Goldschmiede\" \/>\n<meta property=\"article:publisher\" content=\"https:\/\/www.facebook.com\/MaiersGoldschmiede\" \/>\n<meta property=\"article:modified_time\" content=\"2026-03-15T12:29:38+00:00\" \/>\n<meta property=\"og:image\" content=\"https:\/\/maiersgoldschmiede.com\/wp-content\/uploads\/2026\/03\/DSC_0002-1.jpg\" \/>\n\t<meta property=\"og:image:width\" content=\"1200\" \/>\n\t<meta property=\"og:image:height\" content=\"1135\" \/>\n\t<meta property=\"og:image:type\" content=\"image\/jpeg\" \/>\n<meta name=\"twitter:card\" content=\"summary_large_image\" \/>\n<meta name=\"twitter:label1\" content=\"Est. reading time\" \/>\n\t<meta name=\"twitter:data1\" content=\"1 minute\" \/>\n<script type=\"application\/ld+json\" class=\"yoast-schema-graph\">{\"@context\":\"https:\/\/schema.org\",\"@graph\":[{\"@type\":\"WebPage\",\"@id\":\"https:\/\/maiersgoldschmiede.com\/shop\/gecko-auf-opalisierendem-gestein-anhaenger-unikat\/\",\"url\":\"https:\/\/maiersgoldschmiede.com\/shop\/gecko-auf-opalisierendem-gestein-anhaenger-unikat\/\",\"name\":\"Gecko auf Opalisierendem Gestein - Anh\u00e4nger - UNIKAT - Maiers Goldschmiede\",\"isPartOf\":{\"@id\":\"https:\/\/maiersgoldschmiede.com\/es\/#website\"},\"primaryImageOfPage\":{\"@id\":\"https:\/\/maiersgoldschmiede.com\/shop\/gecko-auf-opalisierendem-gestein-anhaenger-unikat\/#primaryimage\"},\"image\":{\"@id\":\"https:\/\/maiersgoldschmiede.com\/shop\/gecko-auf-opalisierendem-gestein-anhaenger-unikat\/#primaryimage\"},\"thumbnailUrl\":\"https:\/\/maiersgoldschmiede.com\/wp-content\/uploads\/2026\/03\/DSC_0002-1.jpg\",\"datePublished\":\"2026-03-15T12:07:27+00:00\",\"dateModified\":\"2026-03-15T12:29:38+00:00\",\"breadcrumb\":{\"@id\":\"https:\/\/maiersgoldschmiede.com\/shop\/gecko-auf-opalisierendem-gestein-anhaenger-unikat\/#breadcrumb\"},\"inLanguage\":\"en-US\",\"potentialAction\":[{\"@type\":\"ReadAction\",\"target\":[\"https:\/\/maiersgoldschmiede.com\/shop\/gecko-auf-opalisierendem-gestein-anhaenger-unikat\/\"]}]},{\"@type\":\"ImageObject\",\"inLanguage\":\"en-US\",\"@id\":\"https:\/\/maiersgoldschmiede.com\/shop\/gecko-auf-opalisierendem-gestein-anhaenger-unikat\/#primaryimage\",\"url\":\"https:\/\/maiersgoldschmiede.com\/wp-content\/uploads\/2026\/03\/DSC_0002-1.jpg\",\"contentUrl\":\"https:\/\/maiersgoldschmiede.com\/wp-content\/uploads\/2026\/03\/DSC_0002-1.jpg\",\"width\":1200,\"height\":1135,\"caption\":\"Gecko auf Opal - Anh\u00e4nger.maiersgolodschmiede.com\"},{\"@type\":\"BreadcrumbList\",\"@id\":\"https:\/\/maiersgoldschmiede.com\/shop\/gecko-auf-opalisierendem-gestein-anhaenger-unikat\/#breadcrumb\",\"itemListElement\":[{\"@type\":\"ListItem\",\"position\":1,\"name\":\"Startseite\",\"item\":\"https:\/\/maiersgoldschmiede.com\/\"},{\"@type\":\"ListItem\",\"position\":2,\"name\":\"Maiers Goldsmith Shop\",\"item\":\"https:\/\/maiersgoldschmiede.com\/en\/maiers-goldsmith-shop\/\"},{\"@type\":\"ListItem\",\"position\":3,\"name\":\"Gecko auf Opalisierendem Gestein &#8211; Anh\u00e4nger &#8211; UNIKAT\"}]},{\"@type\":\"WebSite\",\"@id\":\"https:\/\/maiersgoldschmiede.com\/es\/#website\",\"url\":\"https:\/\/maiersgoldschmiede.com\/es\/\",\"name\":\"Maiers Goldschmiede\",\"description\":\"Ibiza Goldschmied Werkstatt \u2013 Atelier\",\"publisher\":{\"@id\":\"https:\/\/maiersgoldschmiede.com\/es\/#organization\"},\"potentialAction\":[{\"@type\":\"SearchAction\",\"target\":{\"@type\":\"EntryPoint\",\"urlTemplate\":\"https:\/\/maiersgoldschmiede.com\/es\/?s={search_term_string}\"},\"query-input\":{\"@type\":\"PropertyValueSpecification\",\"valueRequired\":true,\"valueName\":\"search_term_string\"}}],\"inLanguage\":\"en-US\"},{\"@type\":\"Organization\",\"@id\":\"https:\/\/maiersgoldschmiede.com\/es\/#organization\",\"name\":\"Maiers Goldschmiede Ibiza\",\"url\":\"https:\/\/maiersgoldschmiede.com\/es\/\",\"logo\":{\"@type\":\"ImageObject\",\"inLanguage\":\"en-US\",\"@id\":\"https:\/\/maiersgoldschmiede.com\/es\/#\/schema\/logo\/image\/\",\"url\":\"https:\/\/maiersgoldschmiede.com\/wp-content\/uploads\/2017\/05\/logo2.png\",\"contentUrl\":\"https:\/\/maiersgoldschmiede.com\/wp-content\/uploads\/2017\/05\/logo2.png\",\"width\":150,\"height\":116,\"caption\":\"Maiers Goldschmiede Ibiza\"},\"image\":{\"@id\":\"https:\/\/maiersgoldschmiede.com\/es\/#\/schema\/logo\/image\/\"},\"sameAs\":[\"https:\/\/www.facebook.com\/MaiersGoldschmiede\",\"https:\/\/www.instagram.com\/maier.reinhard\"]}]}<\/script>\n<!-- \/ Yoast SEO plugin. -->","yoast_head_json":{"title":"Gecko auf Opalisierendem Gestein - Anh\u00e4nger - UNIKAT - Maiers Goldschmiede","robots":{"index":"index","follow":"follow","max-snippet":"max-snippet:-1","max-image-preview":"max-image-preview:large","max-video-preview":"max-video-preview:-1"},"canonical":"https:\/\/maiersgoldschmiede.com\/shop\/gecko-auf-opalisierendem-gestein-anhaenger-unikat\/","og_locale":"en_US","og_type":"article","og_title":"Gecko auf Opalisierendem Gestein - Anh\u00e4nger - UNIKAT - Maiers Goldschmiede","og_description":"Dieser einzigartige Gecko-Anh\u00e4nger zeigt das bekannte Wahrzeichen von Ibiza in einer eleganten und kraftvollen Darstellung. Der Gecko, Symbol f\u00fcr Gl\u00fcck, Schutz und mediterranes Lebensgef\u00fchl, sitzt auf einem wundersch\u00f6nen, warm leuchtenden Bernstein. Gefertigt aus 925 Sterling Silber und hochwertig gearbeitet, wird der Gecko durch zwei funkelnde Brillanten in den Augen veredelt. Ein kunstvoll gestalteter Silberrahmen fasst","og_url":"https:\/\/maiersgoldschmiede.com\/shop\/gecko-auf-opalisierendem-gestein-anhaenger-unikat\/","og_site_name":"Maiers Goldschmiede","article_publisher":"https:\/\/www.facebook.com\/MaiersGoldschmiede","article_modified_time":"2026-03-15T12:29:38+00:00","og_image":[{"width":1200,"height":1135,"url":"https:\/\/maiersgoldschmiede.com\/wp-content\/uploads\/2026\/03\/DSC_0002-1.jpg","type":"image\/jpeg"}],"twitter_card":"summary_large_image","twitter_misc":{"Est. reading time":"1 minute"},"schema":{"@context":"https:\/\/schema.org","@graph":[{"@type":"WebPage","@id":"https:\/\/maiersgoldschmiede.com\/shop\/gecko-auf-opalisierendem-gestein-anhaenger-unikat\/","url":"https:\/\/maiersgoldschmiede.com\/shop\/gecko-auf-opalisierendem-gestein-anhaenger-unikat\/","name":"Gecko auf Opalisierendem Gestein - Anh\u00e4nger - UNIKAT - Maiers Goldschmiede","isPartOf":{"@id":"https:\/\/maiersgoldschmiede.com\/es\/#website"},"primaryImageOfPage":{"@id":"https:\/\/maiersgoldschmiede.com\/shop\/gecko-auf-opalisierendem-gestein-anhaenger-unikat\/#primaryimage"},"image":{"@id":"https:\/\/maiersgoldschmiede.com\/shop\/gecko-auf-opalisierendem-gestein-anhaenger-unikat\/#primaryimage"},"thumbnailUrl":"https:\/\/maiersgoldschmiede.com\/wp-content\/uploads\/2026\/03\/DSC_0002-1.jpg","datePublished":"2026-03-15T12:07:27+00:00","dateModified":"2026-03-15T12:29:38+00:00","breadcrumb":{"@id":"https:\/\/maiersgoldschmiede.com\/shop\/gecko-auf-opalisierendem-gestein-anhaenger-unikat\/#breadcrumb"},"inLanguage":"en-US","potentialAction":[{"@type":"ReadAction","target":["https:\/\/maiersgoldschmiede.com\/shop\/gecko-auf-opalisierendem-gestein-anhaenger-unikat\/"]}]},{"@type":"ImageObject","inLanguage":"en-US","@id":"https:\/\/maiersgoldschmiede.com\/shop\/gecko-auf-opalisierendem-gestein-anhaenger-unikat\/#primaryimage","url":"https:\/\/maiersgoldschmiede.com\/wp-content\/uploads\/2026\/03\/DSC_0002-1.jpg","contentUrl":"https:\/\/maiersgoldschmiede.com\/wp-content\/uploads\/2026\/03\/DSC_0002-1.jpg","width":1200,"height":1135,"caption":"Gecko auf Opal - Anh\u00e4nger.maiersgolodschmiede.com"},{"@type":"BreadcrumbList","@id":"https:\/\/maiersgoldschmiede.com\/shop\/gecko-auf-opalisierendem-gestein-anhaenger-unikat\/#breadcrumb","itemListElement":[{"@type":"ListItem","position":1,"name":"Startseite","item":"https:\/\/maiersgoldschmiede.com\/"},{"@type":"ListItem","position":2,"name":"Maiers Goldsmith Shop","item":"https:\/\/maiersgoldschmiede.com\/en\/maiers-goldsmith-shop\/"},{"@type":"ListItem","position":3,"name":"Gecko auf Opalisierendem Gestein &#8211; Anh\u00e4nger &#8211; UNIKAT"}]},{"@type":"WebSite","@id":"https:\/\/maiersgoldschmiede.com\/es\/#website","url":"https:\/\/maiersgoldschmiede.com\/es\/","name":"Maiers Goldschmiede","description":"Ibiza Goldschmied Werkstatt \u2013 Atelier","publisher":{"@id":"https:\/\/maiersgoldschmiede.com\/es\/#organization"},"potentialAction":[{"@type":"SearchAction","target":{"@type":"EntryPoint","urlTemplate":"https:\/\/maiersgoldschmiede.com\/es\/?s={search_term_string}"},"query-input":{"@type":"PropertyValueSpecification","valueRequired":true,"valueName":"search_term_string"}}],"inLanguage":"en-US"},{"@type":"Organization","@id":"https:\/\/maiersgoldschmiede.com\/es\/#organization","name":"Maiers Goldschmiede Ibiza","url":"https:\/\/maiersgoldschmiede.com\/es\/","logo":{"@type":"ImageObject","inLanguage":"en-US","@id":"https:\/\/maiersgoldschmiede.com\/es\/#\/schema\/logo\/image\/","url":"https:\/\/maiersgoldschmiede.com\/wp-content\/uploads\/2017\/05\/logo2.png","contentUrl":"https:\/\/maiersgoldschmiede.com\/wp-content\/uploads\/2017\/05\/logo2.png","width":150,"height":116,"caption":"Maiers Goldschmiede Ibiza"},"image":{"@id":"https:\/\/maiersgoldschmiede.com\/es\/#\/schema\/logo\/image\/"},"sameAs":["https:\/\/www.facebook.com\/MaiersGoldschmiede","https:\/\/www.instagram.com\/maier.reinhard"]}]}},"_links":{"self":[{"href":"https:\/\/maiersgoldschmiede.com\/en\/wp-json\/wp\/v2\/product\/22838","targetHints":{"allow":["GET"]}}],"collection":[{"href":"https:\/\/maiersgoldschmiede.com\/en\/wp-json\/wp\/v2\/product"}],"about":[{"href":"https:\/\/maiersgoldschmiede.com\/en\/wp-json\/wp\/v2\/types\/product"}],"wp:featuredmedia":[{"embeddable":true,"href":"https:\/\/maiersgoldschmiede.com\/en\/wp-json\/wp\/v2\/media\/22855"}],"wp:attachment":[{"href":"https:\/\/maiersgoldschmiede.com\/en\/wp-json\/wp\/v2\/media?parent=22838"}],"wp:term":[{"taxonomy":"product_brand","embeddable":true,"href":"https:\/\/maiersgoldschmiede.com\/en\/wp-json\/wp\/v2\/product_brand?post=22838"},{"taxonomy":"product_cat","embeddable":true,"href":"https:\/\/maiersgoldschmiede.com\/en\/wp-json\/wp\/v2\/product_cat?post=22838"},{"taxonomy":"product_tag","embeddable":true,"href":"https:\/\/maiersgoldschmiede.com\/en\/wp-json\/wp\/v2\/product_tag?post=22838"}],"curies":[{"name":"wp","href":"https:\/\/api.w.org\/{rel}","templated":true}]}}