{"id":22896,"date":"2026-03-18T17:43:16","date_gmt":"2026-03-18T16:43:16","guid":{"rendered":"https:\/\/maiersgoldschmiede.com\/?post_type=product&#038;p=22896"},"modified":"2026-03-18T18:02:23","modified_gmt":"2026-03-18T17:02:23","slug":"kirschen-anhaenger","status":"publish","type":"product","link":"https:\/\/maiersgoldschmiede.com\/en\/shop\/kirschen-anhaenger\/","title":{"rendered":"Kirschen &#8211; Anh\u00e4nger"},"content":{"rendered":"<p>Die Kirschen Ibizas<br \/>\nHandgefertigter Anh\u00e4nger aus 925 Sterling Silber mit beweglichen Kirschen im Mittelpunkt.<br \/>\nDer warm schimmernde, goldene Expoxidhartz-Untergrund erinnert an die Sonne Ibizas und bringt das Silber wundersch\u00f6n zum Leuchten.<br \/>\nEin Schmuckst\u00fcck voller Lebensfreude, Leichtigkeit und mediterraner Inspiration.<\/p>\n<p>925 Sterling Silber, Gewicht 20 Gramm.<\/p>\n<p>Kirschen mit \u00d6se und Blatt, L\u00e4nge: 25 mm, Breite: 18 mm.<\/p>\n<p>Anh\u00e4nger, L\u00e4nge \u00fcber alles: 54 mm, Breite: 25 mm, H\u00f6he: 12 mm<\/p>\n<p>Perle: 3,2 mm,<\/p>\n<p><span style=\"color: #ff0000;\">ohne Collier!<\/span><\/p>\n<p>&nbsp;<\/p>\n<p>Ein besonderer Blickfang \u2013 inspiriert vom lebendigen Ibiza-Lifestyle.<\/p>\n","protected":false},"excerpt":{"rendered":"<p>Die Kirschen Ibizas Handgefertigter Anh\u00e4nger aus 925 Sterling Silber mit beweglichen Kirschen im Mittelpunkt. Der warm schimmernde, goldene Expoxidhartz-Untergrund erinnert an die Sonne Ibizas und bringt das Silber wundersch\u00f6n zum Leuchten. Ein Schmuckst\u00fcck voller Lebensfreude, Leichtigkeit und mediterraner Inspiration. 925 Sterling Silber, Gewicht 20 Gramm. Kirschen mit \u00d6se und Blatt, L\u00e4nge: 25 mm, Breite: 18<\/p>\n","protected":false},"featured_media":22903,"template":"","meta":{"_exactmetrics_skip_tracking":false,"_exactmetrics_sitenote_active":false,"_exactmetrics_sitenote_note":"","_exactmetrics_sitenote_category":0},"product_brand":[],"product_cat":[985,508,516,547,229,512,576,112,17],"product_tag":[63,1196,147],"class_list":{"0":"post-22896","1":"product","2":"type-product","3":"status-publish","4":"has-post-thumbnail","6":"product_cat-design-collection-en","7":"product_cat-damenschmuck","8":"product_cat-halsketten-colliers","9":"product_cat-ibiza-collection","10":"product_cat-neuheiten","11":"product_cat-schmuck","12":"product_cat-silber","13":"product_cat-unikate","14":"product_cat-3d-collection","15":"product_tag-anhaenger","16":"product_tag-kirschen","17":"product_tag-silber","19":"first","20":"instock","21":"taxable","22":"shipping-taxable","23":"purchasable","24":"product-type-simple","25":"prodpage-style3"},"yoast_head":"<!-- This site is optimized with the Yoast SEO plugin v26.1.1 - https:\/\/yoast.com\/wordpress\/plugins\/seo\/ -->\n<title>Kirschen - Anh\u00e4nger - Maiers Goldschmiede<\/title>\n<meta name=\"robots\" content=\"index, follow, max-snippet:-1, max-image-preview:large, max-video-preview:-1\" \/>\n<link rel=\"canonical\" href=\"https:\/\/maiersgoldschmiede.com\/shop\/kirschen-anhaenger\/\" \/>\n<meta property=\"og:locale\" content=\"en_US\" \/>\n<meta property=\"og:type\" content=\"article\" \/>\n<meta property=\"og:title\" content=\"Kirschen - Anh\u00e4nger - Maiers Goldschmiede\" \/>\n<meta property=\"og:description\" content=\"Die Kirschen Ibizas Handgefertigter Anh\u00e4nger aus 925 Sterling Silber mit beweglichen Kirschen im Mittelpunkt. Der warm schimmernde, goldene Expoxidhartz-Untergrund erinnert an die Sonne Ibizas und bringt das Silber wundersch\u00f6n zum Leuchten. Ein Schmuckst\u00fcck voller Lebensfreude, Leichtigkeit und mediterraner Inspiration. 925 Sterling Silber, Gewicht 20 Gramm. Kirschen mit \u00d6se und Blatt, L\u00e4nge: 25 mm, Breite: 18\" \/>\n<meta property=\"og:url\" content=\"https:\/\/maiersgoldschmiede.com\/shop\/kirschen-anhaenger\/\" \/>\n<meta property=\"og:site_name\" content=\"Maiers Goldschmiede\" \/>\n<meta property=\"article:publisher\" content=\"https:\/\/www.facebook.com\/MaiersGoldschmiede\" \/>\n<meta property=\"article:modified_time\" content=\"2026-03-18T17:02:23+00:00\" \/>\n<meta property=\"og:image\" content=\"https:\/\/maiersgoldschmiede.com\/wp-content\/uploads\/2026\/03\/DSC_0007-1.jpg\" \/>\n\t<meta property=\"og:image:width\" content=\"885\" \/>\n\t<meta property=\"og:image:height\" content=\"1200\" \/>\n\t<meta property=\"og:image:type\" content=\"image\/jpeg\" \/>\n<meta name=\"twitter:card\" content=\"summary_large_image\" \/>\n<meta name=\"twitter:label1\" content=\"Est. reading time\" \/>\n\t<meta name=\"twitter:data1\" content=\"1 minute\" \/>\n<script type=\"application\/ld+json\" class=\"yoast-schema-graph\">{\"@context\":\"https:\/\/schema.org\",\"@graph\":[{\"@type\":\"WebPage\",\"@id\":\"https:\/\/maiersgoldschmiede.com\/shop\/kirschen-anhaenger\/\",\"url\":\"https:\/\/maiersgoldschmiede.com\/shop\/kirschen-anhaenger\/\",\"name\":\"Kirschen - Anh\u00e4nger - Maiers Goldschmiede\",\"isPartOf\":{\"@id\":\"https:\/\/maiersgoldschmiede.com\/es\/#website\"},\"primaryImageOfPage\":{\"@id\":\"https:\/\/maiersgoldschmiede.com\/shop\/kirschen-anhaenger\/#primaryimage\"},\"image\":{\"@id\":\"https:\/\/maiersgoldschmiede.com\/shop\/kirschen-anhaenger\/#primaryimage\"},\"thumbnailUrl\":\"https:\/\/maiersgoldschmiede.com\/wp-content\/uploads\/2026\/03\/DSC_0007-1.jpg\",\"datePublished\":\"2026-03-18T16:43:16+00:00\",\"dateModified\":\"2026-03-18T17:02:23+00:00\",\"breadcrumb\":{\"@id\":\"https:\/\/maiersgoldschmiede.com\/shop\/kirschen-anhaenger\/#breadcrumb\"},\"inLanguage\":\"en-US\",\"potentialAction\":[{\"@type\":\"ReadAction\",\"target\":[\"https:\/\/maiersgoldschmiede.com\/shop\/kirschen-anhaenger\/\"]}]},{\"@type\":\"ImageObject\",\"inLanguage\":\"en-US\",\"@id\":\"https:\/\/maiersgoldschmiede.com\/shop\/kirschen-anhaenger\/#primaryimage\",\"url\":\"https:\/\/maiersgoldschmiede.com\/wp-content\/uploads\/2026\/03\/DSC_0007-1.jpg\",\"contentUrl\":\"https:\/\/maiersgoldschmiede.com\/wp-content\/uploads\/2026\/03\/DSC_0007-1.jpg\",\"width\":885,\"height\":1200,\"caption\":\"Kirschen Anh\u00e4nger.www.maiersgolodschmiede.com\"},{\"@type\":\"BreadcrumbList\",\"@id\":\"https:\/\/maiersgoldschmiede.com\/shop\/kirschen-anhaenger\/#breadcrumb\",\"itemListElement\":[{\"@type\":\"ListItem\",\"position\":1,\"name\":\"Startseite\",\"item\":\"https:\/\/maiersgoldschmiede.com\/\"},{\"@type\":\"ListItem\",\"position\":2,\"name\":\"Maiers Goldsmith Shop\",\"item\":\"https:\/\/maiersgoldschmiede.com\/en\/maiers-goldsmith-shop\/\"},{\"@type\":\"ListItem\",\"position\":3,\"name\":\"Kirschen &#8211; Anh\u00e4nger\"}]},{\"@type\":\"WebSite\",\"@id\":\"https:\/\/maiersgoldschmiede.com\/es\/#website\",\"url\":\"https:\/\/maiersgoldschmiede.com\/es\/\",\"name\":\"Maiers Goldschmiede\",\"description\":\"Ibiza Goldschmied Werkstatt \u2013 Atelier\",\"publisher\":{\"@id\":\"https:\/\/maiersgoldschmiede.com\/es\/#organization\"},\"potentialAction\":[{\"@type\":\"SearchAction\",\"target\":{\"@type\":\"EntryPoint\",\"urlTemplate\":\"https:\/\/maiersgoldschmiede.com\/es\/?s={search_term_string}\"},\"query-input\":{\"@type\":\"PropertyValueSpecification\",\"valueRequired\":true,\"valueName\":\"search_term_string\"}}],\"inLanguage\":\"en-US\"},{\"@type\":\"Organization\",\"@id\":\"https:\/\/maiersgoldschmiede.com\/es\/#organization\",\"name\":\"Maiers Goldschmiede Ibiza\",\"url\":\"https:\/\/maiersgoldschmiede.com\/es\/\",\"logo\":{\"@type\":\"ImageObject\",\"inLanguage\":\"en-US\",\"@id\":\"https:\/\/maiersgoldschmiede.com\/es\/#\/schema\/logo\/image\/\",\"url\":\"https:\/\/maiersgoldschmiede.com\/wp-content\/uploads\/2017\/05\/logo2.png\",\"contentUrl\":\"https:\/\/maiersgoldschmiede.com\/wp-content\/uploads\/2017\/05\/logo2.png\",\"width\":150,\"height\":116,\"caption\":\"Maiers Goldschmiede Ibiza\"},\"image\":{\"@id\":\"https:\/\/maiersgoldschmiede.com\/es\/#\/schema\/logo\/image\/\"},\"sameAs\":[\"https:\/\/www.facebook.com\/MaiersGoldschmiede\",\"https:\/\/www.instagram.com\/maier.reinhard\"]}]}<\/script>\n<!-- \/ Yoast SEO plugin. -->","yoast_head_json":{"title":"Kirschen - Anh\u00e4nger - Maiers Goldschmiede","robots":{"index":"index","follow":"follow","max-snippet":"max-snippet:-1","max-image-preview":"max-image-preview:large","max-video-preview":"max-video-preview:-1"},"canonical":"https:\/\/maiersgoldschmiede.com\/shop\/kirschen-anhaenger\/","og_locale":"en_US","og_type":"article","og_title":"Kirschen - Anh\u00e4nger - Maiers Goldschmiede","og_description":"Die Kirschen Ibizas Handgefertigter Anh\u00e4nger aus 925 Sterling Silber mit beweglichen Kirschen im Mittelpunkt. Der warm schimmernde, goldene Expoxidhartz-Untergrund erinnert an die Sonne Ibizas und bringt das Silber wundersch\u00f6n zum Leuchten. Ein Schmuckst\u00fcck voller Lebensfreude, Leichtigkeit und mediterraner Inspiration. 925 Sterling Silber, Gewicht 20 Gramm. Kirschen mit \u00d6se und Blatt, L\u00e4nge: 25 mm, Breite: 18","og_url":"https:\/\/maiersgoldschmiede.com\/shop\/kirschen-anhaenger\/","og_site_name":"Maiers Goldschmiede","article_publisher":"https:\/\/www.facebook.com\/MaiersGoldschmiede","article_modified_time":"2026-03-18T17:02:23+00:00","og_image":[{"width":885,"height":1200,"url":"https:\/\/maiersgoldschmiede.com\/wp-content\/uploads\/2026\/03\/DSC_0007-1.jpg","type":"image\/jpeg"}],"twitter_card":"summary_large_image","twitter_misc":{"Est. reading time":"1 minute"},"schema":{"@context":"https:\/\/schema.org","@graph":[{"@type":"WebPage","@id":"https:\/\/maiersgoldschmiede.com\/shop\/kirschen-anhaenger\/","url":"https:\/\/maiersgoldschmiede.com\/shop\/kirschen-anhaenger\/","name":"Kirschen - Anh\u00e4nger - Maiers Goldschmiede","isPartOf":{"@id":"https:\/\/maiersgoldschmiede.com\/es\/#website"},"primaryImageOfPage":{"@id":"https:\/\/maiersgoldschmiede.com\/shop\/kirschen-anhaenger\/#primaryimage"},"image":{"@id":"https:\/\/maiersgoldschmiede.com\/shop\/kirschen-anhaenger\/#primaryimage"},"thumbnailUrl":"https:\/\/maiersgoldschmiede.com\/wp-content\/uploads\/2026\/03\/DSC_0007-1.jpg","datePublished":"2026-03-18T16:43:16+00:00","dateModified":"2026-03-18T17:02:23+00:00","breadcrumb":{"@id":"https:\/\/maiersgoldschmiede.com\/shop\/kirschen-anhaenger\/#breadcrumb"},"inLanguage":"en-US","potentialAction":[{"@type":"ReadAction","target":["https:\/\/maiersgoldschmiede.com\/shop\/kirschen-anhaenger\/"]}]},{"@type":"ImageObject","inLanguage":"en-US","@id":"https:\/\/maiersgoldschmiede.com\/shop\/kirschen-anhaenger\/#primaryimage","url":"https:\/\/maiersgoldschmiede.com\/wp-content\/uploads\/2026\/03\/DSC_0007-1.jpg","contentUrl":"https:\/\/maiersgoldschmiede.com\/wp-content\/uploads\/2026\/03\/DSC_0007-1.jpg","width":885,"height":1200,"caption":"Kirschen Anh\u00e4nger.www.maiersgolodschmiede.com"},{"@type":"BreadcrumbList","@id":"https:\/\/maiersgoldschmiede.com\/shop\/kirschen-anhaenger\/#breadcrumb","itemListElement":[{"@type":"ListItem","position":1,"name":"Startseite","item":"https:\/\/maiersgoldschmiede.com\/"},{"@type":"ListItem","position":2,"name":"Maiers Goldsmith Shop","item":"https:\/\/maiersgoldschmiede.com\/en\/maiers-goldsmith-shop\/"},{"@type":"ListItem","position":3,"name":"Kirschen &#8211; Anh\u00e4nger"}]},{"@type":"WebSite","@id":"https:\/\/maiersgoldschmiede.com\/es\/#website","url":"https:\/\/maiersgoldschmiede.com\/es\/","name":"Maiers Goldschmiede","description":"Ibiza Goldschmied Werkstatt \u2013 Atelier","publisher":{"@id":"https:\/\/maiersgoldschmiede.com\/es\/#organization"},"potentialAction":[{"@type":"SearchAction","target":{"@type":"EntryPoint","urlTemplate":"https:\/\/maiersgoldschmiede.com\/es\/?s={search_term_string}"},"query-input":{"@type":"PropertyValueSpecification","valueRequired":true,"valueName":"search_term_string"}}],"inLanguage":"en-US"},{"@type":"Organization","@id":"https:\/\/maiersgoldschmiede.com\/es\/#organization","name":"Maiers Goldschmiede Ibiza","url":"https:\/\/maiersgoldschmiede.com\/es\/","logo":{"@type":"ImageObject","inLanguage":"en-US","@id":"https:\/\/maiersgoldschmiede.com\/es\/#\/schema\/logo\/image\/","url":"https:\/\/maiersgoldschmiede.com\/wp-content\/uploads\/2017\/05\/logo2.png","contentUrl":"https:\/\/maiersgoldschmiede.com\/wp-content\/uploads\/2017\/05\/logo2.png","width":150,"height":116,"caption":"Maiers Goldschmiede Ibiza"},"image":{"@id":"https:\/\/maiersgoldschmiede.com\/es\/#\/schema\/logo\/image\/"},"sameAs":["https:\/\/www.facebook.com\/MaiersGoldschmiede","https:\/\/www.instagram.com\/maier.reinhard"]}]}},"_links":{"self":[{"href":"https:\/\/maiersgoldschmiede.com\/en\/wp-json\/wp\/v2\/product\/22896","targetHints":{"allow":["GET"]}}],"collection":[{"href":"https:\/\/maiersgoldschmiede.com\/en\/wp-json\/wp\/v2\/product"}],"about":[{"href":"https:\/\/maiersgoldschmiede.com\/en\/wp-json\/wp\/v2\/types\/product"}],"wp:featuredmedia":[{"embeddable":true,"href":"https:\/\/maiersgoldschmiede.com\/en\/wp-json\/wp\/v2\/media\/22903"}],"wp:attachment":[{"href":"https:\/\/maiersgoldschmiede.com\/en\/wp-json\/wp\/v2\/media?parent=22896"}],"wp:term":[{"taxonomy":"product_brand","embeddable":true,"href":"https:\/\/maiersgoldschmiede.com\/en\/wp-json\/wp\/v2\/product_brand?post=22896"},{"taxonomy":"product_cat","embeddable":true,"href":"https:\/\/maiersgoldschmiede.com\/en\/wp-json\/wp\/v2\/product_cat?post=22896"},{"taxonomy":"product_tag","embeddable":true,"href":"https:\/\/maiersgoldschmiede.com\/en\/wp-json\/wp\/v2\/product_tag?post=22896"}],"curies":[{"name":"wp","href":"https:\/\/api.w.org\/{rel}","templated":true}]}}