{"id":22981,"date":"2026-03-28T19:14:27","date_gmt":"2026-03-28T18:14:27","guid":{"rendered":"https:\/\/maiersgoldschmiede.com\/?post_type=product&#038;p=22981"},"modified":"2026-03-28T19:34:32","modified_gmt":"2026-03-28T18:34:32","slug":"gecko-auf-ibiza-anhaenger-in-3-d","status":"publish","type":"product","link":"https:\/\/maiersgoldschmiede.com\/en\/shop\/gecko-auf-ibiza-anhaenger-in-3-d\/","title":{"rendered":"Gecko auf Ibiza Anh\u00e4nger in 3 D"},"content":{"rendered":"<p>Dieser au\u00dfergew\u00f6hnliche Anh\u00e4nger \u00fcberzeugt durch seine organische 3D-Form in massivem Silber. Der vergoldete Gecko verleiht<\/p>\n<p>dem Schmuckst\u00fcck eine lebendige Ausstrahlung.<\/p>\n<p>L\u00e4nge: 35mm, Breite: 19 mm, 925 Silber,<\/p>\n<p>Gecko, L\u00e4nge: 27 mm, Breite 8 mm, 925 Silber vergoldet!<\/p>\n<p>Gewicht: 15 gr!<\/p>\n","protected":false},"excerpt":{"rendered":"<p>Dieser au\u00dfergew\u00f6hnliche Anh\u00e4nger \u00fcberzeugt durch seine organische 3D-Form in massivem Silber. Der vergoldete Gecko verleiht dem Schmuckst\u00fcck eine lebendige Ausstrahlung. L\u00e4nge: 35mm, Breite: 19 mm, 925 Silber, Gecko, L\u00e4nge: 27 mm, Breite 8 mm, 925 Silber vergoldet! Gewicht: 15 gr!<\/p>\n","protected":false},"featured_media":22982,"template":"","meta":{"_exactmetrics_skip_tracking":false,"_exactmetrics_sitenote_active":false,"_exactmetrics_sitenote_note":"","_exactmetrics_sitenote_category":0},"product_brand":[],"product_cat":[508,54,225,516,509,547,229,512,576,215,17],"product_tag":[82,63,64,65],"class_list":{"0":"post-22981","1":"product","2":"type-product","3":"status-publish","4":"has-post-thumbnail","6":"product_cat-damenschmuck","7":"product_cat-gecko-collection","8":"product_cat-geschenke","9":"product_cat-halsketten-colliers","10":"product_cat-herrenschmuck","11":"product_cat-ibiza-collection","12":"product_cat-neuheiten","13":"product_cat-schmuck","14":"product_cat-silber","15":"product_cat-tier-collection","16":"product_cat-3d-collection","17":"product_tag-3-d","18":"product_tag-anhaenger","19":"product_tag-gecko","20":"product_tag-ibiza","22":"first","23":"instock","24":"taxable","25":"shipping-taxable","26":"purchasable","27":"product-type-simple","28":"prodpage-style3"},"yoast_head":"<!-- This site is optimized with the Yoast SEO plugin v26.1.1 - https:\/\/yoast.com\/wordpress\/plugins\/seo\/ -->\n<title>Gecko auf Ibiza Anh\u00e4nger in 3 D - Maiers Goldschmiede<\/title>\n<meta name=\"robots\" content=\"index, follow, max-snippet:-1, max-image-preview:large, max-video-preview:-1\" \/>\n<link rel=\"canonical\" href=\"https:\/\/maiersgoldschmiede.com\/shop\/gecko-auf-ibiza-anhaenger-in-3-d\/\" \/>\n<meta property=\"og:locale\" content=\"en_US\" \/>\n<meta property=\"og:type\" content=\"article\" \/>\n<meta property=\"og:title\" content=\"Gecko auf Ibiza Anh\u00e4nger in 3 D - Maiers Goldschmiede\" \/>\n<meta property=\"og:description\" content=\"Dieser au\u00dfergew\u00f6hnliche Anh\u00e4nger \u00fcberzeugt durch seine organische 3D-Form in massivem Silber. Der vergoldete Gecko verleiht dem Schmuckst\u00fcck eine lebendige Ausstrahlung. L\u00e4nge: 35mm, Breite: 19 mm, 925 Silber, Gecko, L\u00e4nge: 27 mm, Breite 8 mm, 925 Silber vergoldet! Gewicht: 15 gr!\" \/>\n<meta property=\"og:url\" content=\"https:\/\/maiersgoldschmiede.com\/shop\/gecko-auf-ibiza-anhaenger-in-3-d\/\" \/>\n<meta property=\"og:site_name\" content=\"Maiers Goldschmiede\" \/>\n<meta property=\"article:publisher\" content=\"https:\/\/www.facebook.com\/MaiersGoldschmiede\" \/>\n<meta property=\"article:modified_time\" content=\"2026-03-28T18:34:32+00:00\" \/>\n<meta property=\"og:image\" content=\"https:\/\/maiersgoldschmiede.com\/wp-content\/uploads\/2026\/03\/DSC_0007-2-e1774722339550.jpg\" \/>\n\t<meta property=\"og:image:width\" content=\"1200\" \/>\n\t<meta property=\"og:image:height\" content=\"1189\" \/>\n\t<meta property=\"og:image:type\" content=\"image\/jpeg\" \/>\n<meta name=\"twitter:card\" content=\"summary_large_image\" \/>\n<meta name=\"twitter:label1\" content=\"Est. reading time\" \/>\n\t<meta name=\"twitter:data1\" content=\"1 minute\" \/>\n<script type=\"application\/ld+json\" class=\"yoast-schema-graph\">{\"@context\":\"https:\/\/schema.org\",\"@graph\":[{\"@type\":\"WebPage\",\"@id\":\"https:\/\/maiersgoldschmiede.com\/shop\/gecko-auf-ibiza-anhaenger-in-3-d\/\",\"url\":\"https:\/\/maiersgoldschmiede.com\/shop\/gecko-auf-ibiza-anhaenger-in-3-d\/\",\"name\":\"Gecko auf Ibiza Anh\u00e4nger in 3 D - Maiers Goldschmiede\",\"isPartOf\":{\"@id\":\"https:\/\/maiersgoldschmiede.com\/es\/#website\"},\"primaryImageOfPage\":{\"@id\":\"https:\/\/maiersgoldschmiede.com\/shop\/gecko-auf-ibiza-anhaenger-in-3-d\/#primaryimage\"},\"image\":{\"@id\":\"https:\/\/maiersgoldschmiede.com\/shop\/gecko-auf-ibiza-anhaenger-in-3-d\/#primaryimage\"},\"thumbnailUrl\":\"https:\/\/maiersgoldschmiede.com\/wp-content\/uploads\/2026\/03\/DSC_0007-2-e1774722339550.jpg\",\"datePublished\":\"2026-03-28T18:14:27+00:00\",\"dateModified\":\"2026-03-28T18:34:32+00:00\",\"breadcrumb\":{\"@id\":\"https:\/\/maiersgoldschmiede.com\/shop\/gecko-auf-ibiza-anhaenger-in-3-d\/#breadcrumb\"},\"inLanguage\":\"en-US\",\"potentialAction\":[{\"@type\":\"ReadAction\",\"target\":[\"https:\/\/maiersgoldschmiede.com\/shop\/gecko-auf-ibiza-anhaenger-in-3-d\/\"]}]},{\"@type\":\"ImageObject\",\"inLanguage\":\"en-US\",\"@id\":\"https:\/\/maiersgoldschmiede.com\/shop\/gecko-auf-ibiza-anhaenger-in-3-d\/#primaryimage\",\"url\":\"https:\/\/maiersgoldschmiede.com\/wp-content\/uploads\/2026\/03\/DSC_0007-2-e1774722339550.jpg\",\"contentUrl\":\"https:\/\/maiersgoldschmiede.com\/wp-content\/uploads\/2026\/03\/DSC_0007-2-e1774722339550.jpg\",\"width\":1200,\"height\":1189,\"caption\":\"Ibiza Anh\u00e4nger in 3 D mit Kirschen beweglich. www.maiersgoldschmiede.com\"},{\"@type\":\"BreadcrumbList\",\"@id\":\"https:\/\/maiersgoldschmiede.com\/shop\/gecko-auf-ibiza-anhaenger-in-3-d\/#breadcrumb\",\"itemListElement\":[{\"@type\":\"ListItem\",\"position\":1,\"name\":\"Startseite\",\"item\":\"https:\/\/maiersgoldschmiede.com\/\"},{\"@type\":\"ListItem\",\"position\":2,\"name\":\"Maiers Goldsmith Shop\",\"item\":\"https:\/\/maiersgoldschmiede.com\/en\/maiers-goldsmith-shop\/\"},{\"@type\":\"ListItem\",\"position\":3,\"name\":\"Gecko auf Ibiza Anh\u00e4nger in 3 D\"}]},{\"@type\":\"WebSite\",\"@id\":\"https:\/\/maiersgoldschmiede.com\/es\/#website\",\"url\":\"https:\/\/maiersgoldschmiede.com\/es\/\",\"name\":\"Maiers Goldschmiede\",\"description\":\"Ibiza Goldschmied Werkstatt \u2013 Atelier\",\"publisher\":{\"@id\":\"https:\/\/maiersgoldschmiede.com\/es\/#organization\"},\"potentialAction\":[{\"@type\":\"SearchAction\",\"target\":{\"@type\":\"EntryPoint\",\"urlTemplate\":\"https:\/\/maiersgoldschmiede.com\/es\/?s={search_term_string}\"},\"query-input\":{\"@type\":\"PropertyValueSpecification\",\"valueRequired\":true,\"valueName\":\"search_term_string\"}}],\"inLanguage\":\"en-US\"},{\"@type\":\"Organization\",\"@id\":\"https:\/\/maiersgoldschmiede.com\/es\/#organization\",\"name\":\"Maiers Goldschmiede Ibiza\",\"url\":\"https:\/\/maiersgoldschmiede.com\/es\/\",\"logo\":{\"@type\":\"ImageObject\",\"inLanguage\":\"en-US\",\"@id\":\"https:\/\/maiersgoldschmiede.com\/es\/#\/schema\/logo\/image\/\",\"url\":\"https:\/\/maiersgoldschmiede.com\/wp-content\/uploads\/2017\/05\/logo2.png\",\"contentUrl\":\"https:\/\/maiersgoldschmiede.com\/wp-content\/uploads\/2017\/05\/logo2.png\",\"width\":150,\"height\":116,\"caption\":\"Maiers Goldschmiede Ibiza\"},\"image\":{\"@id\":\"https:\/\/maiersgoldschmiede.com\/es\/#\/schema\/logo\/image\/\"},\"sameAs\":[\"https:\/\/www.facebook.com\/MaiersGoldschmiede\",\"https:\/\/www.instagram.com\/maier.reinhard\"]}]}<\/script>\n<!-- \/ Yoast SEO plugin. -->","yoast_head_json":{"title":"Gecko auf Ibiza Anh\u00e4nger in 3 D - Maiers Goldschmiede","robots":{"index":"index","follow":"follow","max-snippet":"max-snippet:-1","max-image-preview":"max-image-preview:large","max-video-preview":"max-video-preview:-1"},"canonical":"https:\/\/maiersgoldschmiede.com\/shop\/gecko-auf-ibiza-anhaenger-in-3-d\/","og_locale":"en_US","og_type":"article","og_title":"Gecko auf Ibiza Anh\u00e4nger in 3 D - Maiers Goldschmiede","og_description":"Dieser au\u00dfergew\u00f6hnliche Anh\u00e4nger \u00fcberzeugt durch seine organische 3D-Form in massivem Silber. Der vergoldete Gecko verleiht dem Schmuckst\u00fcck eine lebendige Ausstrahlung. L\u00e4nge: 35mm, Breite: 19 mm, 925 Silber, Gecko, L\u00e4nge: 27 mm, Breite 8 mm, 925 Silber vergoldet! Gewicht: 15 gr!","og_url":"https:\/\/maiersgoldschmiede.com\/shop\/gecko-auf-ibiza-anhaenger-in-3-d\/","og_site_name":"Maiers Goldschmiede","article_publisher":"https:\/\/www.facebook.com\/MaiersGoldschmiede","article_modified_time":"2026-03-28T18:34:32+00:00","og_image":[{"width":1200,"height":1189,"url":"https:\/\/maiersgoldschmiede.com\/wp-content\/uploads\/2026\/03\/DSC_0007-2-e1774722339550.jpg","type":"image\/jpeg"}],"twitter_card":"summary_large_image","twitter_misc":{"Est. reading time":"1 minute"},"schema":{"@context":"https:\/\/schema.org","@graph":[{"@type":"WebPage","@id":"https:\/\/maiersgoldschmiede.com\/shop\/gecko-auf-ibiza-anhaenger-in-3-d\/","url":"https:\/\/maiersgoldschmiede.com\/shop\/gecko-auf-ibiza-anhaenger-in-3-d\/","name":"Gecko auf Ibiza Anh\u00e4nger in 3 D - Maiers Goldschmiede","isPartOf":{"@id":"https:\/\/maiersgoldschmiede.com\/es\/#website"},"primaryImageOfPage":{"@id":"https:\/\/maiersgoldschmiede.com\/shop\/gecko-auf-ibiza-anhaenger-in-3-d\/#primaryimage"},"image":{"@id":"https:\/\/maiersgoldschmiede.com\/shop\/gecko-auf-ibiza-anhaenger-in-3-d\/#primaryimage"},"thumbnailUrl":"https:\/\/maiersgoldschmiede.com\/wp-content\/uploads\/2026\/03\/DSC_0007-2-e1774722339550.jpg","datePublished":"2026-03-28T18:14:27+00:00","dateModified":"2026-03-28T18:34:32+00:00","breadcrumb":{"@id":"https:\/\/maiersgoldschmiede.com\/shop\/gecko-auf-ibiza-anhaenger-in-3-d\/#breadcrumb"},"inLanguage":"en-US","potentialAction":[{"@type":"ReadAction","target":["https:\/\/maiersgoldschmiede.com\/shop\/gecko-auf-ibiza-anhaenger-in-3-d\/"]}]},{"@type":"ImageObject","inLanguage":"en-US","@id":"https:\/\/maiersgoldschmiede.com\/shop\/gecko-auf-ibiza-anhaenger-in-3-d\/#primaryimage","url":"https:\/\/maiersgoldschmiede.com\/wp-content\/uploads\/2026\/03\/DSC_0007-2-e1774722339550.jpg","contentUrl":"https:\/\/maiersgoldschmiede.com\/wp-content\/uploads\/2026\/03\/DSC_0007-2-e1774722339550.jpg","width":1200,"height":1189,"caption":"Ibiza Anh\u00e4nger in 3 D mit Kirschen beweglich. www.maiersgoldschmiede.com"},{"@type":"BreadcrumbList","@id":"https:\/\/maiersgoldschmiede.com\/shop\/gecko-auf-ibiza-anhaenger-in-3-d\/#breadcrumb","itemListElement":[{"@type":"ListItem","position":1,"name":"Startseite","item":"https:\/\/maiersgoldschmiede.com\/"},{"@type":"ListItem","position":2,"name":"Maiers Goldsmith Shop","item":"https:\/\/maiersgoldschmiede.com\/en\/maiers-goldsmith-shop\/"},{"@type":"ListItem","position":3,"name":"Gecko auf Ibiza Anh\u00e4nger in 3 D"}]},{"@type":"WebSite","@id":"https:\/\/maiersgoldschmiede.com\/es\/#website","url":"https:\/\/maiersgoldschmiede.com\/es\/","name":"Maiers Goldschmiede","description":"Ibiza Goldschmied Werkstatt \u2013 Atelier","publisher":{"@id":"https:\/\/maiersgoldschmiede.com\/es\/#organization"},"potentialAction":[{"@type":"SearchAction","target":{"@type":"EntryPoint","urlTemplate":"https:\/\/maiersgoldschmiede.com\/es\/?s={search_term_string}"},"query-input":{"@type":"PropertyValueSpecification","valueRequired":true,"valueName":"search_term_string"}}],"inLanguage":"en-US"},{"@type":"Organization","@id":"https:\/\/maiersgoldschmiede.com\/es\/#organization","name":"Maiers Goldschmiede Ibiza","url":"https:\/\/maiersgoldschmiede.com\/es\/","logo":{"@type":"ImageObject","inLanguage":"en-US","@id":"https:\/\/maiersgoldschmiede.com\/es\/#\/schema\/logo\/image\/","url":"https:\/\/maiersgoldschmiede.com\/wp-content\/uploads\/2017\/05\/logo2.png","contentUrl":"https:\/\/maiersgoldschmiede.com\/wp-content\/uploads\/2017\/05\/logo2.png","width":150,"height":116,"caption":"Maiers Goldschmiede Ibiza"},"image":{"@id":"https:\/\/maiersgoldschmiede.com\/es\/#\/schema\/logo\/image\/"},"sameAs":["https:\/\/www.facebook.com\/MaiersGoldschmiede","https:\/\/www.instagram.com\/maier.reinhard"]}]}},"_links":{"self":[{"href":"https:\/\/maiersgoldschmiede.com\/en\/wp-json\/wp\/v2\/product\/22981","targetHints":{"allow":["GET"]}}],"collection":[{"href":"https:\/\/maiersgoldschmiede.com\/en\/wp-json\/wp\/v2\/product"}],"about":[{"href":"https:\/\/maiersgoldschmiede.com\/en\/wp-json\/wp\/v2\/types\/product"}],"wp:featuredmedia":[{"embeddable":true,"href":"https:\/\/maiersgoldschmiede.com\/en\/wp-json\/wp\/v2\/media\/22982"}],"wp:attachment":[{"href":"https:\/\/maiersgoldschmiede.com\/en\/wp-json\/wp\/v2\/media?parent=22981"}],"wp:term":[{"taxonomy":"product_brand","embeddable":true,"href":"https:\/\/maiersgoldschmiede.com\/en\/wp-json\/wp\/v2\/product_brand?post=22981"},{"taxonomy":"product_cat","embeddable":true,"href":"https:\/\/maiersgoldschmiede.com\/en\/wp-json\/wp\/v2\/product_cat?post=22981"},{"taxonomy":"product_tag","embeddable":true,"href":"https:\/\/maiersgoldschmiede.com\/en\/wp-json\/wp\/v2\/product_tag?post=22981"}],"curies":[{"name":"wp","href":"https:\/\/api.w.org\/{rel}","templated":true}]}}