{"id":23010,"date":"2026-04-30T09:48:41","date_gmt":"2026-04-30T07:48:41","guid":{"rendered":"https:\/\/maiersgoldschmiede.com\/?post_type=product&#038;p=23010"},"modified":"2026-05-01T08:29:44","modified_gmt":"2026-05-01T06:29:44","slug":"carbon-spann-ring-mit-edeltopas-in-zargenfassung","status":"publish","type":"product","link":"https:\/\/maiersgoldschmiede.com\/en\/shop\/carbon-spann-ring-mit-edeltopas-in-zargenfassung\/","title":{"rendered":"Carbon &#8211; Spann &#8211; Ring mit Edeltopas in Zargenfassung"},"content":{"rendered":"<p>Carbon Spannring mit einem blauem Edeltopas<\/p>\n<p>Moderner Designring aus hochwertigem Carbon mit charakteristischer Struktur.<br \/>\nDer Edeltopas im Fantasieschliff ist in einer Zargenfassung in 750 gelb Gold gefasst und zwischen den beiden Carbonarmen eingespannt.<\/p>\n<p>Der starke Kontrast zwischen tiefschwarzem Carbon und dem blauen Topas verleiht diesem Ring eine au\u00dfergew\u00f6hnliche und zeitgem\u00e4\u00dfe Eleganz.<\/p>\n<p>Ein besonderes Schmuckst\u00fcck f\u00fcr Menschen, die modernes Design und innovative Materialien lieben.<\/p>\n<p>Material<br \/>\n\u2022 Carbon Ringk\u00f6rper Breite: 9,7 mm.<br \/>\n\u2022 750 Zargen Fassung 1,2 gr.<br \/>\n\u2022 Moissanite im Brillantschliff 1 ct.<\/p>\n<p>Design<br \/>\nModern \u2022 leicht \u2022 au\u00dfergew\u00f6hnlich<\/p>\n<p>Gr\u00f6\u00dfe: 54<\/p>\n<p>&nbsp;<\/p>\n","protected":false},"excerpt":{"rendered":"<p>Carbon Spannring mit einem blauem Edeltopas Moderner Designring aus hochwertigem Carbon mit charakteristischer Struktur. Der Edeltopas im Fantasieschliff ist in einer Zargenfassung in 750 gelb Gold gefasst und zwischen den beiden Carbonarmen eingespannt. Der starke Kontrast zwischen tiefschwarzem Carbon und dem blauen Topas verleiht diesem Ring eine au\u00dfergew\u00f6hnliche und zeitgem\u00e4\u00dfe Eleganz. Ein besonderes Schmuckst\u00fcck f\u00fcr<\/p>\n","protected":false},"featured_media":23023,"template":"","meta":{"_exactmetrics_skip_tracking":false,"_exactmetrics_sitenote_active":false,"_exactmetrics_sitenote_note":"","_exactmetrics_sitenote_category":0},"product_brand":[],"product_cat":[577,508,575,229,172,517,112,32,18],"product_tag":[1064,73,1054,1200,95],"class_list":{"0":"post-23010","1":"product","2":"type-product","3":"status-publish","4":"has-post-thumbnail","6":"product_cat-carbon","7":"product_cat-damenschmuck","8":"product_cat-gold","9":"product_cat-neuheiten","10":"product_cat-ringe","11":"product_cat-specials","12":"product_cat-unikate","13":"product_cat-carbon-collection","14":"product_cat-design-collection","15":"product_tag-750-gold","16":"product_tag-carbon","17":"product_tag-edeltopas","18":"product_tag-fantasie-schliff","19":"product_tag-ring","21":"first","22":"instock","23":"taxable","24":"shipping-taxable","25":"purchasable","26":"product-type-simple","27":"prodpage-style3"},"yoast_head":"<!-- This site is optimized with the Yoast SEO plugin v26.1.1 - https:\/\/yoast.com\/wordpress\/plugins\/seo\/ -->\n<title>Carbon - Spann - Ring mit Edeltopas in Zargenfassung - Maiers Goldschmiede<\/title>\n<meta name=\"robots\" content=\"index, follow, max-snippet:-1, max-image-preview:large, max-video-preview:-1\" \/>\n<link rel=\"canonical\" href=\"https:\/\/maiersgoldschmiede.com\/?post_type=product&p=23010\" \/>\n<meta property=\"og:locale\" content=\"en_US\" \/>\n<meta property=\"og:type\" content=\"article\" \/>\n<meta property=\"og:title\" content=\"Carbon - Spann - Ring mit Edeltopas in Zargenfassung - Maiers Goldschmiede\" \/>\n<meta property=\"og:description\" content=\"Carbon Spannring mit einem blauem Edeltopas Moderner Designring aus hochwertigem Carbon mit charakteristischer Struktur. Der Edeltopas im Fantasieschliff ist in einer Zargenfassung in 750 gelb Gold gefasst und zwischen den beiden Carbonarmen eingespannt. Der starke Kontrast zwischen tiefschwarzem Carbon und dem blauen Topas verleiht diesem Ring eine au\u00dfergew\u00f6hnliche und zeitgem\u00e4\u00dfe Eleganz. Ein besonderes Schmuckst\u00fcck f\u00fcr\" \/>\n<meta property=\"og:url\" content=\"https:\/\/maiersgoldschmiede.com\/?post_type=product&amp;p=23010\" \/>\n<meta property=\"og:site_name\" content=\"Maiers Goldschmiede\" \/>\n<meta property=\"article:publisher\" content=\"https:\/\/www.facebook.com\/MaiersGoldschmiede\" \/>\n<meta property=\"article:modified_time\" content=\"2026-05-01T06:29:44+00:00\" \/>\n<meta property=\"og:image\" content=\"https:\/\/maiersgoldschmiede.com\/wp-content\/uploads\/2026\/04\/WhatsApp-Image-2026-04-24-at-20.28.04.jpeg\" \/>\n\t<meta property=\"og:image:width\" content=\"1024\" \/>\n\t<meta property=\"og:image:height\" content=\"1024\" \/>\n\t<meta property=\"og:image:type\" content=\"image\/jpeg\" \/>\n<meta name=\"twitter:card\" content=\"summary_large_image\" \/>\n<meta name=\"twitter:label1\" content=\"Est. reading time\" \/>\n\t<meta name=\"twitter:data1\" content=\"1 minute\" \/>\n<script type=\"application\/ld+json\" class=\"yoast-schema-graph\">{\"@context\":\"https:\/\/schema.org\",\"@graph\":[{\"@type\":\"WebPage\",\"@id\":\"https:\/\/maiersgoldschmiede.com\/?post_type=product&p=23010\",\"url\":\"https:\/\/maiersgoldschmiede.com\/?post_type=product&p=23010\",\"name\":\"Carbon - Spann - Ring mit Edeltopas in Zargenfassung - Maiers Goldschmiede\",\"isPartOf\":{\"@id\":\"https:\/\/maiersgoldschmiede.com\/es\/#website\"},\"primaryImageOfPage\":{\"@id\":\"https:\/\/maiersgoldschmiede.com\/?post_type=product&p=23010#primaryimage\"},\"image\":{\"@id\":\"https:\/\/maiersgoldschmiede.com\/?post_type=product&p=23010#primaryimage\"},\"thumbnailUrl\":\"https:\/\/maiersgoldschmiede.com\/wp-content\/uploads\/2026\/04\/WhatsApp-Image-2026-04-24-at-20.28.04.jpeg\",\"datePublished\":\"2026-04-30T07:48:41+00:00\",\"dateModified\":\"2026-05-01T06:29:44+00:00\",\"breadcrumb\":{\"@id\":\"https:\/\/maiersgoldschmiede.com\/?post_type=product&p=23010#breadcrumb\"},\"inLanguage\":\"en-US\",\"potentialAction\":[{\"@type\":\"ReadAction\",\"target\":[\"https:\/\/maiersgoldschmiede.com\/?post_type=product&p=23010\"]}]},{\"@type\":\"ImageObject\",\"inLanguage\":\"en-US\",\"@id\":\"https:\/\/maiersgoldschmiede.com\/?post_type=product&p=23010#primaryimage\",\"url\":\"https:\/\/maiersgoldschmiede.com\/wp-content\/uploads\/2026\/04\/WhatsApp-Image-2026-04-24-at-20.28.04.jpeg\",\"contentUrl\":\"https:\/\/maiersgoldschmiede.com\/wp-content\/uploads\/2026\/04\/WhatsApp-Image-2026-04-24-at-20.28.04.jpeg\",\"width\":1024,\"height\":1024,\"caption\":\"Carbon - Topas - Spannring.www.maiersgoldschmiede.com\"},{\"@type\":\"BreadcrumbList\",\"@id\":\"https:\/\/maiersgoldschmiede.com\/?post_type=product&p=23010#breadcrumb\",\"itemListElement\":[{\"@type\":\"ListItem\",\"position\":1,\"name\":\"Startseite\",\"item\":\"https:\/\/maiersgoldschmiede.com\/\"},{\"@type\":\"ListItem\",\"position\":2,\"name\":\"Maiers Goldsmith Shop\",\"item\":\"https:\/\/maiersgoldschmiede.com\/en\/maiers-goldsmith-shop\/\"},{\"@type\":\"ListItem\",\"position\":3,\"name\":\"Carbon &#8211; Spann &#8211; Ring mit Edeltopas in Zargenfassung\"}]},{\"@type\":\"WebSite\",\"@id\":\"https:\/\/maiersgoldschmiede.com\/es\/#website\",\"url\":\"https:\/\/maiersgoldschmiede.com\/es\/\",\"name\":\"Maiers Goldschmiede\",\"description\":\"Ibiza Goldschmied Werkstatt \u2013 Atelier\",\"publisher\":{\"@id\":\"https:\/\/maiersgoldschmiede.com\/es\/#organization\"},\"potentialAction\":[{\"@type\":\"SearchAction\",\"target\":{\"@type\":\"EntryPoint\",\"urlTemplate\":\"https:\/\/maiersgoldschmiede.com\/es\/?s={search_term_string}\"},\"query-input\":{\"@type\":\"PropertyValueSpecification\",\"valueRequired\":true,\"valueName\":\"search_term_string\"}}],\"inLanguage\":\"en-US\"},{\"@type\":\"Organization\",\"@id\":\"https:\/\/maiersgoldschmiede.com\/es\/#organization\",\"name\":\"Maiers Goldschmiede Ibiza\",\"url\":\"https:\/\/maiersgoldschmiede.com\/es\/\",\"logo\":{\"@type\":\"ImageObject\",\"inLanguage\":\"en-US\",\"@id\":\"https:\/\/maiersgoldschmiede.com\/es\/#\/schema\/logo\/image\/\",\"url\":\"https:\/\/maiersgoldschmiede.com\/wp-content\/uploads\/2017\/05\/logo2.png\",\"contentUrl\":\"https:\/\/maiersgoldschmiede.com\/wp-content\/uploads\/2017\/05\/logo2.png\",\"width\":150,\"height\":116,\"caption\":\"Maiers Goldschmiede Ibiza\"},\"image\":{\"@id\":\"https:\/\/maiersgoldschmiede.com\/es\/#\/schema\/logo\/image\/\"},\"sameAs\":[\"https:\/\/www.facebook.com\/MaiersGoldschmiede\",\"https:\/\/www.instagram.com\/maier.reinhard\"]}]}<\/script>\n<!-- \/ Yoast SEO plugin. -->","yoast_head_json":{"title":"Carbon - Spann - Ring mit Edeltopas in Zargenfassung - Maiers Goldschmiede","robots":{"index":"index","follow":"follow","max-snippet":"max-snippet:-1","max-image-preview":"max-image-preview:large","max-video-preview":"max-video-preview:-1"},"canonical":"https:\/\/maiersgoldschmiede.com\/?post_type=product&p=23010","og_locale":"en_US","og_type":"article","og_title":"Carbon - Spann - Ring mit Edeltopas in Zargenfassung - Maiers Goldschmiede","og_description":"Carbon Spannring mit einem blauem Edeltopas Moderner Designring aus hochwertigem Carbon mit charakteristischer Struktur. Der Edeltopas im Fantasieschliff ist in einer Zargenfassung in 750 gelb Gold gefasst und zwischen den beiden Carbonarmen eingespannt. Der starke Kontrast zwischen tiefschwarzem Carbon und dem blauen Topas verleiht diesem Ring eine au\u00dfergew\u00f6hnliche und zeitgem\u00e4\u00dfe Eleganz. Ein besonderes Schmuckst\u00fcck f\u00fcr","og_url":"https:\/\/maiersgoldschmiede.com\/?post_type=product&p=23010","og_site_name":"Maiers Goldschmiede","article_publisher":"https:\/\/www.facebook.com\/MaiersGoldschmiede","article_modified_time":"2026-05-01T06:29:44+00:00","og_image":[{"width":1024,"height":1024,"url":"https:\/\/maiersgoldschmiede.com\/wp-content\/uploads\/2026\/04\/WhatsApp-Image-2026-04-24-at-20.28.04.jpeg","type":"image\/jpeg"}],"twitter_card":"summary_large_image","twitter_misc":{"Est. reading time":"1 minute"},"schema":{"@context":"https:\/\/schema.org","@graph":[{"@type":"WebPage","@id":"https:\/\/maiersgoldschmiede.com\/?post_type=product&p=23010","url":"https:\/\/maiersgoldschmiede.com\/?post_type=product&p=23010","name":"Carbon - Spann - Ring mit Edeltopas in Zargenfassung - Maiers Goldschmiede","isPartOf":{"@id":"https:\/\/maiersgoldschmiede.com\/es\/#website"},"primaryImageOfPage":{"@id":"https:\/\/maiersgoldschmiede.com\/?post_type=product&p=23010#primaryimage"},"image":{"@id":"https:\/\/maiersgoldschmiede.com\/?post_type=product&p=23010#primaryimage"},"thumbnailUrl":"https:\/\/maiersgoldschmiede.com\/wp-content\/uploads\/2026\/04\/WhatsApp-Image-2026-04-24-at-20.28.04.jpeg","datePublished":"2026-04-30T07:48:41+00:00","dateModified":"2026-05-01T06:29:44+00:00","breadcrumb":{"@id":"https:\/\/maiersgoldschmiede.com\/?post_type=product&p=23010#breadcrumb"},"inLanguage":"en-US","potentialAction":[{"@type":"ReadAction","target":["https:\/\/maiersgoldschmiede.com\/?post_type=product&p=23010"]}]},{"@type":"ImageObject","inLanguage":"en-US","@id":"https:\/\/maiersgoldschmiede.com\/?post_type=product&p=23010#primaryimage","url":"https:\/\/maiersgoldschmiede.com\/wp-content\/uploads\/2026\/04\/WhatsApp-Image-2026-04-24-at-20.28.04.jpeg","contentUrl":"https:\/\/maiersgoldschmiede.com\/wp-content\/uploads\/2026\/04\/WhatsApp-Image-2026-04-24-at-20.28.04.jpeg","width":1024,"height":1024,"caption":"Carbon - Topas - Spannring.www.maiersgoldschmiede.com"},{"@type":"BreadcrumbList","@id":"https:\/\/maiersgoldschmiede.com\/?post_type=product&p=23010#breadcrumb","itemListElement":[{"@type":"ListItem","position":1,"name":"Startseite","item":"https:\/\/maiersgoldschmiede.com\/"},{"@type":"ListItem","position":2,"name":"Maiers Goldsmith Shop","item":"https:\/\/maiersgoldschmiede.com\/en\/maiers-goldsmith-shop\/"},{"@type":"ListItem","position":3,"name":"Carbon &#8211; Spann &#8211; Ring mit Edeltopas in Zargenfassung"}]},{"@type":"WebSite","@id":"https:\/\/maiersgoldschmiede.com\/es\/#website","url":"https:\/\/maiersgoldschmiede.com\/es\/","name":"Maiers Goldschmiede","description":"Ibiza Goldschmied Werkstatt \u2013 Atelier","publisher":{"@id":"https:\/\/maiersgoldschmiede.com\/es\/#organization"},"potentialAction":[{"@type":"SearchAction","target":{"@type":"EntryPoint","urlTemplate":"https:\/\/maiersgoldschmiede.com\/es\/?s={search_term_string}"},"query-input":{"@type":"PropertyValueSpecification","valueRequired":true,"valueName":"search_term_string"}}],"inLanguage":"en-US"},{"@type":"Organization","@id":"https:\/\/maiersgoldschmiede.com\/es\/#organization","name":"Maiers Goldschmiede Ibiza","url":"https:\/\/maiersgoldschmiede.com\/es\/","logo":{"@type":"ImageObject","inLanguage":"en-US","@id":"https:\/\/maiersgoldschmiede.com\/es\/#\/schema\/logo\/image\/","url":"https:\/\/maiersgoldschmiede.com\/wp-content\/uploads\/2017\/05\/logo2.png","contentUrl":"https:\/\/maiersgoldschmiede.com\/wp-content\/uploads\/2017\/05\/logo2.png","width":150,"height":116,"caption":"Maiers Goldschmiede Ibiza"},"image":{"@id":"https:\/\/maiersgoldschmiede.com\/es\/#\/schema\/logo\/image\/"},"sameAs":["https:\/\/www.facebook.com\/MaiersGoldschmiede","https:\/\/www.instagram.com\/maier.reinhard"]}]}},"_links":{"self":[{"href":"https:\/\/maiersgoldschmiede.com\/en\/wp-json\/wp\/v2\/product\/23010","targetHints":{"allow":["GET"]}}],"collection":[{"href":"https:\/\/maiersgoldschmiede.com\/en\/wp-json\/wp\/v2\/product"}],"about":[{"href":"https:\/\/maiersgoldschmiede.com\/en\/wp-json\/wp\/v2\/types\/product"}],"wp:featuredmedia":[{"embeddable":true,"href":"https:\/\/maiersgoldschmiede.com\/en\/wp-json\/wp\/v2\/media\/23023"}],"wp:attachment":[{"href":"https:\/\/maiersgoldschmiede.com\/en\/wp-json\/wp\/v2\/media?parent=23010"}],"wp:term":[{"taxonomy":"product_brand","embeddable":true,"href":"https:\/\/maiersgoldschmiede.com\/en\/wp-json\/wp\/v2\/product_brand?post=23010"},{"taxonomy":"product_cat","embeddable":true,"href":"https:\/\/maiersgoldschmiede.com\/en\/wp-json\/wp\/v2\/product_cat?post=23010"},{"taxonomy":"product_tag","embeddable":true,"href":"https:\/\/maiersgoldschmiede.com\/en\/wp-json\/wp\/v2\/product_tag?post=23010"}],"curies":[{"name":"wp","href":"https:\/\/api.w.org\/{rel}","templated":true}]}}