{"id":3704,"date":"2018-09-02T12:05:47","date_gmt":"2018-09-02T10:05:47","guid":{"rendered":"https:\/\/maiersgoldschmiede.com\/?post_type=product&#038;p=3704"},"modified":"2019-01-25T11:06:43","modified_gmt":"2019-01-25T10:06:43","slug":"golfer-schluesselanhaenger-stilisiert","status":"publish","type":"product","link":"https:\/\/maiersgoldschmiede.com\/en\/shop\/golfer-schluesselanhaenger-stilisiert\/","title":{"rendered":"Golfer Schl\u00fcsselanh\u00e4nger stilisiert"},"content":{"rendered":"<p>Schl\u00fcsselanh\u00e4nger in 925 Silber,\u00a0115\u00a0 x 25 mm.<\/p>\n<p>Golfer:\u00a0 40 x\u00a0 15 mm<\/p>\n<p>Gewicht: 22 gr.<\/p>\n<p>&nbsp;<\/p>\n","protected":false},"excerpt":{"rendered":"<p>Schl\u00fcsselanh\u00e4nger in 925 Silber,\u00a0115\u00a0 x 25 mm. Golfer:\u00a0 40 x\u00a0 15 mm Gewicht: 22 gr. &nbsp;<\/p>\n","protected":false},"featured_media":3705,"template":"","meta":{"_exactmetrics_skip_tracking":false,"_exactmetrics_sitenote_active":false,"_exactmetrics_sitenote_note":"","_exactmetrics_sitenote_category":0},"product_brand":[],"product_cat":[237,509,229,183,576],"product_tag":[243,226,244],"class_list":{"0":"post-3704","1":"product","2":"type-product","3":"status-publish","4":"has-post-thumbnail","6":"product_cat-golf-schmuck","7":"product_cat-herrenschmuck","8":"product_cat-neuheiten","9":"product_cat-schluesselanhaenger","10":"product_cat-silber","11":"product_tag-golfer","12":"product_tag-schluesselanhaenger","13":"product_tag-stilisiert","14":"pa_collection-golf-collection","15":"pa_material-silber","16":"pa_material-vergoldet","18":"first","19":"instock","20":"taxable","21":"shipping-taxable","22":"purchasable","23":"product-type-variable","24":"prodpage-style3"},"yoast_head":"<!-- This site is optimized with the Yoast SEO plugin v26.1.1 - https:\/\/yoast.com\/wordpress\/plugins\/seo\/ -->\n<title>Golfer Schl\u00fcsselanh\u00e4nger stilisiert - Maiers Goldschmiede<\/title>\n<meta name=\"robots\" content=\"index, follow, max-snippet:-1, max-image-preview:large, max-video-preview:-1\" \/>\n<link rel=\"canonical\" href=\"https:\/\/maiersgoldschmiede.com\/shop\/golfer-schluesselanhaenger-stilisiert\/\" \/>\n<meta property=\"og:locale\" content=\"en_US\" \/>\n<meta property=\"og:type\" content=\"article\" \/>\n<meta property=\"og:title\" content=\"Golfer Schl\u00fcsselanh\u00e4nger stilisiert - Maiers Goldschmiede\" \/>\n<meta property=\"og:description\" content=\"Schl\u00fcsselanh\u00e4nger in 925 Silber,\u00a0115\u00a0 x 25 mm. Golfer:\u00a0 40 x\u00a0 15 mm Gewicht: 22 gr. &nbsp;\" \/>\n<meta property=\"og:url\" content=\"https:\/\/maiersgoldschmiede.com\/shop\/golfer-schluesselanhaenger-stilisiert\/\" \/>\n<meta property=\"og:site_name\" content=\"Maiers Goldschmiede\" \/>\n<meta property=\"article:publisher\" content=\"https:\/\/www.facebook.com\/MaiersGoldschmiede\" \/>\n<meta property=\"article:modified_time\" content=\"2019-01-25T10:06:43+00:00\" \/>\n<meta property=\"og:image\" content=\"https:\/\/maiersgoldschmiede.com\/wp-content\/uploads\/2018\/09\/101_.jpg\" \/>\n\t<meta property=\"og:image:width\" content=\"1107\" \/>\n\t<meta property=\"og:image:height\" content=\"1200\" \/>\n\t<meta property=\"og:image:type\" content=\"image\/jpeg\" \/>\n<meta name=\"twitter:card\" content=\"summary_large_image\" \/>\n<script type=\"application\/ld+json\" class=\"yoast-schema-graph\">{\"@context\":\"https:\/\/schema.org\",\"@graph\":[{\"@type\":\"WebPage\",\"@id\":\"https:\/\/maiersgoldschmiede.com\/shop\/golfer-schluesselanhaenger-stilisiert\/\",\"url\":\"https:\/\/maiersgoldschmiede.com\/shop\/golfer-schluesselanhaenger-stilisiert\/\",\"name\":\"Golfer Schl\u00fcsselanh\u00e4nger stilisiert - Maiers Goldschmiede\",\"isPartOf\":{\"@id\":\"https:\/\/maiersgoldschmiede.com\/es\/#website\"},\"primaryImageOfPage\":{\"@id\":\"https:\/\/maiersgoldschmiede.com\/shop\/golfer-schluesselanhaenger-stilisiert\/#primaryimage\"},\"image\":{\"@id\":\"https:\/\/maiersgoldschmiede.com\/shop\/golfer-schluesselanhaenger-stilisiert\/#primaryimage\"},\"thumbnailUrl\":\"https:\/\/maiersgoldschmiede.com\/wp-content\/uploads\/2018\/09\/101_.jpg\",\"datePublished\":\"2018-09-02T10:05:47+00:00\",\"dateModified\":\"2019-01-25T10:06:43+00:00\",\"breadcrumb\":{\"@id\":\"https:\/\/maiersgoldschmiede.com\/shop\/golfer-schluesselanhaenger-stilisiert\/#breadcrumb\"},\"inLanguage\":\"en-US\",\"potentialAction\":[{\"@type\":\"ReadAction\",\"target\":[\"https:\/\/maiersgoldschmiede.com\/shop\/golfer-schluesselanhaenger-stilisiert\/\"]}]},{\"@type\":\"ImageObject\",\"inLanguage\":\"en-US\",\"@id\":\"https:\/\/maiersgoldschmiede.com\/shop\/golfer-schluesselanhaenger-stilisiert\/#primaryimage\",\"url\":\"https:\/\/maiersgoldschmiede.com\/wp-content\/uploads\/2018\/09\/101_.jpg\",\"contentUrl\":\"https:\/\/maiersgoldschmiede.com\/wp-content\/uploads\/2018\/09\/101_.jpg\",\"width\":1107,\"height\":1200,\"caption\":\"Golfer Schl\u00fcsselanh\u00e4nger stilisiert\"},{\"@type\":\"BreadcrumbList\",\"@id\":\"https:\/\/maiersgoldschmiede.com\/shop\/golfer-schluesselanhaenger-stilisiert\/#breadcrumb\",\"itemListElement\":[{\"@type\":\"ListItem\",\"position\":1,\"name\":\"Startseite\",\"item\":\"https:\/\/maiersgoldschmiede.com\/\"},{\"@type\":\"ListItem\",\"position\":2,\"name\":\"Maiers Goldsmith Shop\",\"item\":\"https:\/\/maiersgoldschmiede.com\/en\/maiers-goldsmith-shop\/\"},{\"@type\":\"ListItem\",\"position\":3,\"name\":\"Golfer Schl\u00fcsselanh\u00e4nger stilisiert\"}]},{\"@type\":\"WebSite\",\"@id\":\"https:\/\/maiersgoldschmiede.com\/es\/#website\",\"url\":\"https:\/\/maiersgoldschmiede.com\/es\/\",\"name\":\"Maiers Goldschmiede\",\"description\":\"Ibiza Goldschmied Werkstatt \u2013 Atelier\",\"publisher\":{\"@id\":\"https:\/\/maiersgoldschmiede.com\/es\/#organization\"},\"potentialAction\":[{\"@type\":\"SearchAction\",\"target\":{\"@type\":\"EntryPoint\",\"urlTemplate\":\"https:\/\/maiersgoldschmiede.com\/es\/?s={search_term_string}\"},\"query-input\":{\"@type\":\"PropertyValueSpecification\",\"valueRequired\":true,\"valueName\":\"search_term_string\"}}],\"inLanguage\":\"en-US\"},{\"@type\":\"Organization\",\"@id\":\"https:\/\/maiersgoldschmiede.com\/es\/#organization\",\"name\":\"Maiers Goldschmiede Ibiza\",\"url\":\"https:\/\/maiersgoldschmiede.com\/es\/\",\"logo\":{\"@type\":\"ImageObject\",\"inLanguage\":\"en-US\",\"@id\":\"https:\/\/maiersgoldschmiede.com\/es\/#\/schema\/logo\/image\/\",\"url\":\"https:\/\/maiersgoldschmiede.com\/wp-content\/uploads\/2017\/05\/logo2.png\",\"contentUrl\":\"https:\/\/maiersgoldschmiede.com\/wp-content\/uploads\/2017\/05\/logo2.png\",\"width\":150,\"height\":116,\"caption\":\"Maiers Goldschmiede Ibiza\"},\"image\":{\"@id\":\"https:\/\/maiersgoldschmiede.com\/es\/#\/schema\/logo\/image\/\"},\"sameAs\":[\"https:\/\/www.facebook.com\/MaiersGoldschmiede\",\"https:\/\/www.instagram.com\/maier.reinhard\"]}]}<\/script>\n<!-- \/ Yoast SEO plugin. -->","yoast_head_json":{"title":"Golfer Schl\u00fcsselanh\u00e4nger stilisiert - Maiers Goldschmiede","robots":{"index":"index","follow":"follow","max-snippet":"max-snippet:-1","max-image-preview":"max-image-preview:large","max-video-preview":"max-video-preview:-1"},"canonical":"https:\/\/maiersgoldschmiede.com\/shop\/golfer-schluesselanhaenger-stilisiert\/","og_locale":"en_US","og_type":"article","og_title":"Golfer Schl\u00fcsselanh\u00e4nger stilisiert - Maiers Goldschmiede","og_description":"Schl\u00fcsselanh\u00e4nger in 925 Silber,\u00a0115\u00a0 x 25 mm. Golfer:\u00a0 40 x\u00a0 15 mm Gewicht: 22 gr. &nbsp;","og_url":"https:\/\/maiersgoldschmiede.com\/shop\/golfer-schluesselanhaenger-stilisiert\/","og_site_name":"Maiers Goldschmiede","article_publisher":"https:\/\/www.facebook.com\/MaiersGoldschmiede","article_modified_time":"2019-01-25T10:06:43+00:00","og_image":[{"width":1107,"height":1200,"url":"https:\/\/maiersgoldschmiede.com\/wp-content\/uploads\/2018\/09\/101_.jpg","type":"image\/jpeg"}],"twitter_card":"summary_large_image","schema":{"@context":"https:\/\/schema.org","@graph":[{"@type":"WebPage","@id":"https:\/\/maiersgoldschmiede.com\/shop\/golfer-schluesselanhaenger-stilisiert\/","url":"https:\/\/maiersgoldschmiede.com\/shop\/golfer-schluesselanhaenger-stilisiert\/","name":"Golfer Schl\u00fcsselanh\u00e4nger stilisiert - Maiers Goldschmiede","isPartOf":{"@id":"https:\/\/maiersgoldschmiede.com\/es\/#website"},"primaryImageOfPage":{"@id":"https:\/\/maiersgoldschmiede.com\/shop\/golfer-schluesselanhaenger-stilisiert\/#primaryimage"},"image":{"@id":"https:\/\/maiersgoldschmiede.com\/shop\/golfer-schluesselanhaenger-stilisiert\/#primaryimage"},"thumbnailUrl":"https:\/\/maiersgoldschmiede.com\/wp-content\/uploads\/2018\/09\/101_.jpg","datePublished":"2018-09-02T10:05:47+00:00","dateModified":"2019-01-25T10:06:43+00:00","breadcrumb":{"@id":"https:\/\/maiersgoldschmiede.com\/shop\/golfer-schluesselanhaenger-stilisiert\/#breadcrumb"},"inLanguage":"en-US","potentialAction":[{"@type":"ReadAction","target":["https:\/\/maiersgoldschmiede.com\/shop\/golfer-schluesselanhaenger-stilisiert\/"]}]},{"@type":"ImageObject","inLanguage":"en-US","@id":"https:\/\/maiersgoldschmiede.com\/shop\/golfer-schluesselanhaenger-stilisiert\/#primaryimage","url":"https:\/\/maiersgoldschmiede.com\/wp-content\/uploads\/2018\/09\/101_.jpg","contentUrl":"https:\/\/maiersgoldschmiede.com\/wp-content\/uploads\/2018\/09\/101_.jpg","width":1107,"height":1200,"caption":"Golfer Schl\u00fcsselanh\u00e4nger stilisiert"},{"@type":"BreadcrumbList","@id":"https:\/\/maiersgoldschmiede.com\/shop\/golfer-schluesselanhaenger-stilisiert\/#breadcrumb","itemListElement":[{"@type":"ListItem","position":1,"name":"Startseite","item":"https:\/\/maiersgoldschmiede.com\/"},{"@type":"ListItem","position":2,"name":"Maiers Goldsmith Shop","item":"https:\/\/maiersgoldschmiede.com\/en\/maiers-goldsmith-shop\/"},{"@type":"ListItem","position":3,"name":"Golfer Schl\u00fcsselanh\u00e4nger stilisiert"}]},{"@type":"WebSite","@id":"https:\/\/maiersgoldschmiede.com\/es\/#website","url":"https:\/\/maiersgoldschmiede.com\/es\/","name":"Maiers Goldschmiede","description":"Ibiza Goldschmied Werkstatt \u2013 Atelier","publisher":{"@id":"https:\/\/maiersgoldschmiede.com\/es\/#organization"},"potentialAction":[{"@type":"SearchAction","target":{"@type":"EntryPoint","urlTemplate":"https:\/\/maiersgoldschmiede.com\/es\/?s={search_term_string}"},"query-input":{"@type":"PropertyValueSpecification","valueRequired":true,"valueName":"search_term_string"}}],"inLanguage":"en-US"},{"@type":"Organization","@id":"https:\/\/maiersgoldschmiede.com\/es\/#organization","name":"Maiers Goldschmiede Ibiza","url":"https:\/\/maiersgoldschmiede.com\/es\/","logo":{"@type":"ImageObject","inLanguage":"en-US","@id":"https:\/\/maiersgoldschmiede.com\/es\/#\/schema\/logo\/image\/","url":"https:\/\/maiersgoldschmiede.com\/wp-content\/uploads\/2017\/05\/logo2.png","contentUrl":"https:\/\/maiersgoldschmiede.com\/wp-content\/uploads\/2017\/05\/logo2.png","width":150,"height":116,"caption":"Maiers Goldschmiede Ibiza"},"image":{"@id":"https:\/\/maiersgoldschmiede.com\/es\/#\/schema\/logo\/image\/"},"sameAs":["https:\/\/www.facebook.com\/MaiersGoldschmiede","https:\/\/www.instagram.com\/maier.reinhard"]}]}},"_links":{"self":[{"href":"https:\/\/maiersgoldschmiede.com\/en\/wp-json\/wp\/v2\/product\/3704","targetHints":{"allow":["GET"]}}],"collection":[{"href":"https:\/\/maiersgoldschmiede.com\/en\/wp-json\/wp\/v2\/product"}],"about":[{"href":"https:\/\/maiersgoldschmiede.com\/en\/wp-json\/wp\/v2\/types\/product"}],"wp:featuredmedia":[{"embeddable":true,"href":"https:\/\/maiersgoldschmiede.com\/en\/wp-json\/wp\/v2\/media\/3705"}],"wp:attachment":[{"href":"https:\/\/maiersgoldschmiede.com\/en\/wp-json\/wp\/v2\/media?parent=3704"}],"wp:term":[{"taxonomy":"product_brand","embeddable":true,"href":"https:\/\/maiersgoldschmiede.com\/en\/wp-json\/wp\/v2\/product_brand?post=3704"},{"taxonomy":"product_cat","embeddable":true,"href":"https:\/\/maiersgoldschmiede.com\/en\/wp-json\/wp\/v2\/product_cat?post=3704"},{"taxonomy":"product_tag","embeddable":true,"href":"https:\/\/maiersgoldschmiede.com\/en\/wp-json\/wp\/v2\/product_tag?post=3704"}],"curies":[{"name":"wp","href":"https:\/\/api.w.org\/{rel}","templated":true}]}}