{"id":4356,"date":"2018-11-08T11:04:18","date_gmt":"2018-11-08T10:04:18","guid":{"rendered":"https:\/\/maiersgoldschmiede.com\/?post_type=product&#038;p=4356"},"modified":"2019-01-25T09:46:33","modified_gmt":"2019-01-25T08:46:33","slug":"ibiza-armband-in-3-d-kopie","status":"publish","type":"product","link":"https:\/\/maiersgoldschmiede.com\/en\/shop\/ibiza-armband-in-3-d-kopie\/","title":{"rendered":"Ibiza Armband in 3 D"},"content":{"rendered":"<p>Ibiza in 3 D 925 Silber &#8211; Gold plattiert, Gr\u00f6\u00dfe: 35 x 22 mm,<\/p>\n<p>Ovale Platte: 925 Silber, Gr\u00f6\u00dfe: 43 x 30 mm, St\u00e4rke: 1,5 mm<\/p>\n<div id=\"cc-shop-product-desc-text-11796503927\" class=\"description\">\n<p>Band aus rei\u00dffestem schwarzem Elastofix,\u00a0 stufenlos verstellbar.<\/p>\n<p>Gwicht: 32 gr.<\/p>\n<\/div>\n","protected":false},"excerpt":{"rendered":"<p>Ibiza in 3 D 925 Silber &#8211; Gold plattiert, Gr\u00f6\u00dfe: 35 x 22 mm, Ovale Platte: 925 Silber, Gr\u00f6\u00dfe: 43 x 30 mm, St\u00e4rke: 1,5 mm Band aus rei\u00dffestem schwarzem Elastofix,\u00a0 stufenlos verstellbar. Gwicht: 32 gr.<\/p>\n","protected":false},"featured_media":4357,"template":"","meta":{"_exactmetrics_skip_tracking":false,"_exactmetrics_sitenote_active":false,"_exactmetrics_sitenote_note":"","_exactmetrics_sitenote_category":0},"product_brand":[],"product_cat":[515,508,509,547,229,576],"product_tag":[85,83,65],"class_list":{"0":"post-4356","1":"product","2":"type-product","3":"status-publish","4":"has-post-thumbnail","6":"product_cat-armbaender-armreifen","7":"product_cat-damenschmuck","8":"product_cat-herrenschmuck","9":"product_cat-ibiza-collection","10":"product_cat-neuheiten","11":"product_cat-silber","12":"product_tag-3d","13":"product_tag-armband","14":"product_tag-ibiza","15":"pa_collection-ibiza-collection","17":"first","18":"instock","19":"taxable","20":"shipping-taxable","21":"purchasable","22":"product-type-simple","23":"prodpage-style3"},"yoast_head":"<!-- This site is optimized with the Yoast SEO plugin v26.1.1 - https:\/\/yoast.com\/wordpress\/plugins\/seo\/ -->\n<title>Ibiza Armband in 3 D - Maiers Goldschmiede<\/title>\n<meta name=\"robots\" content=\"index, follow, max-snippet:-1, max-image-preview:large, max-video-preview:-1\" \/>\n<link rel=\"canonical\" href=\"https:\/\/maiersgoldschmiede.com\/shop\/ibiza-armband-in-3-d-kopie\/\" \/>\n<meta property=\"og:locale\" content=\"en_US\" \/>\n<meta property=\"og:type\" content=\"article\" \/>\n<meta property=\"og:title\" content=\"Ibiza Armband in 3 D - Maiers Goldschmiede\" \/>\n<meta property=\"og:description\" content=\"Ibiza in 3 D 925 Silber &#8211; Gold plattiert, Gr\u00f6\u00dfe: 35 x 22 mm, Ovale Platte: 925 Silber, Gr\u00f6\u00dfe: 43 x 30 mm, St\u00e4rke: 1,5 mm Band aus rei\u00dffestem schwarzem Elastofix,\u00a0 stufenlos verstellbar. Gwicht: 32 gr.\" \/>\n<meta property=\"og:url\" content=\"https:\/\/maiersgoldschmiede.com\/shop\/ibiza-armband-in-3-d-kopie\/\" \/>\n<meta property=\"og:site_name\" content=\"Maiers Goldschmiede\" \/>\n<meta property=\"article:publisher\" content=\"https:\/\/www.facebook.com\/MaiersGoldschmiede\" \/>\n<meta property=\"article:modified_time\" content=\"2019-01-25T08:46:33+00:00\" \/>\n<meta property=\"og:image\" content=\"https:\/\/maiersgoldschmiede.com\/wp-content\/uploads\/2018\/11\/Ibiza-3D-Armband-gro\u00df-1.jpg\" \/>\n\t<meta property=\"og:image:width\" content=\"1200\" \/>\n\t<meta property=\"og:image:height\" content=\"1182\" \/>\n\t<meta property=\"og:image:type\" content=\"image\/jpeg\" \/>\n<meta name=\"twitter:card\" content=\"summary_large_image\" \/>\n<script type=\"application\/ld+json\" class=\"yoast-schema-graph\">{\"@context\":\"https:\/\/schema.org\",\"@graph\":[{\"@type\":\"WebPage\",\"@id\":\"https:\/\/maiersgoldschmiede.com\/shop\/ibiza-armband-in-3-d-kopie\/\",\"url\":\"https:\/\/maiersgoldschmiede.com\/shop\/ibiza-armband-in-3-d-kopie\/\",\"name\":\"Ibiza Armband in 3 D - Maiers Goldschmiede\",\"isPartOf\":{\"@id\":\"https:\/\/maiersgoldschmiede.com\/es\/#website\"},\"primaryImageOfPage\":{\"@id\":\"https:\/\/maiersgoldschmiede.com\/shop\/ibiza-armband-in-3-d-kopie\/#primaryimage\"},\"image\":{\"@id\":\"https:\/\/maiersgoldschmiede.com\/shop\/ibiza-armband-in-3-d-kopie\/#primaryimage\"},\"thumbnailUrl\":\"https:\/\/maiersgoldschmiede.com\/wp-content\/uploads\/2018\/11\/Ibiza-3D-Armband-gro\u00df-1.jpg\",\"datePublished\":\"2018-11-08T10:04:18+00:00\",\"dateModified\":\"2019-01-25T08:46:33+00:00\",\"breadcrumb\":{\"@id\":\"https:\/\/maiersgoldschmiede.com\/shop\/ibiza-armband-in-3-d-kopie\/#breadcrumb\"},\"inLanguage\":\"en-US\",\"potentialAction\":[{\"@type\":\"ReadAction\",\"target\":[\"https:\/\/maiersgoldschmiede.com\/shop\/ibiza-armband-in-3-d-kopie\/\"]}]},{\"@type\":\"ImageObject\",\"inLanguage\":\"en-US\",\"@id\":\"https:\/\/maiersgoldschmiede.com\/shop\/ibiza-armband-in-3-d-kopie\/#primaryimage\",\"url\":\"https:\/\/maiersgoldschmiede.com\/wp-content\/uploads\/2018\/11\/Ibiza-3D-Armband-gro\u00df-1.jpg\",\"contentUrl\":\"https:\/\/maiersgoldschmiede.com\/wp-content\/uploads\/2018\/11\/Ibiza-3D-Armband-gro\u00df-1.jpg\",\"width\":1200,\"height\":1182,\"caption\":\"Ibiza 3D Armband\"},{\"@type\":\"BreadcrumbList\",\"@id\":\"https:\/\/maiersgoldschmiede.com\/shop\/ibiza-armband-in-3-d-kopie\/#breadcrumb\",\"itemListElement\":[{\"@type\":\"ListItem\",\"position\":1,\"name\":\"Startseite\",\"item\":\"https:\/\/maiersgoldschmiede.com\/\"},{\"@type\":\"ListItem\",\"position\":2,\"name\":\"Maiers Goldsmith Shop\",\"item\":\"https:\/\/maiersgoldschmiede.com\/en\/maiers-goldsmith-shop\/\"},{\"@type\":\"ListItem\",\"position\":3,\"name\":\"Ibiza Armband in 3 D\"}]},{\"@type\":\"WebSite\",\"@id\":\"https:\/\/maiersgoldschmiede.com\/es\/#website\",\"url\":\"https:\/\/maiersgoldschmiede.com\/es\/\",\"name\":\"Maiers Goldschmiede\",\"description\":\"Ibiza Goldschmied Werkstatt \u2013 Atelier\",\"publisher\":{\"@id\":\"https:\/\/maiersgoldschmiede.com\/es\/#organization\"},\"potentialAction\":[{\"@type\":\"SearchAction\",\"target\":{\"@type\":\"EntryPoint\",\"urlTemplate\":\"https:\/\/maiersgoldschmiede.com\/es\/?s={search_term_string}\"},\"query-input\":{\"@type\":\"PropertyValueSpecification\",\"valueRequired\":true,\"valueName\":\"search_term_string\"}}],\"inLanguage\":\"en-US\"},{\"@type\":\"Organization\",\"@id\":\"https:\/\/maiersgoldschmiede.com\/es\/#organization\",\"name\":\"Maiers Goldschmiede Ibiza\",\"url\":\"https:\/\/maiersgoldschmiede.com\/es\/\",\"logo\":{\"@type\":\"ImageObject\",\"inLanguage\":\"en-US\",\"@id\":\"https:\/\/maiersgoldschmiede.com\/es\/#\/schema\/logo\/image\/\",\"url\":\"https:\/\/maiersgoldschmiede.com\/wp-content\/uploads\/2017\/05\/logo2.png\",\"contentUrl\":\"https:\/\/maiersgoldschmiede.com\/wp-content\/uploads\/2017\/05\/logo2.png\",\"width\":150,\"height\":116,\"caption\":\"Maiers Goldschmiede Ibiza\"},\"image\":{\"@id\":\"https:\/\/maiersgoldschmiede.com\/es\/#\/schema\/logo\/image\/\"},\"sameAs\":[\"https:\/\/www.facebook.com\/MaiersGoldschmiede\",\"https:\/\/www.instagram.com\/maier.reinhard\"]}]}<\/script>\n<!-- \/ Yoast SEO plugin. -->","yoast_head_json":{"title":"Ibiza Armband in 3 D - Maiers Goldschmiede","robots":{"index":"index","follow":"follow","max-snippet":"max-snippet:-1","max-image-preview":"max-image-preview:large","max-video-preview":"max-video-preview:-1"},"canonical":"https:\/\/maiersgoldschmiede.com\/shop\/ibiza-armband-in-3-d-kopie\/","og_locale":"en_US","og_type":"article","og_title":"Ibiza Armband in 3 D - Maiers Goldschmiede","og_description":"Ibiza in 3 D 925 Silber &#8211; Gold plattiert, Gr\u00f6\u00dfe: 35 x 22 mm, Ovale Platte: 925 Silber, Gr\u00f6\u00dfe: 43 x 30 mm, St\u00e4rke: 1,5 mm Band aus rei\u00dffestem schwarzem Elastofix,\u00a0 stufenlos verstellbar. Gwicht: 32 gr.","og_url":"https:\/\/maiersgoldschmiede.com\/shop\/ibiza-armband-in-3-d-kopie\/","og_site_name":"Maiers Goldschmiede","article_publisher":"https:\/\/www.facebook.com\/MaiersGoldschmiede","article_modified_time":"2019-01-25T08:46:33+00:00","og_image":[{"width":1200,"height":1182,"url":"https:\/\/maiersgoldschmiede.com\/wp-content\/uploads\/2018\/11\/Ibiza-3D-Armband-gro\u00df-1.jpg","type":"image\/jpeg"}],"twitter_card":"summary_large_image","schema":{"@context":"https:\/\/schema.org","@graph":[{"@type":"WebPage","@id":"https:\/\/maiersgoldschmiede.com\/shop\/ibiza-armband-in-3-d-kopie\/","url":"https:\/\/maiersgoldschmiede.com\/shop\/ibiza-armband-in-3-d-kopie\/","name":"Ibiza Armband in 3 D - Maiers Goldschmiede","isPartOf":{"@id":"https:\/\/maiersgoldschmiede.com\/es\/#website"},"primaryImageOfPage":{"@id":"https:\/\/maiersgoldschmiede.com\/shop\/ibiza-armband-in-3-d-kopie\/#primaryimage"},"image":{"@id":"https:\/\/maiersgoldschmiede.com\/shop\/ibiza-armband-in-3-d-kopie\/#primaryimage"},"thumbnailUrl":"https:\/\/maiersgoldschmiede.com\/wp-content\/uploads\/2018\/11\/Ibiza-3D-Armband-gro\u00df-1.jpg","datePublished":"2018-11-08T10:04:18+00:00","dateModified":"2019-01-25T08:46:33+00:00","breadcrumb":{"@id":"https:\/\/maiersgoldschmiede.com\/shop\/ibiza-armband-in-3-d-kopie\/#breadcrumb"},"inLanguage":"en-US","potentialAction":[{"@type":"ReadAction","target":["https:\/\/maiersgoldschmiede.com\/shop\/ibiza-armband-in-3-d-kopie\/"]}]},{"@type":"ImageObject","inLanguage":"en-US","@id":"https:\/\/maiersgoldschmiede.com\/shop\/ibiza-armband-in-3-d-kopie\/#primaryimage","url":"https:\/\/maiersgoldschmiede.com\/wp-content\/uploads\/2018\/11\/Ibiza-3D-Armband-gro\u00df-1.jpg","contentUrl":"https:\/\/maiersgoldschmiede.com\/wp-content\/uploads\/2018\/11\/Ibiza-3D-Armband-gro\u00df-1.jpg","width":1200,"height":1182,"caption":"Ibiza 3D Armband"},{"@type":"BreadcrumbList","@id":"https:\/\/maiersgoldschmiede.com\/shop\/ibiza-armband-in-3-d-kopie\/#breadcrumb","itemListElement":[{"@type":"ListItem","position":1,"name":"Startseite","item":"https:\/\/maiersgoldschmiede.com\/"},{"@type":"ListItem","position":2,"name":"Maiers Goldsmith Shop","item":"https:\/\/maiersgoldschmiede.com\/en\/maiers-goldsmith-shop\/"},{"@type":"ListItem","position":3,"name":"Ibiza Armband in 3 D"}]},{"@type":"WebSite","@id":"https:\/\/maiersgoldschmiede.com\/es\/#website","url":"https:\/\/maiersgoldschmiede.com\/es\/","name":"Maiers Goldschmiede","description":"Ibiza Goldschmied Werkstatt \u2013 Atelier","publisher":{"@id":"https:\/\/maiersgoldschmiede.com\/es\/#organization"},"potentialAction":[{"@type":"SearchAction","target":{"@type":"EntryPoint","urlTemplate":"https:\/\/maiersgoldschmiede.com\/es\/?s={search_term_string}"},"query-input":{"@type":"PropertyValueSpecification","valueRequired":true,"valueName":"search_term_string"}}],"inLanguage":"en-US"},{"@type":"Organization","@id":"https:\/\/maiersgoldschmiede.com\/es\/#organization","name":"Maiers Goldschmiede Ibiza","url":"https:\/\/maiersgoldschmiede.com\/es\/","logo":{"@type":"ImageObject","inLanguage":"en-US","@id":"https:\/\/maiersgoldschmiede.com\/es\/#\/schema\/logo\/image\/","url":"https:\/\/maiersgoldschmiede.com\/wp-content\/uploads\/2017\/05\/logo2.png","contentUrl":"https:\/\/maiersgoldschmiede.com\/wp-content\/uploads\/2017\/05\/logo2.png","width":150,"height":116,"caption":"Maiers Goldschmiede Ibiza"},"image":{"@id":"https:\/\/maiersgoldschmiede.com\/es\/#\/schema\/logo\/image\/"},"sameAs":["https:\/\/www.facebook.com\/MaiersGoldschmiede","https:\/\/www.instagram.com\/maier.reinhard"]}]}},"_links":{"self":[{"href":"https:\/\/maiersgoldschmiede.com\/en\/wp-json\/wp\/v2\/product\/4356","targetHints":{"allow":["GET"]}}],"collection":[{"href":"https:\/\/maiersgoldschmiede.com\/en\/wp-json\/wp\/v2\/product"}],"about":[{"href":"https:\/\/maiersgoldschmiede.com\/en\/wp-json\/wp\/v2\/types\/product"}],"wp:featuredmedia":[{"embeddable":true,"href":"https:\/\/maiersgoldschmiede.com\/en\/wp-json\/wp\/v2\/media\/4357"}],"wp:attachment":[{"href":"https:\/\/maiersgoldschmiede.com\/en\/wp-json\/wp\/v2\/media?parent=4356"}],"wp:term":[{"taxonomy":"product_brand","embeddable":true,"href":"https:\/\/maiersgoldschmiede.com\/en\/wp-json\/wp\/v2\/product_brand?post=4356"},{"taxonomy":"product_cat","embeddable":true,"href":"https:\/\/maiersgoldschmiede.com\/en\/wp-json\/wp\/v2\/product_cat?post=4356"},{"taxonomy":"product_tag","embeddable":true,"href":"https:\/\/maiersgoldschmiede.com\/en\/wp-json\/wp\/v2\/product_tag?post=4356"}],"curies":[{"name":"wp","href":"https:\/\/api.w.org\/{rel}","templated":true}]}}