{"id":7192,"date":"2019-03-31T22:27:42","date_gmt":"2019-03-31T20:27:42","guid":{"rendered":"https:\/\/maiersgoldschmiede.com\/los-metales-preciosos\/"},"modified":"2019-03-31T22:27:42","modified_gmt":"2019-03-31T20:27:42","slug":"los-metales-preciosos","status":"publish","type":"page","link":"https:\/\/maiersgoldschmiede.com\/es\/los-metales-preciosos\/","title":{"rendered":"Los metales preciosos"},"content":{"rendered":"<p><strong>Artesan\u00eda de orfebrer\u00eda antigua.<\/strong><\/p>\n<p>Nuestra especialidad es el procesamiento de metales preciosos puros. A trav\u00e9s del arte de la orfebrer\u00eda, condensamos el metal puro para lograr la dureza necesaria para la joyer\u00eda. Una vieja t\u00e9cnica de orfebrer\u00eda con la que podemos hacer piezas \u00fanicas \u00fanicas de joyer\u00eda en nuestro taller.<\/p>\n<p><strong>Metales preciosos en estado puro.<\/strong><\/p>\n<p>Puro metal precioso cambia de color, dependiendo de la luz y la temperatura. La cl\u00e1sica t\u00e9cnica de orfebrer\u00eda tradicional que utilizamos se utiliza para endurecer los metales preciosos puros para hacerlos port\u00e1tiles.<\/p>\n<p><strong>Oro Puro (FAu 999)<\/strong><\/p>\n<p>Como elemento c\u00e1lido, el oro fino brilla en tonos naranja a rojizos seg\u00fan la luz.<\/p>\n<p><strong>Platino Puro (FPt 999)<\/strong><\/p>\n<p>Elementos frescos como el platino puro brillan ligeramente blanco azulado en la luz.<\/p>\n<p><strong>Paladio Puro (FPd 999)<\/strong><\/p>\n<p>El color del paladio fino es gris-blanco. El paladio fino es ligeramente m\u00e1s oscuro que el platino fino.<\/p>\n<p><strong>Plata Pura (FAg 999)<\/strong><\/p>\n<p>La plata fina es el m\u00e1s brillante de todos los metales preciosos puros.<\/p>\n<p>Tambi\u00e9n procesamos metales preciosos aleados est\u00e1ndar en nuestro taller.<\/p>\n<p><strong>Anillo de compromiso<\/strong><\/p>\n<p>El amor es m\u00e1s que una palabra. Tambi\u00e9n incluye emociones, momentos compartidos, confianza y lealtad, y los anillos de compromiso ideales. Tenemos muchos a\u00f1os de experiencia, la empat\u00eda y la creatividad necesarias para incorporar sus deseos en el dise\u00f1o de sus anillos de compromiso. Los anillos de boda muy especiales, ya sean de metales preciosos puros oro, platino, paladio y plata, se producen individualmente en nuestro propio taller de orfebrer\u00eda<\/p>\n","protected":false},"excerpt":{"rendered":"<p>Artesan\u00eda de orfebrer\u00eda antigua. Nuestra especialidad es el procesamiento de metales preciosos puros. A trav\u00e9s del arte de la orfebrer\u00eda, condensamos el metal puro para lograr la dureza necesaria para la joyer\u00eda. Una vieja t\u00e9cnica de orfebrer\u00eda con la que podemos hacer piezas \u00fanicas \u00fanicas de joyer\u00eda en nuestro taller. Metales preciosos en estado puro.<\/p>\n","protected":false},"author":1,"featured_media":0,"parent":0,"menu_order":0,"comment_status":"closed","ping_status":"closed","template":"","meta":{"_exactmetrics_skip_tracking":false,"_exactmetrics_sitenote_active":false,"_exactmetrics_sitenote_note":"","_exactmetrics_sitenote_category":0,"footnotes":""},"class_list":["post-7192","page","type-page","status-publish","hentry","prodpage-style3"],"yoast_head":"<!-- This site is optimized with the Yoast SEO plugin v26.1.1 - https:\/\/yoast.com\/wordpress\/plugins\/seo\/ -->\n<title>Los metales preciosos - Maiers Goldschmiede<\/title>\n<meta name=\"robots\" content=\"index, follow, max-snippet:-1, max-image-preview:large, max-video-preview:-1\" \/>\n<link rel=\"canonical\" href=\"https:\/\/maiersgoldschmiede.com\/es\/los-metales-preciosos\/\" \/>\n<meta property=\"og:locale\" content=\"es_ES\" \/>\n<meta property=\"og:type\" content=\"article\" \/>\n<meta property=\"og:title\" content=\"Los metales preciosos - Maiers Goldschmiede\" \/>\n<meta property=\"og:description\" content=\"Artesan\u00eda de orfebrer\u00eda antigua. Nuestra especialidad es el procesamiento de metales preciosos puros. A trav\u00e9s del arte de la orfebrer\u00eda, condensamos el metal puro para lograr la dureza necesaria para la joyer\u00eda. Una vieja t\u00e9cnica de orfebrer\u00eda con la que podemos hacer piezas \u00fanicas \u00fanicas de joyer\u00eda en nuestro taller. Metales preciosos en estado puro.\" \/>\n<meta property=\"og:url\" content=\"https:\/\/maiersgoldschmiede.com\/es\/los-metales-preciosos\/\" \/>\n<meta property=\"og:site_name\" content=\"Maiers Goldschmiede\" \/>\n<meta property=\"article:publisher\" content=\"https:\/\/www.facebook.com\/MaiersGoldschmiede\" \/>\n<meta name=\"twitter:card\" content=\"summary_large_image\" \/>\n<meta name=\"twitter:label1\" content=\"Tiempo de lectura\" \/>\n\t<meta name=\"twitter:data1\" content=\"1 minuto\" \/>\n<script type=\"application\/ld+json\" class=\"yoast-schema-graph\">{\"@context\":\"https:\/\/schema.org\",\"@graph\":[{\"@type\":\"WebPage\",\"@id\":\"https:\/\/maiersgoldschmiede.com\/es\/los-metales-preciosos\/\",\"url\":\"https:\/\/maiersgoldschmiede.com\/es\/los-metales-preciosos\/\",\"name\":\"Los metales preciosos - Maiers Goldschmiede\",\"isPartOf\":{\"@id\":\"https:\/\/maiersgoldschmiede.com\/es\/#website\"},\"datePublished\":\"2019-03-31T20:27:42+00:00\",\"breadcrumb\":{\"@id\":\"https:\/\/maiersgoldschmiede.com\/es\/los-metales-preciosos\/#breadcrumb\"},\"inLanguage\":\"es\",\"potentialAction\":[{\"@type\":\"ReadAction\",\"target\":[\"https:\/\/maiersgoldschmiede.com\/es\/los-metales-preciosos\/\"]}]},{\"@type\":\"BreadcrumbList\",\"@id\":\"https:\/\/maiersgoldschmiede.com\/es\/los-metales-preciosos\/#breadcrumb\",\"itemListElement\":[{\"@type\":\"ListItem\",\"position\":1,\"name\":\"Startseite\",\"item\":\"https:\/\/maiersgoldschmiede.com\/es\/\"},{\"@type\":\"ListItem\",\"position\":2,\"name\":\"Los metales preciosos\"}]},{\"@type\":\"WebSite\",\"@id\":\"https:\/\/maiersgoldschmiede.com\/es\/#website\",\"url\":\"https:\/\/maiersgoldschmiede.com\/es\/\",\"name\":\"Maiers Goldschmiede\",\"description\":\"Ibiza Goldschmied Werkstatt \u2013 Atelier\",\"publisher\":{\"@id\":\"https:\/\/maiersgoldschmiede.com\/es\/#organization\"},\"potentialAction\":[{\"@type\":\"SearchAction\",\"target\":{\"@type\":\"EntryPoint\",\"urlTemplate\":\"https:\/\/maiersgoldschmiede.com\/es\/?s={search_term_string}\"},\"query-input\":{\"@type\":\"PropertyValueSpecification\",\"valueRequired\":true,\"valueName\":\"search_term_string\"}}],\"inLanguage\":\"es\"},{\"@type\":\"Organization\",\"@id\":\"https:\/\/maiersgoldschmiede.com\/es\/#organization\",\"name\":\"Maiers Goldschmiede Ibiza\",\"url\":\"https:\/\/maiersgoldschmiede.com\/es\/\",\"logo\":{\"@type\":\"ImageObject\",\"inLanguage\":\"es\",\"@id\":\"https:\/\/maiersgoldschmiede.com\/es\/#\/schema\/logo\/image\/\",\"url\":\"https:\/\/maiersgoldschmiede.com\/wp-content\/uploads\/2017\/05\/logo2.png\",\"contentUrl\":\"https:\/\/maiersgoldschmiede.com\/wp-content\/uploads\/2017\/05\/logo2.png\",\"width\":150,\"height\":116,\"caption\":\"Maiers Goldschmiede Ibiza\"},\"image\":{\"@id\":\"https:\/\/maiersgoldschmiede.com\/es\/#\/schema\/logo\/image\/\"},\"sameAs\":[\"https:\/\/www.facebook.com\/MaiersGoldschmiede\",\"https:\/\/www.instagram.com\/maier.reinhard\"]}]}<\/script>\n<!-- \/ Yoast SEO plugin. -->","yoast_head_json":{"title":"Los metales preciosos - Maiers Goldschmiede","robots":{"index":"index","follow":"follow","max-snippet":"max-snippet:-1","max-image-preview":"max-image-preview:large","max-video-preview":"max-video-preview:-1"},"canonical":"https:\/\/maiersgoldschmiede.com\/es\/los-metales-preciosos\/","og_locale":"es_ES","og_type":"article","og_title":"Los metales preciosos - Maiers Goldschmiede","og_description":"Artesan\u00eda de orfebrer\u00eda antigua. Nuestra especialidad es el procesamiento de metales preciosos puros. A trav\u00e9s del arte de la orfebrer\u00eda, condensamos el metal puro para lograr la dureza necesaria para la joyer\u00eda. Una vieja t\u00e9cnica de orfebrer\u00eda con la que podemos hacer piezas \u00fanicas \u00fanicas de joyer\u00eda en nuestro taller. Metales preciosos en estado puro.","og_url":"https:\/\/maiersgoldschmiede.com\/es\/los-metales-preciosos\/","og_site_name":"Maiers Goldschmiede","article_publisher":"https:\/\/www.facebook.com\/MaiersGoldschmiede","twitter_card":"summary_large_image","twitter_misc":{"Tiempo de lectura":"1 minuto"},"schema":{"@context":"https:\/\/schema.org","@graph":[{"@type":"WebPage","@id":"https:\/\/maiersgoldschmiede.com\/es\/los-metales-preciosos\/","url":"https:\/\/maiersgoldschmiede.com\/es\/los-metales-preciosos\/","name":"Los metales preciosos - Maiers Goldschmiede","isPartOf":{"@id":"https:\/\/maiersgoldschmiede.com\/es\/#website"},"datePublished":"2019-03-31T20:27:42+00:00","breadcrumb":{"@id":"https:\/\/maiersgoldschmiede.com\/es\/los-metales-preciosos\/#breadcrumb"},"inLanguage":"es","potentialAction":[{"@type":"ReadAction","target":["https:\/\/maiersgoldschmiede.com\/es\/los-metales-preciosos\/"]}]},{"@type":"BreadcrumbList","@id":"https:\/\/maiersgoldschmiede.com\/es\/los-metales-preciosos\/#breadcrumb","itemListElement":[{"@type":"ListItem","position":1,"name":"Startseite","item":"https:\/\/maiersgoldschmiede.com\/es\/"},{"@type":"ListItem","position":2,"name":"Los metales preciosos"}]},{"@type":"WebSite","@id":"https:\/\/maiersgoldschmiede.com\/es\/#website","url":"https:\/\/maiersgoldschmiede.com\/es\/","name":"Maiers Goldschmiede","description":"Ibiza Goldschmied Werkstatt \u2013 Atelier","publisher":{"@id":"https:\/\/maiersgoldschmiede.com\/es\/#organization"},"potentialAction":[{"@type":"SearchAction","target":{"@type":"EntryPoint","urlTemplate":"https:\/\/maiersgoldschmiede.com\/es\/?s={search_term_string}"},"query-input":{"@type":"PropertyValueSpecification","valueRequired":true,"valueName":"search_term_string"}}],"inLanguage":"es"},{"@type":"Organization","@id":"https:\/\/maiersgoldschmiede.com\/es\/#organization","name":"Maiers Goldschmiede Ibiza","url":"https:\/\/maiersgoldschmiede.com\/es\/","logo":{"@type":"ImageObject","inLanguage":"es","@id":"https:\/\/maiersgoldschmiede.com\/es\/#\/schema\/logo\/image\/","url":"https:\/\/maiersgoldschmiede.com\/wp-content\/uploads\/2017\/05\/logo2.png","contentUrl":"https:\/\/maiersgoldschmiede.com\/wp-content\/uploads\/2017\/05\/logo2.png","width":150,"height":116,"caption":"Maiers Goldschmiede Ibiza"},"image":{"@id":"https:\/\/maiersgoldschmiede.com\/es\/#\/schema\/logo\/image\/"},"sameAs":["https:\/\/www.facebook.com\/MaiersGoldschmiede","https:\/\/www.instagram.com\/maier.reinhard"]}]}},"_links":{"self":[{"href":"https:\/\/maiersgoldschmiede.com\/es\/wp-json\/wp\/v2\/pages\/7192","targetHints":{"allow":["GET"]}}],"collection":[{"href":"https:\/\/maiersgoldschmiede.com\/es\/wp-json\/wp\/v2\/pages"}],"about":[{"href":"https:\/\/maiersgoldschmiede.com\/es\/wp-json\/wp\/v2\/types\/page"}],"author":[{"embeddable":true,"href":"https:\/\/maiersgoldschmiede.com\/es\/wp-json\/wp\/v2\/users\/1"}],"replies":[{"embeddable":true,"href":"https:\/\/maiersgoldschmiede.com\/es\/wp-json\/wp\/v2\/comments?post=7192"}],"version-history":[{"count":0,"href":"https:\/\/maiersgoldschmiede.com\/es\/wp-json\/wp\/v2\/pages\/7192\/revisions"}],"wp:attachment":[{"href":"https:\/\/maiersgoldschmiede.com\/es\/wp-json\/wp\/v2\/media?parent=7192"}],"curies":[{"name":"wp","href":"https:\/\/api.w.org\/{rel}","templated":true}]}}