{"id":7193,"date":"2019-03-31T22:27:44","date_gmt":"2019-03-31T20:27:44","guid":{"rendered":"https:\/\/maiersgoldschmiede.com\/tamano-de-anillos\/"},"modified":"2019-03-31T22:27:44","modified_gmt":"2019-03-31T20:27:44","slug":"tamano-de-anillos","status":"publish","type":"page","link":"https:\/\/maiersgoldschmiede.com\/es\/tamano-de-anillos\/","title":{"rendered":"Tama\u00f1o de Anillos"},"content":{"rendered":"<p><img loading=\"lazy\" decoding=\"async\" src=\"http:\/\/www.maiersgoldschmiede.com\/wp-content\/uploads\/2017\/04\/ring-groessen-tabelle-1-1.png\" onclick=\"printImg('http:\/\/www.maiersgoldschmiede.com\/wp-content\/uploads\/2017\/04\/ring-groessen-tabelle-1-1.png')\" alt=\"\" width=\"1536\" height=\"723\" class=\"alignleft size-full wp-image-461\" srcset=\"https:\/\/maiersgoldschmiede.com\/wp-content\/uploads\/2017\/04\/ring-groessen-tabelle-1-1.png 1536w, https:\/\/maiersgoldschmiede.com\/wp-content\/uploads\/2017\/04\/ring-groessen-tabelle-1-1-600x282.png 600w, https:\/\/maiersgoldschmiede.com\/wp-content\/uploads\/2017\/04\/ring-groessen-tabelle-1-1-300x141.png 300w, https:\/\/maiersgoldschmiede.com\/wp-content\/uploads\/2017\/04\/ring-groessen-tabelle-1-1-768x362.png 768w, https:\/\/maiersgoldschmiede.com\/wp-content\/uploads\/2017\/04\/ring-groessen-tabelle-1-1-1024x482.png 1024w\" sizes=\"auto, (max-width: 1536px) 100vw, 1536px\" \/><\/p>\n<p><strong><br \/>\nDeterminaci\u00f3n de la circunferencia interna del anillo<\/strong><br \/>\nSu circunferencia del dedo corresponde a la circunferencia interna del anillo y es mucho m\u00e1s preciso que la medida del di\u00e1metro interno como medida de la determinaci\u00f3n del tama\u00f1o del anillo. Para determinar el tama\u00f1o exacto sin un anillo existente, mida su circunferencia de su dedo con un hilo o un cord\u00f3n en el dedo donde desea llevar el anillo. Tambi\u00e9n puede envolver firmemente una tira de papel alrededor de su dedo en el punto de soporte, marcar el punto y luego medir la longitud de la tira con la marca (en mm). Este valor corresponde al anillo dentro de la circunferencia.<\/p>\n<p><strong>Por favor, tenga en cuenta:<\/strong><br \/>\nMida exactamente el dedo en el que quiere llevar el anillo, ya que la circunferencia del dedo de la mano derecha y la mano izquierda pueden variar considerablemente.<br \/>\nTenga en cuenta que la circunferencia del dedo cambia con el tiempo, verifique si el tama\u00f1o \u201cantiguo\u201d sigue siendo el correcto.<br \/>\nDurante el d\u00eda var\u00eda la circunferencia del anillo. Por la noche, los dedos suelen estar m\u00e1s hinchados que durante la ma\u00f1ana.<br \/>\n. Tambi\u00e9n a lo largo de la vida, el tama\u00f1o del anillo cambia, por ejemplo, durante o despu\u00e9s de un embarazos, dietas o enfermedades. No confi\u00e9 en una talla tomada hace a\u00f1os.<br \/>\nLa temporada tambi\u00e9n influye en la circunferencia del dedo. . En verano, los dedos suelen ser m\u00e1s gruesos que en invierno: cuanto mayor es la temperatura, m\u00e1s gruesos son los dedos.<br \/>\nPara una comodidad optima, debe elegir una talla m\u00e1s grande para los anillos anchos que para anillos m\u00e1s finos.<\/p>\n","protected":false},"excerpt":{"rendered":"<p>Determinaci\u00f3n de la circunferencia interna del anillo Su circunferencia del dedo corresponde a la circunferencia interna del anillo y es mucho m\u00e1s preciso que la medida del di\u00e1metro interno como medida de la determinaci\u00f3n del tama\u00f1o del anillo. Para determinar el tama\u00f1o exacto sin un anillo existente, mida su circunferencia de su dedo con un<\/p>\n","protected":false},"author":1,"featured_media":0,"parent":0,"menu_order":0,"comment_status":"closed","ping_status":"closed","template":"","meta":{"_exactmetrics_skip_tracking":false,"_exactmetrics_sitenote_active":false,"_exactmetrics_sitenote_note":"","_exactmetrics_sitenote_category":0,"footnotes":""},"class_list":["post-7193","page","type-page","status-publish","hentry","prodpage-style3"],"yoast_head":"<!-- This site is optimized with the Yoast SEO plugin v26.1.1 - https:\/\/yoast.com\/wordpress\/plugins\/seo\/ -->\n<title>Tama\u00f1o de Anillos - Maiers Goldschmiede<\/title>\n<meta name=\"robots\" content=\"index, follow, max-snippet:-1, max-image-preview:large, max-video-preview:-1\" \/>\n<link rel=\"canonical\" href=\"https:\/\/maiersgoldschmiede.com\/es\/tamano-de-anillos\/\" \/>\n<meta property=\"og:locale\" content=\"es_ES\" \/>\n<meta property=\"og:type\" content=\"article\" \/>\n<meta property=\"og:title\" content=\"Tama\u00f1o de Anillos - Maiers Goldschmiede\" \/>\n<meta property=\"og:description\" content=\"Determinaci\u00f3n de la circunferencia interna del anillo Su circunferencia del dedo corresponde a la circunferencia interna del anillo y es mucho m\u00e1s preciso que la medida del di\u00e1metro interno como medida de la determinaci\u00f3n del tama\u00f1o del anillo. Para determinar el tama\u00f1o exacto sin un anillo existente, mida su circunferencia de su dedo con un\" \/>\n<meta property=\"og:url\" content=\"https:\/\/maiersgoldschmiede.com\/es\/tamano-de-anillos\/\" \/>\n<meta property=\"og:site_name\" content=\"Maiers Goldschmiede\" \/>\n<meta property=\"article:publisher\" content=\"https:\/\/www.facebook.com\/MaiersGoldschmiede\" \/>\n<meta property=\"og:image\" content=\"http:\/\/www.maiersgoldschmiede.com\/wp-content\/uploads\/2017\/04\/ring-groessen-tabelle-1-1.png\" \/>\n<meta name=\"twitter:card\" content=\"summary_large_image\" \/>\n<meta name=\"twitter:label1\" content=\"Tiempo de lectura\" \/>\n\t<meta name=\"twitter:data1\" content=\"1 minuto\" \/>\n<script type=\"application\/ld+json\" class=\"yoast-schema-graph\">{\"@context\":\"https:\/\/schema.org\",\"@graph\":[{\"@type\":\"WebPage\",\"@id\":\"https:\/\/maiersgoldschmiede.com\/es\/tamano-de-anillos\/\",\"url\":\"https:\/\/maiersgoldschmiede.com\/es\/tamano-de-anillos\/\",\"name\":\"Tama\u00f1o de Anillos - Maiers Goldschmiede\",\"isPartOf\":{\"@id\":\"https:\/\/maiersgoldschmiede.com\/es\/#website\"},\"primaryImageOfPage\":{\"@id\":\"https:\/\/maiersgoldschmiede.com\/es\/tamano-de-anillos\/#primaryimage\"},\"image\":{\"@id\":\"https:\/\/maiersgoldschmiede.com\/es\/tamano-de-anillos\/#primaryimage\"},\"thumbnailUrl\":\"http:\/\/www.maiersgoldschmiede.com\/wp-content\/uploads\/2017\/04\/ring-groessen-tabelle-1-1.png\",\"datePublished\":\"2019-03-31T20:27:44+00:00\",\"breadcrumb\":{\"@id\":\"https:\/\/maiersgoldschmiede.com\/es\/tamano-de-anillos\/#breadcrumb\"},\"inLanguage\":\"es\",\"potentialAction\":[{\"@type\":\"ReadAction\",\"target\":[\"https:\/\/maiersgoldschmiede.com\/es\/tamano-de-anillos\/\"]}]},{\"@type\":\"ImageObject\",\"inLanguage\":\"es\",\"@id\":\"https:\/\/maiersgoldschmiede.com\/es\/tamano-de-anillos\/#primaryimage\",\"url\":\"http:\/\/www.maiersgoldschmiede.com\/wp-content\/uploads\/2017\/04\/ring-groessen-tabelle-1-1.png\",\"contentUrl\":\"http:\/\/www.maiersgoldschmiede.com\/wp-content\/uploads\/2017\/04\/ring-groessen-tabelle-1-1.png\"},{\"@type\":\"BreadcrumbList\",\"@id\":\"https:\/\/maiersgoldschmiede.com\/es\/tamano-de-anillos\/#breadcrumb\",\"itemListElement\":[{\"@type\":\"ListItem\",\"position\":1,\"name\":\"Startseite\",\"item\":\"https:\/\/maiersgoldschmiede.com\/es\/\"},{\"@type\":\"ListItem\",\"position\":2,\"name\":\"Tama\u00f1o de Anillos\"}]},{\"@type\":\"WebSite\",\"@id\":\"https:\/\/maiersgoldschmiede.com\/es\/#website\",\"url\":\"https:\/\/maiersgoldschmiede.com\/es\/\",\"name\":\"Maiers Goldschmiede\",\"description\":\"Ibiza Goldschmied Werkstatt \u2013 Atelier\",\"publisher\":{\"@id\":\"https:\/\/maiersgoldschmiede.com\/es\/#organization\"},\"potentialAction\":[{\"@type\":\"SearchAction\",\"target\":{\"@type\":\"EntryPoint\",\"urlTemplate\":\"https:\/\/maiersgoldschmiede.com\/es\/?s={search_term_string}\"},\"query-input\":{\"@type\":\"PropertyValueSpecification\",\"valueRequired\":true,\"valueName\":\"search_term_string\"}}],\"inLanguage\":\"es\"},{\"@type\":\"Organization\",\"@id\":\"https:\/\/maiersgoldschmiede.com\/es\/#organization\",\"name\":\"Maiers Goldschmiede Ibiza\",\"url\":\"https:\/\/maiersgoldschmiede.com\/es\/\",\"logo\":{\"@type\":\"ImageObject\",\"inLanguage\":\"es\",\"@id\":\"https:\/\/maiersgoldschmiede.com\/es\/#\/schema\/logo\/image\/\",\"url\":\"https:\/\/maiersgoldschmiede.com\/wp-content\/uploads\/2017\/05\/logo2.png\",\"contentUrl\":\"https:\/\/maiersgoldschmiede.com\/wp-content\/uploads\/2017\/05\/logo2.png\",\"width\":150,\"height\":116,\"caption\":\"Maiers Goldschmiede Ibiza\"},\"image\":{\"@id\":\"https:\/\/maiersgoldschmiede.com\/es\/#\/schema\/logo\/image\/\"},\"sameAs\":[\"https:\/\/www.facebook.com\/MaiersGoldschmiede\",\"https:\/\/www.instagram.com\/maier.reinhard\"]}]}<\/script>\n<!-- \/ Yoast SEO plugin. -->","yoast_head_json":{"title":"Tama\u00f1o de Anillos - Maiers Goldschmiede","robots":{"index":"index","follow":"follow","max-snippet":"max-snippet:-1","max-image-preview":"max-image-preview:large","max-video-preview":"max-video-preview:-1"},"canonical":"https:\/\/maiersgoldschmiede.com\/es\/tamano-de-anillos\/","og_locale":"es_ES","og_type":"article","og_title":"Tama\u00f1o de Anillos - Maiers Goldschmiede","og_description":"Determinaci\u00f3n de la circunferencia interna del anillo Su circunferencia del dedo corresponde a la circunferencia interna del anillo y es mucho m\u00e1s preciso que la medida del di\u00e1metro interno como medida de la determinaci\u00f3n del tama\u00f1o del anillo. Para determinar el tama\u00f1o exacto sin un anillo existente, mida su circunferencia de su dedo con un","og_url":"https:\/\/maiersgoldschmiede.com\/es\/tamano-de-anillos\/","og_site_name":"Maiers Goldschmiede","article_publisher":"https:\/\/www.facebook.com\/MaiersGoldschmiede","og_image":[{"url":"http:\/\/www.maiersgoldschmiede.com\/wp-content\/uploads\/2017\/04\/ring-groessen-tabelle-1-1.png","type":"","width":"","height":""}],"twitter_card":"summary_large_image","twitter_misc":{"Tiempo de lectura":"1 minuto"},"schema":{"@context":"https:\/\/schema.org","@graph":[{"@type":"WebPage","@id":"https:\/\/maiersgoldschmiede.com\/es\/tamano-de-anillos\/","url":"https:\/\/maiersgoldschmiede.com\/es\/tamano-de-anillos\/","name":"Tama\u00f1o de Anillos - Maiers Goldschmiede","isPartOf":{"@id":"https:\/\/maiersgoldschmiede.com\/es\/#website"},"primaryImageOfPage":{"@id":"https:\/\/maiersgoldschmiede.com\/es\/tamano-de-anillos\/#primaryimage"},"image":{"@id":"https:\/\/maiersgoldschmiede.com\/es\/tamano-de-anillos\/#primaryimage"},"thumbnailUrl":"http:\/\/www.maiersgoldschmiede.com\/wp-content\/uploads\/2017\/04\/ring-groessen-tabelle-1-1.png","datePublished":"2019-03-31T20:27:44+00:00","breadcrumb":{"@id":"https:\/\/maiersgoldschmiede.com\/es\/tamano-de-anillos\/#breadcrumb"},"inLanguage":"es","potentialAction":[{"@type":"ReadAction","target":["https:\/\/maiersgoldschmiede.com\/es\/tamano-de-anillos\/"]}]},{"@type":"ImageObject","inLanguage":"es","@id":"https:\/\/maiersgoldschmiede.com\/es\/tamano-de-anillos\/#primaryimage","url":"http:\/\/www.maiersgoldschmiede.com\/wp-content\/uploads\/2017\/04\/ring-groessen-tabelle-1-1.png","contentUrl":"http:\/\/www.maiersgoldschmiede.com\/wp-content\/uploads\/2017\/04\/ring-groessen-tabelle-1-1.png"},{"@type":"BreadcrumbList","@id":"https:\/\/maiersgoldschmiede.com\/es\/tamano-de-anillos\/#breadcrumb","itemListElement":[{"@type":"ListItem","position":1,"name":"Startseite","item":"https:\/\/maiersgoldschmiede.com\/es\/"},{"@type":"ListItem","position":2,"name":"Tama\u00f1o de Anillos"}]},{"@type":"WebSite","@id":"https:\/\/maiersgoldschmiede.com\/es\/#website","url":"https:\/\/maiersgoldschmiede.com\/es\/","name":"Maiers Goldschmiede","description":"Ibiza Goldschmied Werkstatt \u2013 Atelier","publisher":{"@id":"https:\/\/maiersgoldschmiede.com\/es\/#organization"},"potentialAction":[{"@type":"SearchAction","target":{"@type":"EntryPoint","urlTemplate":"https:\/\/maiersgoldschmiede.com\/es\/?s={search_term_string}"},"query-input":{"@type":"PropertyValueSpecification","valueRequired":true,"valueName":"search_term_string"}}],"inLanguage":"es"},{"@type":"Organization","@id":"https:\/\/maiersgoldschmiede.com\/es\/#organization","name":"Maiers Goldschmiede Ibiza","url":"https:\/\/maiersgoldschmiede.com\/es\/","logo":{"@type":"ImageObject","inLanguage":"es","@id":"https:\/\/maiersgoldschmiede.com\/es\/#\/schema\/logo\/image\/","url":"https:\/\/maiersgoldschmiede.com\/wp-content\/uploads\/2017\/05\/logo2.png","contentUrl":"https:\/\/maiersgoldschmiede.com\/wp-content\/uploads\/2017\/05\/logo2.png","width":150,"height":116,"caption":"Maiers Goldschmiede Ibiza"},"image":{"@id":"https:\/\/maiersgoldschmiede.com\/es\/#\/schema\/logo\/image\/"},"sameAs":["https:\/\/www.facebook.com\/MaiersGoldschmiede","https:\/\/www.instagram.com\/maier.reinhard"]}]}},"_links":{"self":[{"href":"https:\/\/maiersgoldschmiede.com\/es\/wp-json\/wp\/v2\/pages\/7193","targetHints":{"allow":["GET"]}}],"collection":[{"href":"https:\/\/maiersgoldschmiede.com\/es\/wp-json\/wp\/v2\/pages"}],"about":[{"href":"https:\/\/maiersgoldschmiede.com\/es\/wp-json\/wp\/v2\/types\/page"}],"author":[{"embeddable":true,"href":"https:\/\/maiersgoldschmiede.com\/es\/wp-json\/wp\/v2\/users\/1"}],"replies":[{"embeddable":true,"href":"https:\/\/maiersgoldschmiede.com\/es\/wp-json\/wp\/v2\/comments?post=7193"}],"version-history":[{"count":0,"href":"https:\/\/maiersgoldschmiede.com\/es\/wp-json\/wp\/v2\/pages\/7193\/revisions"}],"wp:attachment":[{"href":"https:\/\/maiersgoldschmiede.com\/es\/wp-json\/wp\/v2\/media?parent=7193"}],"curies":[{"name":"wp","href":"https:\/\/api.w.org\/{rel}","templated":true}]}}