{"id":7194,"date":"2019-03-31T22:27:51","date_gmt":"2019-03-31T20:27:51","guid":{"rendered":"https:\/\/maiersgoldschmiede.com\/carbono\/"},"modified":"2019-03-31T22:27:51","modified_gmt":"2019-03-31T20:27:51","slug":"carbono","status":"publish","type":"page","link":"https:\/\/maiersgoldschmiede.com\/es\/carbono\/","title":{"rendered":"Carbono"},"content":{"rendered":"<p>El carbono es casi tan duro como el diamante y es un material hipoalerg\u00e9nico, por lo tanto, es ideal para personas con alergias y amantes de los piercings. Se caracteriza por su bajo peso, alta resistencia y rigidez, es resistente a la luz, al agua salada y no es quebradizo.<br \/>\nLa estructura de este material se caracteriza por su constituci\u00f3n de finos filamentos, llamados rovings de carbono. Nuestras Joyas reflejan la din\u00e1mica de nuestro esp\u00edritu de la \u00e9poca y conectan perfectamente con las piedras preciosas, as\u00ed como con el oro o la plata. \u201cUna nueva \u00e9poca para las Joyas\u201d.<br \/>\nUnsere Schmuckst\u00fccke spiegeln die Dynamik unseres Zeitgeistes wieder und er\u00f6ffnen mit edlen Steinen, Silber oder Gold a new time for jewels.<\/p>\n<p>La fibra de carbono consiste en el mismo material b\u00e1sico que el diamante: El carbono. Es un material que impresiona con su dureza y su brillo apagado. El carbono se parece mucho al \u00e9bano, pero es mucho m\u00e1s resistente y las opciones de procesamiento son m\u00e1s diversas.<\/p>\n<p><strong>Propiedades de la fibra de carbono:<\/strong><br \/>\n\u2022 La fibra de carbono consiste al 95% en carbono puro.<br \/>\n\u2022 La fibra de carbono es cinco veces m\u00e1s resistente que el acero.<br \/>\n\u2022 La fibra de carbono es hipoalerg\u00e9nica.<br \/>\n\u2022 La fibra de carbono no se da\u00f1a entrando en contacto con l\u00edquidos o humedades.<br \/>\n\u2022 La fibra de carbono es resistente a la luz, no se vuelve quebradiza ni se agrieta ni hay peligro de ensanchamiento.<\/p>\n<p>Siempre aceptamos con gusto la oportunidad de crear junto con usted una pieza exclusiva y \u00fanica hecha de carbono o con carbono. \u00a1es una de nuestras especialidades!<br \/>\nAplicaci\u00f3n de la fibra de carbono en el sector de la Orfebrer\u00eda.<br \/>\nPendientes &#8211;<br \/>\nEl carbono es una fibra de carbono<br \/>\nEs casi tan duro como un diamante, es totalmente hipoalerg\u00e9nico, es resistente a productos qu\u00edmicos y el desgaste es casi nulo.<br \/>\nEs el nombre en ingl\u00e9s de carbono<br \/>\n(Element C)<\/p>\n<p>La fibra de carbono es de un color negro intenso, manifiesta un brillo muy ligero y est\u00e1 compuesto al<br \/>\n95% de carbono.<br \/>\nEs casi tan duro como un diamante,<br \/>\nes totalmente hipoalerg\u00e9nico,<br \/>\nes resistente a productos qu\u00edmicos y el desgaste es casi nulo.<br \/>\nA partir de una temperatura de 120 \u00b0 C<br \/>\nel material puede da\u00f1arse. Su densidad es de 1,8 g\/cm.<\/p>\n<p>La fibra de carbono se utiliza espec\u00edficamente<br \/>\ncuando es necesario una gran resistencia y rigidez, como en la industria aeroespacial<br \/>\no en competiciones de coches de carrera. Tambi\u00e9n existen<br \/>\nequipaciones deportivas hechas de fibra de carbono.<br \/>\nLa fibra de carbono cumple con las m\u00e1s altas exigencias en el sector de la orfebrer\u00eda.<br \/>\nEs sobre todo est\u00e9tico, ligero, hipoalerg\u00e9nico y resistente a productos qu\u00edmicos.<br \/>\nConsiste en un 95% de carbono, un diamante consiste al 100%<br \/>\nde Carbono.<\/p>\n<p>\u2022 95% de carbono (diamante: 100%)<br \/>\n\u2022 Densidad: 1,8 g \/cm3<br \/>\n\u2022 Hipoalerg\u00e9nico<br \/>\n\u2022 Bajo riesgo en reacciones adversas (resistente a productos qu\u00edmicos)<br \/>\n\u2022 Desgaste casi nulo (perdida de resistencia desde los 120\u00baC)<br \/>\n\u2022 Color negro, brillo l\u00fadico<\/p>\n<p>\u00bfAnillos de compromiso hechos de fibra de carbono?<br \/>\nDesde hace tiempo el material oscuro ha conquistado el mundo de los anillos. \u00a1Y no sin raz\u00f3n! La fibra de carbono es un material impresionante. Como compuesto de fibra se utiliza en la industria aeroespacial o en competiciones de coches de carrera. Pero la fibra de carbono no est\u00e1 exclusivamente para los coches r\u00e1pidos. Ya que es un material extremadamente liviano, f\u00e1cil de moldear y muy resistente. Por lo tanto, es un material no solo apto para el automovilismo, sino tambi\u00e9n para los anillos de compromiso: un anillo de fibra de carbono simboliza la durabilidad de una manera muy moderna, contempor\u00e1nea y marca la tendencia.<\/p>\n<p>No siempre tiene que ser oro<br \/>\nSin lugar a duda, el oro destaca por su tonalidad c\u00e1lida y su color saturado. Como una variante cl\u00e1sica el anillo de oro siempre ser\u00e1 el favorito, sin embargo, quien prefiere una variante m\u00e1s moderna con un material novedoso, diverso y m\u00e1s barato, da en el blanco con un anillo de fibra de carbono. Pasado son los d\u00edas en los que los anillos de compromiso irradiaban un aburrido significado de estabilidad: el color oscuro con tonalidades grises y negras crea un nuevo mundo de posibilidades.<\/p>\n<p>La fibra de carbono: El nuevo material con potencial para marcar tendencia<br \/>\nEl carbono se puede procesar de maneras muy diferentes En combinaci\u00f3n con el oro blanco se presentan dos rayas en los anillos en dos tonalidades, que representan un dise\u00f1o contempor\u00e1neo y elegante. Del mismo modo, el carbono oscuro puede lucir de una manera m\u00e1s desenfadada. Con una superficie rugosa o pulida se crea un anillo con individual y con personalidad. Ya que una joya tan \u00fanica siempre debe armonizar con su due\u00f1o. Por lo tanto, preste especial atenci\u00f3n a un modelo que se adapte a usted, que coincida con sus gustos y preferencias personales. \u00bfUsted es un tipo m\u00e1s deportivo? \u00bfprefiere l\u00edneas y estructuras m\u00e1s claras? Los anillos de fibra de carbono con plata, oro blanco o acero inoxidable son piezas atemporales. Un deleite para los ojos puede ser el diamante en el anillo de compromiso de la mujer. Aquellos que prefieren l\u00edneas suaves y patrones florales tambi\u00e9n encontrar\u00e1n lo que est\u00e1n buscando: gracias a sus muchas cualidades positivas, existen muchas diferencias en su estructura superficial. L\u00edneas suaves y curvadas, sombreados o una combinaci\u00f3n de diferentes estructuras y tambi\u00e9n la combinaci\u00f3n del oro son posibilidades Por otra parte, un anillo de fibra de carbono tambi\u00e9n se puede combinar maravillosamente con una incrustaci\u00f3n coloreada.<\/p>\n<p>Es muy interesante saber<br \/>\nEl carbono es muy agradable en la piel y f\u00e1cil de limpiar; no se mancha debido a la oxidaci\u00f3n por lo que no hay que limpiarlo como las joyas de plata. Adem\u00e1s, apenas se nota debido a su ligero peso: Un aspecto positivo para las personas que encuentran molestos los anillos pesados. \u00bfy por qu\u00e9 pesa tan poco? La fibra de carbono est\u00e1 compuesta de entre 3.000 y 12.000 fibras individuales que componen en su estado final una sola fibra de carbono. Cada fibra es aproximadamente diez veces m\u00e1s fina que un cabello humano. Las finas l\u00edneas y el bobinado espec\u00edfico de la fibra de carbono convierten a cada anillo en una pieza \u00fanica e inimitable, siempre fascinante, siempre diferente. Ya sea una combinaci\u00f3n con otros metales preciosos, con la superficie brillante, mate, o con una estructura rugosa. Un anillo de compromiso de fibra de carbono tiene un fuerte impacto, es duradero e inusual.<\/p>\n<p>No sin raz\u00f3n la demanda de los anillos de fibra de carbono est\u00e1 aumentando constantemente. Debido a su material novedoso e inusual se ha convertido desde hace tiempo en un cl\u00e1sico.<br \/>\nEscribir un comentario<br \/>\nArt\u00edculos relacionados<\/p>\n<p><a href=\"http:\/\/www.maiersgoldschmiede.com\/product-category\/shop-de\/carbon-design\/\">Ver las Joyas de fibra de carbono<\/a><\/p>\n","protected":false},"excerpt":{"rendered":"<p>El carbono es casi tan duro como el diamante y es un material hipoalerg\u00e9nico, por lo tanto, es ideal para personas con alergias y amantes de los piercings. Se caracteriza por su bajo peso, alta resistencia y rigidez, es resistente a la luz, al agua salada y no es quebradizo. La estructura de este material<\/p>\n","protected":false},"author":1,"featured_media":0,"parent":0,"menu_order":0,"comment_status":"closed","ping_status":"closed","template":"","meta":{"_exactmetrics_skip_tracking":false,"_exactmetrics_sitenote_active":false,"_exactmetrics_sitenote_note":"","_exactmetrics_sitenote_category":0,"footnotes":""},"class_list":["post-7194","page","type-page","status-publish","hentry","prodpage-style3"],"yoast_head":"<!-- This site is optimized with the Yoast SEO plugin v26.1.1 - https:\/\/yoast.com\/wordpress\/plugins\/seo\/ -->\n<title>Carbono - Maiers Goldschmiede<\/title>\n<meta name=\"robots\" content=\"index, follow, max-snippet:-1, max-image-preview:large, max-video-preview:-1\" \/>\n<link rel=\"canonical\" href=\"https:\/\/maiersgoldschmiede.com\/es\/carbono\/\" \/>\n<meta property=\"og:locale\" content=\"es_ES\" \/>\n<meta property=\"og:type\" content=\"article\" \/>\n<meta property=\"og:title\" content=\"Carbono - Maiers Goldschmiede\" \/>\n<meta property=\"og:description\" content=\"El carbono es casi tan duro como el diamante y es un material hipoalerg\u00e9nico, por lo tanto, es ideal para personas con alergias y amantes de los piercings. Se caracteriza por su bajo peso, alta resistencia y rigidez, es resistente a la luz, al agua salada y no es quebradizo. La estructura de este material\" \/>\n<meta property=\"og:url\" content=\"https:\/\/maiersgoldschmiede.com\/es\/carbono\/\" \/>\n<meta property=\"og:site_name\" content=\"Maiers Goldschmiede\" \/>\n<meta property=\"article:publisher\" content=\"https:\/\/www.facebook.com\/MaiersGoldschmiede\" \/>\n<meta name=\"twitter:card\" content=\"summary_large_image\" \/>\n<meta name=\"twitter:label1\" content=\"Tiempo de lectura\" \/>\n\t<meta name=\"twitter:data1\" content=\"6 minutos\" \/>\n<script type=\"application\/ld+json\" class=\"yoast-schema-graph\">{\"@context\":\"https:\/\/schema.org\",\"@graph\":[{\"@type\":\"WebPage\",\"@id\":\"https:\/\/maiersgoldschmiede.com\/es\/carbono\/\",\"url\":\"https:\/\/maiersgoldschmiede.com\/es\/carbono\/\",\"name\":\"Carbono - Maiers Goldschmiede\",\"isPartOf\":{\"@id\":\"https:\/\/maiersgoldschmiede.com\/es\/#website\"},\"datePublished\":\"2019-03-31T20:27:51+00:00\",\"breadcrumb\":{\"@id\":\"https:\/\/maiersgoldschmiede.com\/es\/carbono\/#breadcrumb\"},\"inLanguage\":\"es\",\"potentialAction\":[{\"@type\":\"ReadAction\",\"target\":[\"https:\/\/maiersgoldschmiede.com\/es\/carbono\/\"]}]},{\"@type\":\"BreadcrumbList\",\"@id\":\"https:\/\/maiersgoldschmiede.com\/es\/carbono\/#breadcrumb\",\"itemListElement\":[{\"@type\":\"ListItem\",\"position\":1,\"name\":\"Startseite\",\"item\":\"https:\/\/maiersgoldschmiede.com\/es\/\"},{\"@type\":\"ListItem\",\"position\":2,\"name\":\"Carbono\"}]},{\"@type\":\"WebSite\",\"@id\":\"https:\/\/maiersgoldschmiede.com\/es\/#website\",\"url\":\"https:\/\/maiersgoldschmiede.com\/es\/\",\"name\":\"Maiers Goldschmiede\",\"description\":\"Ibiza Goldschmied Werkstatt \u2013 Atelier\",\"publisher\":{\"@id\":\"https:\/\/maiersgoldschmiede.com\/es\/#organization\"},\"potentialAction\":[{\"@type\":\"SearchAction\",\"target\":{\"@type\":\"EntryPoint\",\"urlTemplate\":\"https:\/\/maiersgoldschmiede.com\/es\/?s={search_term_string}\"},\"query-input\":{\"@type\":\"PropertyValueSpecification\",\"valueRequired\":true,\"valueName\":\"search_term_string\"}}],\"inLanguage\":\"es\"},{\"@type\":\"Organization\",\"@id\":\"https:\/\/maiersgoldschmiede.com\/es\/#organization\",\"name\":\"Maiers Goldschmiede Ibiza\",\"url\":\"https:\/\/maiersgoldschmiede.com\/es\/\",\"logo\":{\"@type\":\"ImageObject\",\"inLanguage\":\"es\",\"@id\":\"https:\/\/maiersgoldschmiede.com\/es\/#\/schema\/logo\/image\/\",\"url\":\"https:\/\/maiersgoldschmiede.com\/wp-content\/uploads\/2017\/05\/logo2.png\",\"contentUrl\":\"https:\/\/maiersgoldschmiede.com\/wp-content\/uploads\/2017\/05\/logo2.png\",\"width\":150,\"height\":116,\"caption\":\"Maiers Goldschmiede Ibiza\"},\"image\":{\"@id\":\"https:\/\/maiersgoldschmiede.com\/es\/#\/schema\/logo\/image\/\"},\"sameAs\":[\"https:\/\/www.facebook.com\/MaiersGoldschmiede\",\"https:\/\/www.instagram.com\/maier.reinhard\"]}]}<\/script>\n<!-- \/ Yoast SEO plugin. -->","yoast_head_json":{"title":"Carbono - Maiers Goldschmiede","robots":{"index":"index","follow":"follow","max-snippet":"max-snippet:-1","max-image-preview":"max-image-preview:large","max-video-preview":"max-video-preview:-1"},"canonical":"https:\/\/maiersgoldschmiede.com\/es\/carbono\/","og_locale":"es_ES","og_type":"article","og_title":"Carbono - Maiers Goldschmiede","og_description":"El carbono es casi tan duro como el diamante y es un material hipoalerg\u00e9nico, por lo tanto, es ideal para personas con alergias y amantes de los piercings. Se caracteriza por su bajo peso, alta resistencia y rigidez, es resistente a la luz, al agua salada y no es quebradizo. La estructura de este material","og_url":"https:\/\/maiersgoldschmiede.com\/es\/carbono\/","og_site_name":"Maiers Goldschmiede","article_publisher":"https:\/\/www.facebook.com\/MaiersGoldschmiede","twitter_card":"summary_large_image","twitter_misc":{"Tiempo de lectura":"6 minutos"},"schema":{"@context":"https:\/\/schema.org","@graph":[{"@type":"WebPage","@id":"https:\/\/maiersgoldschmiede.com\/es\/carbono\/","url":"https:\/\/maiersgoldschmiede.com\/es\/carbono\/","name":"Carbono - Maiers Goldschmiede","isPartOf":{"@id":"https:\/\/maiersgoldschmiede.com\/es\/#website"},"datePublished":"2019-03-31T20:27:51+00:00","breadcrumb":{"@id":"https:\/\/maiersgoldschmiede.com\/es\/carbono\/#breadcrumb"},"inLanguage":"es","potentialAction":[{"@type":"ReadAction","target":["https:\/\/maiersgoldschmiede.com\/es\/carbono\/"]}]},{"@type":"BreadcrumbList","@id":"https:\/\/maiersgoldschmiede.com\/es\/carbono\/#breadcrumb","itemListElement":[{"@type":"ListItem","position":1,"name":"Startseite","item":"https:\/\/maiersgoldschmiede.com\/es\/"},{"@type":"ListItem","position":2,"name":"Carbono"}]},{"@type":"WebSite","@id":"https:\/\/maiersgoldschmiede.com\/es\/#website","url":"https:\/\/maiersgoldschmiede.com\/es\/","name":"Maiers Goldschmiede","description":"Ibiza Goldschmied Werkstatt \u2013 Atelier","publisher":{"@id":"https:\/\/maiersgoldschmiede.com\/es\/#organization"},"potentialAction":[{"@type":"SearchAction","target":{"@type":"EntryPoint","urlTemplate":"https:\/\/maiersgoldschmiede.com\/es\/?s={search_term_string}"},"query-input":{"@type":"PropertyValueSpecification","valueRequired":true,"valueName":"search_term_string"}}],"inLanguage":"es"},{"@type":"Organization","@id":"https:\/\/maiersgoldschmiede.com\/es\/#organization","name":"Maiers Goldschmiede Ibiza","url":"https:\/\/maiersgoldschmiede.com\/es\/","logo":{"@type":"ImageObject","inLanguage":"es","@id":"https:\/\/maiersgoldschmiede.com\/es\/#\/schema\/logo\/image\/","url":"https:\/\/maiersgoldschmiede.com\/wp-content\/uploads\/2017\/05\/logo2.png","contentUrl":"https:\/\/maiersgoldschmiede.com\/wp-content\/uploads\/2017\/05\/logo2.png","width":150,"height":116,"caption":"Maiers Goldschmiede Ibiza"},"image":{"@id":"https:\/\/maiersgoldschmiede.com\/es\/#\/schema\/logo\/image\/"},"sameAs":["https:\/\/www.facebook.com\/MaiersGoldschmiede","https:\/\/www.instagram.com\/maier.reinhard"]}]}},"_links":{"self":[{"href":"https:\/\/maiersgoldschmiede.com\/es\/wp-json\/wp\/v2\/pages\/7194","targetHints":{"allow":["GET"]}}],"collection":[{"href":"https:\/\/maiersgoldschmiede.com\/es\/wp-json\/wp\/v2\/pages"}],"about":[{"href":"https:\/\/maiersgoldschmiede.com\/es\/wp-json\/wp\/v2\/types\/page"}],"author":[{"embeddable":true,"href":"https:\/\/maiersgoldschmiede.com\/es\/wp-json\/wp\/v2\/users\/1"}],"replies":[{"embeddable":true,"href":"https:\/\/maiersgoldschmiede.com\/es\/wp-json\/wp\/v2\/comments?post=7194"}],"version-history":[{"count":0,"href":"https:\/\/maiersgoldschmiede.com\/es\/wp-json\/wp\/v2\/pages\/7194\/revisions"}],"wp:attachment":[{"href":"https:\/\/maiersgoldschmiede.com\/es\/wp-json\/wp\/v2\/media?parent=7194"}],"curies":[{"name":"wp","href":"https:\/\/api.w.org\/{rel}","templated":true}]}}