{"id":7196,"date":"2019-03-31T22:28:00","date_gmt":"2019-03-31T20:28:00","guid":{"rendered":"https:\/\/maiersgoldschmiede.com\/aviso-legal\/"},"modified":"2019-03-31T22:28:00","modified_gmt":"2019-03-31T20:28:00","slug":"aviso-legal","status":"publish","type":"page","link":"https:\/\/maiersgoldschmiede.com\/es\/aviso-legal\/","title":{"rendered":"Aviso legal"},"content":{"rendered":"<p><strong>Informaci\u00f3n legal<\/strong><\/p>\n<p>Al utilizar estas p\u00e1ginas, acepta los siguientes t\u00e9rminos de uso.<\/p>\n<p><strong>Enlaces:<\/strong><\/p>\n<p>Con la sentencia del 12 de mayo de 1998 &#8211; 312 O 85\/98 &#8211; Responsabilidad por enlaces &#8211; el tribunal de distrito (LG) de Hamburgo decidi\u00f3 que, al crear un enlace, el contenido del sitio vinculado podr\u00eda tener que responder ante un incumplimiento de la Ley. Seg\u00fan el tribunal, esto solo se puede evitar alej\u00e1ndose expresamente de estos contenidos: lo estamos haciendo as\u00ed.<\/p>\n<p>Estas p\u00e1ginas web pueden contener enlaces a sitios web de terceros, que son mantenidos por otros operadores. Por lo tanto, el operador no es responsable del contenido des estos enlaces y no es responsable del contenido y de su exactitud en los sitios web. Si decide acceder a estos enlaces a los sitios web de terceros, lo hace bajo su propia responsabilidad. Una vez que el operador encuentra enlaces a sitios web inapropiados, ser\u00e1n eliminados. . Si el operador hace referencia de su presencia en la web y usted no lo desea, envi\u00e9 un mensaje al operador de esta p\u00e1gina: info@maiersgoldschmiede.com<br \/>\n<strong><br \/>\nRenuncia:<\/strong><\/p>\n<p>Aunque el operador siempre se esfuerza por proporcionarle una informaci\u00f3n buena, completa y constantemente actualizada en la p\u00e1gina, no puede garantizar su totalidad. Ni el operador ni ning\u00fan afiliado es responsable de los da\u00f1os que puedan surgir por el acceso, uso o descarga de este sitio.<\/p>\n<p>Internet funciona como una red descentralizada con el almacenamiento en cach\u00e9 y el env\u00edo de datos temporales. No es posible garantizar la exclusi\u00f3n de la manipulaci\u00f3n, la falsificaci\u00f3n accidental, el uso solo de datos actuales (por ejemplo, la versi\u00f3n anterior que a\u00fan est\u00e1 en el cach\u00e9). Por lo tanto, se\u00f1alamos esta restricci\u00f3n sist\u00e9mica de la siguiente manera: Usted recibe esta informaci\u00f3n bajo las condiciones de internet. Por lo tanto, no podemos garantizar la exactitud de la informaci\u00f3n y la correspondencia con los datos originales.<\/p>\n<p><strong>Fotos y Logotipos:<\/strong><\/p>\n<p>Todas las im\u00e1genes, fotograf\u00edas y logotipo que se muestran en esta p\u00e1gina tienen derecho de autor por parte del operador de la p\u00e1gina. El uso o la publicaci\u00f3n de esas est\u00e1n prohibidos sin el permiso del autor.<\/p>\n<p><strong>Accesibilidad:<\/strong><\/p>\n<p>Nuestro proveedor garantiza una accesibilidad de sus servidores del 99% en el promedio anual. Esto no se aplica a los per\u00edodos en que no se puede acceder al servidor a trav\u00e9s de Internet debido a problemas t\u00e9cnicos o de otro tipo que no est\u00e1n bajo el control de nuestro proveedor. Nuestro proveedor puede restringir el acceso a los servicios siempre y cuando que la seguridad de la operaci\u00f3n de la red lo requiere, por ejemplo, para el mantenimiento de la integridad de la red, en particular la prevenci\u00f3n de fallos graves de la red, mantenimiento del software o los datos.<\/p>\n<p>Por lo tanto, no nos hacemos responsables acerca de ning\u00fan otro acceso.<\/p>\n<p><strong>Disposiciones auxiliares<\/strong><\/p>\n<p>En caso de que alguna disposici\u00f3n de los T\u00e9rminos de uso sea o se vuelva ineficaz o inaplicable, la validez de las disposiciones restantes no se ver\u00e1 afectada.<\/p>\n<p><strong>Aviso legal<\/strong><\/p>\n<p>Maiers Goldschmiede Reinhard Maier<\/p>\n<p>Cala Salada 16<\/p>\n<p>E-07820 San Antonio<\/p>\n<p>Tel\u00e9fono: (971) &#8211; 805811<\/p>\n<p>info@maiersgoldschmiede.com<\/p>\n<p>Responsable del contenido:<\/p>\n<p>Reinhard Maier<\/p>\n<p>n\u00famero de identificaci\u00f3n fiscal<\/p>\n<p>ES X-1250222-B<\/p>\n","protected":false},"excerpt":{"rendered":"<p>Informaci\u00f3n legal Al utilizar estas p\u00e1ginas, acepta los siguientes t\u00e9rminos de uso. Enlaces: Con la sentencia del 12 de mayo de 1998 &#8211; 312 O 85\/98 &#8211; Responsabilidad por enlaces &#8211; el tribunal de distrito (LG) de Hamburgo decidi\u00f3 que, al crear un enlace, el contenido del sitio vinculado podr\u00eda tener que responder ante un<\/p>\n","protected":false},"author":1,"featured_media":0,"parent":0,"menu_order":0,"comment_status":"closed","ping_status":"closed","template":"","meta":{"_exactmetrics_skip_tracking":false,"_exactmetrics_sitenote_active":false,"_exactmetrics_sitenote_note":"","_exactmetrics_sitenote_category":0,"footnotes":""},"class_list":["post-7196","page","type-page","status-publish","hentry","prodpage-style3"],"yoast_head":"<!-- This site is optimized with the Yoast SEO plugin v26.1.1 - https:\/\/yoast.com\/wordpress\/plugins\/seo\/ -->\n<title>Aviso legal - Maiers Goldschmiede<\/title>\n<meta name=\"robots\" content=\"index, follow, max-snippet:-1, max-image-preview:large, max-video-preview:-1\" \/>\n<link rel=\"canonical\" href=\"https:\/\/maiersgoldschmiede.com\/es\/aviso-legal\/\" \/>\n<meta property=\"og:locale\" content=\"es_ES\" \/>\n<meta property=\"og:type\" content=\"article\" \/>\n<meta property=\"og:title\" content=\"Aviso legal - Maiers Goldschmiede\" \/>\n<meta property=\"og:description\" content=\"Informaci\u00f3n legal Al utilizar estas p\u00e1ginas, acepta los siguientes t\u00e9rminos de uso. Enlaces: Con la sentencia del 12 de mayo de 1998 &#8211; 312 O 85\/98 &#8211; Responsabilidad por enlaces &#8211; el tribunal de distrito (LG) de Hamburgo decidi\u00f3 que, al crear un enlace, el contenido del sitio vinculado podr\u00eda tener que responder ante un\" \/>\n<meta property=\"og:url\" content=\"https:\/\/maiersgoldschmiede.com\/es\/aviso-legal\/\" \/>\n<meta property=\"og:site_name\" content=\"Maiers Goldschmiede\" \/>\n<meta property=\"article:publisher\" content=\"https:\/\/www.facebook.com\/MaiersGoldschmiede\" \/>\n<meta name=\"twitter:card\" content=\"summary_large_image\" \/>\n<meta name=\"twitter:label1\" content=\"Tiempo de lectura\" \/>\n\t<meta name=\"twitter:data1\" content=\"3 minutos\" \/>\n<script type=\"application\/ld+json\" class=\"yoast-schema-graph\">{\"@context\":\"https:\/\/schema.org\",\"@graph\":[{\"@type\":\"WebPage\",\"@id\":\"https:\/\/maiersgoldschmiede.com\/es\/aviso-legal\/\",\"url\":\"https:\/\/maiersgoldschmiede.com\/es\/aviso-legal\/\",\"name\":\"Aviso legal - Maiers Goldschmiede\",\"isPartOf\":{\"@id\":\"https:\/\/maiersgoldschmiede.com\/es\/#website\"},\"datePublished\":\"2019-03-31T20:28:00+00:00\",\"breadcrumb\":{\"@id\":\"https:\/\/maiersgoldschmiede.com\/es\/aviso-legal\/#breadcrumb\"},\"inLanguage\":\"es\",\"potentialAction\":[{\"@type\":\"ReadAction\",\"target\":[\"https:\/\/maiersgoldschmiede.com\/es\/aviso-legal\/\"]}]},{\"@type\":\"BreadcrumbList\",\"@id\":\"https:\/\/maiersgoldschmiede.com\/es\/aviso-legal\/#breadcrumb\",\"itemListElement\":[{\"@type\":\"ListItem\",\"position\":1,\"name\":\"Startseite\",\"item\":\"https:\/\/maiersgoldschmiede.com\/es\/\"},{\"@type\":\"ListItem\",\"position\":2,\"name\":\"Aviso legal\"}]},{\"@type\":\"WebSite\",\"@id\":\"https:\/\/maiersgoldschmiede.com\/es\/#website\",\"url\":\"https:\/\/maiersgoldschmiede.com\/es\/\",\"name\":\"Maiers Goldschmiede\",\"description\":\"Ibiza Goldschmied Werkstatt \u2013 Atelier\",\"publisher\":{\"@id\":\"https:\/\/maiersgoldschmiede.com\/es\/#organization\"},\"potentialAction\":[{\"@type\":\"SearchAction\",\"target\":{\"@type\":\"EntryPoint\",\"urlTemplate\":\"https:\/\/maiersgoldschmiede.com\/es\/?s={search_term_string}\"},\"query-input\":{\"@type\":\"PropertyValueSpecification\",\"valueRequired\":true,\"valueName\":\"search_term_string\"}}],\"inLanguage\":\"es\"},{\"@type\":\"Organization\",\"@id\":\"https:\/\/maiersgoldschmiede.com\/es\/#organization\",\"name\":\"Maiers Goldschmiede Ibiza\",\"url\":\"https:\/\/maiersgoldschmiede.com\/es\/\",\"logo\":{\"@type\":\"ImageObject\",\"inLanguage\":\"es\",\"@id\":\"https:\/\/maiersgoldschmiede.com\/es\/#\/schema\/logo\/image\/\",\"url\":\"https:\/\/maiersgoldschmiede.com\/wp-content\/uploads\/2017\/05\/logo2.png\",\"contentUrl\":\"https:\/\/maiersgoldschmiede.com\/wp-content\/uploads\/2017\/05\/logo2.png\",\"width\":150,\"height\":116,\"caption\":\"Maiers Goldschmiede Ibiza\"},\"image\":{\"@id\":\"https:\/\/maiersgoldschmiede.com\/es\/#\/schema\/logo\/image\/\"},\"sameAs\":[\"https:\/\/www.facebook.com\/MaiersGoldschmiede\",\"https:\/\/www.instagram.com\/maier.reinhard\"]}]}<\/script>\n<!-- \/ Yoast SEO plugin. -->","yoast_head_json":{"title":"Aviso legal - Maiers Goldschmiede","robots":{"index":"index","follow":"follow","max-snippet":"max-snippet:-1","max-image-preview":"max-image-preview:large","max-video-preview":"max-video-preview:-1"},"canonical":"https:\/\/maiersgoldschmiede.com\/es\/aviso-legal\/","og_locale":"es_ES","og_type":"article","og_title":"Aviso legal - Maiers Goldschmiede","og_description":"Informaci\u00f3n legal Al utilizar estas p\u00e1ginas, acepta los siguientes t\u00e9rminos de uso. Enlaces: Con la sentencia del 12 de mayo de 1998 &#8211; 312 O 85\/98 &#8211; Responsabilidad por enlaces &#8211; el tribunal de distrito (LG) de Hamburgo decidi\u00f3 que, al crear un enlace, el contenido del sitio vinculado podr\u00eda tener que responder ante un","og_url":"https:\/\/maiersgoldschmiede.com\/es\/aviso-legal\/","og_site_name":"Maiers Goldschmiede","article_publisher":"https:\/\/www.facebook.com\/MaiersGoldschmiede","twitter_card":"summary_large_image","twitter_misc":{"Tiempo de lectura":"3 minutos"},"schema":{"@context":"https:\/\/schema.org","@graph":[{"@type":"WebPage","@id":"https:\/\/maiersgoldschmiede.com\/es\/aviso-legal\/","url":"https:\/\/maiersgoldschmiede.com\/es\/aviso-legal\/","name":"Aviso legal - Maiers Goldschmiede","isPartOf":{"@id":"https:\/\/maiersgoldschmiede.com\/es\/#website"},"datePublished":"2019-03-31T20:28:00+00:00","breadcrumb":{"@id":"https:\/\/maiersgoldschmiede.com\/es\/aviso-legal\/#breadcrumb"},"inLanguage":"es","potentialAction":[{"@type":"ReadAction","target":["https:\/\/maiersgoldschmiede.com\/es\/aviso-legal\/"]}]},{"@type":"BreadcrumbList","@id":"https:\/\/maiersgoldschmiede.com\/es\/aviso-legal\/#breadcrumb","itemListElement":[{"@type":"ListItem","position":1,"name":"Startseite","item":"https:\/\/maiersgoldschmiede.com\/es\/"},{"@type":"ListItem","position":2,"name":"Aviso legal"}]},{"@type":"WebSite","@id":"https:\/\/maiersgoldschmiede.com\/es\/#website","url":"https:\/\/maiersgoldschmiede.com\/es\/","name":"Maiers Goldschmiede","description":"Ibiza Goldschmied Werkstatt \u2013 Atelier","publisher":{"@id":"https:\/\/maiersgoldschmiede.com\/es\/#organization"},"potentialAction":[{"@type":"SearchAction","target":{"@type":"EntryPoint","urlTemplate":"https:\/\/maiersgoldschmiede.com\/es\/?s={search_term_string}"},"query-input":{"@type":"PropertyValueSpecification","valueRequired":true,"valueName":"search_term_string"}}],"inLanguage":"es"},{"@type":"Organization","@id":"https:\/\/maiersgoldschmiede.com\/es\/#organization","name":"Maiers Goldschmiede Ibiza","url":"https:\/\/maiersgoldschmiede.com\/es\/","logo":{"@type":"ImageObject","inLanguage":"es","@id":"https:\/\/maiersgoldschmiede.com\/es\/#\/schema\/logo\/image\/","url":"https:\/\/maiersgoldschmiede.com\/wp-content\/uploads\/2017\/05\/logo2.png","contentUrl":"https:\/\/maiersgoldschmiede.com\/wp-content\/uploads\/2017\/05\/logo2.png","width":150,"height":116,"caption":"Maiers Goldschmiede Ibiza"},"image":{"@id":"https:\/\/maiersgoldschmiede.com\/es\/#\/schema\/logo\/image\/"},"sameAs":["https:\/\/www.facebook.com\/MaiersGoldschmiede","https:\/\/www.instagram.com\/maier.reinhard"]}]}},"_links":{"self":[{"href":"https:\/\/maiersgoldschmiede.com\/es\/wp-json\/wp\/v2\/pages\/7196","targetHints":{"allow":["GET"]}}],"collection":[{"href":"https:\/\/maiersgoldschmiede.com\/es\/wp-json\/wp\/v2\/pages"}],"about":[{"href":"https:\/\/maiersgoldschmiede.com\/es\/wp-json\/wp\/v2\/types\/page"}],"author":[{"embeddable":true,"href":"https:\/\/maiersgoldschmiede.com\/es\/wp-json\/wp\/v2\/users\/1"}],"replies":[{"embeddable":true,"href":"https:\/\/maiersgoldschmiede.com\/es\/wp-json\/wp\/v2\/comments?post=7196"}],"version-history":[{"count":0,"href":"https:\/\/maiersgoldschmiede.com\/es\/wp-json\/wp\/v2\/pages\/7196\/revisions"}],"wp:attachment":[{"href":"https:\/\/maiersgoldschmiede.com\/es\/wp-json\/wp\/v2\/media?parent=7196"}],"curies":[{"name":"wp","href":"https:\/\/api.w.org\/{rel}","templated":true}]}}