{"id":7248,"date":"2019-04-02T02:02:30","date_gmt":"2019-04-01T22:02:30","guid":{"rendered":"https:\/\/maiersgoldschmiede.com\/ueber-mich\/"},"modified":"2019-06-28T21:54:10","modified_gmt":"2019-06-28T19:54:10","slug":"ueber-mich","status":"publish","type":"page","link":"https:\/\/maiersgoldschmiede.com\/es\/ueber-mich\/","title":{"rendered":"\u00dcber mich"},"content":{"rendered":"<p><a href=\"https:\/\/esa-letter.com\/\">emotional support animal registration<\/a> <\/p>\n<p> You can&#8217;t even think about what percentage of your educational concerns could in fact be resolved the minute you opt to request guru advice and spend money on essay records <a href=\"https:\/\/payforessay.net\/\">essay writer<\/a> <\/p>\n<p><img loading=\"lazy\" decoding=\"async\" class=\"alignleft size-full wp-image-96\" src=\"http:\/\/maiers-goldschmiede.sites.dev\/wp-content\/uploads\/2014\/02\/reinhard-maier-at-work.jpg\" alt=\"\" width=\"392\" height=\"455\" srcset=\"https:\/\/maiersgoldschmiede.com\/wp-content\/uploads\/2014\/02\/reinhard-maier-at-work.jpg 392w, https:\/\/maiersgoldschmiede.com\/wp-content\/uploads\/2014\/02\/reinhard-maier-at-work-258x300.jpg 258w\" sizes=\"auto, (max-width: 392px) 100vw, 392px\" \/><\/p>\n<p><strong>Reinhard Maier<\/strong> naci\u00f3 el 3 de octubre de 1954 en Friburgo, Alemania.<\/p>\n<p>En 1970 comenz\u00f3 su formaci\u00f3n en la Orfebrer\u00eda Goletz.<\/p>\n<p>1974 la crisis del petr\u00f3leo, el negocio no est\u00e1 funcionando bien. Decide reeducarse y comienza la formaci\u00f3n en la t\u00e9cnica dental.<\/p>\n<p>1974-1987 trabaja como t\u00e9cnico dental, pero en su tiempo libre persigue su sue\u00f1o y su verdadera pasi\u00f3n por la orfebrer\u00eda.<\/p>\n<p>5 de octubre de 1987:<br \/>\nExamen de maestr\u00eda en orfebrer\u00eda. Despu\u00e9s de aprobar el examen de maestr\u00eda, Reinhard abre su propio negocio en el floreciente distrito de Friburgo \u2013 Landwasser, convirtiendo as\u00ed su pasi\u00f3n en una profesi\u00f3n. Desde entonces, sigue form\u00e1ndose d\u00eda a d\u00eda y ampli\u00f3 su negocio. Su esposa, con quien se cas\u00f3 en 1978, dirige la oficina y asesora a los clientes en el proceso de venta<\/p>\n<p>Despu\u00e9s de casi 20 a\u00f1os de exitosa independencia, se muda con su esposa y su hija menor a su isla favorita, Ibiza.<br \/>\nEl estilo de la isla le inspira y le da nuevos impulsos en la creatividad de su oficio.<\/p>\n<p class=\"p1\"><strong>La Orfebrer\u00eda Maier en Ibiza<\/strong><\/p>\n<p class=\"p1\">\u00bfQu\u00e9 se esconde detr\u00e1s del concepto?<\/p>\n<p class=\"p1\">El nombre de Reinhard Maier combina la experiencia con la creatividad y representa el dise\u00f1o de joyer\u00eda m\u00e1s exclusivo y \u00fanico de las Baleares.<\/p>\n<p class=\"p1\">Para estar a la altura de sus aspiraciones creativas en el arte de la orfebrer\u00eda fue necesario que Reinhard aprendiera su oficia de orfebrer\u00eda, con previa formaci\u00f3n en el \u00e1mbito de t\u00e9cnico dental. La t\u00e9cnica de encerado que aprendi\u00f3 en su formaci\u00f3n se ha convertido en la base de la producci\u00f3n de las joyas \u00fanicas de Reinhard Maier. La t\u00e9cnica de encerado que aprendi\u00f3 en su formaci\u00f3n se ha convertido en la base de la producci\u00f3n de las joyas \u00fanicas de Reinhard Maier.<\/p>\n<p class=\"p1\">35 a\u00f1os de amor por las Islas Baleares, es lo que finalmente ha llevado a Reinhard Maier y su esposa Birgitt Maier a la Isla de Ibiza, que consideran su hogar desde hace m\u00e1s de 10 a\u00f1os.<\/p>\n<p class=\"p1\">Y aqu\u00ed en Ibiza, la isla de la creatividad y la luz, el circulo se est\u00e1 cerrando con piezas de orfebrer\u00eda verdaderamente extraordinarias.<\/p>\n<p class=\"p1\">La combinaci\u00f3n de oro con piezas de madera flotantes o procesadas con exquisitas piedras preciosas crean piezas \u00fanicas hechas a mano que fusionas perfectamente el romanticismo de la isla de Ibiza.<\/p>\n<p class=\"p1\">Sin embargo, el Gecko, el s\u00edmbolo de Ibiza y el punto de referencia casi estilizado de Ibiza, es el tema favorito de Reinhard Maier.<\/p>\n<p class=\"p1\">El resultado son Geckos exclusivos y elegantes en todas las variantes.<\/p>\n<p class=\"p1\">Son joyas exclusivas, elegantes y realistas en todas las variantes, procesados como relojes, colgantes, brazaletes, pulseras, tobilleras, hebillas de cintur\u00f3n, broches, pendientes o en segmentos de conchas ibicencas.<\/p>\n<p class=\"p1\">Dado que el <b>oro<\/b> ha ejercido una atracci\u00f3n casi m\u00e1gica durante milenios, el oro no ha perdido ese encanto hasta hoy, especialmente hoy en d\u00eda<span class=\"Apple-converted-space\">  <\/span>es un activo constante. Las joyas de Reinhard Maier son elegantes, atemporales y cautivadoras.<\/p>\n<p class=\"p1\">Ahora el Maestro de Orfebrer\u00eda se atreve con una base de material muy especial. Lo que a primera vista no parece ser gran cosa, demuestra ser una sustancia muy noble en una contemplaci\u00f3n m\u00e1s cercana.<\/p>\n<p class=\"p1\">Carbono, una fibra \u00fanica. Hasta ahora sobre todo es un material que se utiliza entre otros en la fabricaci\u00f3n de monocascos de los coches de carrera m\u00e1s r\u00e1pidos del mundo. Este material brinda una gran cantidad de oportunidades en la producci\u00f3n de joyas con los m\u00e9todos m\u00e1s modernos.<\/p>\n<p class=\"p1\"><b>El carbono<\/b>es la base de las \u00faltimas creaciones de la joyer\u00eda de Reinhard Maier.<\/p>\n<p class=\"p1\">Las piedras preciosas m\u00e1s nobles como las esmeraldas, rub\u00edes, zafiros y las piedras m\u00e1s duras del mundo, el Diamante armonizan en perfecta combinaci\u00f3n con la fibra de carbono y otorgan a las creaciones un car\u00e1cter de subestimaci\u00f3n de los m\u00e1s alto.<\/p>\n<p class=\"p1\">Esto tambi\u00e9n lo ha reconocido <b>Jimmy\u2019s Coco Beach<\/b>, uno de los Beach Clubs m\u00e1s famosos y conocidos en la Isla de Ibiza, que de momento presenta la nueva colecci\u00f3n de fibra de carbono de Reinhard Maier a su exclusiva clientela.<\/p>\n<p>&nbsp; <a href=\"https:\/\/termpaperwriter.org\/pay-for-research-paper\">buy research papers online<\/a><\/p>\n","protected":false},"excerpt":{"rendered":"<p>emotional support animal registration You can&#8217;t even think about what percentage of your educational concerns could in fact be resolved the minute you opt to request guru advice and spend money on essay records essay writer Reinhard Maier naci\u00f3 el 3 de octubre de 1954 en Friburgo, Alemania. En 1970 comenz\u00f3 su formaci\u00f3n en la<\/p>\n","protected":false},"author":1,"featured_media":0,"parent":0,"menu_order":0,"comment_status":"closed","ping_status":"closed","template":"","meta":{"_exactmetrics_skip_tracking":false,"_exactmetrics_sitenote_active":false,"_exactmetrics_sitenote_note":"","_exactmetrics_sitenote_category":0,"footnotes":""},"class_list":["post-7248","page","type-page","status-publish","hentry","prodpage-style3"],"yoast_head":"<!-- This site is optimized with the Yoast SEO plugin v26.1.1 - https:\/\/yoast.com\/wordpress\/plugins\/seo\/ -->\n<title>\u00dcber mich - Maiers Goldschmiede<\/title>\n<meta name=\"robots\" content=\"index, follow, max-snippet:-1, max-image-preview:large, max-video-preview:-1\" \/>\n<link rel=\"canonical\" href=\"https:\/\/maiersgoldschmiede.com\/es\/ueber-mich\/\" \/>\n<meta property=\"og:locale\" content=\"es_ES\" \/>\n<meta property=\"og:type\" content=\"article\" \/>\n<meta property=\"og:title\" content=\"\u00dcber mich - Maiers Goldschmiede\" \/>\n<meta property=\"og:description\" content=\"emotional support animal registration You can&#8217;t even think about what percentage of your educational concerns could in fact be resolved the minute you opt to request guru advice and spend money on essay records essay writer Reinhard Maier naci\u00f3 el 3 de octubre de 1954 en Friburgo, Alemania. En 1970 comenz\u00f3 su formaci\u00f3n en la\" \/>\n<meta property=\"og:url\" content=\"https:\/\/maiersgoldschmiede.com\/es\/ueber-mich\/\" \/>\n<meta property=\"og:site_name\" content=\"Maiers Goldschmiede\" \/>\n<meta property=\"article:publisher\" content=\"https:\/\/www.facebook.com\/MaiersGoldschmiede\" \/>\n<meta property=\"article:modified_time\" content=\"2019-06-28T19:54:10+00:00\" \/>\n<meta property=\"og:image\" content=\"http:\/\/maiers-goldschmiede.sites.dev\/wp-content\/uploads\/2014\/02\/reinhard-maier-at-work.jpg\" \/>\n<meta name=\"twitter:card\" content=\"summary_large_image\" \/>\n<meta name=\"twitter:label1\" content=\"Tiempo de lectura\" \/>\n\t<meta name=\"twitter:data1\" content=\"4 minutos\" \/>\n<script type=\"application\/ld+json\" class=\"yoast-schema-graph\">{\"@context\":\"https:\/\/schema.org\",\"@graph\":[{\"@type\":\"WebPage\",\"@id\":\"https:\/\/maiersgoldschmiede.com\/es\/ueber-mich\/\",\"url\":\"https:\/\/maiersgoldschmiede.com\/es\/ueber-mich\/\",\"name\":\"\u00dcber mich - Maiers Goldschmiede\",\"isPartOf\":{\"@id\":\"https:\/\/maiersgoldschmiede.com\/es\/#website\"},\"primaryImageOfPage\":{\"@id\":\"https:\/\/maiersgoldschmiede.com\/es\/ueber-mich\/#primaryimage\"},\"image\":{\"@id\":\"https:\/\/maiersgoldschmiede.com\/es\/ueber-mich\/#primaryimage\"},\"thumbnailUrl\":\"http:\/\/maiers-goldschmiede.sites.dev\/wp-content\/uploads\/2014\/02\/reinhard-maier-at-work.jpg\",\"datePublished\":\"2019-04-01T22:02:30+00:00\",\"dateModified\":\"2019-06-28T19:54:10+00:00\",\"breadcrumb\":{\"@id\":\"https:\/\/maiersgoldschmiede.com\/es\/ueber-mich\/#breadcrumb\"},\"inLanguage\":\"es\",\"potentialAction\":[{\"@type\":\"ReadAction\",\"target\":[\"https:\/\/maiersgoldschmiede.com\/es\/ueber-mich\/\"]}]},{\"@type\":\"ImageObject\",\"inLanguage\":\"es\",\"@id\":\"https:\/\/maiersgoldschmiede.com\/es\/ueber-mich\/#primaryimage\",\"url\":\"http:\/\/maiers-goldschmiede.sites.dev\/wp-content\/uploads\/2014\/02\/reinhard-maier-at-work.jpg\",\"contentUrl\":\"http:\/\/maiers-goldschmiede.sites.dev\/wp-content\/uploads\/2014\/02\/reinhard-maier-at-work.jpg\"},{\"@type\":\"BreadcrumbList\",\"@id\":\"https:\/\/maiersgoldschmiede.com\/es\/ueber-mich\/#breadcrumb\",\"itemListElement\":[{\"@type\":\"ListItem\",\"position\":1,\"name\":\"Startseite\",\"item\":\"https:\/\/maiersgoldschmiede.com\/es\/\"},{\"@type\":\"ListItem\",\"position\":2,\"name\":\"\u00dcber mich\"}]},{\"@type\":\"WebSite\",\"@id\":\"https:\/\/maiersgoldschmiede.com\/es\/#website\",\"url\":\"https:\/\/maiersgoldschmiede.com\/es\/\",\"name\":\"Maiers Goldschmiede\",\"description\":\"Ibiza Goldschmied Werkstatt \u2013 Atelier\",\"publisher\":{\"@id\":\"https:\/\/maiersgoldschmiede.com\/es\/#organization\"},\"potentialAction\":[{\"@type\":\"SearchAction\",\"target\":{\"@type\":\"EntryPoint\",\"urlTemplate\":\"https:\/\/maiersgoldschmiede.com\/es\/?s={search_term_string}\"},\"query-input\":{\"@type\":\"PropertyValueSpecification\",\"valueRequired\":true,\"valueName\":\"search_term_string\"}}],\"inLanguage\":\"es\"},{\"@type\":\"Organization\",\"@id\":\"https:\/\/maiersgoldschmiede.com\/es\/#organization\",\"name\":\"Maiers Goldschmiede Ibiza\",\"url\":\"https:\/\/maiersgoldschmiede.com\/es\/\",\"logo\":{\"@type\":\"ImageObject\",\"inLanguage\":\"es\",\"@id\":\"https:\/\/maiersgoldschmiede.com\/es\/#\/schema\/logo\/image\/\",\"url\":\"https:\/\/maiersgoldschmiede.com\/wp-content\/uploads\/2017\/05\/logo2.png\",\"contentUrl\":\"https:\/\/maiersgoldschmiede.com\/wp-content\/uploads\/2017\/05\/logo2.png\",\"width\":150,\"height\":116,\"caption\":\"Maiers Goldschmiede Ibiza\"},\"image\":{\"@id\":\"https:\/\/maiersgoldschmiede.com\/es\/#\/schema\/logo\/image\/\"},\"sameAs\":[\"https:\/\/www.facebook.com\/MaiersGoldschmiede\",\"https:\/\/www.instagram.com\/maier.reinhard\"]}]}<\/script>\n<!-- \/ Yoast SEO plugin. -->","yoast_head_json":{"title":"\u00dcber mich - Maiers Goldschmiede","robots":{"index":"index","follow":"follow","max-snippet":"max-snippet:-1","max-image-preview":"max-image-preview:large","max-video-preview":"max-video-preview:-1"},"canonical":"https:\/\/maiersgoldschmiede.com\/es\/ueber-mich\/","og_locale":"es_ES","og_type":"article","og_title":"\u00dcber mich - Maiers Goldschmiede","og_description":"emotional support animal registration You can&#8217;t even think about what percentage of your educational concerns could in fact be resolved the minute you opt to request guru advice and spend money on essay records essay writer Reinhard Maier naci\u00f3 el 3 de octubre de 1954 en Friburgo, Alemania. En 1970 comenz\u00f3 su formaci\u00f3n en la","og_url":"https:\/\/maiersgoldschmiede.com\/es\/ueber-mich\/","og_site_name":"Maiers Goldschmiede","article_publisher":"https:\/\/www.facebook.com\/MaiersGoldschmiede","article_modified_time":"2019-06-28T19:54:10+00:00","og_image":[{"url":"http:\/\/maiers-goldschmiede.sites.dev\/wp-content\/uploads\/2014\/02\/reinhard-maier-at-work.jpg","type":"","width":"","height":""}],"twitter_card":"summary_large_image","twitter_misc":{"Tiempo de lectura":"4 minutos"},"schema":{"@context":"https:\/\/schema.org","@graph":[{"@type":"WebPage","@id":"https:\/\/maiersgoldschmiede.com\/es\/ueber-mich\/","url":"https:\/\/maiersgoldschmiede.com\/es\/ueber-mich\/","name":"\u00dcber mich - Maiers Goldschmiede","isPartOf":{"@id":"https:\/\/maiersgoldschmiede.com\/es\/#website"},"primaryImageOfPage":{"@id":"https:\/\/maiersgoldschmiede.com\/es\/ueber-mich\/#primaryimage"},"image":{"@id":"https:\/\/maiersgoldschmiede.com\/es\/ueber-mich\/#primaryimage"},"thumbnailUrl":"http:\/\/maiers-goldschmiede.sites.dev\/wp-content\/uploads\/2014\/02\/reinhard-maier-at-work.jpg","datePublished":"2019-04-01T22:02:30+00:00","dateModified":"2019-06-28T19:54:10+00:00","breadcrumb":{"@id":"https:\/\/maiersgoldschmiede.com\/es\/ueber-mich\/#breadcrumb"},"inLanguage":"es","potentialAction":[{"@type":"ReadAction","target":["https:\/\/maiersgoldschmiede.com\/es\/ueber-mich\/"]}]},{"@type":"ImageObject","inLanguage":"es","@id":"https:\/\/maiersgoldschmiede.com\/es\/ueber-mich\/#primaryimage","url":"http:\/\/maiers-goldschmiede.sites.dev\/wp-content\/uploads\/2014\/02\/reinhard-maier-at-work.jpg","contentUrl":"http:\/\/maiers-goldschmiede.sites.dev\/wp-content\/uploads\/2014\/02\/reinhard-maier-at-work.jpg"},{"@type":"BreadcrumbList","@id":"https:\/\/maiersgoldschmiede.com\/es\/ueber-mich\/#breadcrumb","itemListElement":[{"@type":"ListItem","position":1,"name":"Startseite","item":"https:\/\/maiersgoldschmiede.com\/es\/"},{"@type":"ListItem","position":2,"name":"\u00dcber mich"}]},{"@type":"WebSite","@id":"https:\/\/maiersgoldschmiede.com\/es\/#website","url":"https:\/\/maiersgoldschmiede.com\/es\/","name":"Maiers Goldschmiede","description":"Ibiza Goldschmied Werkstatt \u2013 Atelier","publisher":{"@id":"https:\/\/maiersgoldschmiede.com\/es\/#organization"},"potentialAction":[{"@type":"SearchAction","target":{"@type":"EntryPoint","urlTemplate":"https:\/\/maiersgoldschmiede.com\/es\/?s={search_term_string}"},"query-input":{"@type":"PropertyValueSpecification","valueRequired":true,"valueName":"search_term_string"}}],"inLanguage":"es"},{"@type":"Organization","@id":"https:\/\/maiersgoldschmiede.com\/es\/#organization","name":"Maiers Goldschmiede Ibiza","url":"https:\/\/maiersgoldschmiede.com\/es\/","logo":{"@type":"ImageObject","inLanguage":"es","@id":"https:\/\/maiersgoldschmiede.com\/es\/#\/schema\/logo\/image\/","url":"https:\/\/maiersgoldschmiede.com\/wp-content\/uploads\/2017\/05\/logo2.png","contentUrl":"https:\/\/maiersgoldschmiede.com\/wp-content\/uploads\/2017\/05\/logo2.png","width":150,"height":116,"caption":"Maiers Goldschmiede Ibiza"},"image":{"@id":"https:\/\/maiersgoldschmiede.com\/es\/#\/schema\/logo\/image\/"},"sameAs":["https:\/\/www.facebook.com\/MaiersGoldschmiede","https:\/\/www.instagram.com\/maier.reinhard"]}]}},"_links":{"self":[{"href":"https:\/\/maiersgoldschmiede.com\/es\/wp-json\/wp\/v2\/pages\/7248","targetHints":{"allow":["GET"]}}],"collection":[{"href":"https:\/\/maiersgoldschmiede.com\/es\/wp-json\/wp\/v2\/pages"}],"about":[{"href":"https:\/\/maiersgoldschmiede.com\/es\/wp-json\/wp\/v2\/types\/page"}],"author":[{"embeddable":true,"href":"https:\/\/maiersgoldschmiede.com\/es\/wp-json\/wp\/v2\/users\/1"}],"replies":[{"embeddable":true,"href":"https:\/\/maiersgoldschmiede.com\/es\/wp-json\/wp\/v2\/comments?post=7248"}],"version-history":[{"count":0,"href":"https:\/\/maiersgoldschmiede.com\/es\/wp-json\/wp\/v2\/pages\/7248\/revisions"}],"wp:attachment":[{"href":"https:\/\/maiersgoldschmiede.com\/es\/wp-json\/wp\/v2\/media?parent=7248"}],"curies":[{"name":"wp","href":"https:\/\/api.w.org\/{rel}","templated":true}]}}