{"id":19353,"date":"2021-03-11T13:13:16","date_gmt":"2021-03-11T12:13:16","guid":{"rendered":"https:\/\/maiersgoldschmiede.com\/?post_type=product&#038;p=19353"},"modified":"2023-05-10T10:50:02","modified_gmt":"2023-05-10T08:50:02","slug":"ibiza-anhaenger-mit-tintenfisch-in-3d","status":"publish","type":"product","link":"https:\/\/maiersgoldschmiede.com\/es\/shop\/ibiza-anhaenger-mit-tintenfisch-in-3d\/","title":{"rendered":"Ibiza Anh\u00e4nger mit Tintenfisch in 3D"},"content":{"rendered":"<p>Anh\u00e4nger in 925 Silber.<\/p>\n<p>Ibiza: L\u00e4nge: 53 mm, Breite: 30 mm, St\u00e4rke: 5,5 mm,<\/p>\n<p>Tintenfisch 925 Silber Goldplattiert,\u00a0 mit 2 schwarzen Brillanten in den Augen,<\/p>\n<p>Tintenfisch: L\u00e4nge: 20 mm, Breite: 20 mm,<\/p>\n<p>Gewicht 33 gr.<\/p>\n<p><span style=\"color: #ff0000;\">Als Highlight kann man am Wohnort einen Stein einfassen!<\/span><\/p>\n","protected":false},"excerpt":{"rendered":"<p>Anh\u00e4nger in 925 Silber. Ibiza: L\u00e4nge: 53 mm, Breite: 30 mm, St\u00e4rke: 5,5 mm, Tintenfisch 925 Silber Goldplattiert,\u00a0 mit 2 schwarzen Brillanten in den Augen, Tintenfisch: L\u00e4nge: 20 mm, Breite: 20 mm, Gewicht 33 gr. Als Highlight kann man am Wohnort einen Stein einfassen!<\/p>\n","protected":false},"featured_media":19346,"template":"","meta":{"_exactmetrics_skip_tracking":false,"_exactmetrics_sitenote_active":false,"_exactmetrics_sitenote_note":"","_exactmetrics_sitenote_category":0},"product_brand":[],"product_cat":[516,547,229,576,215,1134],"product_tag":[63,65,973,977],"class_list":{"0":"post-19353","1":"product","2":"type-product","3":"status-publish","4":"has-post-thumbnail","6":"product_cat-halsketten-colliers","7":"product_cat-ibiza-collection","8":"product_cat-neuheiten","9":"product_cat-silber","10":"product_cat-tier-collection","11":"product_cat-tintenfisch-collections","12":"product_tag-anhaenger","13":"product_tag-ibiza","14":"product_tag-in-3d","15":"product_tag-tintenfisch","17":"first","18":"instock","19":"taxable","20":"shipping-taxable","21":"purchasable","22":"product-type-simple","23":"prodpage-style3"},"yoast_head":"<!-- This site is optimized with the Yoast SEO plugin v26.1.1 - https:\/\/yoast.com\/wordpress\/plugins\/seo\/ -->\n<title>Ibiza Anh\u00e4nger mit Tintenfisch in 3D - Maiers Goldschmiede<\/title>\n<meta name=\"robots\" content=\"index, follow, max-snippet:-1, max-image-preview:large, max-video-preview:-1\" \/>\n<link rel=\"canonical\" href=\"https:\/\/maiersgoldschmiede.com\/shop\/ibiza-anhaenger-mit-tintenfisch-in-3d\/\" \/>\n<meta property=\"og:locale\" content=\"es_ES\" \/>\n<meta property=\"og:type\" content=\"article\" \/>\n<meta property=\"og:title\" content=\"Ibiza Anh\u00e4nger mit Tintenfisch in 3D - Maiers Goldschmiede\" \/>\n<meta property=\"og:description\" content=\"Anh\u00e4nger in 925 Silber. Ibiza: L\u00e4nge: 53 mm, Breite: 30 mm, St\u00e4rke: 5,5 mm, Tintenfisch 925 Silber Goldplattiert,\u00a0 mit 2 schwarzen Brillanten in den Augen, Tintenfisch: L\u00e4nge: 20 mm, Breite: 20 mm, Gewicht 33 gr. Als Highlight kann man am Wohnort einen Stein einfassen!\" \/>\n<meta property=\"og:url\" content=\"https:\/\/maiersgoldschmiede.com\/shop\/ibiza-anhaenger-mit-tintenfisch-in-3d\/\" \/>\n<meta property=\"og:site_name\" content=\"Maiers Goldschmiede\" \/>\n<meta property=\"article:publisher\" content=\"https:\/\/www.facebook.com\/MaiersGoldschmiede\" \/>\n<meta property=\"article:modified_time\" content=\"2023-05-10T08:50:02+00:00\" \/>\n<meta property=\"og:image\" content=\"https:\/\/maiersgoldschmiede.com\/wp-content\/uploads\/2021\/03\/022_.jpg\" \/>\n\t<meta property=\"og:image:width\" content=\"1104\" \/>\n\t<meta property=\"og:image:height\" content=\"1200\" \/>\n\t<meta property=\"og:image:type\" content=\"image\/jpeg\" \/>\n<meta name=\"twitter:card\" content=\"summary_large_image\" \/>\n<meta name=\"twitter:label1\" content=\"Tiempo de lectura\" \/>\n\t<meta name=\"twitter:data1\" content=\"1 minuto\" \/>\n<script type=\"application\/ld+json\" class=\"yoast-schema-graph\">{\"@context\":\"https:\/\/schema.org\",\"@graph\":[{\"@type\":\"WebPage\",\"@id\":\"https:\/\/maiersgoldschmiede.com\/shop\/ibiza-anhaenger-mit-tintenfisch-in-3d\/\",\"url\":\"https:\/\/maiersgoldschmiede.com\/shop\/ibiza-anhaenger-mit-tintenfisch-in-3d\/\",\"name\":\"Ibiza Anh\u00e4nger mit Tintenfisch in 3D - Maiers Goldschmiede\",\"isPartOf\":{\"@id\":\"https:\/\/maiersgoldschmiede.com\/es\/#website\"},\"primaryImageOfPage\":{\"@id\":\"https:\/\/maiersgoldschmiede.com\/shop\/ibiza-anhaenger-mit-tintenfisch-in-3d\/#primaryimage\"},\"image\":{\"@id\":\"https:\/\/maiersgoldschmiede.com\/shop\/ibiza-anhaenger-mit-tintenfisch-in-3d\/#primaryimage\"},\"thumbnailUrl\":\"https:\/\/maiersgoldschmiede.com\/wp-content\/uploads\/2021\/03\/022_.jpg\",\"datePublished\":\"2021-03-11T12:13:16+00:00\",\"dateModified\":\"2023-05-10T08:50:02+00:00\",\"breadcrumb\":{\"@id\":\"https:\/\/maiersgoldschmiede.com\/shop\/ibiza-anhaenger-mit-tintenfisch-in-3d\/#breadcrumb\"},\"inLanguage\":\"es\",\"potentialAction\":[{\"@type\":\"ReadAction\",\"target\":[\"https:\/\/maiersgoldschmiede.com\/shop\/ibiza-anhaenger-mit-tintenfisch-in-3d\/\"]}]},{\"@type\":\"ImageObject\",\"inLanguage\":\"es\",\"@id\":\"https:\/\/maiersgoldschmiede.com\/shop\/ibiza-anhaenger-mit-tintenfisch-in-3d\/#primaryimage\",\"url\":\"https:\/\/maiersgoldschmiede.com\/wp-content\/uploads\/2021\/03\/022_.jpg\",\"contentUrl\":\"https:\/\/maiersgoldschmiede.com\/wp-content\/uploads\/2021\/03\/022_.jpg\",\"width\":1104,\"height\":1200,\"caption\":\"Schl\u00fcsselanh\u00e4nger Ibiza 3D mit Tintenfisch,\"},{\"@type\":\"BreadcrumbList\",\"@id\":\"https:\/\/maiersgoldschmiede.com\/shop\/ibiza-anhaenger-mit-tintenfisch-in-3d\/#breadcrumb\",\"itemListElement\":[{\"@type\":\"ListItem\",\"position\":1,\"name\":\"Startseite\",\"item\":\"https:\/\/maiersgoldschmiede.com\/es\/\"},{\"@type\":\"ListItem\",\"position\":2,\"name\":\"Maiers Goldschmiede Shop\",\"item\":\"https:\/\/maiersgoldschmiede.com\/es\/maiers-goldschmiede-shop\/\"},{\"@type\":\"ListItem\",\"position\":3,\"name\":\"Ibiza Anh\u00e4nger mit Tintenfisch in 3D\"}]},{\"@type\":\"WebSite\",\"@id\":\"https:\/\/maiersgoldschmiede.com\/es\/#website\",\"url\":\"https:\/\/maiersgoldschmiede.com\/es\/\",\"name\":\"Maiers Goldschmiede\",\"description\":\"Ibiza Goldschmied Werkstatt \u2013 Atelier\",\"publisher\":{\"@id\":\"https:\/\/maiersgoldschmiede.com\/es\/#organization\"},\"potentialAction\":[{\"@type\":\"SearchAction\",\"target\":{\"@type\":\"EntryPoint\",\"urlTemplate\":\"https:\/\/maiersgoldschmiede.com\/es\/?s={search_term_string}\"},\"query-input\":{\"@type\":\"PropertyValueSpecification\",\"valueRequired\":true,\"valueName\":\"search_term_string\"}}],\"inLanguage\":\"es\"},{\"@type\":\"Organization\",\"@id\":\"https:\/\/maiersgoldschmiede.com\/es\/#organization\",\"name\":\"Maiers Goldschmiede Ibiza\",\"url\":\"https:\/\/maiersgoldschmiede.com\/es\/\",\"logo\":{\"@type\":\"ImageObject\",\"inLanguage\":\"es\",\"@id\":\"https:\/\/maiersgoldschmiede.com\/es\/#\/schema\/logo\/image\/\",\"url\":\"https:\/\/maiersgoldschmiede.com\/wp-content\/uploads\/2017\/05\/logo2.png\",\"contentUrl\":\"https:\/\/maiersgoldschmiede.com\/wp-content\/uploads\/2017\/05\/logo2.png\",\"width\":150,\"height\":116,\"caption\":\"Maiers Goldschmiede Ibiza\"},\"image\":{\"@id\":\"https:\/\/maiersgoldschmiede.com\/es\/#\/schema\/logo\/image\/\"},\"sameAs\":[\"https:\/\/www.facebook.com\/MaiersGoldschmiede\",\"https:\/\/www.instagram.com\/maier.reinhard\"]}]}<\/script>\n<!-- \/ Yoast SEO plugin. -->","yoast_head_json":{"title":"Ibiza Anh\u00e4nger mit Tintenfisch in 3D - Maiers Goldschmiede","robots":{"index":"index","follow":"follow","max-snippet":"max-snippet:-1","max-image-preview":"max-image-preview:large","max-video-preview":"max-video-preview:-1"},"canonical":"https:\/\/maiersgoldschmiede.com\/shop\/ibiza-anhaenger-mit-tintenfisch-in-3d\/","og_locale":"es_ES","og_type":"article","og_title":"Ibiza Anh\u00e4nger mit Tintenfisch in 3D - Maiers Goldschmiede","og_description":"Anh\u00e4nger in 925 Silber. Ibiza: L\u00e4nge: 53 mm, Breite: 30 mm, St\u00e4rke: 5,5 mm, Tintenfisch 925 Silber Goldplattiert,\u00a0 mit 2 schwarzen Brillanten in den Augen, Tintenfisch: L\u00e4nge: 20 mm, Breite: 20 mm, Gewicht 33 gr. Als Highlight kann man am Wohnort einen Stein einfassen!","og_url":"https:\/\/maiersgoldschmiede.com\/shop\/ibiza-anhaenger-mit-tintenfisch-in-3d\/","og_site_name":"Maiers Goldschmiede","article_publisher":"https:\/\/www.facebook.com\/MaiersGoldschmiede","article_modified_time":"2023-05-10T08:50:02+00:00","og_image":[{"width":1104,"height":1200,"url":"https:\/\/maiersgoldschmiede.com\/wp-content\/uploads\/2021\/03\/022_.jpg","type":"image\/jpeg"}],"twitter_card":"summary_large_image","twitter_misc":{"Tiempo de lectura":"1 minuto"},"schema":{"@context":"https:\/\/schema.org","@graph":[{"@type":"WebPage","@id":"https:\/\/maiersgoldschmiede.com\/shop\/ibiza-anhaenger-mit-tintenfisch-in-3d\/","url":"https:\/\/maiersgoldschmiede.com\/shop\/ibiza-anhaenger-mit-tintenfisch-in-3d\/","name":"Ibiza Anh\u00e4nger mit Tintenfisch in 3D - Maiers Goldschmiede","isPartOf":{"@id":"https:\/\/maiersgoldschmiede.com\/es\/#website"},"primaryImageOfPage":{"@id":"https:\/\/maiersgoldschmiede.com\/shop\/ibiza-anhaenger-mit-tintenfisch-in-3d\/#primaryimage"},"image":{"@id":"https:\/\/maiersgoldschmiede.com\/shop\/ibiza-anhaenger-mit-tintenfisch-in-3d\/#primaryimage"},"thumbnailUrl":"https:\/\/maiersgoldschmiede.com\/wp-content\/uploads\/2021\/03\/022_.jpg","datePublished":"2021-03-11T12:13:16+00:00","dateModified":"2023-05-10T08:50:02+00:00","breadcrumb":{"@id":"https:\/\/maiersgoldschmiede.com\/shop\/ibiza-anhaenger-mit-tintenfisch-in-3d\/#breadcrumb"},"inLanguage":"es","potentialAction":[{"@type":"ReadAction","target":["https:\/\/maiersgoldschmiede.com\/shop\/ibiza-anhaenger-mit-tintenfisch-in-3d\/"]}]},{"@type":"ImageObject","inLanguage":"es","@id":"https:\/\/maiersgoldschmiede.com\/shop\/ibiza-anhaenger-mit-tintenfisch-in-3d\/#primaryimage","url":"https:\/\/maiersgoldschmiede.com\/wp-content\/uploads\/2021\/03\/022_.jpg","contentUrl":"https:\/\/maiersgoldschmiede.com\/wp-content\/uploads\/2021\/03\/022_.jpg","width":1104,"height":1200,"caption":"Schl\u00fcsselanh\u00e4nger Ibiza 3D mit Tintenfisch,"},{"@type":"BreadcrumbList","@id":"https:\/\/maiersgoldschmiede.com\/shop\/ibiza-anhaenger-mit-tintenfisch-in-3d\/#breadcrumb","itemListElement":[{"@type":"ListItem","position":1,"name":"Startseite","item":"https:\/\/maiersgoldschmiede.com\/es\/"},{"@type":"ListItem","position":2,"name":"Maiers Goldschmiede Shop","item":"https:\/\/maiersgoldschmiede.com\/es\/maiers-goldschmiede-shop\/"},{"@type":"ListItem","position":3,"name":"Ibiza Anh\u00e4nger mit Tintenfisch in 3D"}]},{"@type":"WebSite","@id":"https:\/\/maiersgoldschmiede.com\/es\/#website","url":"https:\/\/maiersgoldschmiede.com\/es\/","name":"Maiers Goldschmiede","description":"Ibiza Goldschmied Werkstatt \u2013 Atelier","publisher":{"@id":"https:\/\/maiersgoldschmiede.com\/es\/#organization"},"potentialAction":[{"@type":"SearchAction","target":{"@type":"EntryPoint","urlTemplate":"https:\/\/maiersgoldschmiede.com\/es\/?s={search_term_string}"},"query-input":{"@type":"PropertyValueSpecification","valueRequired":true,"valueName":"search_term_string"}}],"inLanguage":"es"},{"@type":"Organization","@id":"https:\/\/maiersgoldschmiede.com\/es\/#organization","name":"Maiers Goldschmiede Ibiza","url":"https:\/\/maiersgoldschmiede.com\/es\/","logo":{"@type":"ImageObject","inLanguage":"es","@id":"https:\/\/maiersgoldschmiede.com\/es\/#\/schema\/logo\/image\/","url":"https:\/\/maiersgoldschmiede.com\/wp-content\/uploads\/2017\/05\/logo2.png","contentUrl":"https:\/\/maiersgoldschmiede.com\/wp-content\/uploads\/2017\/05\/logo2.png","width":150,"height":116,"caption":"Maiers Goldschmiede Ibiza"},"image":{"@id":"https:\/\/maiersgoldschmiede.com\/es\/#\/schema\/logo\/image\/"},"sameAs":["https:\/\/www.facebook.com\/MaiersGoldschmiede","https:\/\/www.instagram.com\/maier.reinhard"]}]}},"_links":{"self":[{"href":"https:\/\/maiersgoldschmiede.com\/es\/wp-json\/wp\/v2\/product\/19353","targetHints":{"allow":["GET"]}}],"collection":[{"href":"https:\/\/maiersgoldschmiede.com\/es\/wp-json\/wp\/v2\/product"}],"about":[{"href":"https:\/\/maiersgoldschmiede.com\/es\/wp-json\/wp\/v2\/types\/product"}],"wp:featuredmedia":[{"embeddable":true,"href":"https:\/\/maiersgoldschmiede.com\/es\/wp-json\/wp\/v2\/media\/19346"}],"wp:attachment":[{"href":"https:\/\/maiersgoldschmiede.com\/es\/wp-json\/wp\/v2\/media?parent=19353"}],"wp:term":[{"taxonomy":"product_brand","embeddable":true,"href":"https:\/\/maiersgoldschmiede.com\/es\/wp-json\/wp\/v2\/product_brand?post=19353"},{"taxonomy":"product_cat","embeddable":true,"href":"https:\/\/maiersgoldschmiede.com\/es\/wp-json\/wp\/v2\/product_cat?post=19353"},{"taxonomy":"product_tag","embeddable":true,"href":"https:\/\/maiersgoldschmiede.com\/es\/wp-json\/wp\/v2\/product_tag?post=19353"}],"curies":[{"name":"wp","href":"https:\/\/api.w.org\/{rel}","templated":true}]}}