{"id":20117,"date":"2022-09-09T11:06:24","date_gmt":"2022-09-09T09:06:24","guid":{"rendered":"https:\/\/maiersgoldschmiede.com\/?post_type=product&#038;p=20117"},"modified":"2023-06-23T19:35:53","modified_gmt":"2023-06-23T17:35:53","slug":"eichhoernchen-collier","status":"publish","type":"product","link":"https:\/\/maiersgoldschmiede.com\/es\/shop\/eichhoernchen-collier\/","title":{"rendered":"Eichh\u00f6rnchen &#8211; Collier"},"content":{"rendered":"<p>585 gelb Gold, 8 Gramm.<br \/>\nMit 3 Brillant 0,07 ct si\/top wess.<\/p>\n<p>H\u00f6he 11 mm, Breite 29 mm, St\u00e4rke 4,4 mm.<\/p>\n<p>Mit Ankerkette 585, L\u00e4nge: 42cm, St\u00e4rke: 1,2 mm, mit Federing\u00a0 &#8211; Verschluss!<\/p>\n<p>Kann man auch in Silber anfertigen!<\/p>\n<p>Preis auf Anfrage!<\/p>\n","protected":false},"excerpt":{"rendered":"<p>585 gelb Gold, 8 Gramm. Mit 3 Brillant 0,07 ct si\/top wess. H\u00f6he 11 mm, Breite 29 mm, St\u00e4rke 4,4 mm. Mit Ankerkette 585, L\u00e4nge: 42cm, St\u00e4rke: 1,2 mm, mit Federing\u00a0 &#8211; Verschluss! Kann man auch in Silber anfertigen! Preis auf Anfrage!<\/p>\n","protected":false},"featured_media":20118,"template":"","meta":{"_exactmetrics_skip_tracking":false,"_exactmetrics_sitenote_active":false,"_exactmetrics_sitenote_note":"","_exactmetrics_sitenote_category":0},"product_brand":[],"product_cat":[508,225,575,516,576,215],"product_tag":[160,737],"class_list":{"0":"post-20117","1":"product","2":"type-product","3":"status-publish","4":"has-post-thumbnail","6":"product_cat-damenschmuck","7":"product_cat-geschenke","8":"product_cat-gold","9":"product_cat-halsketten-colliers","10":"product_cat-silber","11":"product_cat-tier-collection","12":"product_tag-collier","13":"product_tag-eichhoernchen","15":"first","16":"instock","17":"taxable","18":"shipping-taxable","19":"purchasable","20":"product-type-simple","21":"prodpage-style3"},"yoast_head":"<!-- This site is optimized with the Yoast SEO plugin v26.1.1 - https:\/\/yoast.com\/wordpress\/plugins\/seo\/ -->\n<title>Eichh\u00f6rnchen - Collier - Maiers Goldschmiede<\/title>\n<meta name=\"robots\" content=\"index, follow, max-snippet:-1, max-image-preview:large, max-video-preview:-1\" \/>\n<link rel=\"canonical\" href=\"https:\/\/maiersgoldschmiede.com\/shop\/eichhoernchen-collier\/\" \/>\n<meta property=\"og:locale\" content=\"es_ES\" \/>\n<meta property=\"og:type\" content=\"article\" \/>\n<meta property=\"og:title\" content=\"Eichh\u00f6rnchen - Collier - Maiers Goldschmiede\" \/>\n<meta property=\"og:description\" content=\"585 gelb Gold, 8 Gramm. Mit 3 Brillant 0,07 ct si\/top wess. H\u00f6he 11 mm, Breite 29 mm, St\u00e4rke 4,4 mm. Mit Ankerkette 585, L\u00e4nge: 42cm, St\u00e4rke: 1,2 mm, mit Federing\u00a0 &#8211; Verschluss! Kann man auch in Silber anfertigen! Preis auf Anfrage!\" \/>\n<meta property=\"og:url\" content=\"https:\/\/maiersgoldschmiede.com\/shop\/eichhoernchen-collier\/\" \/>\n<meta property=\"og:site_name\" content=\"Maiers Goldschmiede\" \/>\n<meta property=\"article:publisher\" content=\"https:\/\/www.facebook.com\/MaiersGoldschmiede\" \/>\n<meta property=\"article:modified_time\" content=\"2023-06-23T17:35:53+00:00\" \/>\n<meta property=\"og:image\" content=\"https:\/\/maiersgoldschmiede.com\/wp-content\/uploads\/2022\/09\/005_-scaled.jpg\" \/>\n\t<meta property=\"og:image:width\" content=\"2560\" \/>\n\t<meta property=\"og:image:height\" content=\"1636\" \/>\n\t<meta property=\"og:image:type\" content=\"image\/jpeg\" \/>\n<meta name=\"twitter:card\" content=\"summary_large_image\" \/>\n<meta name=\"twitter:label1\" content=\"Tiempo de lectura\" \/>\n\t<meta name=\"twitter:data1\" content=\"1 minuto\" \/>\n<script type=\"application\/ld+json\" class=\"yoast-schema-graph\">{\"@context\":\"https:\/\/schema.org\",\"@graph\":[{\"@type\":\"WebPage\",\"@id\":\"https:\/\/maiersgoldschmiede.com\/shop\/eichhoernchen-collier\/\",\"url\":\"https:\/\/maiersgoldschmiede.com\/shop\/eichhoernchen-collier\/\",\"name\":\"Eichh\u00f6rnchen - Collier - Maiers Goldschmiede\",\"isPartOf\":{\"@id\":\"https:\/\/maiersgoldschmiede.com\/es\/#website\"},\"primaryImageOfPage\":{\"@id\":\"https:\/\/maiersgoldschmiede.com\/shop\/eichhoernchen-collier\/#primaryimage\"},\"image\":{\"@id\":\"https:\/\/maiersgoldschmiede.com\/shop\/eichhoernchen-collier\/#primaryimage\"},\"thumbnailUrl\":\"https:\/\/maiersgoldschmiede.com\/wp-content\/uploads\/2022\/09\/005_-scaled.jpg\",\"datePublished\":\"2022-09-09T09:06:24+00:00\",\"dateModified\":\"2023-06-23T17:35:53+00:00\",\"breadcrumb\":{\"@id\":\"https:\/\/maiersgoldschmiede.com\/shop\/eichhoernchen-collier\/#breadcrumb\"},\"inLanguage\":\"es\",\"potentialAction\":[{\"@type\":\"ReadAction\",\"target\":[\"https:\/\/maiersgoldschmiede.com\/shop\/eichhoernchen-collier\/\"]}]},{\"@type\":\"ImageObject\",\"inLanguage\":\"es\",\"@id\":\"https:\/\/maiersgoldschmiede.com\/shop\/eichhoernchen-collier\/#primaryimage\",\"url\":\"https:\/\/maiersgoldschmiede.com\/wp-content\/uploads\/2022\/09\/005_-scaled.jpg\",\"contentUrl\":\"https:\/\/maiersgoldschmiede.com\/wp-content\/uploads\/2022\/09\/005_-scaled.jpg\",\"width\":2560,\"height\":1636,\"caption\":\"Eichh\u00f6rnle Collier,Maiersgoldschmiede.com\"},{\"@type\":\"BreadcrumbList\",\"@id\":\"https:\/\/maiersgoldschmiede.com\/shop\/eichhoernchen-collier\/#breadcrumb\",\"itemListElement\":[{\"@type\":\"ListItem\",\"position\":1,\"name\":\"Startseite\",\"item\":\"https:\/\/maiersgoldschmiede.com\/es\/\"},{\"@type\":\"ListItem\",\"position\":2,\"name\":\"Maiers Goldschmiede Shop\",\"item\":\"https:\/\/maiersgoldschmiede.com\/es\/maiers-goldschmiede-shop\/\"},{\"@type\":\"ListItem\",\"position\":3,\"name\":\"Eichh\u00f6rnchen &#8211; Collier\"}]},{\"@type\":\"WebSite\",\"@id\":\"https:\/\/maiersgoldschmiede.com\/es\/#website\",\"url\":\"https:\/\/maiersgoldschmiede.com\/es\/\",\"name\":\"Maiers Goldschmiede\",\"description\":\"Ibiza Goldschmied Werkstatt \u2013 Atelier\",\"publisher\":{\"@id\":\"https:\/\/maiersgoldschmiede.com\/es\/#organization\"},\"potentialAction\":[{\"@type\":\"SearchAction\",\"target\":{\"@type\":\"EntryPoint\",\"urlTemplate\":\"https:\/\/maiersgoldschmiede.com\/es\/?s={search_term_string}\"},\"query-input\":{\"@type\":\"PropertyValueSpecification\",\"valueRequired\":true,\"valueName\":\"search_term_string\"}}],\"inLanguage\":\"es\"},{\"@type\":\"Organization\",\"@id\":\"https:\/\/maiersgoldschmiede.com\/es\/#organization\",\"name\":\"Maiers Goldschmiede Ibiza\",\"url\":\"https:\/\/maiersgoldschmiede.com\/es\/\",\"logo\":{\"@type\":\"ImageObject\",\"inLanguage\":\"es\",\"@id\":\"https:\/\/maiersgoldschmiede.com\/es\/#\/schema\/logo\/image\/\",\"url\":\"https:\/\/maiersgoldschmiede.com\/wp-content\/uploads\/2017\/05\/logo2.png\",\"contentUrl\":\"https:\/\/maiersgoldschmiede.com\/wp-content\/uploads\/2017\/05\/logo2.png\",\"width\":150,\"height\":116,\"caption\":\"Maiers Goldschmiede Ibiza\"},\"image\":{\"@id\":\"https:\/\/maiersgoldschmiede.com\/es\/#\/schema\/logo\/image\/\"},\"sameAs\":[\"https:\/\/www.facebook.com\/MaiersGoldschmiede\",\"https:\/\/www.instagram.com\/maier.reinhard\"]}]}<\/script>\n<!-- \/ Yoast SEO plugin. -->","yoast_head_json":{"title":"Eichh\u00f6rnchen - Collier - Maiers Goldschmiede","robots":{"index":"index","follow":"follow","max-snippet":"max-snippet:-1","max-image-preview":"max-image-preview:large","max-video-preview":"max-video-preview:-1"},"canonical":"https:\/\/maiersgoldschmiede.com\/shop\/eichhoernchen-collier\/","og_locale":"es_ES","og_type":"article","og_title":"Eichh\u00f6rnchen - Collier - Maiers Goldschmiede","og_description":"585 gelb Gold, 8 Gramm. Mit 3 Brillant 0,07 ct si\/top wess. H\u00f6he 11 mm, Breite 29 mm, St\u00e4rke 4,4 mm. Mit Ankerkette 585, L\u00e4nge: 42cm, St\u00e4rke: 1,2 mm, mit Federing\u00a0 &#8211; Verschluss! Kann man auch in Silber anfertigen! Preis auf Anfrage!","og_url":"https:\/\/maiersgoldschmiede.com\/shop\/eichhoernchen-collier\/","og_site_name":"Maiers Goldschmiede","article_publisher":"https:\/\/www.facebook.com\/MaiersGoldschmiede","article_modified_time":"2023-06-23T17:35:53+00:00","og_image":[{"width":2560,"height":1636,"url":"https:\/\/maiersgoldschmiede.com\/wp-content\/uploads\/2022\/09\/005_-scaled.jpg","type":"image\/jpeg"}],"twitter_card":"summary_large_image","twitter_misc":{"Tiempo de lectura":"1 minuto"},"schema":{"@context":"https:\/\/schema.org","@graph":[{"@type":"WebPage","@id":"https:\/\/maiersgoldschmiede.com\/shop\/eichhoernchen-collier\/","url":"https:\/\/maiersgoldschmiede.com\/shop\/eichhoernchen-collier\/","name":"Eichh\u00f6rnchen - Collier - Maiers Goldschmiede","isPartOf":{"@id":"https:\/\/maiersgoldschmiede.com\/es\/#website"},"primaryImageOfPage":{"@id":"https:\/\/maiersgoldschmiede.com\/shop\/eichhoernchen-collier\/#primaryimage"},"image":{"@id":"https:\/\/maiersgoldschmiede.com\/shop\/eichhoernchen-collier\/#primaryimage"},"thumbnailUrl":"https:\/\/maiersgoldschmiede.com\/wp-content\/uploads\/2022\/09\/005_-scaled.jpg","datePublished":"2022-09-09T09:06:24+00:00","dateModified":"2023-06-23T17:35:53+00:00","breadcrumb":{"@id":"https:\/\/maiersgoldschmiede.com\/shop\/eichhoernchen-collier\/#breadcrumb"},"inLanguage":"es","potentialAction":[{"@type":"ReadAction","target":["https:\/\/maiersgoldschmiede.com\/shop\/eichhoernchen-collier\/"]}]},{"@type":"ImageObject","inLanguage":"es","@id":"https:\/\/maiersgoldschmiede.com\/shop\/eichhoernchen-collier\/#primaryimage","url":"https:\/\/maiersgoldschmiede.com\/wp-content\/uploads\/2022\/09\/005_-scaled.jpg","contentUrl":"https:\/\/maiersgoldschmiede.com\/wp-content\/uploads\/2022\/09\/005_-scaled.jpg","width":2560,"height":1636,"caption":"Eichh\u00f6rnle Collier,Maiersgoldschmiede.com"},{"@type":"BreadcrumbList","@id":"https:\/\/maiersgoldschmiede.com\/shop\/eichhoernchen-collier\/#breadcrumb","itemListElement":[{"@type":"ListItem","position":1,"name":"Startseite","item":"https:\/\/maiersgoldschmiede.com\/es\/"},{"@type":"ListItem","position":2,"name":"Maiers Goldschmiede Shop","item":"https:\/\/maiersgoldschmiede.com\/es\/maiers-goldschmiede-shop\/"},{"@type":"ListItem","position":3,"name":"Eichh\u00f6rnchen &#8211; Collier"}]},{"@type":"WebSite","@id":"https:\/\/maiersgoldschmiede.com\/es\/#website","url":"https:\/\/maiersgoldschmiede.com\/es\/","name":"Maiers Goldschmiede","description":"Ibiza Goldschmied Werkstatt \u2013 Atelier","publisher":{"@id":"https:\/\/maiersgoldschmiede.com\/es\/#organization"},"potentialAction":[{"@type":"SearchAction","target":{"@type":"EntryPoint","urlTemplate":"https:\/\/maiersgoldschmiede.com\/es\/?s={search_term_string}"},"query-input":{"@type":"PropertyValueSpecification","valueRequired":true,"valueName":"search_term_string"}}],"inLanguage":"es"},{"@type":"Organization","@id":"https:\/\/maiersgoldschmiede.com\/es\/#organization","name":"Maiers Goldschmiede Ibiza","url":"https:\/\/maiersgoldschmiede.com\/es\/","logo":{"@type":"ImageObject","inLanguage":"es","@id":"https:\/\/maiersgoldschmiede.com\/es\/#\/schema\/logo\/image\/","url":"https:\/\/maiersgoldschmiede.com\/wp-content\/uploads\/2017\/05\/logo2.png","contentUrl":"https:\/\/maiersgoldschmiede.com\/wp-content\/uploads\/2017\/05\/logo2.png","width":150,"height":116,"caption":"Maiers Goldschmiede Ibiza"},"image":{"@id":"https:\/\/maiersgoldschmiede.com\/es\/#\/schema\/logo\/image\/"},"sameAs":["https:\/\/www.facebook.com\/MaiersGoldschmiede","https:\/\/www.instagram.com\/maier.reinhard"]}]}},"_links":{"self":[{"href":"https:\/\/maiersgoldschmiede.com\/es\/wp-json\/wp\/v2\/product\/20117","targetHints":{"allow":["GET"]}}],"collection":[{"href":"https:\/\/maiersgoldschmiede.com\/es\/wp-json\/wp\/v2\/product"}],"about":[{"href":"https:\/\/maiersgoldschmiede.com\/es\/wp-json\/wp\/v2\/types\/product"}],"wp:featuredmedia":[{"embeddable":true,"href":"https:\/\/maiersgoldschmiede.com\/es\/wp-json\/wp\/v2\/media\/20118"}],"wp:attachment":[{"href":"https:\/\/maiersgoldschmiede.com\/es\/wp-json\/wp\/v2\/media?parent=20117"}],"wp:term":[{"taxonomy":"product_brand","embeddable":true,"href":"https:\/\/maiersgoldschmiede.com\/es\/wp-json\/wp\/v2\/product_brand?post=20117"},{"taxonomy":"product_cat","embeddable":true,"href":"https:\/\/maiersgoldschmiede.com\/es\/wp-json\/wp\/v2\/product_cat?post=20117"},{"taxonomy":"product_tag","embeddable":true,"href":"https:\/\/maiersgoldschmiede.com\/es\/wp-json\/wp\/v2\/product_tag?post=20117"}],"curies":[{"name":"wp","href":"https:\/\/api.w.org\/{rel}","templated":true}]}}