{"id":20138,"date":"2022-09-14T12:42:07","date_gmt":"2022-09-14T10:42:07","guid":{"rendered":"https:\/\/maiersgoldschmiede.com\/?post_type=product&#038;p=20138"},"modified":"2022-09-22T17:40:08","modified_gmt":"2022-09-22T15:40:08","slug":"seeiggel-anhaenger-auf-milanese-collier-beweglich","status":"publish","type":"product","link":"https:\/\/maiersgoldschmiede.com\/es\/shop\/seeiggel-anhaenger-auf-milanese-collier-beweglich\/","title":{"rendered":"Seeigel Anh\u00e4nger auf Milanese Collier beweglich!"},"content":{"rendered":"<p>Anh\u00e4nger <strong>schwebt<\/strong> auf gefochtenem Milanese Collier<\/p>\n<p>Seeigel Anh\u00e4nger, in 925 Silber &#8211; Goldplattiert,<\/p>\n<p>auf Milanese Collier 925 Silber &#8211; geschw\u00e4rtzt.<\/p>\n<p>Anh\u00e4nger: 15 mm x 4,5 mm<\/p>\n<p>mit Zirconia Blut Orange 5,5 mm.<\/p>\n<p>Collier: 6 x 4,5 mm, L\u00e4nge 42 cm, mit Endkapseln und Karabiner!<\/p>\n<p>Gewicht zusammen: 26 gr.<\/p>\n<p>&nbsp;<\/p>\n<p><span style=\"color: #ff0000;\"><strong>Auf Anfrage: Anh\u00e4nger kann in 585 oder 750 Gold angefertigt werden!<\/strong><\/span><\/p>\n<p><span style=\"color: #ff0000;\">\u00a0<\/span><\/p>\n<p>&nbsp;<\/p>\n","protected":false},"excerpt":{"rendered":"<p>Anh\u00e4nger schwebt auf gefochtenem Milanese Collier Seeigel Anh\u00e4nger, in 925 Silber &#8211; Goldplattiert, auf Milanese Collier 925 Silber &#8211; geschw\u00e4rtzt. Anh\u00e4nger: 15 mm x 4,5 mm mit Zirconia Blut Orange 5,5 mm. Collier: 6 x 4,5 mm, L\u00e4nge 42 cm, mit Endkapseln und Karabiner! Gewicht zusammen: 26 gr. &nbsp; Auf Anfrage: Anh\u00e4nger kann in 585<\/p>\n","protected":false},"featured_media":20139,"template":"","meta":{"_exactmetrics_skip_tracking":false,"_exactmetrics_sitenote_active":false,"_exactmetrics_sitenote_note":"","_exactmetrics_sitenote_category":0},"product_brand":[],"product_cat":[508,516,509,229,576,215,16],"product_tag":[63,1070,571],"class_list":{"0":"post-20138","1":"product","2":"type-product","3":"status-publish","4":"has-post-thumbnail","6":"product_cat-damenschmuck","7":"product_cat-halsketten-colliers","8":"product_cat-herrenschmuck","9":"product_cat-neuheiten","10":"product_cat-silber","11":"product_cat-tier-collection","12":"product_cat-maritim-collection","13":"product_tag-anhaenger","14":"product_tag-milanese","15":"product_tag-seeigel","16":"pa_collection-carbon-collection","18":"first","19":"instock","20":"taxable","21":"shipping-taxable","22":"purchasable","23":"product-type-simple","24":"prodpage-style3"},"yoast_head":"<!-- This site is optimized with the Yoast SEO plugin v26.1.1 - https:\/\/yoast.com\/wordpress\/plugins\/seo\/ -->\n<title>Seeigel Anh\u00e4nger auf Milanese Collier beweglich! - Maiers Goldschmiede<\/title>\n<meta name=\"robots\" content=\"index, follow, max-snippet:-1, max-image-preview:large, max-video-preview:-1\" \/>\n<link rel=\"canonical\" href=\"https:\/\/maiersgoldschmiede.com\/shop\/seeiggel-anhaenger-auf-milanese-collier-beweglich\/\" \/>\n<meta property=\"og:locale\" content=\"es_ES\" \/>\n<meta property=\"og:type\" content=\"article\" \/>\n<meta property=\"og:title\" content=\"Seeigel Anh\u00e4nger auf Milanese Collier beweglich! - Maiers Goldschmiede\" \/>\n<meta property=\"og:description\" content=\"Anh\u00e4nger schwebt auf gefochtenem Milanese Collier Seeigel Anh\u00e4nger, in 925 Silber &#8211; Goldplattiert, auf Milanese Collier 925 Silber &#8211; geschw\u00e4rtzt. Anh\u00e4nger: 15 mm x 4,5 mm mit Zirconia Blut Orange 5,5 mm. Collier: 6 x 4,5 mm, L\u00e4nge 42 cm, mit Endkapseln und Karabiner! Gewicht zusammen: 26 gr. &nbsp; Auf Anfrage: Anh\u00e4nger kann in 585\" \/>\n<meta property=\"og:url\" content=\"https:\/\/maiersgoldschmiede.com\/shop\/seeiggel-anhaenger-auf-milanese-collier-beweglich\/\" \/>\n<meta property=\"og:site_name\" content=\"Maiers Goldschmiede\" \/>\n<meta property=\"article:publisher\" content=\"https:\/\/www.facebook.com\/MaiersGoldschmiede\" \/>\n<meta property=\"article:modified_time\" content=\"2022-09-22T15:40:08+00:00\" \/>\n<meta property=\"og:image\" content=\"https:\/\/maiersgoldschmiede.com\/wp-content\/uploads\/2022\/09\/035_.jpg\" \/>\n\t<meta property=\"og:image:width\" content=\"1200\" \/>\n\t<meta property=\"og:image:height\" content=\"1026\" \/>\n\t<meta property=\"og:image:type\" content=\"image\/jpeg\" \/>\n<meta name=\"twitter:card\" content=\"summary_large_image\" \/>\n<meta name=\"twitter:label1\" content=\"Tiempo de lectura\" \/>\n\t<meta name=\"twitter:data1\" content=\"1 minuto\" \/>\n<script type=\"application\/ld+json\" class=\"yoast-schema-graph\">{\"@context\":\"https:\/\/schema.org\",\"@graph\":[{\"@type\":\"WebPage\",\"@id\":\"https:\/\/maiersgoldschmiede.com\/shop\/seeiggel-anhaenger-auf-milanese-collier-beweglich\/\",\"url\":\"https:\/\/maiersgoldschmiede.com\/shop\/seeiggel-anhaenger-auf-milanese-collier-beweglich\/\",\"name\":\"Seeigel Anh\u00e4nger auf Milanese Collier beweglich! - Maiers Goldschmiede\",\"isPartOf\":{\"@id\":\"https:\/\/maiersgoldschmiede.com\/es\/#website\"},\"primaryImageOfPage\":{\"@id\":\"https:\/\/maiersgoldschmiede.com\/shop\/seeiggel-anhaenger-auf-milanese-collier-beweglich\/#primaryimage\"},\"image\":{\"@id\":\"https:\/\/maiersgoldschmiede.com\/shop\/seeiggel-anhaenger-auf-milanese-collier-beweglich\/#primaryimage\"},\"thumbnailUrl\":\"https:\/\/maiersgoldschmiede.com\/wp-content\/uploads\/2022\/09\/035_.jpg\",\"datePublished\":\"2022-09-14T10:42:07+00:00\",\"dateModified\":\"2022-09-22T15:40:08+00:00\",\"breadcrumb\":{\"@id\":\"https:\/\/maiersgoldschmiede.com\/shop\/seeiggel-anhaenger-auf-milanese-collier-beweglich\/#breadcrumb\"},\"inLanguage\":\"es\",\"potentialAction\":[{\"@type\":\"ReadAction\",\"target\":[\"https:\/\/maiersgoldschmiede.com\/shop\/seeiggel-anhaenger-auf-milanese-collier-beweglich\/\"]}]},{\"@type\":\"ImageObject\",\"inLanguage\":\"es\",\"@id\":\"https:\/\/maiersgoldschmiede.com\/shop\/seeiggel-anhaenger-auf-milanese-collier-beweglich\/#primaryimage\",\"url\":\"https:\/\/maiersgoldschmiede.com\/wp-content\/uploads\/2022\/09\/035_.jpg\",\"contentUrl\":\"https:\/\/maiersgoldschmiede.com\/wp-content\/uploads\/2022\/09\/035_.jpg\",\"width\":1200,\"height\":1026,\"caption\":\"Seeigel Anh\u00e4nger,Maiersgoldschmiede.com\"},{\"@type\":\"BreadcrumbList\",\"@id\":\"https:\/\/maiersgoldschmiede.com\/shop\/seeiggel-anhaenger-auf-milanese-collier-beweglich\/#breadcrumb\",\"itemListElement\":[{\"@type\":\"ListItem\",\"position\":1,\"name\":\"Startseite\",\"item\":\"https:\/\/maiersgoldschmiede.com\/es\/\"},{\"@type\":\"ListItem\",\"position\":2,\"name\":\"Maiers Goldschmiede Shop\",\"item\":\"https:\/\/maiersgoldschmiede.com\/es\/maiers-goldschmiede-shop\/\"},{\"@type\":\"ListItem\",\"position\":3,\"name\":\"Seeigel Anh\u00e4nger auf Milanese Collier beweglich!\"}]},{\"@type\":\"WebSite\",\"@id\":\"https:\/\/maiersgoldschmiede.com\/es\/#website\",\"url\":\"https:\/\/maiersgoldschmiede.com\/es\/\",\"name\":\"Maiers Goldschmiede\",\"description\":\"Ibiza Goldschmied Werkstatt \u2013 Atelier\",\"publisher\":{\"@id\":\"https:\/\/maiersgoldschmiede.com\/es\/#organization\"},\"potentialAction\":[{\"@type\":\"SearchAction\",\"target\":{\"@type\":\"EntryPoint\",\"urlTemplate\":\"https:\/\/maiersgoldschmiede.com\/es\/?s={search_term_string}\"},\"query-input\":{\"@type\":\"PropertyValueSpecification\",\"valueRequired\":true,\"valueName\":\"search_term_string\"}}],\"inLanguage\":\"es\"},{\"@type\":\"Organization\",\"@id\":\"https:\/\/maiersgoldschmiede.com\/es\/#organization\",\"name\":\"Maiers Goldschmiede Ibiza\",\"url\":\"https:\/\/maiersgoldschmiede.com\/es\/\",\"logo\":{\"@type\":\"ImageObject\",\"inLanguage\":\"es\",\"@id\":\"https:\/\/maiersgoldschmiede.com\/es\/#\/schema\/logo\/image\/\",\"url\":\"https:\/\/maiersgoldschmiede.com\/wp-content\/uploads\/2017\/05\/logo2.png\",\"contentUrl\":\"https:\/\/maiersgoldschmiede.com\/wp-content\/uploads\/2017\/05\/logo2.png\",\"width\":150,\"height\":116,\"caption\":\"Maiers Goldschmiede Ibiza\"},\"image\":{\"@id\":\"https:\/\/maiersgoldschmiede.com\/es\/#\/schema\/logo\/image\/\"},\"sameAs\":[\"https:\/\/www.facebook.com\/MaiersGoldschmiede\",\"https:\/\/www.instagram.com\/maier.reinhard\"]}]}<\/script>\n<!-- \/ Yoast SEO plugin. -->","yoast_head_json":{"title":"Seeigel Anh\u00e4nger auf Milanese Collier beweglich! - Maiers Goldschmiede","robots":{"index":"index","follow":"follow","max-snippet":"max-snippet:-1","max-image-preview":"max-image-preview:large","max-video-preview":"max-video-preview:-1"},"canonical":"https:\/\/maiersgoldschmiede.com\/shop\/seeiggel-anhaenger-auf-milanese-collier-beweglich\/","og_locale":"es_ES","og_type":"article","og_title":"Seeigel Anh\u00e4nger auf Milanese Collier beweglich! - Maiers Goldschmiede","og_description":"Anh\u00e4nger schwebt auf gefochtenem Milanese Collier Seeigel Anh\u00e4nger, in 925 Silber &#8211; Goldplattiert, auf Milanese Collier 925 Silber &#8211; geschw\u00e4rtzt. Anh\u00e4nger: 15 mm x 4,5 mm mit Zirconia Blut Orange 5,5 mm. Collier: 6 x 4,5 mm, L\u00e4nge 42 cm, mit Endkapseln und Karabiner! Gewicht zusammen: 26 gr. &nbsp; Auf Anfrage: Anh\u00e4nger kann in 585","og_url":"https:\/\/maiersgoldschmiede.com\/shop\/seeiggel-anhaenger-auf-milanese-collier-beweglich\/","og_site_name":"Maiers Goldschmiede","article_publisher":"https:\/\/www.facebook.com\/MaiersGoldschmiede","article_modified_time":"2022-09-22T15:40:08+00:00","og_image":[{"width":1200,"height":1026,"url":"https:\/\/maiersgoldschmiede.com\/wp-content\/uploads\/2022\/09\/035_.jpg","type":"image\/jpeg"}],"twitter_card":"summary_large_image","twitter_misc":{"Tiempo de lectura":"1 minuto"},"schema":{"@context":"https:\/\/schema.org","@graph":[{"@type":"WebPage","@id":"https:\/\/maiersgoldschmiede.com\/shop\/seeiggel-anhaenger-auf-milanese-collier-beweglich\/","url":"https:\/\/maiersgoldschmiede.com\/shop\/seeiggel-anhaenger-auf-milanese-collier-beweglich\/","name":"Seeigel Anh\u00e4nger auf Milanese Collier beweglich! - Maiers Goldschmiede","isPartOf":{"@id":"https:\/\/maiersgoldschmiede.com\/es\/#website"},"primaryImageOfPage":{"@id":"https:\/\/maiersgoldschmiede.com\/shop\/seeiggel-anhaenger-auf-milanese-collier-beweglich\/#primaryimage"},"image":{"@id":"https:\/\/maiersgoldschmiede.com\/shop\/seeiggel-anhaenger-auf-milanese-collier-beweglich\/#primaryimage"},"thumbnailUrl":"https:\/\/maiersgoldschmiede.com\/wp-content\/uploads\/2022\/09\/035_.jpg","datePublished":"2022-09-14T10:42:07+00:00","dateModified":"2022-09-22T15:40:08+00:00","breadcrumb":{"@id":"https:\/\/maiersgoldschmiede.com\/shop\/seeiggel-anhaenger-auf-milanese-collier-beweglich\/#breadcrumb"},"inLanguage":"es","potentialAction":[{"@type":"ReadAction","target":["https:\/\/maiersgoldschmiede.com\/shop\/seeiggel-anhaenger-auf-milanese-collier-beweglich\/"]}]},{"@type":"ImageObject","inLanguage":"es","@id":"https:\/\/maiersgoldschmiede.com\/shop\/seeiggel-anhaenger-auf-milanese-collier-beweglich\/#primaryimage","url":"https:\/\/maiersgoldschmiede.com\/wp-content\/uploads\/2022\/09\/035_.jpg","contentUrl":"https:\/\/maiersgoldschmiede.com\/wp-content\/uploads\/2022\/09\/035_.jpg","width":1200,"height":1026,"caption":"Seeigel Anh\u00e4nger,Maiersgoldschmiede.com"},{"@type":"BreadcrumbList","@id":"https:\/\/maiersgoldschmiede.com\/shop\/seeiggel-anhaenger-auf-milanese-collier-beweglich\/#breadcrumb","itemListElement":[{"@type":"ListItem","position":1,"name":"Startseite","item":"https:\/\/maiersgoldschmiede.com\/es\/"},{"@type":"ListItem","position":2,"name":"Maiers Goldschmiede Shop","item":"https:\/\/maiersgoldschmiede.com\/es\/maiers-goldschmiede-shop\/"},{"@type":"ListItem","position":3,"name":"Seeigel Anh\u00e4nger auf Milanese Collier beweglich!"}]},{"@type":"WebSite","@id":"https:\/\/maiersgoldschmiede.com\/es\/#website","url":"https:\/\/maiersgoldschmiede.com\/es\/","name":"Maiers Goldschmiede","description":"Ibiza Goldschmied Werkstatt \u2013 Atelier","publisher":{"@id":"https:\/\/maiersgoldschmiede.com\/es\/#organization"},"potentialAction":[{"@type":"SearchAction","target":{"@type":"EntryPoint","urlTemplate":"https:\/\/maiersgoldschmiede.com\/es\/?s={search_term_string}"},"query-input":{"@type":"PropertyValueSpecification","valueRequired":true,"valueName":"search_term_string"}}],"inLanguage":"es"},{"@type":"Organization","@id":"https:\/\/maiersgoldschmiede.com\/es\/#organization","name":"Maiers Goldschmiede Ibiza","url":"https:\/\/maiersgoldschmiede.com\/es\/","logo":{"@type":"ImageObject","inLanguage":"es","@id":"https:\/\/maiersgoldschmiede.com\/es\/#\/schema\/logo\/image\/","url":"https:\/\/maiersgoldschmiede.com\/wp-content\/uploads\/2017\/05\/logo2.png","contentUrl":"https:\/\/maiersgoldschmiede.com\/wp-content\/uploads\/2017\/05\/logo2.png","width":150,"height":116,"caption":"Maiers Goldschmiede Ibiza"},"image":{"@id":"https:\/\/maiersgoldschmiede.com\/es\/#\/schema\/logo\/image\/"},"sameAs":["https:\/\/www.facebook.com\/MaiersGoldschmiede","https:\/\/www.instagram.com\/maier.reinhard"]}]}},"_links":{"self":[{"href":"https:\/\/maiersgoldschmiede.com\/es\/wp-json\/wp\/v2\/product\/20138","targetHints":{"allow":["GET"]}}],"collection":[{"href":"https:\/\/maiersgoldschmiede.com\/es\/wp-json\/wp\/v2\/product"}],"about":[{"href":"https:\/\/maiersgoldschmiede.com\/es\/wp-json\/wp\/v2\/types\/product"}],"wp:featuredmedia":[{"embeddable":true,"href":"https:\/\/maiersgoldschmiede.com\/es\/wp-json\/wp\/v2\/media\/20139"}],"wp:attachment":[{"href":"https:\/\/maiersgoldschmiede.com\/es\/wp-json\/wp\/v2\/media?parent=20138"}],"wp:term":[{"taxonomy":"product_brand","embeddable":true,"href":"https:\/\/maiersgoldschmiede.com\/es\/wp-json\/wp\/v2\/product_brand?post=20138"},{"taxonomy":"product_cat","embeddable":true,"href":"https:\/\/maiersgoldschmiede.com\/es\/wp-json\/wp\/v2\/product_cat?post=20138"},{"taxonomy":"product_tag","embeddable":true,"href":"https:\/\/maiersgoldschmiede.com\/es\/wp-json\/wp\/v2\/product_tag?post=20138"}],"curies":[{"name":"wp","href":"https:\/\/api.w.org\/{rel}","templated":true}]}}