{"id":20166,"date":"2022-09-18T08:13:07","date_gmt":"2022-09-18T06:13:07","guid":{"rendered":"https:\/\/maiersgoldschmiede.com\/?post_type=product&#038;p=20166"},"modified":"2022-09-29T17:50:21","modified_gmt":"2022-09-29T15:50:21","slug":"seeiggel-ring","status":"publish","type":"product","link":"https:\/\/maiersgoldschmiede.com\/es\/shop\/seeiggel-ring\/","title":{"rendered":"Seeigel Ring Naturgetreu"},"content":{"rendered":"<p>&nbsp;<\/p>\n<p>Ring 925 Silber &#8211; Goldplattiert<\/p>\n<p>Seeigel: Durchmesser: 15 mm, H\u00f6he: 6,5 mm,<\/p>\n<p>Schiene: 2,9 mm.<\/p>\n<p>Gewicht: 7gr.<\/p>\n<p>mit Zirconia 6,5 mm.<\/p>\n<p>Gr\u00f6\u00dfe: 54<\/p>\n<p>Auch andere Gr\u00f6\u00dfen!<\/p>\n<p><span style=\"color: #ff0000;\"><strong>Auf Anfrage auch in 585 und 750 Gold!<\/strong><\/span><\/p>\n<p><span style=\"color: #ff0000;\">\u00a0<\/span><\/p>\n<p>&nbsp;<\/p>\n","protected":false},"excerpt":{"rendered":"<p>&nbsp; Ring 925 Silber &#8211; Goldplattiert Seeigel: Durchmesser: 15 mm, H\u00f6he: 6,5 mm, Schiene: 2,9 mm. Gewicht: 7gr. mit Zirconia 6,5 mm. Gr\u00f6\u00dfe: 54 Auch andere Gr\u00f6\u00dfen! Auf Anfrage auch in 585 und 750 Gold! \u00a0 &nbsp;<\/p>\n","protected":false},"featured_media":20173,"template":"","meta":{"_exactmetrics_skip_tracking":false,"_exactmetrics_sitenote_active":false,"_exactmetrics_sitenote_note":"","_exactmetrics_sitenote_category":0},"product_brand":[],"product_cat":[508,575,229,172,576,517,215,16],"product_tag":[130,95,571],"class_list":{"0":"post-20166","1":"product","2":"type-product","3":"status-publish","4":"has-post-thumbnail","6":"product_cat-damenschmuck","7":"product_cat-gold","8":"product_cat-neuheiten","9":"product_cat-ringe","10":"product_cat-silber","11":"product_cat-specials","12":"product_cat-tier-collection","13":"product_cat-maritim-collection","14":"product_tag-naturgetreu","15":"product_tag-ring","16":"product_tag-seeigel","17":"pa_collection-carbon-collection","19":"first","20":"instock","21":"taxable","22":"shipping-taxable","23":"purchasable","24":"product-type-simple","25":"prodpage-style3"},"yoast_head":"<!-- This site is optimized with the Yoast SEO plugin v26.1.1 - https:\/\/yoast.com\/wordpress\/plugins\/seo\/ -->\n<title>Seeigel Ring Naturgetreu - Maiers Goldschmiede<\/title>\n<meta name=\"robots\" content=\"index, follow, max-snippet:-1, max-image-preview:large, max-video-preview:-1\" \/>\n<link rel=\"canonical\" href=\"https:\/\/maiersgoldschmiede.com\/shop\/seeiggel-ring\/\" \/>\n<meta property=\"og:locale\" content=\"es_ES\" \/>\n<meta property=\"og:type\" content=\"article\" \/>\n<meta property=\"og:title\" content=\"Seeigel Ring Naturgetreu - Maiers Goldschmiede\" \/>\n<meta property=\"og:description\" content=\"&nbsp; Ring 925 Silber &#8211; Goldplattiert Seeigel: Durchmesser: 15 mm, H\u00f6he: 6,5 mm, Schiene: 2,9 mm. Gewicht: 7gr. mit Zirconia 6,5 mm. Gr\u00f6\u00dfe: 54 Auch andere Gr\u00f6\u00dfen! Auf Anfrage auch in 585 und 750 Gold! \u00a0 &nbsp;\" \/>\n<meta property=\"og:url\" content=\"https:\/\/maiersgoldschmiede.com\/shop\/seeiggel-ring\/\" \/>\n<meta property=\"og:site_name\" content=\"Maiers Goldschmiede\" \/>\n<meta property=\"article:publisher\" content=\"https:\/\/www.facebook.com\/MaiersGoldschmiede\" \/>\n<meta property=\"article:modified_time\" content=\"2022-09-29T15:50:21+00:00\" \/>\n<meta property=\"og:image\" content=\"https:\/\/maiersgoldschmiede.com\/wp-content\/uploads\/2022\/09\/008_-2.jpg\" \/>\n\t<meta property=\"og:image:width\" content=\"1200\" \/>\n\t<meta property=\"og:image:height\" content=\"874\" \/>\n\t<meta property=\"og:image:type\" content=\"image\/jpeg\" \/>\n<meta name=\"twitter:card\" content=\"summary_large_image\" \/>\n<meta name=\"twitter:label1\" content=\"Tiempo de lectura\" \/>\n\t<meta name=\"twitter:data1\" content=\"1 minuto\" \/>\n<script type=\"application\/ld+json\" class=\"yoast-schema-graph\">{\"@context\":\"https:\/\/schema.org\",\"@graph\":[{\"@type\":\"WebPage\",\"@id\":\"https:\/\/maiersgoldschmiede.com\/shop\/seeiggel-ring\/\",\"url\":\"https:\/\/maiersgoldschmiede.com\/shop\/seeiggel-ring\/\",\"name\":\"Seeigel Ring Naturgetreu - Maiers Goldschmiede\",\"isPartOf\":{\"@id\":\"https:\/\/maiersgoldschmiede.com\/es\/#website\"},\"primaryImageOfPage\":{\"@id\":\"https:\/\/maiersgoldschmiede.com\/shop\/seeiggel-ring\/#primaryimage\"},\"image\":{\"@id\":\"https:\/\/maiersgoldschmiede.com\/shop\/seeiggel-ring\/#primaryimage\"},\"thumbnailUrl\":\"https:\/\/maiersgoldschmiede.com\/wp-content\/uploads\/2022\/09\/008_-2.jpg\",\"datePublished\":\"2022-09-18T06:13:07+00:00\",\"dateModified\":\"2022-09-29T15:50:21+00:00\",\"breadcrumb\":{\"@id\":\"https:\/\/maiersgoldschmiede.com\/shop\/seeiggel-ring\/#breadcrumb\"},\"inLanguage\":\"es\",\"potentialAction\":[{\"@type\":\"ReadAction\",\"target\":[\"https:\/\/maiersgoldschmiede.com\/shop\/seeiggel-ring\/\"]}]},{\"@type\":\"ImageObject\",\"inLanguage\":\"es\",\"@id\":\"https:\/\/maiersgoldschmiede.com\/shop\/seeiggel-ring\/#primaryimage\",\"url\":\"https:\/\/maiersgoldschmiede.com\/wp-content\/uploads\/2022\/09\/008_-2.jpg\",\"contentUrl\":\"https:\/\/maiersgoldschmiede.com\/wp-content\/uploads\/2022\/09\/008_-2.jpg\",\"width\":1200,\"height\":874,\"caption\":\"Seeigel Ring,Maiersgoldschmiede.com\"},{\"@type\":\"BreadcrumbList\",\"@id\":\"https:\/\/maiersgoldschmiede.com\/shop\/seeiggel-ring\/#breadcrumb\",\"itemListElement\":[{\"@type\":\"ListItem\",\"position\":1,\"name\":\"Startseite\",\"item\":\"https:\/\/maiersgoldschmiede.com\/es\/\"},{\"@type\":\"ListItem\",\"position\":2,\"name\":\"Maiers Goldschmiede Shop\",\"item\":\"https:\/\/maiersgoldschmiede.com\/es\/maiers-goldschmiede-shop\/\"},{\"@type\":\"ListItem\",\"position\":3,\"name\":\"Seeigel Ring Naturgetreu\"}]},{\"@type\":\"WebSite\",\"@id\":\"https:\/\/maiersgoldschmiede.com\/es\/#website\",\"url\":\"https:\/\/maiersgoldschmiede.com\/es\/\",\"name\":\"Maiers Goldschmiede\",\"description\":\"Ibiza Goldschmied Werkstatt \u2013 Atelier\",\"publisher\":{\"@id\":\"https:\/\/maiersgoldschmiede.com\/es\/#organization\"},\"potentialAction\":[{\"@type\":\"SearchAction\",\"target\":{\"@type\":\"EntryPoint\",\"urlTemplate\":\"https:\/\/maiersgoldschmiede.com\/es\/?s={search_term_string}\"},\"query-input\":{\"@type\":\"PropertyValueSpecification\",\"valueRequired\":true,\"valueName\":\"search_term_string\"}}],\"inLanguage\":\"es\"},{\"@type\":\"Organization\",\"@id\":\"https:\/\/maiersgoldschmiede.com\/es\/#organization\",\"name\":\"Maiers Goldschmiede Ibiza\",\"url\":\"https:\/\/maiersgoldschmiede.com\/es\/\",\"logo\":{\"@type\":\"ImageObject\",\"inLanguage\":\"es\",\"@id\":\"https:\/\/maiersgoldschmiede.com\/es\/#\/schema\/logo\/image\/\",\"url\":\"https:\/\/maiersgoldschmiede.com\/wp-content\/uploads\/2017\/05\/logo2.png\",\"contentUrl\":\"https:\/\/maiersgoldschmiede.com\/wp-content\/uploads\/2017\/05\/logo2.png\",\"width\":150,\"height\":116,\"caption\":\"Maiers Goldschmiede Ibiza\"},\"image\":{\"@id\":\"https:\/\/maiersgoldschmiede.com\/es\/#\/schema\/logo\/image\/\"},\"sameAs\":[\"https:\/\/www.facebook.com\/MaiersGoldschmiede\",\"https:\/\/www.instagram.com\/maier.reinhard\"]}]}<\/script>\n<!-- \/ Yoast SEO plugin. -->","yoast_head_json":{"title":"Seeigel Ring Naturgetreu - Maiers Goldschmiede","robots":{"index":"index","follow":"follow","max-snippet":"max-snippet:-1","max-image-preview":"max-image-preview:large","max-video-preview":"max-video-preview:-1"},"canonical":"https:\/\/maiersgoldschmiede.com\/shop\/seeiggel-ring\/","og_locale":"es_ES","og_type":"article","og_title":"Seeigel Ring Naturgetreu - Maiers Goldschmiede","og_description":"&nbsp; Ring 925 Silber &#8211; Goldplattiert Seeigel: Durchmesser: 15 mm, H\u00f6he: 6,5 mm, Schiene: 2,9 mm. Gewicht: 7gr. mit Zirconia 6,5 mm. Gr\u00f6\u00dfe: 54 Auch andere Gr\u00f6\u00dfen! Auf Anfrage auch in 585 und 750 Gold! \u00a0 &nbsp;","og_url":"https:\/\/maiersgoldschmiede.com\/shop\/seeiggel-ring\/","og_site_name":"Maiers Goldschmiede","article_publisher":"https:\/\/www.facebook.com\/MaiersGoldschmiede","article_modified_time":"2022-09-29T15:50:21+00:00","og_image":[{"width":1200,"height":874,"url":"https:\/\/maiersgoldschmiede.com\/wp-content\/uploads\/2022\/09\/008_-2.jpg","type":"image\/jpeg"}],"twitter_card":"summary_large_image","twitter_misc":{"Tiempo de lectura":"1 minuto"},"schema":{"@context":"https:\/\/schema.org","@graph":[{"@type":"WebPage","@id":"https:\/\/maiersgoldschmiede.com\/shop\/seeiggel-ring\/","url":"https:\/\/maiersgoldschmiede.com\/shop\/seeiggel-ring\/","name":"Seeigel Ring Naturgetreu - Maiers Goldschmiede","isPartOf":{"@id":"https:\/\/maiersgoldschmiede.com\/es\/#website"},"primaryImageOfPage":{"@id":"https:\/\/maiersgoldschmiede.com\/shop\/seeiggel-ring\/#primaryimage"},"image":{"@id":"https:\/\/maiersgoldschmiede.com\/shop\/seeiggel-ring\/#primaryimage"},"thumbnailUrl":"https:\/\/maiersgoldschmiede.com\/wp-content\/uploads\/2022\/09\/008_-2.jpg","datePublished":"2022-09-18T06:13:07+00:00","dateModified":"2022-09-29T15:50:21+00:00","breadcrumb":{"@id":"https:\/\/maiersgoldschmiede.com\/shop\/seeiggel-ring\/#breadcrumb"},"inLanguage":"es","potentialAction":[{"@type":"ReadAction","target":["https:\/\/maiersgoldschmiede.com\/shop\/seeiggel-ring\/"]}]},{"@type":"ImageObject","inLanguage":"es","@id":"https:\/\/maiersgoldschmiede.com\/shop\/seeiggel-ring\/#primaryimage","url":"https:\/\/maiersgoldschmiede.com\/wp-content\/uploads\/2022\/09\/008_-2.jpg","contentUrl":"https:\/\/maiersgoldschmiede.com\/wp-content\/uploads\/2022\/09\/008_-2.jpg","width":1200,"height":874,"caption":"Seeigel Ring,Maiersgoldschmiede.com"},{"@type":"BreadcrumbList","@id":"https:\/\/maiersgoldschmiede.com\/shop\/seeiggel-ring\/#breadcrumb","itemListElement":[{"@type":"ListItem","position":1,"name":"Startseite","item":"https:\/\/maiersgoldschmiede.com\/es\/"},{"@type":"ListItem","position":2,"name":"Maiers Goldschmiede Shop","item":"https:\/\/maiersgoldschmiede.com\/es\/maiers-goldschmiede-shop\/"},{"@type":"ListItem","position":3,"name":"Seeigel Ring Naturgetreu"}]},{"@type":"WebSite","@id":"https:\/\/maiersgoldschmiede.com\/es\/#website","url":"https:\/\/maiersgoldschmiede.com\/es\/","name":"Maiers Goldschmiede","description":"Ibiza Goldschmied Werkstatt \u2013 Atelier","publisher":{"@id":"https:\/\/maiersgoldschmiede.com\/es\/#organization"},"potentialAction":[{"@type":"SearchAction","target":{"@type":"EntryPoint","urlTemplate":"https:\/\/maiersgoldschmiede.com\/es\/?s={search_term_string}"},"query-input":{"@type":"PropertyValueSpecification","valueRequired":true,"valueName":"search_term_string"}}],"inLanguage":"es"},{"@type":"Organization","@id":"https:\/\/maiersgoldschmiede.com\/es\/#organization","name":"Maiers Goldschmiede Ibiza","url":"https:\/\/maiersgoldschmiede.com\/es\/","logo":{"@type":"ImageObject","inLanguage":"es","@id":"https:\/\/maiersgoldschmiede.com\/es\/#\/schema\/logo\/image\/","url":"https:\/\/maiersgoldschmiede.com\/wp-content\/uploads\/2017\/05\/logo2.png","contentUrl":"https:\/\/maiersgoldschmiede.com\/wp-content\/uploads\/2017\/05\/logo2.png","width":150,"height":116,"caption":"Maiers Goldschmiede Ibiza"},"image":{"@id":"https:\/\/maiersgoldschmiede.com\/es\/#\/schema\/logo\/image\/"},"sameAs":["https:\/\/www.facebook.com\/MaiersGoldschmiede","https:\/\/www.instagram.com\/maier.reinhard"]}]}},"_links":{"self":[{"href":"https:\/\/maiersgoldschmiede.com\/es\/wp-json\/wp\/v2\/product\/20166","targetHints":{"allow":["GET"]}}],"collection":[{"href":"https:\/\/maiersgoldschmiede.com\/es\/wp-json\/wp\/v2\/product"}],"about":[{"href":"https:\/\/maiersgoldschmiede.com\/es\/wp-json\/wp\/v2\/types\/product"}],"wp:featuredmedia":[{"embeddable":true,"href":"https:\/\/maiersgoldschmiede.com\/es\/wp-json\/wp\/v2\/media\/20173"}],"wp:attachment":[{"href":"https:\/\/maiersgoldschmiede.com\/es\/wp-json\/wp\/v2\/media?parent=20166"}],"wp:term":[{"taxonomy":"product_brand","embeddable":true,"href":"https:\/\/maiersgoldschmiede.com\/es\/wp-json\/wp\/v2\/product_brand?post=20166"},{"taxonomy":"product_cat","embeddable":true,"href":"https:\/\/maiersgoldschmiede.com\/es\/wp-json\/wp\/v2\/product_cat?post=20166"},{"taxonomy":"product_tag","embeddable":true,"href":"https:\/\/maiersgoldschmiede.com\/es\/wp-json\/wp\/v2\/product_tag?post=20166"}],"curies":[{"name":"wp","href":"https:\/\/api.w.org\/{rel}","templated":true}]}}