{"id":20377,"date":"2022-11-07T08:19:18","date_gmt":"2022-11-07T07:19:18","guid":{"rendered":"https:\/\/maiersgoldschmiede.com\/?post_type=product&#038;p=20377"},"modified":"2022-11-08T08:48:04","modified_gmt":"2022-11-08T07:48:04","slug":"totenkopf-ring-krebs","status":"publish","type":"product","link":"https:\/\/maiersgoldschmiede.com\/es\/shop\/totenkopf-ring-krebs\/","title":{"rendered":"Totenkopf Ring Krebs"},"content":{"rendered":"<p>Toten Kopf 925 Silber Gold plattiert, Breite: 20 mm, Tiefe: 14 mm, H\u00f6he: 8 mm.<\/p>\n<p>Mit 2 Brillianten in den Augen: 0,10 ct. si\/top wss.<\/p>\n<p>Schiene: St\u00e4rke: 5,3 mm, Breite: 6,4 mm.<\/p>\n<p>Gewicht: 22 gr.<\/p>\n<p>Gr\u00f6\u00dfe: 54<\/p>\n","protected":false},"excerpt":{"rendered":"<p>Toten Kopf 925 Silber Gold plattiert, Breite: 20 mm, Tiefe: 14 mm, H\u00f6he: 8 mm. Mit 2 Brillianten in den Augen: 0,10 ct. si\/top wss. Schiene: St\u00e4rke: 5,3 mm, Breite: 6,4 mm. Gewicht: 22 gr. Gr\u00f6\u00dfe: 54<\/p>\n","protected":false},"featured_media":20379,"template":"","meta":{"_exactmetrics_skip_tracking":false,"_exactmetrics_sitenote_active":false,"_exactmetrics_sitenote_note":"","_exactmetrics_sitenote_category":0},"product_brand":[],"product_cat":[508,509,229,172,576,215,191],"product_tag":[1075,88,1076,1077,95,192],"class_list":{"0":"post-20377","1":"product","2":"type-product","3":"status-publish","4":"has-post-thumbnail","6":"product_cat-damenschmuck","7":"product_cat-herrenschmuck","8":"product_cat-neuheiten","9":"product_cat-ringe","10":"product_cat-silber","11":"product_cat-tier-collection","12":"product_cat-totenkopf-collection","13":"product_tag-925-silber","14":"product_tag-brillanten","15":"product_tag-gold-plattiert","16":"product_tag-krebs","17":"product_tag-ring","18":"product_tag-totenkopf","20":"first","21":"instock","22":"taxable","23":"shipping-taxable","24":"purchasable","25":"product-type-simple","26":"prodpage-style3"},"yoast_head":"<!-- This site is optimized with the Yoast SEO plugin v26.1.1 - https:\/\/yoast.com\/wordpress\/plugins\/seo\/ -->\n<title>Totenkopf Ring Krebs - Maiers Goldschmiede<\/title>\n<meta name=\"robots\" content=\"index, follow, max-snippet:-1, max-image-preview:large, max-video-preview:-1\" \/>\n<link rel=\"canonical\" href=\"https:\/\/maiersgoldschmiede.com\/shop\/totenkopf-ring-krebs\/\" \/>\n<meta property=\"og:locale\" content=\"es_ES\" \/>\n<meta property=\"og:type\" content=\"article\" \/>\n<meta property=\"og:title\" content=\"Totenkopf Ring Krebs - Maiers Goldschmiede\" \/>\n<meta property=\"og:description\" content=\"Toten Kopf 925 Silber Gold plattiert, Breite: 20 mm, Tiefe: 14 mm, H\u00f6he: 8 mm. Mit 2 Brillianten in den Augen: 0,10 ct. si\/top wss. Schiene: St\u00e4rke: 5,3 mm, Breite: 6,4 mm. Gewicht: 22 gr. Gr\u00f6\u00dfe: 54\" \/>\n<meta property=\"og:url\" content=\"https:\/\/maiersgoldschmiede.com\/shop\/totenkopf-ring-krebs\/\" \/>\n<meta property=\"og:site_name\" content=\"Maiers Goldschmiede\" \/>\n<meta property=\"article:publisher\" content=\"https:\/\/www.facebook.com\/MaiersGoldschmiede\" \/>\n<meta property=\"article:modified_time\" content=\"2022-11-08T07:48:04+00:00\" \/>\n<meta property=\"og:image\" content=\"https:\/\/maiersgoldschmiede.com\/wp-content\/uploads\/2022\/11\/004_.jpg\" \/>\n\t<meta property=\"og:image:width\" content=\"1200\" \/>\n\t<meta property=\"og:image:height\" content=\"997\" \/>\n\t<meta property=\"og:image:type\" content=\"image\/jpeg\" \/>\n<meta name=\"twitter:card\" content=\"summary_large_image\" \/>\n<script type=\"application\/ld+json\" class=\"yoast-schema-graph\">{\"@context\":\"https:\/\/schema.org\",\"@graph\":[{\"@type\":\"WebPage\",\"@id\":\"https:\/\/maiersgoldschmiede.com\/shop\/totenkopf-ring-krebs\/\",\"url\":\"https:\/\/maiersgoldschmiede.com\/shop\/totenkopf-ring-krebs\/\",\"name\":\"Totenkopf Ring Krebs - Maiers Goldschmiede\",\"isPartOf\":{\"@id\":\"https:\/\/maiersgoldschmiede.com\/es\/#website\"},\"primaryImageOfPage\":{\"@id\":\"https:\/\/maiersgoldschmiede.com\/shop\/totenkopf-ring-krebs\/#primaryimage\"},\"image\":{\"@id\":\"https:\/\/maiersgoldschmiede.com\/shop\/totenkopf-ring-krebs\/#primaryimage\"},\"thumbnailUrl\":\"https:\/\/maiersgoldschmiede.com\/wp-content\/uploads\/2022\/11\/004_.jpg\",\"datePublished\":\"2022-11-07T07:19:18+00:00\",\"dateModified\":\"2022-11-08T07:48:04+00:00\",\"breadcrumb\":{\"@id\":\"https:\/\/maiersgoldschmiede.com\/shop\/totenkopf-ring-krebs\/#breadcrumb\"},\"inLanguage\":\"es\",\"potentialAction\":[{\"@type\":\"ReadAction\",\"target\":[\"https:\/\/maiersgoldschmiede.com\/shop\/totenkopf-ring-krebs\/\"]}]},{\"@type\":\"ImageObject\",\"inLanguage\":\"es\",\"@id\":\"https:\/\/maiersgoldschmiede.com\/shop\/totenkopf-ring-krebs\/#primaryimage\",\"url\":\"https:\/\/maiersgoldschmiede.com\/wp-content\/uploads\/2022\/11\/004_.jpg\",\"contentUrl\":\"https:\/\/maiersgoldschmiede.com\/wp-content\/uploads\/2022\/11\/004_.jpg\",\"width\":1200,\"height\":997,\"caption\":\"Totenkopf Ring Krebs, www.maiersgoldschmiede.com\"},{\"@type\":\"BreadcrumbList\",\"@id\":\"https:\/\/maiersgoldschmiede.com\/shop\/totenkopf-ring-krebs\/#breadcrumb\",\"itemListElement\":[{\"@type\":\"ListItem\",\"position\":1,\"name\":\"Startseite\",\"item\":\"https:\/\/maiersgoldschmiede.com\/es\/\"},{\"@type\":\"ListItem\",\"position\":2,\"name\":\"Maiers Goldschmiede Shop\",\"item\":\"https:\/\/maiersgoldschmiede.com\/es\/maiers-goldschmiede-shop\/\"},{\"@type\":\"ListItem\",\"position\":3,\"name\":\"Totenkopf Ring Krebs\"}]},{\"@type\":\"WebSite\",\"@id\":\"https:\/\/maiersgoldschmiede.com\/es\/#website\",\"url\":\"https:\/\/maiersgoldschmiede.com\/es\/\",\"name\":\"Maiers Goldschmiede\",\"description\":\"Ibiza Goldschmied Werkstatt \u2013 Atelier\",\"publisher\":{\"@id\":\"https:\/\/maiersgoldschmiede.com\/es\/#organization\"},\"potentialAction\":[{\"@type\":\"SearchAction\",\"target\":{\"@type\":\"EntryPoint\",\"urlTemplate\":\"https:\/\/maiersgoldschmiede.com\/es\/?s={search_term_string}\"},\"query-input\":{\"@type\":\"PropertyValueSpecification\",\"valueRequired\":true,\"valueName\":\"search_term_string\"}}],\"inLanguage\":\"es\"},{\"@type\":\"Organization\",\"@id\":\"https:\/\/maiersgoldschmiede.com\/es\/#organization\",\"name\":\"Maiers Goldschmiede Ibiza\",\"url\":\"https:\/\/maiersgoldschmiede.com\/es\/\",\"logo\":{\"@type\":\"ImageObject\",\"inLanguage\":\"es\",\"@id\":\"https:\/\/maiersgoldschmiede.com\/es\/#\/schema\/logo\/image\/\",\"url\":\"https:\/\/maiersgoldschmiede.com\/wp-content\/uploads\/2017\/05\/logo2.png\",\"contentUrl\":\"https:\/\/maiersgoldschmiede.com\/wp-content\/uploads\/2017\/05\/logo2.png\",\"width\":150,\"height\":116,\"caption\":\"Maiers Goldschmiede Ibiza\"},\"image\":{\"@id\":\"https:\/\/maiersgoldschmiede.com\/es\/#\/schema\/logo\/image\/\"},\"sameAs\":[\"https:\/\/www.facebook.com\/MaiersGoldschmiede\",\"https:\/\/www.instagram.com\/maier.reinhard\"]}]}<\/script>\n<!-- \/ Yoast SEO plugin. -->","yoast_head_json":{"title":"Totenkopf Ring Krebs - Maiers Goldschmiede","robots":{"index":"index","follow":"follow","max-snippet":"max-snippet:-1","max-image-preview":"max-image-preview:large","max-video-preview":"max-video-preview:-1"},"canonical":"https:\/\/maiersgoldschmiede.com\/shop\/totenkopf-ring-krebs\/","og_locale":"es_ES","og_type":"article","og_title":"Totenkopf Ring Krebs - Maiers Goldschmiede","og_description":"Toten Kopf 925 Silber Gold plattiert, Breite: 20 mm, Tiefe: 14 mm, H\u00f6he: 8 mm. Mit 2 Brillianten in den Augen: 0,10 ct. si\/top wss. Schiene: St\u00e4rke: 5,3 mm, Breite: 6,4 mm. Gewicht: 22 gr. Gr\u00f6\u00dfe: 54","og_url":"https:\/\/maiersgoldschmiede.com\/shop\/totenkopf-ring-krebs\/","og_site_name":"Maiers Goldschmiede","article_publisher":"https:\/\/www.facebook.com\/MaiersGoldschmiede","article_modified_time":"2022-11-08T07:48:04+00:00","og_image":[{"width":1200,"height":997,"url":"https:\/\/maiersgoldschmiede.com\/wp-content\/uploads\/2022\/11\/004_.jpg","type":"image\/jpeg"}],"twitter_card":"summary_large_image","schema":{"@context":"https:\/\/schema.org","@graph":[{"@type":"WebPage","@id":"https:\/\/maiersgoldschmiede.com\/shop\/totenkopf-ring-krebs\/","url":"https:\/\/maiersgoldschmiede.com\/shop\/totenkopf-ring-krebs\/","name":"Totenkopf Ring Krebs - Maiers Goldschmiede","isPartOf":{"@id":"https:\/\/maiersgoldschmiede.com\/es\/#website"},"primaryImageOfPage":{"@id":"https:\/\/maiersgoldschmiede.com\/shop\/totenkopf-ring-krebs\/#primaryimage"},"image":{"@id":"https:\/\/maiersgoldschmiede.com\/shop\/totenkopf-ring-krebs\/#primaryimage"},"thumbnailUrl":"https:\/\/maiersgoldschmiede.com\/wp-content\/uploads\/2022\/11\/004_.jpg","datePublished":"2022-11-07T07:19:18+00:00","dateModified":"2022-11-08T07:48:04+00:00","breadcrumb":{"@id":"https:\/\/maiersgoldschmiede.com\/shop\/totenkopf-ring-krebs\/#breadcrumb"},"inLanguage":"es","potentialAction":[{"@type":"ReadAction","target":["https:\/\/maiersgoldschmiede.com\/shop\/totenkopf-ring-krebs\/"]}]},{"@type":"ImageObject","inLanguage":"es","@id":"https:\/\/maiersgoldschmiede.com\/shop\/totenkopf-ring-krebs\/#primaryimage","url":"https:\/\/maiersgoldschmiede.com\/wp-content\/uploads\/2022\/11\/004_.jpg","contentUrl":"https:\/\/maiersgoldschmiede.com\/wp-content\/uploads\/2022\/11\/004_.jpg","width":1200,"height":997,"caption":"Totenkopf Ring Krebs, www.maiersgoldschmiede.com"},{"@type":"BreadcrumbList","@id":"https:\/\/maiersgoldschmiede.com\/shop\/totenkopf-ring-krebs\/#breadcrumb","itemListElement":[{"@type":"ListItem","position":1,"name":"Startseite","item":"https:\/\/maiersgoldschmiede.com\/es\/"},{"@type":"ListItem","position":2,"name":"Maiers Goldschmiede Shop","item":"https:\/\/maiersgoldschmiede.com\/es\/maiers-goldschmiede-shop\/"},{"@type":"ListItem","position":3,"name":"Totenkopf Ring Krebs"}]},{"@type":"WebSite","@id":"https:\/\/maiersgoldschmiede.com\/es\/#website","url":"https:\/\/maiersgoldschmiede.com\/es\/","name":"Maiers Goldschmiede","description":"Ibiza Goldschmied Werkstatt \u2013 Atelier","publisher":{"@id":"https:\/\/maiersgoldschmiede.com\/es\/#organization"},"potentialAction":[{"@type":"SearchAction","target":{"@type":"EntryPoint","urlTemplate":"https:\/\/maiersgoldschmiede.com\/es\/?s={search_term_string}"},"query-input":{"@type":"PropertyValueSpecification","valueRequired":true,"valueName":"search_term_string"}}],"inLanguage":"es"},{"@type":"Organization","@id":"https:\/\/maiersgoldschmiede.com\/es\/#organization","name":"Maiers Goldschmiede Ibiza","url":"https:\/\/maiersgoldschmiede.com\/es\/","logo":{"@type":"ImageObject","inLanguage":"es","@id":"https:\/\/maiersgoldschmiede.com\/es\/#\/schema\/logo\/image\/","url":"https:\/\/maiersgoldschmiede.com\/wp-content\/uploads\/2017\/05\/logo2.png","contentUrl":"https:\/\/maiersgoldschmiede.com\/wp-content\/uploads\/2017\/05\/logo2.png","width":150,"height":116,"caption":"Maiers Goldschmiede Ibiza"},"image":{"@id":"https:\/\/maiersgoldschmiede.com\/es\/#\/schema\/logo\/image\/"},"sameAs":["https:\/\/www.facebook.com\/MaiersGoldschmiede","https:\/\/www.instagram.com\/maier.reinhard"]}]}},"_links":{"self":[{"href":"https:\/\/maiersgoldschmiede.com\/es\/wp-json\/wp\/v2\/product\/20377","targetHints":{"allow":["GET"]}}],"collection":[{"href":"https:\/\/maiersgoldschmiede.com\/es\/wp-json\/wp\/v2\/product"}],"about":[{"href":"https:\/\/maiersgoldschmiede.com\/es\/wp-json\/wp\/v2\/types\/product"}],"wp:featuredmedia":[{"embeddable":true,"href":"https:\/\/maiersgoldschmiede.com\/es\/wp-json\/wp\/v2\/media\/20379"}],"wp:attachment":[{"href":"https:\/\/maiersgoldschmiede.com\/es\/wp-json\/wp\/v2\/media?parent=20377"}],"wp:term":[{"taxonomy":"product_brand","embeddable":true,"href":"https:\/\/maiersgoldschmiede.com\/es\/wp-json\/wp\/v2\/product_brand?post=20377"},{"taxonomy":"product_cat","embeddable":true,"href":"https:\/\/maiersgoldschmiede.com\/es\/wp-json\/wp\/v2\/product_cat?post=20377"},{"taxonomy":"product_tag","embeddable":true,"href":"https:\/\/maiersgoldschmiede.com\/es\/wp-json\/wp\/v2\/product_tag?post=20377"}],"curies":[{"name":"wp","href":"https:\/\/api.w.org\/{rel}","templated":true}]}}