{"id":20398,"date":"2022-11-09T07:42:33","date_gmt":"2022-11-09T06:42:33","guid":{"rendered":"https:\/\/maiersgoldschmiede.com\/?post_type=product&#038;p=20398"},"modified":"2022-11-09T09:04:30","modified_gmt":"2022-11-09T08:04:30","slug":"gecko-beweglich-aus-fragment-eines-seeigels-anhaenger-3","status":"publish","type":"product","link":"https:\/\/maiersgoldschmiede.com\/es\/shop\/gecko-beweglich-aus-fragment-eines-seeigels-anhaenger-3\/","title":{"rendered":"Gecko beweglich aus Fragment eines Seeigels &#8211; Anh\u00e4nger"},"content":{"rendered":"<p>Seeigel &#8211; Geh\u00e4use &#8211; Anh\u00e4nger, in 925 Silber &#8211; geschw\u00e4rtzt.<\/p>\n<p>Durchmesser: 32 mm, H\u00f6he: 16 mm, Gewicht mit Gecko; 22 gr.<\/p>\n<p>Gecko 925 Silber vergoldet, L\u00e4nge 25 mm.<\/p>\n<p>Mit 2 schwarze Brillianten, 0,02 ct.<\/p>\n<p>Mit Kautschuk Collier 2mm, L\u00e4nge: 45 cm.<\/p>\n<p><span style=\"color: #ff0000;\">\u00a0<\/span><\/p>\n<p>&nbsp;<\/p>\n","protected":false},"excerpt":{"rendered":"<p>Seeigel &#8211; Geh\u00e4use &#8211; Anh\u00e4nger, in 925 Silber &#8211; geschw\u00e4rtzt. Durchmesser: 32 mm, H\u00f6he: 16 mm, Gewicht mit Gecko; 22 gr. Gecko 925 Silber vergoldet, L\u00e4nge 25 mm. Mit 2 schwarze Brillianten, 0,02 ct. Mit Kautschuk Collier 2mm, L\u00e4nge: 45 cm. \u00a0 &nbsp;<\/p>\n","protected":false},"featured_media":20402,"template":"","meta":{"_exactmetrics_skip_tracking":false,"_exactmetrics_sitenote_active":false,"_exactmetrics_sitenote_note":"","_exactmetrics_sitenote_category":0},"product_brand":[],"product_cat":[985,508,54,575,516,229,576,215,112,16],"product_tag":[63,88,64,571],"class_list":{"0":"post-20398","1":"product","2":"type-product","3":"status-publish","4":"has-post-thumbnail","6":"product_cat-design-collection-en","7":"product_cat-damenschmuck","8":"product_cat-gecko-collection","9":"product_cat-gold","10":"product_cat-halsketten-colliers","11":"product_cat-neuheiten","12":"product_cat-silber","13":"product_cat-tier-collection","14":"product_cat-unikate","15":"product_cat-maritim-collection","16":"product_tag-anhaenger","17":"product_tag-brillanten","18":"product_tag-gecko","19":"product_tag-seeigel","20":"pa_collection-carbon-collection","22":"first","23":"instock","24":"taxable","25":"shipping-taxable","26":"purchasable","27":"product-type-simple","28":"prodpage-style3"},"yoast_head":"<!-- This site is optimized with the Yoast SEO plugin v26.1.1 - https:\/\/yoast.com\/wordpress\/plugins\/seo\/ -->\n<title>Gecko beweglich aus Fragment eines Seeigels - Anh\u00e4nger - Maiers Goldschmiede<\/title>\n<meta name=\"robots\" content=\"index, follow, max-snippet:-1, max-image-preview:large, max-video-preview:-1\" \/>\n<link rel=\"canonical\" href=\"https:\/\/maiersgoldschmiede.com\/shop\/gecko-beweglich-aus-fragment-eines-seeigels-anhaenger-3\/\" \/>\n<meta property=\"og:locale\" content=\"es_ES\" \/>\n<meta property=\"og:type\" content=\"article\" \/>\n<meta property=\"og:title\" content=\"Gecko beweglich aus Fragment eines Seeigels - Anh\u00e4nger - Maiers Goldschmiede\" \/>\n<meta property=\"og:description\" content=\"Seeigel &#8211; Geh\u00e4use &#8211; Anh\u00e4nger, in 925 Silber &#8211; geschw\u00e4rtzt. Durchmesser: 32 mm, H\u00f6he: 16 mm, Gewicht mit Gecko; 22 gr. Gecko 925 Silber vergoldet, L\u00e4nge 25 mm. Mit 2 schwarze Brillianten, 0,02 ct. Mit Kautschuk Collier 2mm, L\u00e4nge: 45 cm. \u00a0 &nbsp;\" \/>\n<meta property=\"og:url\" content=\"https:\/\/maiersgoldschmiede.com\/shop\/gecko-beweglich-aus-fragment-eines-seeigels-anhaenger-3\/\" \/>\n<meta property=\"og:site_name\" content=\"Maiers Goldschmiede\" \/>\n<meta property=\"article:publisher\" content=\"https:\/\/www.facebook.com\/MaiersGoldschmiede\" \/>\n<meta property=\"article:modified_time\" content=\"2022-11-09T08:04:30+00:00\" \/>\n<meta property=\"og:image\" content=\"https:\/\/maiersgoldschmiede.com\/wp-content\/uploads\/2022\/11\/008_.jpg\" \/>\n\t<meta property=\"og:image:width\" content=\"1200\" \/>\n\t<meta property=\"og:image:height\" content=\"1083\" \/>\n\t<meta property=\"og:image:type\" content=\"image\/jpeg\" \/>\n<meta name=\"twitter:card\" content=\"summary_large_image\" \/>\n<meta name=\"twitter:label1\" content=\"Tiempo de lectura\" \/>\n\t<meta name=\"twitter:data1\" content=\"1 minuto\" \/>\n<script type=\"application\/ld+json\" class=\"yoast-schema-graph\">{\"@context\":\"https:\/\/schema.org\",\"@graph\":[{\"@type\":\"WebPage\",\"@id\":\"https:\/\/maiersgoldschmiede.com\/shop\/gecko-beweglich-aus-fragment-eines-seeigels-anhaenger-3\/\",\"url\":\"https:\/\/maiersgoldschmiede.com\/shop\/gecko-beweglich-aus-fragment-eines-seeigels-anhaenger-3\/\",\"name\":\"Gecko beweglich aus Fragment eines Seeigels - Anh\u00e4nger - Maiers Goldschmiede\",\"isPartOf\":{\"@id\":\"https:\/\/maiersgoldschmiede.com\/es\/#website\"},\"primaryImageOfPage\":{\"@id\":\"https:\/\/maiersgoldschmiede.com\/shop\/gecko-beweglich-aus-fragment-eines-seeigels-anhaenger-3\/#primaryimage\"},\"image\":{\"@id\":\"https:\/\/maiersgoldschmiede.com\/shop\/gecko-beweglich-aus-fragment-eines-seeigels-anhaenger-3\/#primaryimage\"},\"thumbnailUrl\":\"https:\/\/maiersgoldschmiede.com\/wp-content\/uploads\/2022\/11\/008_.jpg\",\"datePublished\":\"2022-11-09T06:42:33+00:00\",\"dateModified\":\"2022-11-09T08:04:30+00:00\",\"breadcrumb\":{\"@id\":\"https:\/\/maiersgoldschmiede.com\/shop\/gecko-beweglich-aus-fragment-eines-seeigels-anhaenger-3\/#breadcrumb\"},\"inLanguage\":\"es\",\"potentialAction\":[{\"@type\":\"ReadAction\",\"target\":[\"https:\/\/maiersgoldschmiede.com\/shop\/gecko-beweglich-aus-fragment-eines-seeigels-anhaenger-3\/\"]}]},{\"@type\":\"ImageObject\",\"inLanguage\":\"es\",\"@id\":\"https:\/\/maiersgoldschmiede.com\/shop\/gecko-beweglich-aus-fragment-eines-seeigels-anhaenger-3\/#primaryimage\",\"url\":\"https:\/\/maiersgoldschmiede.com\/wp-content\/uploads\/2022\/11\/008_.jpg\",\"contentUrl\":\"https:\/\/maiersgoldschmiede.com\/wp-content\/uploads\/2022\/11\/008_.jpg\",\"width\":1200,\"height\":1083,\"caption\":\"Seeigel Anh\u00e4nger mit Gecko,Maiersgoldschmiede.com\"},{\"@type\":\"BreadcrumbList\",\"@id\":\"https:\/\/maiersgoldschmiede.com\/shop\/gecko-beweglich-aus-fragment-eines-seeigels-anhaenger-3\/#breadcrumb\",\"itemListElement\":[{\"@type\":\"ListItem\",\"position\":1,\"name\":\"Startseite\",\"item\":\"https:\/\/maiersgoldschmiede.com\/es\/\"},{\"@type\":\"ListItem\",\"position\":2,\"name\":\"Maiers Goldschmiede Shop\",\"item\":\"https:\/\/maiersgoldschmiede.com\/es\/maiers-goldschmiede-shop\/\"},{\"@type\":\"ListItem\",\"position\":3,\"name\":\"Gecko beweglich aus Fragment eines Seeigels &#8211; Anh\u00e4nger\"}]},{\"@type\":\"WebSite\",\"@id\":\"https:\/\/maiersgoldschmiede.com\/es\/#website\",\"url\":\"https:\/\/maiersgoldschmiede.com\/es\/\",\"name\":\"Maiers Goldschmiede\",\"description\":\"Ibiza Goldschmied Werkstatt \u2013 Atelier\",\"publisher\":{\"@id\":\"https:\/\/maiersgoldschmiede.com\/es\/#organization\"},\"potentialAction\":[{\"@type\":\"SearchAction\",\"target\":{\"@type\":\"EntryPoint\",\"urlTemplate\":\"https:\/\/maiersgoldschmiede.com\/es\/?s={search_term_string}\"},\"query-input\":{\"@type\":\"PropertyValueSpecification\",\"valueRequired\":true,\"valueName\":\"search_term_string\"}}],\"inLanguage\":\"es\"},{\"@type\":\"Organization\",\"@id\":\"https:\/\/maiersgoldschmiede.com\/es\/#organization\",\"name\":\"Maiers Goldschmiede Ibiza\",\"url\":\"https:\/\/maiersgoldschmiede.com\/es\/\",\"logo\":{\"@type\":\"ImageObject\",\"inLanguage\":\"es\",\"@id\":\"https:\/\/maiersgoldschmiede.com\/es\/#\/schema\/logo\/image\/\",\"url\":\"https:\/\/maiersgoldschmiede.com\/wp-content\/uploads\/2017\/05\/logo2.png\",\"contentUrl\":\"https:\/\/maiersgoldschmiede.com\/wp-content\/uploads\/2017\/05\/logo2.png\",\"width\":150,\"height\":116,\"caption\":\"Maiers Goldschmiede Ibiza\"},\"image\":{\"@id\":\"https:\/\/maiersgoldschmiede.com\/es\/#\/schema\/logo\/image\/\"},\"sameAs\":[\"https:\/\/www.facebook.com\/MaiersGoldschmiede\",\"https:\/\/www.instagram.com\/maier.reinhard\"]}]}<\/script>\n<!-- \/ Yoast SEO plugin. -->","yoast_head_json":{"title":"Gecko beweglich aus Fragment eines Seeigels - Anh\u00e4nger - Maiers Goldschmiede","robots":{"index":"index","follow":"follow","max-snippet":"max-snippet:-1","max-image-preview":"max-image-preview:large","max-video-preview":"max-video-preview:-1"},"canonical":"https:\/\/maiersgoldschmiede.com\/shop\/gecko-beweglich-aus-fragment-eines-seeigels-anhaenger-3\/","og_locale":"es_ES","og_type":"article","og_title":"Gecko beweglich aus Fragment eines Seeigels - Anh\u00e4nger - Maiers Goldschmiede","og_description":"Seeigel &#8211; Geh\u00e4use &#8211; Anh\u00e4nger, in 925 Silber &#8211; geschw\u00e4rtzt. Durchmesser: 32 mm, H\u00f6he: 16 mm, Gewicht mit Gecko; 22 gr. Gecko 925 Silber vergoldet, L\u00e4nge 25 mm. Mit 2 schwarze Brillianten, 0,02 ct. Mit Kautschuk Collier 2mm, L\u00e4nge: 45 cm. \u00a0 &nbsp;","og_url":"https:\/\/maiersgoldschmiede.com\/shop\/gecko-beweglich-aus-fragment-eines-seeigels-anhaenger-3\/","og_site_name":"Maiers Goldschmiede","article_publisher":"https:\/\/www.facebook.com\/MaiersGoldschmiede","article_modified_time":"2022-11-09T08:04:30+00:00","og_image":[{"width":1200,"height":1083,"url":"https:\/\/maiersgoldschmiede.com\/wp-content\/uploads\/2022\/11\/008_.jpg","type":"image\/jpeg"}],"twitter_card":"summary_large_image","twitter_misc":{"Tiempo de lectura":"1 minuto"},"schema":{"@context":"https:\/\/schema.org","@graph":[{"@type":"WebPage","@id":"https:\/\/maiersgoldschmiede.com\/shop\/gecko-beweglich-aus-fragment-eines-seeigels-anhaenger-3\/","url":"https:\/\/maiersgoldschmiede.com\/shop\/gecko-beweglich-aus-fragment-eines-seeigels-anhaenger-3\/","name":"Gecko beweglich aus Fragment eines Seeigels - Anh\u00e4nger - Maiers Goldschmiede","isPartOf":{"@id":"https:\/\/maiersgoldschmiede.com\/es\/#website"},"primaryImageOfPage":{"@id":"https:\/\/maiersgoldschmiede.com\/shop\/gecko-beweglich-aus-fragment-eines-seeigels-anhaenger-3\/#primaryimage"},"image":{"@id":"https:\/\/maiersgoldschmiede.com\/shop\/gecko-beweglich-aus-fragment-eines-seeigels-anhaenger-3\/#primaryimage"},"thumbnailUrl":"https:\/\/maiersgoldschmiede.com\/wp-content\/uploads\/2022\/11\/008_.jpg","datePublished":"2022-11-09T06:42:33+00:00","dateModified":"2022-11-09T08:04:30+00:00","breadcrumb":{"@id":"https:\/\/maiersgoldschmiede.com\/shop\/gecko-beweglich-aus-fragment-eines-seeigels-anhaenger-3\/#breadcrumb"},"inLanguage":"es","potentialAction":[{"@type":"ReadAction","target":["https:\/\/maiersgoldschmiede.com\/shop\/gecko-beweglich-aus-fragment-eines-seeigels-anhaenger-3\/"]}]},{"@type":"ImageObject","inLanguage":"es","@id":"https:\/\/maiersgoldschmiede.com\/shop\/gecko-beweglich-aus-fragment-eines-seeigels-anhaenger-3\/#primaryimage","url":"https:\/\/maiersgoldschmiede.com\/wp-content\/uploads\/2022\/11\/008_.jpg","contentUrl":"https:\/\/maiersgoldschmiede.com\/wp-content\/uploads\/2022\/11\/008_.jpg","width":1200,"height":1083,"caption":"Seeigel Anh\u00e4nger mit Gecko,Maiersgoldschmiede.com"},{"@type":"BreadcrumbList","@id":"https:\/\/maiersgoldschmiede.com\/shop\/gecko-beweglich-aus-fragment-eines-seeigels-anhaenger-3\/#breadcrumb","itemListElement":[{"@type":"ListItem","position":1,"name":"Startseite","item":"https:\/\/maiersgoldschmiede.com\/es\/"},{"@type":"ListItem","position":2,"name":"Maiers Goldschmiede Shop","item":"https:\/\/maiersgoldschmiede.com\/es\/maiers-goldschmiede-shop\/"},{"@type":"ListItem","position":3,"name":"Gecko beweglich aus Fragment eines Seeigels &#8211; Anh\u00e4nger"}]},{"@type":"WebSite","@id":"https:\/\/maiersgoldschmiede.com\/es\/#website","url":"https:\/\/maiersgoldschmiede.com\/es\/","name":"Maiers Goldschmiede","description":"Ibiza Goldschmied Werkstatt \u2013 Atelier","publisher":{"@id":"https:\/\/maiersgoldschmiede.com\/es\/#organization"},"potentialAction":[{"@type":"SearchAction","target":{"@type":"EntryPoint","urlTemplate":"https:\/\/maiersgoldschmiede.com\/es\/?s={search_term_string}"},"query-input":{"@type":"PropertyValueSpecification","valueRequired":true,"valueName":"search_term_string"}}],"inLanguage":"es"},{"@type":"Organization","@id":"https:\/\/maiersgoldschmiede.com\/es\/#organization","name":"Maiers Goldschmiede Ibiza","url":"https:\/\/maiersgoldschmiede.com\/es\/","logo":{"@type":"ImageObject","inLanguage":"es","@id":"https:\/\/maiersgoldschmiede.com\/es\/#\/schema\/logo\/image\/","url":"https:\/\/maiersgoldschmiede.com\/wp-content\/uploads\/2017\/05\/logo2.png","contentUrl":"https:\/\/maiersgoldschmiede.com\/wp-content\/uploads\/2017\/05\/logo2.png","width":150,"height":116,"caption":"Maiers Goldschmiede Ibiza"},"image":{"@id":"https:\/\/maiersgoldschmiede.com\/es\/#\/schema\/logo\/image\/"},"sameAs":["https:\/\/www.facebook.com\/MaiersGoldschmiede","https:\/\/www.instagram.com\/maier.reinhard"]}]}},"_links":{"self":[{"href":"https:\/\/maiersgoldschmiede.com\/es\/wp-json\/wp\/v2\/product\/20398","targetHints":{"allow":["GET"]}}],"collection":[{"href":"https:\/\/maiersgoldschmiede.com\/es\/wp-json\/wp\/v2\/product"}],"about":[{"href":"https:\/\/maiersgoldschmiede.com\/es\/wp-json\/wp\/v2\/types\/product"}],"wp:featuredmedia":[{"embeddable":true,"href":"https:\/\/maiersgoldschmiede.com\/es\/wp-json\/wp\/v2\/media\/20402"}],"wp:attachment":[{"href":"https:\/\/maiersgoldschmiede.com\/es\/wp-json\/wp\/v2\/media?parent=20398"}],"wp:term":[{"taxonomy":"product_brand","embeddable":true,"href":"https:\/\/maiersgoldschmiede.com\/es\/wp-json\/wp\/v2\/product_brand?post=20398"},{"taxonomy":"product_cat","embeddable":true,"href":"https:\/\/maiersgoldschmiede.com\/es\/wp-json\/wp\/v2\/product_cat?post=20398"},{"taxonomy":"product_tag","embeddable":true,"href":"https:\/\/maiersgoldschmiede.com\/es\/wp-json\/wp\/v2\/product_tag?post=20398"}],"curies":[{"name":"wp","href":"https:\/\/api.w.org\/{rel}","templated":true}]}}