{"id":20541,"date":"2023-03-27T12:34:38","date_gmt":"2023-03-27T10:34:38","guid":{"rendered":"https:\/\/maiersgoldschmiede.com\/?post_type=product&#038;p=20541"},"modified":"2023-03-27T19:40:06","modified_gmt":"2023-03-27T17:40:06","slug":"rochenleder-ring-mit-zirconia-orange","status":"publish","type":"product","link":"https:\/\/maiersgoldschmiede.com\/es\/shop\/rochenleder-ring-mit-zirconia-orange\/","title":{"rendered":"Rochenleder Ring mit Zirconia Orange"},"content":{"rendered":"<p>Rochenleder Ring,<\/p>\n<p>Breite:16 mm, St\u00e4rke: 3,7 mm<\/p>\n<p>Fassung 585 gelb Gold, Durchmesser: 8,5 mm<\/p>\n<p>Zirconia 5,25 mm, Farbe: Orange<\/p>\n<p>Gr\u00f6\u00dfe: von 50 bis 58 dehnbar!<\/p>\n","protected":false},"excerpt":{"rendered":"<p>Rochenleder Ring, Breite:16 mm, St\u00e4rke: 3,7 mm Fassung 585 gelb Gold, Durchmesser: 8,5 mm Zirconia 5,25 mm, Farbe: Orange Gr\u00f6\u00dfe: von 50 bis 58 dehnbar!<\/p>\n","protected":false},"featured_media":20542,"template":"","meta":{"_exactmetrics_skip_tracking":false,"_exactmetrics_sitenote_active":false,"_exactmetrics_sitenote_note":"","_exactmetrics_sitenote_category":0},"product_brand":[],"product_cat":[508,575,574,229,172,16],"product_tag":[1127,231,1126],"class_list":{"0":"post-20541","1":"product","2":"type-product","3":"status-publish","4":"has-post-thumbnail","6":"product_cat-damenschmuck","7":"product_cat-gold","8":"product_cat-material","9":"product_cat-neuheiten","10":"product_cat-ringe","11":"product_cat-maritim-collection","12":"product_tag-gold","13":"product_tag-rochenleder","14":"product_tag-zirkonia","16":"first","17":"instock","18":"taxable","19":"shipping-taxable","20":"purchasable","21":"product-type-simple","22":"prodpage-style3"},"yoast_head":"<!-- This site is optimized with the Yoast SEO plugin v26.1.1 - https:\/\/yoast.com\/wordpress\/plugins\/seo\/ -->\n<title>Rochenleder Ring mit Zirconia Orange - Maiers Goldschmiede<\/title>\n<meta name=\"robots\" content=\"index, follow, max-snippet:-1, max-image-preview:large, max-video-preview:-1\" \/>\n<link rel=\"canonical\" href=\"https:\/\/maiersgoldschmiede.com\/shop\/rochenleder-ring-mit-zirconia-orange\/\" \/>\n<meta property=\"og:locale\" content=\"es_ES\" \/>\n<meta property=\"og:type\" content=\"article\" \/>\n<meta property=\"og:title\" content=\"Rochenleder Ring mit Zirconia Orange - Maiers Goldschmiede\" \/>\n<meta property=\"og:description\" content=\"Rochenleder Ring, Breite:16 mm, St\u00e4rke: 3,7 mm Fassung 585 gelb Gold, Durchmesser: 8,5 mm Zirconia 5,25 mm, Farbe: Orange Gr\u00f6\u00dfe: von 50 bis 58 dehnbar!\" \/>\n<meta property=\"og:url\" content=\"https:\/\/maiersgoldschmiede.com\/shop\/rochenleder-ring-mit-zirconia-orange\/\" \/>\n<meta property=\"og:site_name\" content=\"Maiers Goldschmiede\" \/>\n<meta property=\"article:publisher\" content=\"https:\/\/www.facebook.com\/MaiersGoldschmiede\" \/>\n<meta property=\"article:modified_time\" content=\"2023-03-27T17:40:06+00:00\" \/>\n<meta property=\"og:image\" content=\"https:\/\/maiersgoldschmiede.com\/wp-content\/uploads\/2023\/03\/008_-1.jpg\" \/>\n\t<meta property=\"og:image:width\" content=\"1200\" \/>\n\t<meta property=\"og:image:height\" content=\"1092\" \/>\n\t<meta property=\"og:image:type\" content=\"image\/jpeg\" \/>\n<meta name=\"twitter:card\" content=\"summary_large_image\" \/>\n<meta name=\"twitter:label1\" content=\"Tiempo de lectura\" \/>\n\t<meta name=\"twitter:data1\" content=\"1 minuto\" \/>\n<script type=\"application\/ld+json\" class=\"yoast-schema-graph\">{\"@context\":\"https:\/\/schema.org\",\"@graph\":[{\"@type\":\"WebPage\",\"@id\":\"https:\/\/maiersgoldschmiede.com\/shop\/rochenleder-ring-mit-zirconia-orange\/\",\"url\":\"https:\/\/maiersgoldschmiede.com\/shop\/rochenleder-ring-mit-zirconia-orange\/\",\"name\":\"Rochenleder Ring mit Zirconia Orange - Maiers Goldschmiede\",\"isPartOf\":{\"@id\":\"https:\/\/maiersgoldschmiede.com\/es\/#website\"},\"primaryImageOfPage\":{\"@id\":\"https:\/\/maiersgoldschmiede.com\/shop\/rochenleder-ring-mit-zirconia-orange\/#primaryimage\"},\"image\":{\"@id\":\"https:\/\/maiersgoldschmiede.com\/shop\/rochenleder-ring-mit-zirconia-orange\/#primaryimage\"},\"thumbnailUrl\":\"https:\/\/maiersgoldschmiede.com\/wp-content\/uploads\/2023\/03\/008_-1.jpg\",\"datePublished\":\"2023-03-27T10:34:38+00:00\",\"dateModified\":\"2023-03-27T17:40:06+00:00\",\"breadcrumb\":{\"@id\":\"https:\/\/maiersgoldschmiede.com\/shop\/rochenleder-ring-mit-zirconia-orange\/#breadcrumb\"},\"inLanguage\":\"es\",\"potentialAction\":[{\"@type\":\"ReadAction\",\"target\":[\"https:\/\/maiersgoldschmiede.com\/shop\/rochenleder-ring-mit-zirconia-orange\/\"]}]},{\"@type\":\"ImageObject\",\"inLanguage\":\"es\",\"@id\":\"https:\/\/maiersgoldschmiede.com\/shop\/rochenleder-ring-mit-zirconia-orange\/#primaryimage\",\"url\":\"https:\/\/maiersgoldschmiede.com\/wp-content\/uploads\/2023\/03\/008_-1.jpg\",\"contentUrl\":\"https:\/\/maiersgoldschmiede.com\/wp-content\/uploads\/2023\/03\/008_-1.jpg\",\"width\":1200,\"height\":1092,\"caption\":\"Rochenleder Ring Zirkonia.www.maiersgoldscgmiede.com\"},{\"@type\":\"BreadcrumbList\",\"@id\":\"https:\/\/maiersgoldschmiede.com\/shop\/rochenleder-ring-mit-zirconia-orange\/#breadcrumb\",\"itemListElement\":[{\"@type\":\"ListItem\",\"position\":1,\"name\":\"Startseite\",\"item\":\"https:\/\/maiersgoldschmiede.com\/es\/\"},{\"@type\":\"ListItem\",\"position\":2,\"name\":\"Maiers Goldschmiede Shop\",\"item\":\"https:\/\/maiersgoldschmiede.com\/es\/maiers-goldschmiede-shop\/\"},{\"@type\":\"ListItem\",\"position\":3,\"name\":\"Rochenleder Ring mit Zirconia Orange\"}]},{\"@type\":\"WebSite\",\"@id\":\"https:\/\/maiersgoldschmiede.com\/es\/#website\",\"url\":\"https:\/\/maiersgoldschmiede.com\/es\/\",\"name\":\"Maiers Goldschmiede\",\"description\":\"Ibiza Goldschmied Werkstatt \u2013 Atelier\",\"publisher\":{\"@id\":\"https:\/\/maiersgoldschmiede.com\/es\/#organization\"},\"potentialAction\":[{\"@type\":\"SearchAction\",\"target\":{\"@type\":\"EntryPoint\",\"urlTemplate\":\"https:\/\/maiersgoldschmiede.com\/es\/?s={search_term_string}\"},\"query-input\":{\"@type\":\"PropertyValueSpecification\",\"valueRequired\":true,\"valueName\":\"search_term_string\"}}],\"inLanguage\":\"es\"},{\"@type\":\"Organization\",\"@id\":\"https:\/\/maiersgoldschmiede.com\/es\/#organization\",\"name\":\"Maiers Goldschmiede Ibiza\",\"url\":\"https:\/\/maiersgoldschmiede.com\/es\/\",\"logo\":{\"@type\":\"ImageObject\",\"inLanguage\":\"es\",\"@id\":\"https:\/\/maiersgoldschmiede.com\/es\/#\/schema\/logo\/image\/\",\"url\":\"https:\/\/maiersgoldschmiede.com\/wp-content\/uploads\/2017\/05\/logo2.png\",\"contentUrl\":\"https:\/\/maiersgoldschmiede.com\/wp-content\/uploads\/2017\/05\/logo2.png\",\"width\":150,\"height\":116,\"caption\":\"Maiers Goldschmiede Ibiza\"},\"image\":{\"@id\":\"https:\/\/maiersgoldschmiede.com\/es\/#\/schema\/logo\/image\/\"},\"sameAs\":[\"https:\/\/www.facebook.com\/MaiersGoldschmiede\",\"https:\/\/www.instagram.com\/maier.reinhard\"]}]}<\/script>\n<!-- \/ Yoast SEO plugin. -->","yoast_head_json":{"title":"Rochenleder Ring mit Zirconia Orange - Maiers Goldschmiede","robots":{"index":"index","follow":"follow","max-snippet":"max-snippet:-1","max-image-preview":"max-image-preview:large","max-video-preview":"max-video-preview:-1"},"canonical":"https:\/\/maiersgoldschmiede.com\/shop\/rochenleder-ring-mit-zirconia-orange\/","og_locale":"es_ES","og_type":"article","og_title":"Rochenleder Ring mit Zirconia Orange - Maiers Goldschmiede","og_description":"Rochenleder Ring, Breite:16 mm, St\u00e4rke: 3,7 mm Fassung 585 gelb Gold, Durchmesser: 8,5 mm Zirconia 5,25 mm, Farbe: Orange Gr\u00f6\u00dfe: von 50 bis 58 dehnbar!","og_url":"https:\/\/maiersgoldschmiede.com\/shop\/rochenleder-ring-mit-zirconia-orange\/","og_site_name":"Maiers Goldschmiede","article_publisher":"https:\/\/www.facebook.com\/MaiersGoldschmiede","article_modified_time":"2023-03-27T17:40:06+00:00","og_image":[{"width":1200,"height":1092,"url":"https:\/\/maiersgoldschmiede.com\/wp-content\/uploads\/2023\/03\/008_-1.jpg","type":"image\/jpeg"}],"twitter_card":"summary_large_image","twitter_misc":{"Tiempo de lectura":"1 minuto"},"schema":{"@context":"https:\/\/schema.org","@graph":[{"@type":"WebPage","@id":"https:\/\/maiersgoldschmiede.com\/shop\/rochenleder-ring-mit-zirconia-orange\/","url":"https:\/\/maiersgoldschmiede.com\/shop\/rochenleder-ring-mit-zirconia-orange\/","name":"Rochenleder Ring mit Zirconia Orange - Maiers Goldschmiede","isPartOf":{"@id":"https:\/\/maiersgoldschmiede.com\/es\/#website"},"primaryImageOfPage":{"@id":"https:\/\/maiersgoldschmiede.com\/shop\/rochenleder-ring-mit-zirconia-orange\/#primaryimage"},"image":{"@id":"https:\/\/maiersgoldschmiede.com\/shop\/rochenleder-ring-mit-zirconia-orange\/#primaryimage"},"thumbnailUrl":"https:\/\/maiersgoldschmiede.com\/wp-content\/uploads\/2023\/03\/008_-1.jpg","datePublished":"2023-03-27T10:34:38+00:00","dateModified":"2023-03-27T17:40:06+00:00","breadcrumb":{"@id":"https:\/\/maiersgoldschmiede.com\/shop\/rochenleder-ring-mit-zirconia-orange\/#breadcrumb"},"inLanguage":"es","potentialAction":[{"@type":"ReadAction","target":["https:\/\/maiersgoldschmiede.com\/shop\/rochenleder-ring-mit-zirconia-orange\/"]}]},{"@type":"ImageObject","inLanguage":"es","@id":"https:\/\/maiersgoldschmiede.com\/shop\/rochenleder-ring-mit-zirconia-orange\/#primaryimage","url":"https:\/\/maiersgoldschmiede.com\/wp-content\/uploads\/2023\/03\/008_-1.jpg","contentUrl":"https:\/\/maiersgoldschmiede.com\/wp-content\/uploads\/2023\/03\/008_-1.jpg","width":1200,"height":1092,"caption":"Rochenleder Ring Zirkonia.www.maiersgoldscgmiede.com"},{"@type":"BreadcrumbList","@id":"https:\/\/maiersgoldschmiede.com\/shop\/rochenleder-ring-mit-zirconia-orange\/#breadcrumb","itemListElement":[{"@type":"ListItem","position":1,"name":"Startseite","item":"https:\/\/maiersgoldschmiede.com\/es\/"},{"@type":"ListItem","position":2,"name":"Maiers Goldschmiede Shop","item":"https:\/\/maiersgoldschmiede.com\/es\/maiers-goldschmiede-shop\/"},{"@type":"ListItem","position":3,"name":"Rochenleder Ring mit Zirconia Orange"}]},{"@type":"WebSite","@id":"https:\/\/maiersgoldschmiede.com\/es\/#website","url":"https:\/\/maiersgoldschmiede.com\/es\/","name":"Maiers Goldschmiede","description":"Ibiza Goldschmied Werkstatt \u2013 Atelier","publisher":{"@id":"https:\/\/maiersgoldschmiede.com\/es\/#organization"},"potentialAction":[{"@type":"SearchAction","target":{"@type":"EntryPoint","urlTemplate":"https:\/\/maiersgoldschmiede.com\/es\/?s={search_term_string}"},"query-input":{"@type":"PropertyValueSpecification","valueRequired":true,"valueName":"search_term_string"}}],"inLanguage":"es"},{"@type":"Organization","@id":"https:\/\/maiersgoldschmiede.com\/es\/#organization","name":"Maiers Goldschmiede Ibiza","url":"https:\/\/maiersgoldschmiede.com\/es\/","logo":{"@type":"ImageObject","inLanguage":"es","@id":"https:\/\/maiersgoldschmiede.com\/es\/#\/schema\/logo\/image\/","url":"https:\/\/maiersgoldschmiede.com\/wp-content\/uploads\/2017\/05\/logo2.png","contentUrl":"https:\/\/maiersgoldschmiede.com\/wp-content\/uploads\/2017\/05\/logo2.png","width":150,"height":116,"caption":"Maiers Goldschmiede Ibiza"},"image":{"@id":"https:\/\/maiersgoldschmiede.com\/es\/#\/schema\/logo\/image\/"},"sameAs":["https:\/\/www.facebook.com\/MaiersGoldschmiede","https:\/\/www.instagram.com\/maier.reinhard"]}]}},"_links":{"self":[{"href":"https:\/\/maiersgoldschmiede.com\/es\/wp-json\/wp\/v2\/product\/20541","targetHints":{"allow":["GET"]}}],"collection":[{"href":"https:\/\/maiersgoldschmiede.com\/es\/wp-json\/wp\/v2\/product"}],"about":[{"href":"https:\/\/maiersgoldschmiede.com\/es\/wp-json\/wp\/v2\/types\/product"}],"wp:featuredmedia":[{"embeddable":true,"href":"https:\/\/maiersgoldschmiede.com\/es\/wp-json\/wp\/v2\/media\/20542"}],"wp:attachment":[{"href":"https:\/\/maiersgoldschmiede.com\/es\/wp-json\/wp\/v2\/media?parent=20541"}],"wp:term":[{"taxonomy":"product_brand","embeddable":true,"href":"https:\/\/maiersgoldschmiede.com\/es\/wp-json\/wp\/v2\/product_brand?post=20541"},{"taxonomy":"product_cat","embeddable":true,"href":"https:\/\/maiersgoldschmiede.com\/es\/wp-json\/wp\/v2\/product_cat?post=20541"},{"taxonomy":"product_tag","embeddable":true,"href":"https:\/\/maiersgoldschmiede.com\/es\/wp-json\/wp\/v2\/product_tag?post=20541"}],"curies":[{"name":"wp","href":"https:\/\/api.w.org\/{rel}","templated":true}]}}