{"id":20985,"date":"2023-09-16T13:25:49","date_gmt":"2023-09-16T11:25:49","guid":{"rendered":"https:\/\/maiersgoldschmiede.com\/?post_type=product&#038;p=20985"},"modified":"2023-09-16T13:36:42","modified_gmt":"2023-09-16T11:36:42","slug":"hanfblatt-anhaenger-mit-totenkopf","status":"publish","type":"product","link":"https:\/\/maiersgoldschmiede.com\/es\/shop\/hanfblatt-anhaenger-mit-totenkopf\/","title":{"rendered":"Hanfblatt Anh\u00e4nger mit Totenkopf"},"content":{"rendered":"<p>Anh\u00e4nger: Mit Aufh\u00e4ngung \u00fcber alles 49 mm, Breite: 40 mm, H\u00f6he: 6 mm.<\/p>\n<p>Totenkopf: 11 x 8 mm, Gold plattiert.<\/p>\n<p>Mit 2 Brillanten in den Augen, 0,05ct, schwarz<\/p>\n<p>Gewicht 13 gr, 925 Silber.<\/p>\n","protected":false},"excerpt":{"rendered":"<p>Anh\u00e4nger: Mit Aufh\u00e4ngung \u00fcber alles 49 mm, Breite: 40 mm, H\u00f6he: 6 mm. Totenkopf: 11 x 8 mm, Gold plattiert. Mit 2 Brillanten in den Augen, 0,05ct, schwarz Gewicht 13 gr, 925 Silber.<\/p>\n","protected":false},"featured_media":20986,"template":"","meta":{"_exactmetrics_skip_tracking":false,"_exactmetrics_sitenote_active":false,"_exactmetrics_sitenote_note":"","_exactmetrics_sitenote_category":0},"product_brand":[],"product_cat":[508,225,516,509,229,512,576,191],"product_tag":[63,88,1131,64,1132],"class_list":{"0":"post-20985","1":"product","2":"type-product","3":"status-publish","4":"has-post-thumbnail","6":"product_cat-damenschmuck","7":"product_cat-geschenke","8":"product_cat-halsketten-colliers","9":"product_cat-herrenschmuck","10":"product_cat-neuheiten","11":"product_cat-schmuck","12":"product_cat-silber","13":"product_cat-totenkopf-collection","14":"product_tag-anhaenger","15":"product_tag-brillanten","16":"product_tag-canabis","17":"product_tag-gecko","18":"product_tag-hanfblatt","20":"first","21":"instock","22":"taxable","23":"shipping-taxable","24":"purchasable","25":"product-type-simple","26":"prodpage-style3"},"yoast_head":"<!-- This site is optimized with the Yoast SEO plugin v26.1.1 - https:\/\/yoast.com\/wordpress\/plugins\/seo\/ -->\n<title>Hanfblatt Anh\u00e4nger mit Totenkopf - Maiers Goldschmiede<\/title>\n<meta name=\"robots\" content=\"index, follow, max-snippet:-1, max-image-preview:large, max-video-preview:-1\" \/>\n<link rel=\"canonical\" href=\"https:\/\/maiersgoldschmiede.com\/shop\/hanfblatt-anhaenger-mit-totenkopf\/\" \/>\n<meta property=\"og:locale\" content=\"es_ES\" \/>\n<meta property=\"og:type\" content=\"article\" \/>\n<meta property=\"og:title\" content=\"Hanfblatt Anh\u00e4nger mit Totenkopf - Maiers Goldschmiede\" \/>\n<meta property=\"og:description\" content=\"Anh\u00e4nger: Mit Aufh\u00e4ngung \u00fcber alles 49 mm, Breite: 40 mm, H\u00f6he: 6 mm. Totenkopf: 11 x 8 mm, Gold plattiert. Mit 2 Brillanten in den Augen, 0,05ct, schwarz Gewicht 13 gr, 925 Silber.\" \/>\n<meta property=\"og:url\" content=\"https:\/\/maiersgoldschmiede.com\/shop\/hanfblatt-anhaenger-mit-totenkopf\/\" \/>\n<meta property=\"og:site_name\" content=\"Maiers Goldschmiede\" \/>\n<meta property=\"article:publisher\" content=\"https:\/\/www.facebook.com\/MaiersGoldschmiede\" \/>\n<meta property=\"article:modified_time\" content=\"2023-09-16T11:36:42+00:00\" \/>\n<meta property=\"og:image\" content=\"https:\/\/maiersgoldschmiede.com\/wp-content\/uploads\/2023\/09\/004_-2.jpg\" \/>\n\t<meta property=\"og:image:width\" content=\"1144\" \/>\n\t<meta property=\"og:image:height\" content=\"1200\" \/>\n\t<meta property=\"og:image:type\" content=\"image\/jpeg\" \/>\n<meta name=\"twitter:card\" content=\"summary_large_image\" \/>\n<meta name=\"twitter:label1\" content=\"Tiempo de lectura\" \/>\n\t<meta name=\"twitter:data1\" content=\"1 minuto\" \/>\n<script type=\"application\/ld+json\" class=\"yoast-schema-graph\">{\"@context\":\"https:\/\/schema.org\",\"@graph\":[{\"@type\":\"WebPage\",\"@id\":\"https:\/\/maiersgoldschmiede.com\/shop\/hanfblatt-anhaenger-mit-totenkopf\/\",\"url\":\"https:\/\/maiersgoldschmiede.com\/shop\/hanfblatt-anhaenger-mit-totenkopf\/\",\"name\":\"Hanfblatt Anh\u00e4nger mit Totenkopf - Maiers Goldschmiede\",\"isPartOf\":{\"@id\":\"https:\/\/maiersgoldschmiede.com\/es\/#website\"},\"primaryImageOfPage\":{\"@id\":\"https:\/\/maiersgoldschmiede.com\/shop\/hanfblatt-anhaenger-mit-totenkopf\/#primaryimage\"},\"image\":{\"@id\":\"https:\/\/maiersgoldschmiede.com\/shop\/hanfblatt-anhaenger-mit-totenkopf\/#primaryimage\"},\"thumbnailUrl\":\"https:\/\/maiersgoldschmiede.com\/wp-content\/uploads\/2023\/09\/004_-2.jpg\",\"datePublished\":\"2023-09-16T11:25:49+00:00\",\"dateModified\":\"2023-09-16T11:36:42+00:00\",\"breadcrumb\":{\"@id\":\"https:\/\/maiersgoldschmiede.com\/shop\/hanfblatt-anhaenger-mit-totenkopf\/#breadcrumb\"},\"inLanguage\":\"es\",\"potentialAction\":[{\"@type\":\"ReadAction\",\"target\":[\"https:\/\/maiersgoldschmiede.com\/shop\/hanfblatt-anhaenger-mit-totenkopf\/\"]}]},{\"@type\":\"ImageObject\",\"inLanguage\":\"es\",\"@id\":\"https:\/\/maiersgoldschmiede.com\/shop\/hanfblatt-anhaenger-mit-totenkopf\/#primaryimage\",\"url\":\"https:\/\/maiersgoldschmiede.com\/wp-content\/uploads\/2023\/09\/004_-2.jpg\",\"contentUrl\":\"https:\/\/maiersgoldschmiede.com\/wp-content\/uploads\/2023\/09\/004_-2.jpg\",\"width\":1144,\"height\":1200,\"caption\":\"Hanfblatt mit Gecko Anh\u00e4nger.www.maiersgoldschmiede.com\"},{\"@type\":\"BreadcrumbList\",\"@id\":\"https:\/\/maiersgoldschmiede.com\/shop\/hanfblatt-anhaenger-mit-totenkopf\/#breadcrumb\",\"itemListElement\":[{\"@type\":\"ListItem\",\"position\":1,\"name\":\"Startseite\",\"item\":\"https:\/\/maiersgoldschmiede.com\/es\/\"},{\"@type\":\"ListItem\",\"position\":2,\"name\":\"Maiers Goldschmiede Shop\",\"item\":\"https:\/\/maiersgoldschmiede.com\/es\/maiers-goldschmiede-shop\/\"},{\"@type\":\"ListItem\",\"position\":3,\"name\":\"Hanfblatt Anh\u00e4nger mit Totenkopf\"}]},{\"@type\":\"WebSite\",\"@id\":\"https:\/\/maiersgoldschmiede.com\/es\/#website\",\"url\":\"https:\/\/maiersgoldschmiede.com\/es\/\",\"name\":\"Maiers Goldschmiede\",\"description\":\"Ibiza Goldschmied Werkstatt \u2013 Atelier\",\"publisher\":{\"@id\":\"https:\/\/maiersgoldschmiede.com\/es\/#organization\"},\"potentialAction\":[{\"@type\":\"SearchAction\",\"target\":{\"@type\":\"EntryPoint\",\"urlTemplate\":\"https:\/\/maiersgoldschmiede.com\/es\/?s={search_term_string}\"},\"query-input\":{\"@type\":\"PropertyValueSpecification\",\"valueRequired\":true,\"valueName\":\"search_term_string\"}}],\"inLanguage\":\"es\"},{\"@type\":\"Organization\",\"@id\":\"https:\/\/maiersgoldschmiede.com\/es\/#organization\",\"name\":\"Maiers Goldschmiede Ibiza\",\"url\":\"https:\/\/maiersgoldschmiede.com\/es\/\",\"logo\":{\"@type\":\"ImageObject\",\"inLanguage\":\"es\",\"@id\":\"https:\/\/maiersgoldschmiede.com\/es\/#\/schema\/logo\/image\/\",\"url\":\"https:\/\/maiersgoldschmiede.com\/wp-content\/uploads\/2017\/05\/logo2.png\",\"contentUrl\":\"https:\/\/maiersgoldschmiede.com\/wp-content\/uploads\/2017\/05\/logo2.png\",\"width\":150,\"height\":116,\"caption\":\"Maiers Goldschmiede Ibiza\"},\"image\":{\"@id\":\"https:\/\/maiersgoldschmiede.com\/es\/#\/schema\/logo\/image\/\"},\"sameAs\":[\"https:\/\/www.facebook.com\/MaiersGoldschmiede\",\"https:\/\/www.instagram.com\/maier.reinhard\"]}]}<\/script>\n<!-- \/ Yoast SEO plugin. -->","yoast_head_json":{"title":"Hanfblatt Anh\u00e4nger mit Totenkopf - Maiers Goldschmiede","robots":{"index":"index","follow":"follow","max-snippet":"max-snippet:-1","max-image-preview":"max-image-preview:large","max-video-preview":"max-video-preview:-1"},"canonical":"https:\/\/maiersgoldschmiede.com\/shop\/hanfblatt-anhaenger-mit-totenkopf\/","og_locale":"es_ES","og_type":"article","og_title":"Hanfblatt Anh\u00e4nger mit Totenkopf - Maiers Goldschmiede","og_description":"Anh\u00e4nger: Mit Aufh\u00e4ngung \u00fcber alles 49 mm, Breite: 40 mm, H\u00f6he: 6 mm. Totenkopf: 11 x 8 mm, Gold plattiert. Mit 2 Brillanten in den Augen, 0,05ct, schwarz Gewicht 13 gr, 925 Silber.","og_url":"https:\/\/maiersgoldschmiede.com\/shop\/hanfblatt-anhaenger-mit-totenkopf\/","og_site_name":"Maiers Goldschmiede","article_publisher":"https:\/\/www.facebook.com\/MaiersGoldschmiede","article_modified_time":"2023-09-16T11:36:42+00:00","og_image":[{"width":1144,"height":1200,"url":"https:\/\/maiersgoldschmiede.com\/wp-content\/uploads\/2023\/09\/004_-2.jpg","type":"image\/jpeg"}],"twitter_card":"summary_large_image","twitter_misc":{"Tiempo de lectura":"1 minuto"},"schema":{"@context":"https:\/\/schema.org","@graph":[{"@type":"WebPage","@id":"https:\/\/maiersgoldschmiede.com\/shop\/hanfblatt-anhaenger-mit-totenkopf\/","url":"https:\/\/maiersgoldschmiede.com\/shop\/hanfblatt-anhaenger-mit-totenkopf\/","name":"Hanfblatt Anh\u00e4nger mit Totenkopf - Maiers Goldschmiede","isPartOf":{"@id":"https:\/\/maiersgoldschmiede.com\/es\/#website"},"primaryImageOfPage":{"@id":"https:\/\/maiersgoldschmiede.com\/shop\/hanfblatt-anhaenger-mit-totenkopf\/#primaryimage"},"image":{"@id":"https:\/\/maiersgoldschmiede.com\/shop\/hanfblatt-anhaenger-mit-totenkopf\/#primaryimage"},"thumbnailUrl":"https:\/\/maiersgoldschmiede.com\/wp-content\/uploads\/2023\/09\/004_-2.jpg","datePublished":"2023-09-16T11:25:49+00:00","dateModified":"2023-09-16T11:36:42+00:00","breadcrumb":{"@id":"https:\/\/maiersgoldschmiede.com\/shop\/hanfblatt-anhaenger-mit-totenkopf\/#breadcrumb"},"inLanguage":"es","potentialAction":[{"@type":"ReadAction","target":["https:\/\/maiersgoldschmiede.com\/shop\/hanfblatt-anhaenger-mit-totenkopf\/"]}]},{"@type":"ImageObject","inLanguage":"es","@id":"https:\/\/maiersgoldschmiede.com\/shop\/hanfblatt-anhaenger-mit-totenkopf\/#primaryimage","url":"https:\/\/maiersgoldschmiede.com\/wp-content\/uploads\/2023\/09\/004_-2.jpg","contentUrl":"https:\/\/maiersgoldschmiede.com\/wp-content\/uploads\/2023\/09\/004_-2.jpg","width":1144,"height":1200,"caption":"Hanfblatt mit Gecko Anh\u00e4nger.www.maiersgoldschmiede.com"},{"@type":"BreadcrumbList","@id":"https:\/\/maiersgoldschmiede.com\/shop\/hanfblatt-anhaenger-mit-totenkopf\/#breadcrumb","itemListElement":[{"@type":"ListItem","position":1,"name":"Startseite","item":"https:\/\/maiersgoldschmiede.com\/es\/"},{"@type":"ListItem","position":2,"name":"Maiers Goldschmiede Shop","item":"https:\/\/maiersgoldschmiede.com\/es\/maiers-goldschmiede-shop\/"},{"@type":"ListItem","position":3,"name":"Hanfblatt Anh\u00e4nger mit Totenkopf"}]},{"@type":"WebSite","@id":"https:\/\/maiersgoldschmiede.com\/es\/#website","url":"https:\/\/maiersgoldschmiede.com\/es\/","name":"Maiers Goldschmiede","description":"Ibiza Goldschmied Werkstatt \u2013 Atelier","publisher":{"@id":"https:\/\/maiersgoldschmiede.com\/es\/#organization"},"potentialAction":[{"@type":"SearchAction","target":{"@type":"EntryPoint","urlTemplate":"https:\/\/maiersgoldschmiede.com\/es\/?s={search_term_string}"},"query-input":{"@type":"PropertyValueSpecification","valueRequired":true,"valueName":"search_term_string"}}],"inLanguage":"es"},{"@type":"Organization","@id":"https:\/\/maiersgoldschmiede.com\/es\/#organization","name":"Maiers Goldschmiede Ibiza","url":"https:\/\/maiersgoldschmiede.com\/es\/","logo":{"@type":"ImageObject","inLanguage":"es","@id":"https:\/\/maiersgoldschmiede.com\/es\/#\/schema\/logo\/image\/","url":"https:\/\/maiersgoldschmiede.com\/wp-content\/uploads\/2017\/05\/logo2.png","contentUrl":"https:\/\/maiersgoldschmiede.com\/wp-content\/uploads\/2017\/05\/logo2.png","width":150,"height":116,"caption":"Maiers Goldschmiede Ibiza"},"image":{"@id":"https:\/\/maiersgoldschmiede.com\/es\/#\/schema\/logo\/image\/"},"sameAs":["https:\/\/www.facebook.com\/MaiersGoldschmiede","https:\/\/www.instagram.com\/maier.reinhard"]}]}},"_links":{"self":[{"href":"https:\/\/maiersgoldschmiede.com\/es\/wp-json\/wp\/v2\/product\/20985","targetHints":{"allow":["GET"]}}],"collection":[{"href":"https:\/\/maiersgoldschmiede.com\/es\/wp-json\/wp\/v2\/product"}],"about":[{"href":"https:\/\/maiersgoldschmiede.com\/es\/wp-json\/wp\/v2\/types\/product"}],"wp:featuredmedia":[{"embeddable":true,"href":"https:\/\/maiersgoldschmiede.com\/es\/wp-json\/wp\/v2\/media\/20986"}],"wp:attachment":[{"href":"https:\/\/maiersgoldschmiede.com\/es\/wp-json\/wp\/v2\/media?parent=20985"}],"wp:term":[{"taxonomy":"product_brand","embeddable":true,"href":"https:\/\/maiersgoldschmiede.com\/es\/wp-json\/wp\/v2\/product_brand?post=20985"},{"taxonomy":"product_cat","embeddable":true,"href":"https:\/\/maiersgoldschmiede.com\/es\/wp-json\/wp\/v2\/product_cat?post=20985"},{"taxonomy":"product_tag","embeddable":true,"href":"https:\/\/maiersgoldschmiede.com\/es\/wp-json\/wp\/v2\/product_tag?post=20985"}],"curies":[{"name":"wp","href":"https:\/\/api.w.org\/{rel}","templated":true}]}}