{"id":21106,"date":"2023-11-29T11:45:04","date_gmt":"2023-11-29T10:45:04","guid":{"rendered":"https:\/\/maiersgoldschmiede.com\/?post_type=product&#038;p=21106"},"modified":"2023-11-29T11:59:37","modified_gmt":"2023-11-29T10:59:37","slug":"carbon-spann-anhaenger-mit-mosanit","status":"publish","type":"product","link":"https:\/\/maiersgoldschmiede.com\/es\/shop\/carbon-spann-anhaenger-mit-mosanit\/","title":{"rendered":"Carbon Spann Anh\u00e4nger mit Mosanit"},"content":{"rendered":"<p>Carbon Anh\u00e4nger mit Mosanit 11 mm, inkl. Zertifikat<\/p>\n<p>Gewicht: 0,9 gr.<\/p>\n<p>Anh\u00e4nger: Breite: 16,5 mm, H\u00f6he: 6,8 mm,<\/p>\n<p><span style=\"font-size: 16px; color: #000000;\">Collier 925 Silber, L\u00e4nge: 45 cm, St\u00e4rke: 1,5mm.<\/span><\/p>\n<p>&nbsp;<\/p>\n","protected":false},"excerpt":{"rendered":"<p>Carbon Anh\u00e4nger mit Mosanit 11 mm, inkl. Zertifikat Gewicht: 0,9 gr. Anh\u00e4nger: Breite: 16,5 mm, H\u00f6he: 6,8 mm, Collier 925 Silber, L\u00e4nge: 45 cm, St\u00e4rke: 1,5mm. &nbsp;<\/p>\n","protected":false},"featured_media":21107,"template":"","meta":{"_exactmetrics_skip_tracking":false,"_exactmetrics_sitenote_active":false,"_exactmetrics_sitenote_note":"","_exactmetrics_sitenote_category":0},"product_brand":[],"product_cat":[577,508,516,509,229,32,18],"product_tag":[63,73,1149],"class_list":{"0":"post-21106","1":"product","2":"type-product","3":"status-publish","4":"has-post-thumbnail","6":"product_cat-carbon","7":"product_cat-damenschmuck","8":"product_cat-halsketten-colliers","9":"product_cat-herrenschmuck","10":"product_cat-neuheiten","11":"product_cat-carbon-collection","12":"product_cat-design-collection","13":"product_tag-anhaenger","14":"product_tag-carbon","15":"product_tag-mosanit","16":"pa_collection-carbon-collection","18":"first","19":"instock","20":"taxable","21":"shipping-taxable","22":"purchasable","23":"product-type-simple","24":"prodpage-style3"},"yoast_head":"<!-- This site is optimized with the Yoast SEO plugin v26.1.1 - https:\/\/yoast.com\/wordpress\/plugins\/seo\/ -->\n<title>Carbon Spann Anh\u00e4nger mit Mosanit - Maiers Goldschmiede<\/title>\n<meta name=\"robots\" content=\"index, follow, max-snippet:-1, max-image-preview:large, max-video-preview:-1\" \/>\n<link rel=\"canonical\" href=\"https:\/\/maiersgoldschmiede.com\/shop\/carbon-spann-anhaenger-mit-mosanit\/\" \/>\n<meta property=\"og:locale\" content=\"es_ES\" \/>\n<meta property=\"og:type\" content=\"article\" \/>\n<meta property=\"og:title\" content=\"Carbon Spann Anh\u00e4nger mit Mosanit - Maiers Goldschmiede\" \/>\n<meta property=\"og:description\" content=\"Carbon Anh\u00e4nger mit Mosanit 11 mm, inkl. Zertifikat Gewicht: 0,9 gr. Anh\u00e4nger: Breite: 16,5 mm, H\u00f6he: 6,8 mm, Collier 925 Silber, L\u00e4nge: 45 cm, St\u00e4rke: 1,5mm. &nbsp;\" \/>\n<meta property=\"og:url\" content=\"https:\/\/maiersgoldschmiede.com\/shop\/carbon-spann-anhaenger-mit-mosanit\/\" \/>\n<meta property=\"og:site_name\" content=\"Maiers Goldschmiede\" \/>\n<meta property=\"article:publisher\" content=\"https:\/\/www.facebook.com\/MaiersGoldschmiede\" \/>\n<meta property=\"article:modified_time\" content=\"2023-11-29T10:59:37+00:00\" \/>\n<meta property=\"og:image\" content=\"https:\/\/maiersgoldschmiede.com\/wp-content\/uploads\/2023\/11\/027_.jpg\" \/>\n\t<meta property=\"og:image:width\" content=\"1200\" \/>\n\t<meta property=\"og:image:height\" content=\"1154\" \/>\n\t<meta property=\"og:image:type\" content=\"image\/jpeg\" \/>\n<meta name=\"twitter:card\" content=\"summary_large_image\" \/>\n<meta name=\"twitter:label1\" content=\"Tiempo de lectura\" \/>\n\t<meta name=\"twitter:data1\" content=\"1 minuto\" \/>\n<script type=\"application\/ld+json\" class=\"yoast-schema-graph\">{\"@context\":\"https:\/\/schema.org\",\"@graph\":[{\"@type\":\"WebPage\",\"@id\":\"https:\/\/maiersgoldschmiede.com\/shop\/carbon-spann-anhaenger-mit-mosanit\/\",\"url\":\"https:\/\/maiersgoldschmiede.com\/shop\/carbon-spann-anhaenger-mit-mosanit\/\",\"name\":\"Carbon Spann Anh\u00e4nger mit Mosanit - Maiers Goldschmiede\",\"isPartOf\":{\"@id\":\"https:\/\/maiersgoldschmiede.com\/es\/#website\"},\"primaryImageOfPage\":{\"@id\":\"https:\/\/maiersgoldschmiede.com\/shop\/carbon-spann-anhaenger-mit-mosanit\/#primaryimage\"},\"image\":{\"@id\":\"https:\/\/maiersgoldschmiede.com\/shop\/carbon-spann-anhaenger-mit-mosanit\/#primaryimage\"},\"thumbnailUrl\":\"https:\/\/maiersgoldschmiede.com\/wp-content\/uploads\/2023\/11\/027_.jpg\",\"datePublished\":\"2023-11-29T10:45:04+00:00\",\"dateModified\":\"2023-11-29T10:59:37+00:00\",\"breadcrumb\":{\"@id\":\"https:\/\/maiersgoldschmiede.com\/shop\/carbon-spann-anhaenger-mit-mosanit\/#breadcrumb\"},\"inLanguage\":\"es\",\"potentialAction\":[{\"@type\":\"ReadAction\",\"target\":[\"https:\/\/maiersgoldschmiede.com\/shop\/carbon-spann-anhaenger-mit-mosanit\/\"]}]},{\"@type\":\"ImageObject\",\"inLanguage\":\"es\",\"@id\":\"https:\/\/maiersgoldschmiede.com\/shop\/carbon-spann-anhaenger-mit-mosanit\/#primaryimage\",\"url\":\"https:\/\/maiersgoldschmiede.com\/wp-content\/uploads\/2023\/11\/027_.jpg\",\"contentUrl\":\"https:\/\/maiersgoldschmiede.com\/wp-content\/uploads\/2023\/11\/027_.jpg\",\"width\":1200,\"height\":1154,\"caption\":\"Mosanit Carbon Anh\u00e4nger.www.maiersgoldschmiede.com\"},{\"@type\":\"BreadcrumbList\",\"@id\":\"https:\/\/maiersgoldschmiede.com\/shop\/carbon-spann-anhaenger-mit-mosanit\/#breadcrumb\",\"itemListElement\":[{\"@type\":\"ListItem\",\"position\":1,\"name\":\"Startseite\",\"item\":\"https:\/\/maiersgoldschmiede.com\/es\/\"},{\"@type\":\"ListItem\",\"position\":2,\"name\":\"Maiers Goldschmiede Shop\",\"item\":\"https:\/\/maiersgoldschmiede.com\/es\/maiers-goldschmiede-shop\/\"},{\"@type\":\"ListItem\",\"position\":3,\"name\":\"Carbon Spann Anh\u00e4nger mit Mosanit\"}]},{\"@type\":\"WebSite\",\"@id\":\"https:\/\/maiersgoldschmiede.com\/es\/#website\",\"url\":\"https:\/\/maiersgoldschmiede.com\/es\/\",\"name\":\"Maiers Goldschmiede\",\"description\":\"Ibiza Goldschmied Werkstatt \u2013 Atelier\",\"publisher\":{\"@id\":\"https:\/\/maiersgoldschmiede.com\/es\/#organization\"},\"potentialAction\":[{\"@type\":\"SearchAction\",\"target\":{\"@type\":\"EntryPoint\",\"urlTemplate\":\"https:\/\/maiersgoldschmiede.com\/es\/?s={search_term_string}\"},\"query-input\":{\"@type\":\"PropertyValueSpecification\",\"valueRequired\":true,\"valueName\":\"search_term_string\"}}],\"inLanguage\":\"es\"},{\"@type\":\"Organization\",\"@id\":\"https:\/\/maiersgoldschmiede.com\/es\/#organization\",\"name\":\"Maiers Goldschmiede Ibiza\",\"url\":\"https:\/\/maiersgoldschmiede.com\/es\/\",\"logo\":{\"@type\":\"ImageObject\",\"inLanguage\":\"es\",\"@id\":\"https:\/\/maiersgoldschmiede.com\/es\/#\/schema\/logo\/image\/\",\"url\":\"https:\/\/maiersgoldschmiede.com\/wp-content\/uploads\/2017\/05\/logo2.png\",\"contentUrl\":\"https:\/\/maiersgoldschmiede.com\/wp-content\/uploads\/2017\/05\/logo2.png\",\"width\":150,\"height\":116,\"caption\":\"Maiers Goldschmiede Ibiza\"},\"image\":{\"@id\":\"https:\/\/maiersgoldschmiede.com\/es\/#\/schema\/logo\/image\/\"},\"sameAs\":[\"https:\/\/www.facebook.com\/MaiersGoldschmiede\",\"https:\/\/www.instagram.com\/maier.reinhard\"]}]}<\/script>\n<!-- \/ Yoast SEO plugin. -->","yoast_head_json":{"title":"Carbon Spann Anh\u00e4nger mit Mosanit - Maiers Goldschmiede","robots":{"index":"index","follow":"follow","max-snippet":"max-snippet:-1","max-image-preview":"max-image-preview:large","max-video-preview":"max-video-preview:-1"},"canonical":"https:\/\/maiersgoldschmiede.com\/shop\/carbon-spann-anhaenger-mit-mosanit\/","og_locale":"es_ES","og_type":"article","og_title":"Carbon Spann Anh\u00e4nger mit Mosanit - Maiers Goldschmiede","og_description":"Carbon Anh\u00e4nger mit Mosanit 11 mm, inkl. Zertifikat Gewicht: 0,9 gr. Anh\u00e4nger: Breite: 16,5 mm, H\u00f6he: 6,8 mm, Collier 925 Silber, L\u00e4nge: 45 cm, St\u00e4rke: 1,5mm. &nbsp;","og_url":"https:\/\/maiersgoldschmiede.com\/shop\/carbon-spann-anhaenger-mit-mosanit\/","og_site_name":"Maiers Goldschmiede","article_publisher":"https:\/\/www.facebook.com\/MaiersGoldschmiede","article_modified_time":"2023-11-29T10:59:37+00:00","og_image":[{"width":1200,"height":1154,"url":"https:\/\/maiersgoldschmiede.com\/wp-content\/uploads\/2023\/11\/027_.jpg","type":"image\/jpeg"}],"twitter_card":"summary_large_image","twitter_misc":{"Tiempo de lectura":"1 minuto"},"schema":{"@context":"https:\/\/schema.org","@graph":[{"@type":"WebPage","@id":"https:\/\/maiersgoldschmiede.com\/shop\/carbon-spann-anhaenger-mit-mosanit\/","url":"https:\/\/maiersgoldschmiede.com\/shop\/carbon-spann-anhaenger-mit-mosanit\/","name":"Carbon Spann Anh\u00e4nger mit Mosanit - Maiers Goldschmiede","isPartOf":{"@id":"https:\/\/maiersgoldschmiede.com\/es\/#website"},"primaryImageOfPage":{"@id":"https:\/\/maiersgoldschmiede.com\/shop\/carbon-spann-anhaenger-mit-mosanit\/#primaryimage"},"image":{"@id":"https:\/\/maiersgoldschmiede.com\/shop\/carbon-spann-anhaenger-mit-mosanit\/#primaryimage"},"thumbnailUrl":"https:\/\/maiersgoldschmiede.com\/wp-content\/uploads\/2023\/11\/027_.jpg","datePublished":"2023-11-29T10:45:04+00:00","dateModified":"2023-11-29T10:59:37+00:00","breadcrumb":{"@id":"https:\/\/maiersgoldschmiede.com\/shop\/carbon-spann-anhaenger-mit-mosanit\/#breadcrumb"},"inLanguage":"es","potentialAction":[{"@type":"ReadAction","target":["https:\/\/maiersgoldschmiede.com\/shop\/carbon-spann-anhaenger-mit-mosanit\/"]}]},{"@type":"ImageObject","inLanguage":"es","@id":"https:\/\/maiersgoldschmiede.com\/shop\/carbon-spann-anhaenger-mit-mosanit\/#primaryimage","url":"https:\/\/maiersgoldschmiede.com\/wp-content\/uploads\/2023\/11\/027_.jpg","contentUrl":"https:\/\/maiersgoldschmiede.com\/wp-content\/uploads\/2023\/11\/027_.jpg","width":1200,"height":1154,"caption":"Mosanit Carbon Anh\u00e4nger.www.maiersgoldschmiede.com"},{"@type":"BreadcrumbList","@id":"https:\/\/maiersgoldschmiede.com\/shop\/carbon-spann-anhaenger-mit-mosanit\/#breadcrumb","itemListElement":[{"@type":"ListItem","position":1,"name":"Startseite","item":"https:\/\/maiersgoldschmiede.com\/es\/"},{"@type":"ListItem","position":2,"name":"Maiers Goldschmiede Shop","item":"https:\/\/maiersgoldschmiede.com\/es\/maiers-goldschmiede-shop\/"},{"@type":"ListItem","position":3,"name":"Carbon Spann Anh\u00e4nger mit Mosanit"}]},{"@type":"WebSite","@id":"https:\/\/maiersgoldschmiede.com\/es\/#website","url":"https:\/\/maiersgoldschmiede.com\/es\/","name":"Maiers Goldschmiede","description":"Ibiza Goldschmied Werkstatt \u2013 Atelier","publisher":{"@id":"https:\/\/maiersgoldschmiede.com\/es\/#organization"},"potentialAction":[{"@type":"SearchAction","target":{"@type":"EntryPoint","urlTemplate":"https:\/\/maiersgoldschmiede.com\/es\/?s={search_term_string}"},"query-input":{"@type":"PropertyValueSpecification","valueRequired":true,"valueName":"search_term_string"}}],"inLanguage":"es"},{"@type":"Organization","@id":"https:\/\/maiersgoldschmiede.com\/es\/#organization","name":"Maiers Goldschmiede Ibiza","url":"https:\/\/maiersgoldschmiede.com\/es\/","logo":{"@type":"ImageObject","inLanguage":"es","@id":"https:\/\/maiersgoldschmiede.com\/es\/#\/schema\/logo\/image\/","url":"https:\/\/maiersgoldschmiede.com\/wp-content\/uploads\/2017\/05\/logo2.png","contentUrl":"https:\/\/maiersgoldschmiede.com\/wp-content\/uploads\/2017\/05\/logo2.png","width":150,"height":116,"caption":"Maiers Goldschmiede Ibiza"},"image":{"@id":"https:\/\/maiersgoldschmiede.com\/es\/#\/schema\/logo\/image\/"},"sameAs":["https:\/\/www.facebook.com\/MaiersGoldschmiede","https:\/\/www.instagram.com\/maier.reinhard"]}]}},"_links":{"self":[{"href":"https:\/\/maiersgoldschmiede.com\/es\/wp-json\/wp\/v2\/product\/21106","targetHints":{"allow":["GET"]}}],"collection":[{"href":"https:\/\/maiersgoldschmiede.com\/es\/wp-json\/wp\/v2\/product"}],"about":[{"href":"https:\/\/maiersgoldschmiede.com\/es\/wp-json\/wp\/v2\/types\/product"}],"wp:featuredmedia":[{"embeddable":true,"href":"https:\/\/maiersgoldschmiede.com\/es\/wp-json\/wp\/v2\/media\/21107"}],"wp:attachment":[{"href":"https:\/\/maiersgoldschmiede.com\/es\/wp-json\/wp\/v2\/media?parent=21106"}],"wp:term":[{"taxonomy":"product_brand","embeddable":true,"href":"https:\/\/maiersgoldschmiede.com\/es\/wp-json\/wp\/v2\/product_brand?post=21106"},{"taxonomy":"product_cat","embeddable":true,"href":"https:\/\/maiersgoldschmiede.com\/es\/wp-json\/wp\/v2\/product_cat?post=21106"},{"taxonomy":"product_tag","embeddable":true,"href":"https:\/\/maiersgoldschmiede.com\/es\/wp-json\/wp\/v2\/product_tag?post=21106"}],"curies":[{"name":"wp","href":"https:\/\/api.w.org\/{rel}","templated":true}]}}