{"id":21807,"date":"2024-12-01T16:35:07","date_gmt":"2024-12-01T15:35:07","guid":{"rendered":"https:\/\/maiersgoldschmiede.com\/?post_type=product&#038;p=21807"},"modified":"2024-12-01T17:50:03","modified_gmt":"2024-12-01T16:50:03","slug":"gecko-ibiza-armreif-unikat","status":"publish","type":"product","link":"https:\/\/maiersgoldschmiede.com\/es\/shop\/gecko-ibiza-armreif-unikat\/","title":{"rendered":"Gecko &#8211; Ibiza Armreif Unikat"},"content":{"rendered":"<p>Ibiza 3 D Platte L\u00e4nge 37 mm Breite 19 mm, H\u00f6he: 5 mm, Gewicht: 18 gr. 925 Silber!<\/p>\n<p>Mit Gecko: 585 gelb Gold 1,5 gr. Gr\u00f6\u00dfe 20 x 7 mm, mit 2 schwarze Brillanten in den Augen,0,03 ct.<\/p>\n<p>Edelstahl Armreif: Breite 8mm,<\/p>\n<p>f\u00fcr Armumfang 19 und 20 cm, verstellbar<\/p>\n<p>Gewicht, total: 40 gr.<\/p>\n","protected":false},"excerpt":{"rendered":"<p>Ibiza 3 D Platte L\u00e4nge 37 mm Breite 19 mm, H\u00f6he: 5 mm, Gewicht: 18 gr. 925 Silber! Mit Gecko: 585 gelb Gold 1,5 gr. Gr\u00f6\u00dfe 20 x 7 mm, mit 2 schwarze Brillanten in den Augen,0,03 ct. Edelstahl Armreif: Breite 8mm, f\u00fcr Armumfang 19 und 20 cm, verstellbar Gewicht, total: 40 gr.<\/p>\n","protected":false},"featured_media":21808,"template":"","meta":{"_exactmetrics_skip_tracking":false,"_exactmetrics_sitenote_active":false,"_exactmetrics_sitenote_note":"","_exactmetrics_sitenote_category":0},"product_brand":[],"product_cat":[515,508,54,509,547,229,576,215,112],"product_tag":[154,88,64,65,973,581],"class_list":{"0":"post-21807","1":"product","2":"type-product","3":"status-publish","4":"has-post-thumbnail","6":"product_cat-armbaender-armreifen","7":"product_cat-damenschmuck","8":"product_cat-gecko-collection","9":"product_cat-herrenschmuck","10":"product_cat-ibiza-collection","11":"product_cat-neuheiten","12":"product_cat-silber","13":"product_cat-tier-collection","14":"product_cat-unikate","15":"product_tag-armreif","16":"product_tag-brillanten","17":"product_tag-gecko","18":"product_tag-ibiza","19":"product_tag-in-3d","20":"product_tag-unikat","21":"pa_material-silber","22":"pa_material-vergoldet","24":"first","25":"instock","26":"taxable","27":"shipping-taxable","28":"purchasable","29":"product-type-simple","30":"prodpage-style3"},"yoast_head":"<!-- This site is optimized with the Yoast SEO plugin v26.1.1 - https:\/\/yoast.com\/wordpress\/plugins\/seo\/ -->\n<title>Gecko - Ibiza Armreif Unikat - Maiers Goldschmiede<\/title>\n<meta name=\"robots\" content=\"index, follow, max-snippet:-1, max-image-preview:large, max-video-preview:-1\" \/>\n<link rel=\"canonical\" href=\"https:\/\/maiersgoldschmiede.com\/shop\/gecko-ibiza-armreif-unikat\/\" \/>\n<meta property=\"og:locale\" content=\"es_ES\" \/>\n<meta property=\"og:type\" content=\"article\" \/>\n<meta property=\"og:title\" content=\"Gecko - Ibiza Armreif Unikat - Maiers Goldschmiede\" \/>\n<meta property=\"og:description\" content=\"Ibiza 3 D Platte L\u00e4nge 37 mm Breite 19 mm, H\u00f6he: 5 mm, Gewicht: 18 gr. 925 Silber! Mit Gecko: 585 gelb Gold 1,5 gr. Gr\u00f6\u00dfe 20 x 7 mm, mit 2 schwarze Brillanten in den Augen,0,03 ct. Edelstahl Armreif: Breite 8mm, f\u00fcr Armumfang 19 und 20 cm, verstellbar Gewicht, total: 40 gr.\" \/>\n<meta property=\"og:url\" content=\"https:\/\/maiersgoldschmiede.com\/shop\/gecko-ibiza-armreif-unikat\/\" \/>\n<meta property=\"og:site_name\" content=\"Maiers Goldschmiede\" \/>\n<meta property=\"article:publisher\" content=\"https:\/\/www.facebook.com\/MaiersGoldschmiede\" \/>\n<meta property=\"article:modified_time\" content=\"2024-12-01T16:50:03+00:00\" \/>\n<meta property=\"og:image\" content=\"https:\/\/maiersgoldschmiede.com\/wp-content\/uploads\/2024\/12\/002_.jpg\" \/>\n\t<meta property=\"og:image:width\" content=\"1200\" \/>\n\t<meta property=\"og:image:height\" content=\"1174\" \/>\n\t<meta property=\"og:image:type\" content=\"image\/jpeg\" \/>\n<meta name=\"twitter:card\" content=\"summary_large_image\" \/>\n<meta name=\"twitter:label1\" content=\"Tiempo de lectura\" \/>\n\t<meta name=\"twitter:data1\" content=\"1 minuto\" \/>\n<script type=\"application\/ld+json\" class=\"yoast-schema-graph\">{\"@context\":\"https:\/\/schema.org\",\"@graph\":[{\"@type\":\"WebPage\",\"@id\":\"https:\/\/maiersgoldschmiede.com\/shop\/gecko-ibiza-armreif-unikat\/\",\"url\":\"https:\/\/maiersgoldschmiede.com\/shop\/gecko-ibiza-armreif-unikat\/\",\"name\":\"Gecko - Ibiza Armreif Unikat - Maiers Goldschmiede\",\"isPartOf\":{\"@id\":\"https:\/\/maiersgoldschmiede.com\/es\/#website\"},\"primaryImageOfPage\":{\"@id\":\"https:\/\/maiersgoldschmiede.com\/shop\/gecko-ibiza-armreif-unikat\/#primaryimage\"},\"image\":{\"@id\":\"https:\/\/maiersgoldschmiede.com\/shop\/gecko-ibiza-armreif-unikat\/#primaryimage\"},\"thumbnailUrl\":\"https:\/\/maiersgoldschmiede.com\/wp-content\/uploads\/2024\/12\/002_.jpg\",\"datePublished\":\"2024-12-01T15:35:07+00:00\",\"dateModified\":\"2024-12-01T16:50:03+00:00\",\"breadcrumb\":{\"@id\":\"https:\/\/maiersgoldschmiede.com\/shop\/gecko-ibiza-armreif-unikat\/#breadcrumb\"},\"inLanguage\":\"es\",\"potentialAction\":[{\"@type\":\"ReadAction\",\"target\":[\"https:\/\/maiersgoldschmiede.com\/shop\/gecko-ibiza-armreif-unikat\/\"]}]},{\"@type\":\"ImageObject\",\"inLanguage\":\"es\",\"@id\":\"https:\/\/maiersgoldschmiede.com\/shop\/gecko-ibiza-armreif-unikat\/#primaryimage\",\"url\":\"https:\/\/maiersgoldschmiede.com\/wp-content\/uploads\/2024\/12\/002_.jpg\",\"contentUrl\":\"https:\/\/maiersgoldschmiede.com\/wp-content\/uploads\/2024\/12\/002_.jpg\",\"width\":1200,\"height\":1174,\"caption\":\"Gecko - Ibiza 3 D Armreif.www.maiersgoldschmiede.com\"},{\"@type\":\"BreadcrumbList\",\"@id\":\"https:\/\/maiersgoldschmiede.com\/shop\/gecko-ibiza-armreif-unikat\/#breadcrumb\",\"itemListElement\":[{\"@type\":\"ListItem\",\"position\":1,\"name\":\"Startseite\",\"item\":\"https:\/\/maiersgoldschmiede.com\/es\/\"},{\"@type\":\"ListItem\",\"position\":2,\"name\":\"Maiers Goldschmiede Shop\",\"item\":\"https:\/\/maiersgoldschmiede.com\/es\/maiers-goldschmiede-shop\/\"},{\"@type\":\"ListItem\",\"position\":3,\"name\":\"Gecko &#8211; Ibiza Armreif Unikat\"}]},{\"@type\":\"WebSite\",\"@id\":\"https:\/\/maiersgoldschmiede.com\/es\/#website\",\"url\":\"https:\/\/maiersgoldschmiede.com\/es\/\",\"name\":\"Maiers Goldschmiede\",\"description\":\"Ibiza Goldschmied Werkstatt \u2013 Atelier\",\"publisher\":{\"@id\":\"https:\/\/maiersgoldschmiede.com\/es\/#organization\"},\"potentialAction\":[{\"@type\":\"SearchAction\",\"target\":{\"@type\":\"EntryPoint\",\"urlTemplate\":\"https:\/\/maiersgoldschmiede.com\/es\/?s={search_term_string}\"},\"query-input\":{\"@type\":\"PropertyValueSpecification\",\"valueRequired\":true,\"valueName\":\"search_term_string\"}}],\"inLanguage\":\"es\"},{\"@type\":\"Organization\",\"@id\":\"https:\/\/maiersgoldschmiede.com\/es\/#organization\",\"name\":\"Maiers Goldschmiede Ibiza\",\"url\":\"https:\/\/maiersgoldschmiede.com\/es\/\",\"logo\":{\"@type\":\"ImageObject\",\"inLanguage\":\"es\",\"@id\":\"https:\/\/maiersgoldschmiede.com\/es\/#\/schema\/logo\/image\/\",\"url\":\"https:\/\/maiersgoldschmiede.com\/wp-content\/uploads\/2017\/05\/logo2.png\",\"contentUrl\":\"https:\/\/maiersgoldschmiede.com\/wp-content\/uploads\/2017\/05\/logo2.png\",\"width\":150,\"height\":116,\"caption\":\"Maiers Goldschmiede Ibiza\"},\"image\":{\"@id\":\"https:\/\/maiersgoldschmiede.com\/es\/#\/schema\/logo\/image\/\"},\"sameAs\":[\"https:\/\/www.facebook.com\/MaiersGoldschmiede\",\"https:\/\/www.instagram.com\/maier.reinhard\"]}]}<\/script>\n<!-- \/ Yoast SEO plugin. -->","yoast_head_json":{"title":"Gecko - Ibiza Armreif Unikat - Maiers Goldschmiede","robots":{"index":"index","follow":"follow","max-snippet":"max-snippet:-1","max-image-preview":"max-image-preview:large","max-video-preview":"max-video-preview:-1"},"canonical":"https:\/\/maiersgoldschmiede.com\/shop\/gecko-ibiza-armreif-unikat\/","og_locale":"es_ES","og_type":"article","og_title":"Gecko - Ibiza Armreif Unikat - Maiers Goldschmiede","og_description":"Ibiza 3 D Platte L\u00e4nge 37 mm Breite 19 mm, H\u00f6he: 5 mm, Gewicht: 18 gr. 925 Silber! Mit Gecko: 585 gelb Gold 1,5 gr. Gr\u00f6\u00dfe 20 x 7 mm, mit 2 schwarze Brillanten in den Augen,0,03 ct. Edelstahl Armreif: Breite 8mm, f\u00fcr Armumfang 19 und 20 cm, verstellbar Gewicht, total: 40 gr.","og_url":"https:\/\/maiersgoldschmiede.com\/shop\/gecko-ibiza-armreif-unikat\/","og_site_name":"Maiers Goldschmiede","article_publisher":"https:\/\/www.facebook.com\/MaiersGoldschmiede","article_modified_time":"2024-12-01T16:50:03+00:00","og_image":[{"width":1200,"height":1174,"url":"https:\/\/maiersgoldschmiede.com\/wp-content\/uploads\/2024\/12\/002_.jpg","type":"image\/jpeg"}],"twitter_card":"summary_large_image","twitter_misc":{"Tiempo de lectura":"1 minuto"},"schema":{"@context":"https:\/\/schema.org","@graph":[{"@type":"WebPage","@id":"https:\/\/maiersgoldschmiede.com\/shop\/gecko-ibiza-armreif-unikat\/","url":"https:\/\/maiersgoldschmiede.com\/shop\/gecko-ibiza-armreif-unikat\/","name":"Gecko - Ibiza Armreif Unikat - Maiers Goldschmiede","isPartOf":{"@id":"https:\/\/maiersgoldschmiede.com\/es\/#website"},"primaryImageOfPage":{"@id":"https:\/\/maiersgoldschmiede.com\/shop\/gecko-ibiza-armreif-unikat\/#primaryimage"},"image":{"@id":"https:\/\/maiersgoldschmiede.com\/shop\/gecko-ibiza-armreif-unikat\/#primaryimage"},"thumbnailUrl":"https:\/\/maiersgoldschmiede.com\/wp-content\/uploads\/2024\/12\/002_.jpg","datePublished":"2024-12-01T15:35:07+00:00","dateModified":"2024-12-01T16:50:03+00:00","breadcrumb":{"@id":"https:\/\/maiersgoldschmiede.com\/shop\/gecko-ibiza-armreif-unikat\/#breadcrumb"},"inLanguage":"es","potentialAction":[{"@type":"ReadAction","target":["https:\/\/maiersgoldschmiede.com\/shop\/gecko-ibiza-armreif-unikat\/"]}]},{"@type":"ImageObject","inLanguage":"es","@id":"https:\/\/maiersgoldschmiede.com\/shop\/gecko-ibiza-armreif-unikat\/#primaryimage","url":"https:\/\/maiersgoldschmiede.com\/wp-content\/uploads\/2024\/12\/002_.jpg","contentUrl":"https:\/\/maiersgoldschmiede.com\/wp-content\/uploads\/2024\/12\/002_.jpg","width":1200,"height":1174,"caption":"Gecko - Ibiza 3 D Armreif.www.maiersgoldschmiede.com"},{"@type":"BreadcrumbList","@id":"https:\/\/maiersgoldschmiede.com\/shop\/gecko-ibiza-armreif-unikat\/#breadcrumb","itemListElement":[{"@type":"ListItem","position":1,"name":"Startseite","item":"https:\/\/maiersgoldschmiede.com\/es\/"},{"@type":"ListItem","position":2,"name":"Maiers Goldschmiede Shop","item":"https:\/\/maiersgoldschmiede.com\/es\/maiers-goldschmiede-shop\/"},{"@type":"ListItem","position":3,"name":"Gecko &#8211; Ibiza Armreif Unikat"}]},{"@type":"WebSite","@id":"https:\/\/maiersgoldschmiede.com\/es\/#website","url":"https:\/\/maiersgoldschmiede.com\/es\/","name":"Maiers Goldschmiede","description":"Ibiza Goldschmied Werkstatt \u2013 Atelier","publisher":{"@id":"https:\/\/maiersgoldschmiede.com\/es\/#organization"},"potentialAction":[{"@type":"SearchAction","target":{"@type":"EntryPoint","urlTemplate":"https:\/\/maiersgoldschmiede.com\/es\/?s={search_term_string}"},"query-input":{"@type":"PropertyValueSpecification","valueRequired":true,"valueName":"search_term_string"}}],"inLanguage":"es"},{"@type":"Organization","@id":"https:\/\/maiersgoldschmiede.com\/es\/#organization","name":"Maiers Goldschmiede Ibiza","url":"https:\/\/maiersgoldschmiede.com\/es\/","logo":{"@type":"ImageObject","inLanguage":"es","@id":"https:\/\/maiersgoldschmiede.com\/es\/#\/schema\/logo\/image\/","url":"https:\/\/maiersgoldschmiede.com\/wp-content\/uploads\/2017\/05\/logo2.png","contentUrl":"https:\/\/maiersgoldschmiede.com\/wp-content\/uploads\/2017\/05\/logo2.png","width":150,"height":116,"caption":"Maiers Goldschmiede Ibiza"},"image":{"@id":"https:\/\/maiersgoldschmiede.com\/es\/#\/schema\/logo\/image\/"},"sameAs":["https:\/\/www.facebook.com\/MaiersGoldschmiede","https:\/\/www.instagram.com\/maier.reinhard"]}]}},"_links":{"self":[{"href":"https:\/\/maiersgoldschmiede.com\/es\/wp-json\/wp\/v2\/product\/21807","targetHints":{"allow":["GET"]}}],"collection":[{"href":"https:\/\/maiersgoldschmiede.com\/es\/wp-json\/wp\/v2\/product"}],"about":[{"href":"https:\/\/maiersgoldschmiede.com\/es\/wp-json\/wp\/v2\/types\/product"}],"wp:featuredmedia":[{"embeddable":true,"href":"https:\/\/maiersgoldschmiede.com\/es\/wp-json\/wp\/v2\/media\/21808"}],"wp:attachment":[{"href":"https:\/\/maiersgoldschmiede.com\/es\/wp-json\/wp\/v2\/media?parent=21807"}],"wp:term":[{"taxonomy":"product_brand","embeddable":true,"href":"https:\/\/maiersgoldschmiede.com\/es\/wp-json\/wp\/v2\/product_brand?post=21807"},{"taxonomy":"product_cat","embeddable":true,"href":"https:\/\/maiersgoldschmiede.com\/es\/wp-json\/wp\/v2\/product_cat?post=21807"},{"taxonomy":"product_tag","embeddable":true,"href":"https:\/\/maiersgoldschmiede.com\/es\/wp-json\/wp\/v2\/product_tag?post=21807"}],"curies":[{"name":"wp","href":"https:\/\/api.w.org\/{rel}","templated":true}]}}