{"id":22789,"date":"2026-02-20T10:12:54","date_gmt":"2026-02-20T09:12:54","guid":{"rendered":"https:\/\/maiersgoldschmiede.com\/?post_type=product&#038;p=22789"},"modified":"2026-02-20T16:40:27","modified_gmt":"2026-02-20T15:40:27","slug":"gecko-collier-mit-kirschen","status":"publish","type":"product","link":"https:\/\/maiersgoldschmiede.com\/es\/shop\/gecko-collier-mit-kirschen\/","title":{"rendered":"Gecko Collier mit Kirschen"},"content":{"rendered":"<p>Collier Gecko mit Kirschen handgefertigt<\/p>\n<p>Handgearbeitetes Collier aus 925 Silber mit vier Geckos im Mittelteil.<\/p>\n<p>Die Geckos sind mit schwarzen Hartz in den\u00a0 Augen ausgelegt.<\/p>\n<p>Gewicht, zusammen: 19 gr. 925 Silber.<\/p>\n<p>4 Geckos: L\u00e4nge: 22 mm, Breite: 8 mmm,<\/p>\n<p>Anh\u00e4nger Kirsche, L\u00e4nge: 25 mm,Breite: 18 mm<\/p>\n<p>mit einem Karabiner Verschluss!<\/p>\n<p>Gesamt L\u00e4nge: 42 cm<\/p>\n","protected":false},"excerpt":{"rendered":"<p>Collier Gecko mit Kirschen handgefertigt Handgearbeitetes Collier aus 925 Silber mit vier Geckos im Mittelteil. Die Geckos sind mit schwarzen Hartz in den\u00a0 Augen ausgelegt. Gewicht, zusammen: 19 gr. 925 Silber. 4 Geckos: L\u00e4nge: 22 mm, Breite: 8 mmm, Anh\u00e4nger Kirsche, L\u00e4nge: 25 mm,Breite: 18 mm mit einem Karabiner Verschluss! Gesamt L\u00e4nge: 42 cm<\/p>\n","protected":false},"featured_media":22793,"template":"","meta":{"_exactmetrics_skip_tracking":false,"_exactmetrics_sitenote_active":false,"_exactmetrics_sitenote_note":"","_exactmetrics_sitenote_category":0},"product_brand":[],"product_cat":[254,54,516,547,229,576],"product_tag":[160,64,65,1196],"class_list":{"0":"post-22789","1":"product","2":"type-product","3":"status-publish","4":"has-post-thumbnail","6":"product_cat-unkategorisiert","7":"product_cat-gecko-collection","8":"product_cat-halsketten-colliers","9":"product_cat-ibiza-collection","10":"product_cat-neuheiten","11":"product_cat-silber","12":"product_tag-collier","13":"product_tag-gecko","14":"product_tag-ibiza","15":"product_tag-kirschen","17":"first","18":"instock","19":"taxable","20":"shipping-taxable","21":"purchasable","22":"product-type-simple","23":"prodpage-style3"},"yoast_head":"<!-- This site is optimized with the Yoast SEO plugin v26.1.1 - https:\/\/yoast.com\/wordpress\/plugins\/seo\/ -->\n<title>Gecko Collier mit Kirschen - Maiers Goldschmiede<\/title>\n<meta name=\"robots\" content=\"index, follow, max-snippet:-1, max-image-preview:large, max-video-preview:-1\" \/>\n<link rel=\"canonical\" href=\"https:\/\/maiersgoldschmiede.com\/shop\/gecko-collier-mit-kirschen\/\" \/>\n<meta property=\"og:locale\" content=\"es_ES\" \/>\n<meta property=\"og:type\" content=\"article\" \/>\n<meta property=\"og:title\" content=\"Gecko Collier mit Kirschen - Maiers Goldschmiede\" \/>\n<meta property=\"og:description\" content=\"Collier Gecko mit Kirschen handgefertigt Handgearbeitetes Collier aus 925 Silber mit vier Geckos im Mittelteil. Die Geckos sind mit schwarzen Hartz in den\u00a0 Augen ausgelegt. Gewicht, zusammen: 19 gr. 925 Silber. 4 Geckos: L\u00e4nge: 22 mm, Breite: 8 mmm, Anh\u00e4nger Kirsche, L\u00e4nge: 25 mm,Breite: 18 mm mit einem Karabiner Verschluss! Gesamt L\u00e4nge: 42 cm\" \/>\n<meta property=\"og:url\" content=\"https:\/\/maiersgoldschmiede.com\/shop\/gecko-collier-mit-kirschen\/\" \/>\n<meta property=\"og:site_name\" content=\"Maiers Goldschmiede\" \/>\n<meta property=\"article:publisher\" content=\"https:\/\/www.facebook.com\/MaiersGoldschmiede\" \/>\n<meta property=\"article:modified_time\" content=\"2026-02-20T15:40:27+00:00\" \/>\n<meta property=\"og:image\" content=\"https:\/\/maiersgoldschmiede.com\/wp-content\/uploads\/2026\/02\/DSC_0011.jpg\" \/>\n\t<meta property=\"og:image:width\" content=\"1200\" \/>\n\t<meta property=\"og:image:height\" content=\"944\" \/>\n\t<meta property=\"og:image:type\" content=\"image\/jpeg\" \/>\n<meta name=\"twitter:card\" content=\"summary_large_image\" \/>\n<meta name=\"twitter:label1\" content=\"Tiempo de lectura\" \/>\n\t<meta name=\"twitter:data1\" content=\"1 minuto\" \/>\n<script type=\"application\/ld+json\" class=\"yoast-schema-graph\">{\"@context\":\"https:\/\/schema.org\",\"@graph\":[{\"@type\":\"WebPage\",\"@id\":\"https:\/\/maiersgoldschmiede.com\/shop\/gecko-collier-mit-kirschen\/\",\"url\":\"https:\/\/maiersgoldschmiede.com\/shop\/gecko-collier-mit-kirschen\/\",\"name\":\"Gecko Collier mit Kirschen - Maiers Goldschmiede\",\"isPartOf\":{\"@id\":\"https:\/\/maiersgoldschmiede.com\/es\/#website\"},\"primaryImageOfPage\":{\"@id\":\"https:\/\/maiersgoldschmiede.com\/shop\/gecko-collier-mit-kirschen\/#primaryimage\"},\"image\":{\"@id\":\"https:\/\/maiersgoldschmiede.com\/shop\/gecko-collier-mit-kirschen\/#primaryimage\"},\"thumbnailUrl\":\"https:\/\/maiersgoldschmiede.com\/wp-content\/uploads\/2026\/02\/DSC_0011.jpg\",\"datePublished\":\"2026-02-20T09:12:54+00:00\",\"dateModified\":\"2026-02-20T15:40:27+00:00\",\"breadcrumb\":{\"@id\":\"https:\/\/maiersgoldschmiede.com\/shop\/gecko-collier-mit-kirschen\/#breadcrumb\"},\"inLanguage\":\"es\",\"potentialAction\":[{\"@type\":\"ReadAction\",\"target\":[\"https:\/\/maiersgoldschmiede.com\/shop\/gecko-collier-mit-kirschen\/\"]}]},{\"@type\":\"ImageObject\",\"inLanguage\":\"es\",\"@id\":\"https:\/\/maiersgoldschmiede.com\/shop\/gecko-collier-mit-kirschen\/#primaryimage\",\"url\":\"https:\/\/maiersgoldschmiede.com\/wp-content\/uploads\/2026\/02\/DSC_0011.jpg\",\"contentUrl\":\"https:\/\/maiersgoldschmiede.com\/wp-content\/uploads\/2026\/02\/DSC_0011.jpg\",\"width\":1200,\"height\":944,\"caption\":\"Gecko-Kirschen-Collier.www.maiersgoldschmiede.com\"},{\"@type\":\"BreadcrumbList\",\"@id\":\"https:\/\/maiersgoldschmiede.com\/shop\/gecko-collier-mit-kirschen\/#breadcrumb\",\"itemListElement\":[{\"@type\":\"ListItem\",\"position\":1,\"name\":\"Startseite\",\"item\":\"https:\/\/maiersgoldschmiede.com\/es\/\"},{\"@type\":\"ListItem\",\"position\":2,\"name\":\"Maiers Goldschmiede Shop\",\"item\":\"https:\/\/maiersgoldschmiede.com\/es\/maiers-goldschmiede-shop\/\"},{\"@type\":\"ListItem\",\"position\":3,\"name\":\"Gecko Collier mit Kirschen\"}]},{\"@type\":\"WebSite\",\"@id\":\"https:\/\/maiersgoldschmiede.com\/es\/#website\",\"url\":\"https:\/\/maiersgoldschmiede.com\/es\/\",\"name\":\"Maiers Goldschmiede\",\"description\":\"Ibiza Goldschmied Werkstatt \u2013 Atelier\",\"publisher\":{\"@id\":\"https:\/\/maiersgoldschmiede.com\/es\/#organization\"},\"potentialAction\":[{\"@type\":\"SearchAction\",\"target\":{\"@type\":\"EntryPoint\",\"urlTemplate\":\"https:\/\/maiersgoldschmiede.com\/es\/?s={search_term_string}\"},\"query-input\":{\"@type\":\"PropertyValueSpecification\",\"valueRequired\":true,\"valueName\":\"search_term_string\"}}],\"inLanguage\":\"es\"},{\"@type\":\"Organization\",\"@id\":\"https:\/\/maiersgoldschmiede.com\/es\/#organization\",\"name\":\"Maiers Goldschmiede Ibiza\",\"url\":\"https:\/\/maiersgoldschmiede.com\/es\/\",\"logo\":{\"@type\":\"ImageObject\",\"inLanguage\":\"es\",\"@id\":\"https:\/\/maiersgoldschmiede.com\/es\/#\/schema\/logo\/image\/\",\"url\":\"https:\/\/maiersgoldschmiede.com\/wp-content\/uploads\/2017\/05\/logo2.png\",\"contentUrl\":\"https:\/\/maiersgoldschmiede.com\/wp-content\/uploads\/2017\/05\/logo2.png\",\"width\":150,\"height\":116,\"caption\":\"Maiers Goldschmiede Ibiza\"},\"image\":{\"@id\":\"https:\/\/maiersgoldschmiede.com\/es\/#\/schema\/logo\/image\/\"},\"sameAs\":[\"https:\/\/www.facebook.com\/MaiersGoldschmiede\",\"https:\/\/www.instagram.com\/maier.reinhard\"]}]}<\/script>\n<!-- \/ Yoast SEO plugin. -->","yoast_head_json":{"title":"Gecko Collier mit Kirschen - Maiers Goldschmiede","robots":{"index":"index","follow":"follow","max-snippet":"max-snippet:-1","max-image-preview":"max-image-preview:large","max-video-preview":"max-video-preview:-1"},"canonical":"https:\/\/maiersgoldschmiede.com\/shop\/gecko-collier-mit-kirschen\/","og_locale":"es_ES","og_type":"article","og_title":"Gecko Collier mit Kirschen - Maiers Goldschmiede","og_description":"Collier Gecko mit Kirschen handgefertigt Handgearbeitetes Collier aus 925 Silber mit vier Geckos im Mittelteil. Die Geckos sind mit schwarzen Hartz in den\u00a0 Augen ausgelegt. Gewicht, zusammen: 19 gr. 925 Silber. 4 Geckos: L\u00e4nge: 22 mm, Breite: 8 mmm, Anh\u00e4nger Kirsche, L\u00e4nge: 25 mm,Breite: 18 mm mit einem Karabiner Verschluss! Gesamt L\u00e4nge: 42 cm","og_url":"https:\/\/maiersgoldschmiede.com\/shop\/gecko-collier-mit-kirschen\/","og_site_name":"Maiers Goldschmiede","article_publisher":"https:\/\/www.facebook.com\/MaiersGoldschmiede","article_modified_time":"2026-02-20T15:40:27+00:00","og_image":[{"width":1200,"height":944,"url":"https:\/\/maiersgoldschmiede.com\/wp-content\/uploads\/2026\/02\/DSC_0011.jpg","type":"image\/jpeg"}],"twitter_card":"summary_large_image","twitter_misc":{"Tiempo de lectura":"1 minuto"},"schema":{"@context":"https:\/\/schema.org","@graph":[{"@type":"WebPage","@id":"https:\/\/maiersgoldschmiede.com\/shop\/gecko-collier-mit-kirschen\/","url":"https:\/\/maiersgoldschmiede.com\/shop\/gecko-collier-mit-kirschen\/","name":"Gecko Collier mit Kirschen - Maiers Goldschmiede","isPartOf":{"@id":"https:\/\/maiersgoldschmiede.com\/es\/#website"},"primaryImageOfPage":{"@id":"https:\/\/maiersgoldschmiede.com\/shop\/gecko-collier-mit-kirschen\/#primaryimage"},"image":{"@id":"https:\/\/maiersgoldschmiede.com\/shop\/gecko-collier-mit-kirschen\/#primaryimage"},"thumbnailUrl":"https:\/\/maiersgoldschmiede.com\/wp-content\/uploads\/2026\/02\/DSC_0011.jpg","datePublished":"2026-02-20T09:12:54+00:00","dateModified":"2026-02-20T15:40:27+00:00","breadcrumb":{"@id":"https:\/\/maiersgoldschmiede.com\/shop\/gecko-collier-mit-kirschen\/#breadcrumb"},"inLanguage":"es","potentialAction":[{"@type":"ReadAction","target":["https:\/\/maiersgoldschmiede.com\/shop\/gecko-collier-mit-kirschen\/"]}]},{"@type":"ImageObject","inLanguage":"es","@id":"https:\/\/maiersgoldschmiede.com\/shop\/gecko-collier-mit-kirschen\/#primaryimage","url":"https:\/\/maiersgoldschmiede.com\/wp-content\/uploads\/2026\/02\/DSC_0011.jpg","contentUrl":"https:\/\/maiersgoldschmiede.com\/wp-content\/uploads\/2026\/02\/DSC_0011.jpg","width":1200,"height":944,"caption":"Gecko-Kirschen-Collier.www.maiersgoldschmiede.com"},{"@type":"BreadcrumbList","@id":"https:\/\/maiersgoldschmiede.com\/shop\/gecko-collier-mit-kirschen\/#breadcrumb","itemListElement":[{"@type":"ListItem","position":1,"name":"Startseite","item":"https:\/\/maiersgoldschmiede.com\/es\/"},{"@type":"ListItem","position":2,"name":"Maiers Goldschmiede Shop","item":"https:\/\/maiersgoldschmiede.com\/es\/maiers-goldschmiede-shop\/"},{"@type":"ListItem","position":3,"name":"Gecko Collier mit Kirschen"}]},{"@type":"WebSite","@id":"https:\/\/maiersgoldschmiede.com\/es\/#website","url":"https:\/\/maiersgoldschmiede.com\/es\/","name":"Maiers Goldschmiede","description":"Ibiza Goldschmied Werkstatt \u2013 Atelier","publisher":{"@id":"https:\/\/maiersgoldschmiede.com\/es\/#organization"},"potentialAction":[{"@type":"SearchAction","target":{"@type":"EntryPoint","urlTemplate":"https:\/\/maiersgoldschmiede.com\/es\/?s={search_term_string}"},"query-input":{"@type":"PropertyValueSpecification","valueRequired":true,"valueName":"search_term_string"}}],"inLanguage":"es"},{"@type":"Organization","@id":"https:\/\/maiersgoldschmiede.com\/es\/#organization","name":"Maiers Goldschmiede Ibiza","url":"https:\/\/maiersgoldschmiede.com\/es\/","logo":{"@type":"ImageObject","inLanguage":"es","@id":"https:\/\/maiersgoldschmiede.com\/es\/#\/schema\/logo\/image\/","url":"https:\/\/maiersgoldschmiede.com\/wp-content\/uploads\/2017\/05\/logo2.png","contentUrl":"https:\/\/maiersgoldschmiede.com\/wp-content\/uploads\/2017\/05\/logo2.png","width":150,"height":116,"caption":"Maiers Goldschmiede Ibiza"},"image":{"@id":"https:\/\/maiersgoldschmiede.com\/es\/#\/schema\/logo\/image\/"},"sameAs":["https:\/\/www.facebook.com\/MaiersGoldschmiede","https:\/\/www.instagram.com\/maier.reinhard"]}]}},"_links":{"self":[{"href":"https:\/\/maiersgoldschmiede.com\/es\/wp-json\/wp\/v2\/product\/22789","targetHints":{"allow":["GET"]}}],"collection":[{"href":"https:\/\/maiersgoldschmiede.com\/es\/wp-json\/wp\/v2\/product"}],"about":[{"href":"https:\/\/maiersgoldschmiede.com\/es\/wp-json\/wp\/v2\/types\/product"}],"wp:featuredmedia":[{"embeddable":true,"href":"https:\/\/maiersgoldschmiede.com\/es\/wp-json\/wp\/v2\/media\/22793"}],"wp:attachment":[{"href":"https:\/\/maiersgoldschmiede.com\/es\/wp-json\/wp\/v2\/media?parent=22789"}],"wp:term":[{"taxonomy":"product_brand","embeddable":true,"href":"https:\/\/maiersgoldschmiede.com\/es\/wp-json\/wp\/v2\/product_brand?post=22789"},{"taxonomy":"product_cat","embeddable":true,"href":"https:\/\/maiersgoldschmiede.com\/es\/wp-json\/wp\/v2\/product_cat?post=22789"},{"taxonomy":"product_tag","embeddable":true,"href":"https:\/\/maiersgoldschmiede.com\/es\/wp-json\/wp\/v2\/product_tag?post=22789"}],"curies":[{"name":"wp","href":"https:\/\/api.w.org\/{rel}","templated":true}]}}