{"id":22865,"date":"2026-03-15T16:34:42","date_gmt":"2026-03-15T15:34:42","guid":{"rendered":"https:\/\/maiersgoldschmiede.com\/?post_type=product&#038;p=22865"},"modified":"2026-03-15T16:34:42","modified_gmt":"2026-03-15T15:34:42","slug":"kirschen-ohrhaenger","status":"publish","type":"product","link":"https:\/\/maiersgoldschmiede.com\/es\/shop\/kirschen-ohrhaenger\/","title":{"rendered":"Kirschen &#8211; Ohrh\u00e4nger"},"content":{"rendered":"<p>Kirschen-Ohrh\u00e4nger im Ibiza-Style \ud83c\udf52<br \/>\nDiese eleganten Ohrh\u00e4nger sind aus 925 Sterling Silber gefertigt und vergoldet.<br \/>\nDie feinen Kirschformen mit zartem Blatt verleihen dem Schmuckst\u00fcck einen verspielten und zugleich edlen Charakter.<\/p>\n<p>Handgefertigt<br \/>\n925 Sterling Silber, vergoldet<\/p>\n<p>Kirschen mit \u00d6se und Blatt, L\u00e4nge: 25 mm, Breite: 18 mm.<\/p>\n<p>Mit Ohrh\u00e4nger, L\u00e4nge \u00fcber alles: 48 mm.<\/p>\n<p>Auch in Silber erh\u00e4ltlich<\/p>\n<p>Ein besonderer Blickfang \u2013 inspiriert vom lebendigen Ibiza-Lifestyle.<\/p>\n","protected":false},"excerpt":{"rendered":"<p>Kirschen-Ohrh\u00e4nger im Ibiza-Style \ud83c\udf52 Diese eleganten Ohrh\u00e4nger sind aus 925 Sterling Silber gefertigt und vergoldet. Die feinen Kirschformen mit zartem Blatt verleihen dem Schmuckst\u00fcck einen verspielten und zugleich edlen Charakter. Handgefertigt 925 Sterling Silber, vergoldet Kirschen mit \u00d6se und Blatt, L\u00e4nge: 25 mm, Breite: 18 mm. Mit Ohrh\u00e4nger, L\u00e4nge \u00fcber alles: 48 mm. Auch in<\/p>\n","protected":false},"featured_media":22872,"template":"","meta":{"_exactmetrics_skip_tracking":false,"_exactmetrics_sitenote_active":false,"_exactmetrics_sitenote_note":"","_exactmetrics_sitenote_category":0},"product_brand":[],"product_cat":[985,508,547,229,120,512,576,17],"product_tag":[1196,157,147,1197],"class_list":{"0":"post-22865","1":"product","2":"type-product","3":"status-publish","4":"has-post-thumbnail","6":"product_cat-design-collection-en","7":"product_cat-damenschmuck","8":"product_cat-ibiza-collection","9":"product_cat-neuheiten","10":"product_cat-ohrschmuck","11":"product_cat-schmuck","12":"product_cat-silber","13":"product_cat-3d-collection","14":"product_tag-kirschen","15":"product_tag-ohrhaenger","16":"product_tag-silber","17":"product_tag-silber-vergoldet","19":"first","20":"instock","21":"taxable","22":"shipping-taxable","23":"purchasable","24":"product-type-simple","25":"prodpage-style3"},"yoast_head":"<!-- This site is optimized with the Yoast SEO plugin v26.1.1 - https:\/\/yoast.com\/wordpress\/plugins\/seo\/ -->\n<title>Kirschen - Ohrh\u00e4nger - Maiers Goldschmiede<\/title>\n<meta name=\"robots\" content=\"index, follow, max-snippet:-1, max-image-preview:large, max-video-preview:-1\" \/>\n<link rel=\"canonical\" href=\"https:\/\/maiersgoldschmiede.com\/shop\/kirschen-ohrhaenger\/\" \/>\n<meta property=\"og:locale\" content=\"es_ES\" \/>\n<meta property=\"og:type\" content=\"article\" \/>\n<meta property=\"og:title\" content=\"Kirschen - Ohrh\u00e4nger - Maiers Goldschmiede\" \/>\n<meta property=\"og:description\" content=\"Kirschen-Ohrh\u00e4nger im Ibiza-Style \ud83c\udf52 Diese eleganten Ohrh\u00e4nger sind aus 925 Sterling Silber gefertigt und vergoldet. Die feinen Kirschformen mit zartem Blatt verleihen dem Schmuckst\u00fcck einen verspielten und zugleich edlen Charakter. Handgefertigt 925 Sterling Silber, vergoldet Kirschen mit \u00d6se und Blatt, L\u00e4nge: 25 mm, Breite: 18 mm. Mit Ohrh\u00e4nger, L\u00e4nge \u00fcber alles: 48 mm. Auch in\" \/>\n<meta property=\"og:url\" content=\"https:\/\/maiersgoldschmiede.com\/shop\/kirschen-ohrhaenger\/\" \/>\n<meta property=\"og:site_name\" content=\"Maiers Goldschmiede\" \/>\n<meta property=\"article:publisher\" content=\"https:\/\/www.facebook.com\/MaiersGoldschmiede\" \/>\n<meta property=\"og:image\" content=\"https:\/\/maiersgoldschmiede.com\/wp-content\/uploads\/2026\/03\/DSC_0016.jpg\" \/>\n\t<meta property=\"og:image:width\" content=\"919\" \/>\n\t<meta property=\"og:image:height\" content=\"1200\" \/>\n\t<meta property=\"og:image:type\" content=\"image\/jpeg\" \/>\n<meta name=\"twitter:card\" content=\"summary_large_image\" \/>\n<meta name=\"twitter:label1\" content=\"Tiempo de lectura\" \/>\n\t<meta name=\"twitter:data1\" content=\"1 minuto\" \/>\n<script type=\"application\/ld+json\" class=\"yoast-schema-graph\">{\"@context\":\"https:\/\/schema.org\",\"@graph\":[{\"@type\":\"WebPage\",\"@id\":\"https:\/\/maiersgoldschmiede.com\/shop\/kirschen-ohrhaenger\/\",\"url\":\"https:\/\/maiersgoldschmiede.com\/shop\/kirschen-ohrhaenger\/\",\"name\":\"Kirschen - Ohrh\u00e4nger - Maiers Goldschmiede\",\"isPartOf\":{\"@id\":\"https:\/\/maiersgoldschmiede.com\/es\/#website\"},\"primaryImageOfPage\":{\"@id\":\"https:\/\/maiersgoldschmiede.com\/shop\/kirschen-ohrhaenger\/#primaryimage\"},\"image\":{\"@id\":\"https:\/\/maiersgoldschmiede.com\/shop\/kirschen-ohrhaenger\/#primaryimage\"},\"thumbnailUrl\":\"https:\/\/maiersgoldschmiede.com\/wp-content\/uploads\/2026\/03\/DSC_0016.jpg\",\"datePublished\":\"2026-03-15T15:34:42+00:00\",\"breadcrumb\":{\"@id\":\"https:\/\/maiersgoldschmiede.com\/shop\/kirschen-ohrhaenger\/#breadcrumb\"},\"inLanguage\":\"es\",\"potentialAction\":[{\"@type\":\"ReadAction\",\"target\":[\"https:\/\/maiersgoldschmiede.com\/shop\/kirschen-ohrhaenger\/\"]}]},{\"@type\":\"ImageObject\",\"inLanguage\":\"es\",\"@id\":\"https:\/\/maiersgoldschmiede.com\/shop\/kirschen-ohrhaenger\/#primaryimage\",\"url\":\"https:\/\/maiersgoldschmiede.com\/wp-content\/uploads\/2026\/03\/DSC_0016.jpg\",\"contentUrl\":\"https:\/\/maiersgoldschmiede.com\/wp-content\/uploads\/2026\/03\/DSC_0016.jpg\",\"width\":919,\"height\":1200,\"caption\":\"Kirschen-Ohrh\u00e4nger.www.maiersgoldschmiede.com\"},{\"@type\":\"BreadcrumbList\",\"@id\":\"https:\/\/maiersgoldschmiede.com\/shop\/kirschen-ohrhaenger\/#breadcrumb\",\"itemListElement\":[{\"@type\":\"ListItem\",\"position\":1,\"name\":\"Startseite\",\"item\":\"https:\/\/maiersgoldschmiede.com\/es\/\"},{\"@type\":\"ListItem\",\"position\":2,\"name\":\"Maiers Goldschmiede Shop\",\"item\":\"https:\/\/maiersgoldschmiede.com\/es\/maiers-goldschmiede-shop\/\"},{\"@type\":\"ListItem\",\"position\":3,\"name\":\"Kirschen &#8211; Ohrh\u00e4nger\"}]},{\"@type\":\"WebSite\",\"@id\":\"https:\/\/maiersgoldschmiede.com\/es\/#website\",\"url\":\"https:\/\/maiersgoldschmiede.com\/es\/\",\"name\":\"Maiers Goldschmiede\",\"description\":\"Ibiza Goldschmied Werkstatt \u2013 Atelier\",\"publisher\":{\"@id\":\"https:\/\/maiersgoldschmiede.com\/es\/#organization\"},\"potentialAction\":[{\"@type\":\"SearchAction\",\"target\":{\"@type\":\"EntryPoint\",\"urlTemplate\":\"https:\/\/maiersgoldschmiede.com\/es\/?s={search_term_string}\"},\"query-input\":{\"@type\":\"PropertyValueSpecification\",\"valueRequired\":true,\"valueName\":\"search_term_string\"}}],\"inLanguage\":\"es\"},{\"@type\":\"Organization\",\"@id\":\"https:\/\/maiersgoldschmiede.com\/es\/#organization\",\"name\":\"Maiers Goldschmiede Ibiza\",\"url\":\"https:\/\/maiersgoldschmiede.com\/es\/\",\"logo\":{\"@type\":\"ImageObject\",\"inLanguage\":\"es\",\"@id\":\"https:\/\/maiersgoldschmiede.com\/es\/#\/schema\/logo\/image\/\",\"url\":\"https:\/\/maiersgoldschmiede.com\/wp-content\/uploads\/2017\/05\/logo2.png\",\"contentUrl\":\"https:\/\/maiersgoldschmiede.com\/wp-content\/uploads\/2017\/05\/logo2.png\",\"width\":150,\"height\":116,\"caption\":\"Maiers Goldschmiede Ibiza\"},\"image\":{\"@id\":\"https:\/\/maiersgoldschmiede.com\/es\/#\/schema\/logo\/image\/\"},\"sameAs\":[\"https:\/\/www.facebook.com\/MaiersGoldschmiede\",\"https:\/\/www.instagram.com\/maier.reinhard\"]}]}<\/script>\n<!-- \/ Yoast SEO plugin. -->","yoast_head_json":{"title":"Kirschen - Ohrh\u00e4nger - Maiers Goldschmiede","robots":{"index":"index","follow":"follow","max-snippet":"max-snippet:-1","max-image-preview":"max-image-preview:large","max-video-preview":"max-video-preview:-1"},"canonical":"https:\/\/maiersgoldschmiede.com\/shop\/kirschen-ohrhaenger\/","og_locale":"es_ES","og_type":"article","og_title":"Kirschen - Ohrh\u00e4nger - Maiers Goldschmiede","og_description":"Kirschen-Ohrh\u00e4nger im Ibiza-Style \ud83c\udf52 Diese eleganten Ohrh\u00e4nger sind aus 925 Sterling Silber gefertigt und vergoldet. Die feinen Kirschformen mit zartem Blatt verleihen dem Schmuckst\u00fcck einen verspielten und zugleich edlen Charakter. Handgefertigt 925 Sterling Silber, vergoldet Kirschen mit \u00d6se und Blatt, L\u00e4nge: 25 mm, Breite: 18 mm. Mit Ohrh\u00e4nger, L\u00e4nge \u00fcber alles: 48 mm. Auch in","og_url":"https:\/\/maiersgoldschmiede.com\/shop\/kirschen-ohrhaenger\/","og_site_name":"Maiers Goldschmiede","article_publisher":"https:\/\/www.facebook.com\/MaiersGoldschmiede","og_image":[{"width":919,"height":1200,"url":"https:\/\/maiersgoldschmiede.com\/wp-content\/uploads\/2026\/03\/DSC_0016.jpg","type":"image\/jpeg"}],"twitter_card":"summary_large_image","twitter_misc":{"Tiempo de lectura":"1 minuto"},"schema":{"@context":"https:\/\/schema.org","@graph":[{"@type":"WebPage","@id":"https:\/\/maiersgoldschmiede.com\/shop\/kirschen-ohrhaenger\/","url":"https:\/\/maiersgoldschmiede.com\/shop\/kirschen-ohrhaenger\/","name":"Kirschen - Ohrh\u00e4nger - Maiers Goldschmiede","isPartOf":{"@id":"https:\/\/maiersgoldschmiede.com\/es\/#website"},"primaryImageOfPage":{"@id":"https:\/\/maiersgoldschmiede.com\/shop\/kirschen-ohrhaenger\/#primaryimage"},"image":{"@id":"https:\/\/maiersgoldschmiede.com\/shop\/kirschen-ohrhaenger\/#primaryimage"},"thumbnailUrl":"https:\/\/maiersgoldschmiede.com\/wp-content\/uploads\/2026\/03\/DSC_0016.jpg","datePublished":"2026-03-15T15:34:42+00:00","breadcrumb":{"@id":"https:\/\/maiersgoldschmiede.com\/shop\/kirschen-ohrhaenger\/#breadcrumb"},"inLanguage":"es","potentialAction":[{"@type":"ReadAction","target":["https:\/\/maiersgoldschmiede.com\/shop\/kirschen-ohrhaenger\/"]}]},{"@type":"ImageObject","inLanguage":"es","@id":"https:\/\/maiersgoldschmiede.com\/shop\/kirschen-ohrhaenger\/#primaryimage","url":"https:\/\/maiersgoldschmiede.com\/wp-content\/uploads\/2026\/03\/DSC_0016.jpg","contentUrl":"https:\/\/maiersgoldschmiede.com\/wp-content\/uploads\/2026\/03\/DSC_0016.jpg","width":919,"height":1200,"caption":"Kirschen-Ohrh\u00e4nger.www.maiersgoldschmiede.com"},{"@type":"BreadcrumbList","@id":"https:\/\/maiersgoldschmiede.com\/shop\/kirschen-ohrhaenger\/#breadcrumb","itemListElement":[{"@type":"ListItem","position":1,"name":"Startseite","item":"https:\/\/maiersgoldschmiede.com\/es\/"},{"@type":"ListItem","position":2,"name":"Maiers Goldschmiede Shop","item":"https:\/\/maiersgoldschmiede.com\/es\/maiers-goldschmiede-shop\/"},{"@type":"ListItem","position":3,"name":"Kirschen &#8211; Ohrh\u00e4nger"}]},{"@type":"WebSite","@id":"https:\/\/maiersgoldschmiede.com\/es\/#website","url":"https:\/\/maiersgoldschmiede.com\/es\/","name":"Maiers Goldschmiede","description":"Ibiza Goldschmied Werkstatt \u2013 Atelier","publisher":{"@id":"https:\/\/maiersgoldschmiede.com\/es\/#organization"},"potentialAction":[{"@type":"SearchAction","target":{"@type":"EntryPoint","urlTemplate":"https:\/\/maiersgoldschmiede.com\/es\/?s={search_term_string}"},"query-input":{"@type":"PropertyValueSpecification","valueRequired":true,"valueName":"search_term_string"}}],"inLanguage":"es"},{"@type":"Organization","@id":"https:\/\/maiersgoldschmiede.com\/es\/#organization","name":"Maiers Goldschmiede Ibiza","url":"https:\/\/maiersgoldschmiede.com\/es\/","logo":{"@type":"ImageObject","inLanguage":"es","@id":"https:\/\/maiersgoldschmiede.com\/es\/#\/schema\/logo\/image\/","url":"https:\/\/maiersgoldschmiede.com\/wp-content\/uploads\/2017\/05\/logo2.png","contentUrl":"https:\/\/maiersgoldschmiede.com\/wp-content\/uploads\/2017\/05\/logo2.png","width":150,"height":116,"caption":"Maiers Goldschmiede Ibiza"},"image":{"@id":"https:\/\/maiersgoldschmiede.com\/es\/#\/schema\/logo\/image\/"},"sameAs":["https:\/\/www.facebook.com\/MaiersGoldschmiede","https:\/\/www.instagram.com\/maier.reinhard"]}]}},"_links":{"self":[{"href":"https:\/\/maiersgoldschmiede.com\/es\/wp-json\/wp\/v2\/product\/22865","targetHints":{"allow":["GET"]}}],"collection":[{"href":"https:\/\/maiersgoldschmiede.com\/es\/wp-json\/wp\/v2\/product"}],"about":[{"href":"https:\/\/maiersgoldschmiede.com\/es\/wp-json\/wp\/v2\/types\/product"}],"wp:featuredmedia":[{"embeddable":true,"href":"https:\/\/maiersgoldschmiede.com\/es\/wp-json\/wp\/v2\/media\/22872"}],"wp:attachment":[{"href":"https:\/\/maiersgoldschmiede.com\/es\/wp-json\/wp\/v2\/media?parent=22865"}],"wp:term":[{"taxonomy":"product_brand","embeddable":true,"href":"https:\/\/maiersgoldschmiede.com\/es\/wp-json\/wp\/v2\/product_brand?post=22865"},{"taxonomy":"product_cat","embeddable":true,"href":"https:\/\/maiersgoldschmiede.com\/es\/wp-json\/wp\/v2\/product_cat?post=22865"},{"taxonomy":"product_tag","embeddable":true,"href":"https:\/\/maiersgoldschmiede.com\/es\/wp-json\/wp\/v2\/product_tag?post=22865"}],"curies":[{"name":"wp","href":"https:\/\/api.w.org\/{rel}","templated":true}]}}