{"id":22885,"date":"2026-03-16T16:09:36","date_gmt":"2026-03-16T15:09:36","guid":{"rendered":"https:\/\/maiersgoldschmiede.com\/?post_type=product&#038;p=22885"},"modified":"2026-03-16T16:24:40","modified_gmt":"2026-03-16T15:24:40","slug":"carbon-spann-ring-mit-moissanite-in-zargenfassung","status":"publish","type":"product","link":"https:\/\/maiersgoldschmiede.com\/es\/shop\/carbon-spann-ring-mit-moissanite-in-zargenfassung\/","title":{"rendered":"Carbon &#8211; Spann &#8211; Ring mit Moissanite in Zargenfassung"},"content":{"rendered":"<p>Carbon Spannring mit Moissanite<\/p>\n<p>Moderner Designring aus hochwertigem Carbon mit charakteristischer Struktur.<br \/>\nDer funkelnde Moissanite im Brillantschliff ist in einer massiven 925 Silber Zargenfassung gefasst und zwischen den beiden Carbonarmen eingespannt.<\/p>\n<p>Der starke Kontrast zwischen tiefschwarzem Carbon und dem brillant funkelnden Stein verleiht diesem Ring eine au\u00dfergew\u00f6hnliche und zeitgem\u00e4\u00dfe Eleganz.<\/p>\n<p>Ein besonderes Schmuckst\u00fcck f\u00fcr Menschen, die modernes Design und innovative Materialien lieben.<\/p>\n<p>Material<br \/>\n\u2022 Carbon Ringk\u00f6rper Breite: 8 mm, St\u00e4rke 4 mm.<br \/>\n\u2022 925 Silber Zargen Fassung 1,4 gr. <span style=\"color: #ff0000;\">Fassung kann auch in Gold angefertigt werden!<\/span><br \/>\n\u2022 Moissanite im Brillantschliff 1 ct.<\/p>\n<p>Design<br \/>\nModern \u2022 leicht \u2022 au\u00dfergew\u00f6hnlich<\/p>\n<p>Gr\u00f6\u00dfe: 53<\/p>\n<p><span style=\"color: #ff0000;\">Kann auf fast alle Gr\u00f6\u00dfen angefertigt werden!<\/span><\/p>\n","protected":false},"excerpt":{"rendered":"<p>Carbon Spannring mit Moissanite Moderner Designring aus hochwertigem Carbon mit charakteristischer Struktur. Der funkelnde Moissanite im Brillantschliff ist in einer massiven 925 Silber Zargenfassung gefasst und zwischen den beiden Carbonarmen eingespannt. Der starke Kontrast zwischen tiefschwarzem Carbon und dem brillant funkelnden Stein verleiht diesem Ring eine au\u00dfergew\u00f6hnliche und zeitgem\u00e4\u00dfe Eleganz. Ein besonderes Schmuckst\u00fcck f\u00fcr Menschen,<\/p>\n","protected":false},"featured_media":22889,"template":"","meta":{"_exactmetrics_skip_tracking":false,"_exactmetrics_sitenote_active":false,"_exactmetrics_sitenote_note":"","_exactmetrics_sitenote_category":0},"product_brand":[],"product_cat":[577,508,509,229,172,576,517,32,18],"product_tag":[1198,73,1128,95,147],"class_list":{"0":"post-22885","1":"product","2":"type-product","3":"status-publish","4":"has-post-thumbnail","6":"product_cat-carbon","7":"product_cat-damenschmuck","8":"product_cat-herrenschmuck","9":"product_cat-neuheiten","10":"product_cat-ringe","11":"product_cat-silber","12":"product_cat-specials","13":"product_cat-carbon-collection","14":"product_cat-design-collection","15":"product_tag-brilliantschliff","16":"product_tag-carbon","17":"product_tag-moissanite","18":"product_tag-ring","19":"product_tag-silber","21":"first","22":"instock","23":"taxable","24":"shipping-taxable","25":"purchasable","26":"product-type-simple","27":"prodpage-style3"},"yoast_head":"<!-- This site is optimized with the Yoast SEO plugin v26.1.1 - https:\/\/yoast.com\/wordpress\/plugins\/seo\/ -->\n<title>Carbon - Spann - Ring mit Moissanite in Zargenfassung - Maiers Goldschmiede<\/title>\n<meta name=\"robots\" content=\"index, follow, max-snippet:-1, max-image-preview:large, max-video-preview:-1\" \/>\n<link rel=\"canonical\" href=\"https:\/\/maiersgoldschmiede.com\/shop\/carbon-spann-ring-mit-moissanite-in-zargenfassung\/\" \/>\n<meta property=\"og:locale\" content=\"es_ES\" \/>\n<meta property=\"og:type\" content=\"article\" \/>\n<meta property=\"og:title\" content=\"Carbon - Spann - Ring mit Moissanite in Zargenfassung - Maiers Goldschmiede\" \/>\n<meta property=\"og:description\" content=\"Carbon Spannring mit Moissanite Moderner Designring aus hochwertigem Carbon mit charakteristischer Struktur. Der funkelnde Moissanite im Brillantschliff ist in einer massiven 925 Silber Zargenfassung gefasst und zwischen den beiden Carbonarmen eingespannt. Der starke Kontrast zwischen tiefschwarzem Carbon und dem brillant funkelnden Stein verleiht diesem Ring eine au\u00dfergew\u00f6hnliche und zeitgem\u00e4\u00dfe Eleganz. Ein besonderes Schmuckst\u00fcck f\u00fcr Menschen,\" \/>\n<meta property=\"og:url\" content=\"https:\/\/maiersgoldschmiede.com\/shop\/carbon-spann-ring-mit-moissanite-in-zargenfassung\/\" \/>\n<meta property=\"og:site_name\" content=\"Maiers Goldschmiede\" \/>\n<meta property=\"article:publisher\" content=\"https:\/\/www.facebook.com\/MaiersGoldschmiede\" \/>\n<meta property=\"article:modified_time\" content=\"2026-03-16T15:24:40+00:00\" \/>\n<meta property=\"og:image\" content=\"https:\/\/maiersgoldschmiede.com\/wp-content\/uploads\/2026\/03\/DSC_0027.jpg\" \/>\n\t<meta property=\"og:image:width\" content=\"1200\" \/>\n\t<meta property=\"og:image:height\" content=\"831\" \/>\n\t<meta property=\"og:image:type\" content=\"image\/jpeg\" \/>\n<meta name=\"twitter:card\" content=\"summary_large_image\" \/>\n<meta name=\"twitter:label1\" content=\"Tiempo de lectura\" \/>\n\t<meta name=\"twitter:data1\" content=\"1 minuto\" \/>\n<script type=\"application\/ld+json\" class=\"yoast-schema-graph\">{\"@context\":\"https:\/\/schema.org\",\"@graph\":[{\"@type\":\"WebPage\",\"@id\":\"https:\/\/maiersgoldschmiede.com\/shop\/carbon-spann-ring-mit-moissanite-in-zargenfassung\/\",\"url\":\"https:\/\/maiersgoldschmiede.com\/shop\/carbon-spann-ring-mit-moissanite-in-zargenfassung\/\",\"name\":\"Carbon - Spann - Ring mit Moissanite in Zargenfassung - Maiers Goldschmiede\",\"isPartOf\":{\"@id\":\"https:\/\/maiersgoldschmiede.com\/es\/#website\"},\"primaryImageOfPage\":{\"@id\":\"https:\/\/maiersgoldschmiede.com\/shop\/carbon-spann-ring-mit-moissanite-in-zargenfassung\/#primaryimage\"},\"image\":{\"@id\":\"https:\/\/maiersgoldschmiede.com\/shop\/carbon-spann-ring-mit-moissanite-in-zargenfassung\/#primaryimage\"},\"thumbnailUrl\":\"https:\/\/maiersgoldschmiede.com\/wp-content\/uploads\/2026\/03\/DSC_0027.jpg\",\"datePublished\":\"2026-03-16T15:09:36+00:00\",\"dateModified\":\"2026-03-16T15:24:40+00:00\",\"breadcrumb\":{\"@id\":\"https:\/\/maiersgoldschmiede.com\/shop\/carbon-spann-ring-mit-moissanite-in-zargenfassung\/#breadcrumb\"},\"inLanguage\":\"es\",\"potentialAction\":[{\"@type\":\"ReadAction\",\"target\":[\"https:\/\/maiersgoldschmiede.com\/shop\/carbon-spann-ring-mit-moissanite-in-zargenfassung\/\"]}]},{\"@type\":\"ImageObject\",\"inLanguage\":\"es\",\"@id\":\"https:\/\/maiersgoldschmiede.com\/shop\/carbon-spann-ring-mit-moissanite-in-zargenfassung\/#primaryimage\",\"url\":\"https:\/\/maiersgoldschmiede.com\/wp-content\/uploads\/2026\/03\/DSC_0027.jpg\",\"contentUrl\":\"https:\/\/maiersgoldschmiede.com\/wp-content\/uploads\/2026\/03\/DSC_0027.jpg\",\"width\":1200,\"height\":831,\"caption\":\"Carbon - Spannring.www.maiersgoldschmiede.com\"},{\"@type\":\"BreadcrumbList\",\"@id\":\"https:\/\/maiersgoldschmiede.com\/shop\/carbon-spann-ring-mit-moissanite-in-zargenfassung\/#breadcrumb\",\"itemListElement\":[{\"@type\":\"ListItem\",\"position\":1,\"name\":\"Startseite\",\"item\":\"https:\/\/maiersgoldschmiede.com\/es\/\"},{\"@type\":\"ListItem\",\"position\":2,\"name\":\"Maiers Goldschmiede Shop\",\"item\":\"https:\/\/maiersgoldschmiede.com\/es\/maiers-goldschmiede-shop\/\"},{\"@type\":\"ListItem\",\"position\":3,\"name\":\"Carbon &#8211; Spann &#8211; Ring mit Moissanite in Zargenfassung\"}]},{\"@type\":\"WebSite\",\"@id\":\"https:\/\/maiersgoldschmiede.com\/es\/#website\",\"url\":\"https:\/\/maiersgoldschmiede.com\/es\/\",\"name\":\"Maiers Goldschmiede\",\"description\":\"Ibiza Goldschmied Werkstatt \u2013 Atelier\",\"publisher\":{\"@id\":\"https:\/\/maiersgoldschmiede.com\/es\/#organization\"},\"potentialAction\":[{\"@type\":\"SearchAction\",\"target\":{\"@type\":\"EntryPoint\",\"urlTemplate\":\"https:\/\/maiersgoldschmiede.com\/es\/?s={search_term_string}\"},\"query-input\":{\"@type\":\"PropertyValueSpecification\",\"valueRequired\":true,\"valueName\":\"search_term_string\"}}],\"inLanguage\":\"es\"},{\"@type\":\"Organization\",\"@id\":\"https:\/\/maiersgoldschmiede.com\/es\/#organization\",\"name\":\"Maiers Goldschmiede Ibiza\",\"url\":\"https:\/\/maiersgoldschmiede.com\/es\/\",\"logo\":{\"@type\":\"ImageObject\",\"inLanguage\":\"es\",\"@id\":\"https:\/\/maiersgoldschmiede.com\/es\/#\/schema\/logo\/image\/\",\"url\":\"https:\/\/maiersgoldschmiede.com\/wp-content\/uploads\/2017\/05\/logo2.png\",\"contentUrl\":\"https:\/\/maiersgoldschmiede.com\/wp-content\/uploads\/2017\/05\/logo2.png\",\"width\":150,\"height\":116,\"caption\":\"Maiers Goldschmiede Ibiza\"},\"image\":{\"@id\":\"https:\/\/maiersgoldschmiede.com\/es\/#\/schema\/logo\/image\/\"},\"sameAs\":[\"https:\/\/www.facebook.com\/MaiersGoldschmiede\",\"https:\/\/www.instagram.com\/maier.reinhard\"]}]}<\/script>\n<!-- \/ Yoast SEO plugin. -->","yoast_head_json":{"title":"Carbon - Spann - Ring mit Moissanite in Zargenfassung - Maiers Goldschmiede","robots":{"index":"index","follow":"follow","max-snippet":"max-snippet:-1","max-image-preview":"max-image-preview:large","max-video-preview":"max-video-preview:-1"},"canonical":"https:\/\/maiersgoldschmiede.com\/shop\/carbon-spann-ring-mit-moissanite-in-zargenfassung\/","og_locale":"es_ES","og_type":"article","og_title":"Carbon - Spann - Ring mit Moissanite in Zargenfassung - Maiers Goldschmiede","og_description":"Carbon Spannring mit Moissanite Moderner Designring aus hochwertigem Carbon mit charakteristischer Struktur. Der funkelnde Moissanite im Brillantschliff ist in einer massiven 925 Silber Zargenfassung gefasst und zwischen den beiden Carbonarmen eingespannt. Der starke Kontrast zwischen tiefschwarzem Carbon und dem brillant funkelnden Stein verleiht diesem Ring eine au\u00dfergew\u00f6hnliche und zeitgem\u00e4\u00dfe Eleganz. Ein besonderes Schmuckst\u00fcck f\u00fcr Menschen,","og_url":"https:\/\/maiersgoldschmiede.com\/shop\/carbon-spann-ring-mit-moissanite-in-zargenfassung\/","og_site_name":"Maiers Goldschmiede","article_publisher":"https:\/\/www.facebook.com\/MaiersGoldschmiede","article_modified_time":"2026-03-16T15:24:40+00:00","og_image":[{"width":1200,"height":831,"url":"https:\/\/maiersgoldschmiede.com\/wp-content\/uploads\/2026\/03\/DSC_0027.jpg","type":"image\/jpeg"}],"twitter_card":"summary_large_image","twitter_misc":{"Tiempo de lectura":"1 minuto"},"schema":{"@context":"https:\/\/schema.org","@graph":[{"@type":"WebPage","@id":"https:\/\/maiersgoldschmiede.com\/shop\/carbon-spann-ring-mit-moissanite-in-zargenfassung\/","url":"https:\/\/maiersgoldschmiede.com\/shop\/carbon-spann-ring-mit-moissanite-in-zargenfassung\/","name":"Carbon - Spann - Ring mit Moissanite in Zargenfassung - Maiers Goldschmiede","isPartOf":{"@id":"https:\/\/maiersgoldschmiede.com\/es\/#website"},"primaryImageOfPage":{"@id":"https:\/\/maiersgoldschmiede.com\/shop\/carbon-spann-ring-mit-moissanite-in-zargenfassung\/#primaryimage"},"image":{"@id":"https:\/\/maiersgoldschmiede.com\/shop\/carbon-spann-ring-mit-moissanite-in-zargenfassung\/#primaryimage"},"thumbnailUrl":"https:\/\/maiersgoldschmiede.com\/wp-content\/uploads\/2026\/03\/DSC_0027.jpg","datePublished":"2026-03-16T15:09:36+00:00","dateModified":"2026-03-16T15:24:40+00:00","breadcrumb":{"@id":"https:\/\/maiersgoldschmiede.com\/shop\/carbon-spann-ring-mit-moissanite-in-zargenfassung\/#breadcrumb"},"inLanguage":"es","potentialAction":[{"@type":"ReadAction","target":["https:\/\/maiersgoldschmiede.com\/shop\/carbon-spann-ring-mit-moissanite-in-zargenfassung\/"]}]},{"@type":"ImageObject","inLanguage":"es","@id":"https:\/\/maiersgoldschmiede.com\/shop\/carbon-spann-ring-mit-moissanite-in-zargenfassung\/#primaryimage","url":"https:\/\/maiersgoldschmiede.com\/wp-content\/uploads\/2026\/03\/DSC_0027.jpg","contentUrl":"https:\/\/maiersgoldschmiede.com\/wp-content\/uploads\/2026\/03\/DSC_0027.jpg","width":1200,"height":831,"caption":"Carbon - Spannring.www.maiersgoldschmiede.com"},{"@type":"BreadcrumbList","@id":"https:\/\/maiersgoldschmiede.com\/shop\/carbon-spann-ring-mit-moissanite-in-zargenfassung\/#breadcrumb","itemListElement":[{"@type":"ListItem","position":1,"name":"Startseite","item":"https:\/\/maiersgoldschmiede.com\/es\/"},{"@type":"ListItem","position":2,"name":"Maiers Goldschmiede Shop","item":"https:\/\/maiersgoldschmiede.com\/es\/maiers-goldschmiede-shop\/"},{"@type":"ListItem","position":3,"name":"Carbon &#8211; Spann &#8211; Ring mit Moissanite in Zargenfassung"}]},{"@type":"WebSite","@id":"https:\/\/maiersgoldschmiede.com\/es\/#website","url":"https:\/\/maiersgoldschmiede.com\/es\/","name":"Maiers Goldschmiede","description":"Ibiza Goldschmied Werkstatt \u2013 Atelier","publisher":{"@id":"https:\/\/maiersgoldschmiede.com\/es\/#organization"},"potentialAction":[{"@type":"SearchAction","target":{"@type":"EntryPoint","urlTemplate":"https:\/\/maiersgoldschmiede.com\/es\/?s={search_term_string}"},"query-input":{"@type":"PropertyValueSpecification","valueRequired":true,"valueName":"search_term_string"}}],"inLanguage":"es"},{"@type":"Organization","@id":"https:\/\/maiersgoldschmiede.com\/es\/#organization","name":"Maiers Goldschmiede Ibiza","url":"https:\/\/maiersgoldschmiede.com\/es\/","logo":{"@type":"ImageObject","inLanguage":"es","@id":"https:\/\/maiersgoldschmiede.com\/es\/#\/schema\/logo\/image\/","url":"https:\/\/maiersgoldschmiede.com\/wp-content\/uploads\/2017\/05\/logo2.png","contentUrl":"https:\/\/maiersgoldschmiede.com\/wp-content\/uploads\/2017\/05\/logo2.png","width":150,"height":116,"caption":"Maiers Goldschmiede Ibiza"},"image":{"@id":"https:\/\/maiersgoldschmiede.com\/es\/#\/schema\/logo\/image\/"},"sameAs":["https:\/\/www.facebook.com\/MaiersGoldschmiede","https:\/\/www.instagram.com\/maier.reinhard"]}]}},"_links":{"self":[{"href":"https:\/\/maiersgoldschmiede.com\/es\/wp-json\/wp\/v2\/product\/22885","targetHints":{"allow":["GET"]}}],"collection":[{"href":"https:\/\/maiersgoldschmiede.com\/es\/wp-json\/wp\/v2\/product"}],"about":[{"href":"https:\/\/maiersgoldschmiede.com\/es\/wp-json\/wp\/v2\/types\/product"}],"wp:featuredmedia":[{"embeddable":true,"href":"https:\/\/maiersgoldschmiede.com\/es\/wp-json\/wp\/v2\/media\/22889"}],"wp:attachment":[{"href":"https:\/\/maiersgoldschmiede.com\/es\/wp-json\/wp\/v2\/media?parent=22885"}],"wp:term":[{"taxonomy":"product_brand","embeddable":true,"href":"https:\/\/maiersgoldschmiede.com\/es\/wp-json\/wp\/v2\/product_brand?post=22885"},{"taxonomy":"product_cat","embeddable":true,"href":"https:\/\/maiersgoldschmiede.com\/es\/wp-json\/wp\/v2\/product_cat?post=22885"},{"taxonomy":"product_tag","embeddable":true,"href":"https:\/\/maiersgoldschmiede.com\/es\/wp-json\/wp\/v2\/product_tag?post=22885"}],"curies":[{"name":"wp","href":"https:\/\/api.w.org\/{rel}","templated":true}]}}