{"id":22942,"date":"2026-03-27T13:21:44","date_gmt":"2026-03-27T12:21:44","guid":{"rendered":"https:\/\/maiersgoldschmiede.com\/?post_type=product&#038;p=22942"},"modified":"2026-03-27T13:22:34","modified_gmt":"2026-03-27T12:22:34","slug":"tanit-auf-ibiza-3d-anhaenger-mit-herrenkette-kopie","status":"publish","type":"product","link":"https:\/\/maiersgoldschmiede.com\/es\/shop\/tanit-auf-ibiza-3d-anhaenger-mit-herrenkette-kopie\/","title":{"rendered":"Tanit auf Ibiza \u2013 3D-Anh\u00e4nger mit Herrenkette (Kopie)"},"content":{"rendered":"<p>3D-Anh\u00e4nger aus Silber und 585er Gold auf einer plastischen Ibiza-Platte.<br \/>\nDie punische G\u00f6ttin Tanit als kraftvolles Schutzsymbol und historisches Wahrzeichen Ibizas.<\/p>\n<p>Zwei Brillanten bilden die Augen und verleihen dem Schmuckst\u00fcck Tiefe und Pr\u00e4senz.<br \/>\nZentral in eine markante Silberkette integriert \u2013 ein starkes, kultisches Statement-Piece.<\/p>\n<p>Ein ausdrucksstarkes Unikat.<\/p>\n<p>Anh\u00e4nger Ibiza L\u00e4nge 53 mm Breite 30 mm St\u00e4rke 11 mm<\/p>\n<p>Tanit 585 gelb Gold 5,1 gr. L\u00e4nge 22 mm Breite 14 mm mit 2 Brillanten 0,03 ct si\/top wess.<\/p>\n<p>Fantasie Kette, L\u00e4nge 50 cm Breite 8 mm St\u00e4rke 5 mm mit Karabiner<\/p>\n<p>Zusammen 68 gr.<\/p>\n","protected":false},"excerpt":{"rendered":"<p>3D-Anh\u00e4nger aus Silber und 585er Gold auf einer plastischen Ibiza-Platte. Die punische G\u00f6ttin Tanit als kraftvolles Schutzsymbol und historisches Wahrzeichen Ibizas. Zwei Brillanten bilden die Augen und verleihen dem Schmuckst\u00fcck Tiefe und Pr\u00e4senz. Zentral in eine markante Silberkette integriert \u2013 ein starkes, kultisches Statement-Piece. Ein ausdrucksstarkes Unikat. Anh\u00e4nger Ibiza L\u00e4nge 53 mm Breite 30 mm<\/p>\n","protected":false},"featured_media":22564,"template":"","meta":{"_exactmetrics_skip_tracking":false,"_exactmetrics_sitenote_active":false,"_exactmetrics_sitenote_note":"","_exactmetrics_sitenote_category":0},"product_brand":[],"product_cat":[575,516,509,547,229,576,1162,112,17],"product_tag":[63,65,973,1163],"class_list":{"0":"post-22942","1":"product","2":"type-product","3":"status-publish","4":"has-post-thumbnail","6":"product_cat-gold","7":"product_cat-halsketten-colliers","8":"product_cat-herrenschmuck","9":"product_cat-ibiza-collection","10":"product_cat-neuheiten","11":"product_cat-silber","12":"product_cat-tanit-ibizenkische-goettin","13":"product_cat-unikate","14":"product_cat-3d-collection","15":"product_tag-anhaenger","16":"product_tag-ibiza","17":"product_tag-in-3d","18":"product_tag-tanit","20":"first","21":"instock","22":"taxable","23":"shipping-taxable","24":"purchasable","25":"product-type-simple","26":"prodpage-style3"},"yoast_head":"<!-- This site is optimized with the Yoast SEO plugin v26.1.1 - https:\/\/yoast.com\/wordpress\/plugins\/seo\/ -->\n<title>Tanit auf Ibiza \u2013 3D-Anh\u00e4nger mit Herrenkette (Kopie) - Maiers Goldschmiede<\/title>\n<meta name=\"robots\" content=\"index, follow, max-snippet:-1, max-image-preview:large, max-video-preview:-1\" \/>\n<link rel=\"canonical\" href=\"https:\/\/maiersgoldschmiede.com\/shop\/tanit-auf-ibiza-3d-anhaenger-mit-herrenkette-kopie\/\" \/>\n<meta property=\"og:locale\" content=\"es_ES\" \/>\n<meta property=\"og:type\" content=\"article\" \/>\n<meta property=\"og:title\" content=\"Tanit auf Ibiza \u2013 3D-Anh\u00e4nger mit Herrenkette (Kopie) - Maiers Goldschmiede\" \/>\n<meta property=\"og:description\" content=\"3D-Anh\u00e4nger aus Silber und 585er Gold auf einer plastischen Ibiza-Platte. Die punische G\u00f6ttin Tanit als kraftvolles Schutzsymbol und historisches Wahrzeichen Ibizas. Zwei Brillanten bilden die Augen und verleihen dem Schmuckst\u00fcck Tiefe und Pr\u00e4senz. Zentral in eine markante Silberkette integriert \u2013 ein starkes, kultisches Statement-Piece. Ein ausdrucksstarkes Unikat. Anh\u00e4nger Ibiza L\u00e4nge 53 mm Breite 30 mm\" \/>\n<meta property=\"og:url\" content=\"https:\/\/maiersgoldschmiede.com\/shop\/tanit-auf-ibiza-3d-anhaenger-mit-herrenkette-kopie\/\" \/>\n<meta property=\"og:site_name\" content=\"Maiers Goldschmiede\" \/>\n<meta property=\"article:publisher\" content=\"https:\/\/www.facebook.com\/MaiersGoldschmiede\" \/>\n<meta property=\"article:modified_time\" content=\"2026-03-27T12:22:34+00:00\" \/>\n<meta property=\"og:image\" content=\"https:\/\/maiersgoldschmiede.com\/wp-content\/uploads\/2026\/01\/DSC_0220.jpg\" \/>\n\t<meta property=\"og:image:width\" content=\"989\" \/>\n\t<meta property=\"og:image:height\" content=\"1200\" \/>\n\t<meta property=\"og:image:type\" content=\"image\/jpeg\" \/>\n<meta name=\"twitter:card\" content=\"summary_large_image\" \/>\n<meta name=\"twitter:label1\" content=\"Tiempo de lectura\" \/>\n\t<meta name=\"twitter:data1\" content=\"1 minuto\" \/>\n<script type=\"application\/ld+json\" class=\"yoast-schema-graph\">{\"@context\":\"https:\/\/schema.org\",\"@graph\":[{\"@type\":\"WebPage\",\"@id\":\"https:\/\/maiersgoldschmiede.com\/shop\/tanit-auf-ibiza-3d-anhaenger-mit-herrenkette-kopie\/\",\"url\":\"https:\/\/maiersgoldschmiede.com\/shop\/tanit-auf-ibiza-3d-anhaenger-mit-herrenkette-kopie\/\",\"name\":\"Tanit auf Ibiza \u2013 3D-Anh\u00e4nger mit Herrenkette (Kopie) - Maiers Goldschmiede\",\"isPartOf\":{\"@id\":\"https:\/\/maiersgoldschmiede.com\/es\/#website\"},\"primaryImageOfPage\":{\"@id\":\"https:\/\/maiersgoldschmiede.com\/shop\/tanit-auf-ibiza-3d-anhaenger-mit-herrenkette-kopie\/#primaryimage\"},\"image\":{\"@id\":\"https:\/\/maiersgoldschmiede.com\/shop\/tanit-auf-ibiza-3d-anhaenger-mit-herrenkette-kopie\/#primaryimage\"},\"thumbnailUrl\":\"https:\/\/maiersgoldschmiede.com\/wp-content\/uploads\/2026\/01\/DSC_0220.jpg\",\"datePublished\":\"2026-03-27T12:21:44+00:00\",\"dateModified\":\"2026-03-27T12:22:34+00:00\",\"breadcrumb\":{\"@id\":\"https:\/\/maiersgoldschmiede.com\/shop\/tanit-auf-ibiza-3d-anhaenger-mit-herrenkette-kopie\/#breadcrumb\"},\"inLanguage\":\"es\",\"potentialAction\":[{\"@type\":\"ReadAction\",\"target\":[\"https:\/\/maiersgoldschmiede.com\/shop\/tanit-auf-ibiza-3d-anhaenger-mit-herrenkette-kopie\/\"]}]},{\"@type\":\"ImageObject\",\"inLanguage\":\"es\",\"@id\":\"https:\/\/maiersgoldschmiede.com\/shop\/tanit-auf-ibiza-3d-anhaenger-mit-herrenkette-kopie\/#primaryimage\",\"url\":\"https:\/\/maiersgoldschmiede.com\/wp-content\/uploads\/2026\/01\/DSC_0220.jpg\",\"contentUrl\":\"https:\/\/maiersgoldschmiede.com\/wp-content\/uploads\/2026\/01\/DSC_0220.jpg\",\"width\":989,\"height\":1200,\"caption\":\"Tanit auf Ibiza 3D Anh\u00e4nger.www.maiersgoldschmiede.com\"},{\"@type\":\"BreadcrumbList\",\"@id\":\"https:\/\/maiersgoldschmiede.com\/shop\/tanit-auf-ibiza-3d-anhaenger-mit-herrenkette-kopie\/#breadcrumb\",\"itemListElement\":[{\"@type\":\"ListItem\",\"position\":1,\"name\":\"Startseite\",\"item\":\"https:\/\/maiersgoldschmiede.com\/es\/\"},{\"@type\":\"ListItem\",\"position\":2,\"name\":\"Maiers Goldschmiede Shop\",\"item\":\"https:\/\/maiersgoldschmiede.com\/es\/maiers-goldschmiede-shop\/\"},{\"@type\":\"ListItem\",\"position\":3,\"name\":\"Tanit auf Ibiza \u2013 3D-Anh\u00e4nger mit Herrenkette (Kopie)\"}]},{\"@type\":\"WebSite\",\"@id\":\"https:\/\/maiersgoldschmiede.com\/es\/#website\",\"url\":\"https:\/\/maiersgoldschmiede.com\/es\/\",\"name\":\"Maiers Goldschmiede\",\"description\":\"Ibiza Goldschmied Werkstatt \u2013 Atelier\",\"publisher\":{\"@id\":\"https:\/\/maiersgoldschmiede.com\/es\/#organization\"},\"potentialAction\":[{\"@type\":\"SearchAction\",\"target\":{\"@type\":\"EntryPoint\",\"urlTemplate\":\"https:\/\/maiersgoldschmiede.com\/es\/?s={search_term_string}\"},\"query-input\":{\"@type\":\"PropertyValueSpecification\",\"valueRequired\":true,\"valueName\":\"search_term_string\"}}],\"inLanguage\":\"es\"},{\"@type\":\"Organization\",\"@id\":\"https:\/\/maiersgoldschmiede.com\/es\/#organization\",\"name\":\"Maiers Goldschmiede Ibiza\",\"url\":\"https:\/\/maiersgoldschmiede.com\/es\/\",\"logo\":{\"@type\":\"ImageObject\",\"inLanguage\":\"es\",\"@id\":\"https:\/\/maiersgoldschmiede.com\/es\/#\/schema\/logo\/image\/\",\"url\":\"https:\/\/maiersgoldschmiede.com\/wp-content\/uploads\/2017\/05\/logo2.png\",\"contentUrl\":\"https:\/\/maiersgoldschmiede.com\/wp-content\/uploads\/2017\/05\/logo2.png\",\"width\":150,\"height\":116,\"caption\":\"Maiers Goldschmiede Ibiza\"},\"image\":{\"@id\":\"https:\/\/maiersgoldschmiede.com\/es\/#\/schema\/logo\/image\/\"},\"sameAs\":[\"https:\/\/www.facebook.com\/MaiersGoldschmiede\",\"https:\/\/www.instagram.com\/maier.reinhard\"]}]}<\/script>\n<!-- \/ Yoast SEO plugin. -->","yoast_head_json":{"title":"Tanit auf Ibiza \u2013 3D-Anh\u00e4nger mit Herrenkette (Kopie) - Maiers Goldschmiede","robots":{"index":"index","follow":"follow","max-snippet":"max-snippet:-1","max-image-preview":"max-image-preview:large","max-video-preview":"max-video-preview:-1"},"canonical":"https:\/\/maiersgoldschmiede.com\/shop\/tanit-auf-ibiza-3d-anhaenger-mit-herrenkette-kopie\/","og_locale":"es_ES","og_type":"article","og_title":"Tanit auf Ibiza \u2013 3D-Anh\u00e4nger mit Herrenkette (Kopie) - Maiers Goldschmiede","og_description":"3D-Anh\u00e4nger aus Silber und 585er Gold auf einer plastischen Ibiza-Platte. Die punische G\u00f6ttin Tanit als kraftvolles Schutzsymbol und historisches Wahrzeichen Ibizas. Zwei Brillanten bilden die Augen und verleihen dem Schmuckst\u00fcck Tiefe und Pr\u00e4senz. Zentral in eine markante Silberkette integriert \u2013 ein starkes, kultisches Statement-Piece. Ein ausdrucksstarkes Unikat. Anh\u00e4nger Ibiza L\u00e4nge 53 mm Breite 30 mm","og_url":"https:\/\/maiersgoldschmiede.com\/shop\/tanit-auf-ibiza-3d-anhaenger-mit-herrenkette-kopie\/","og_site_name":"Maiers Goldschmiede","article_publisher":"https:\/\/www.facebook.com\/MaiersGoldschmiede","article_modified_time":"2026-03-27T12:22:34+00:00","og_image":[{"width":989,"height":1200,"url":"https:\/\/maiersgoldschmiede.com\/wp-content\/uploads\/2026\/01\/DSC_0220.jpg","type":"image\/jpeg"}],"twitter_card":"summary_large_image","twitter_misc":{"Tiempo de lectura":"1 minuto"},"schema":{"@context":"https:\/\/schema.org","@graph":[{"@type":"WebPage","@id":"https:\/\/maiersgoldschmiede.com\/shop\/tanit-auf-ibiza-3d-anhaenger-mit-herrenkette-kopie\/","url":"https:\/\/maiersgoldschmiede.com\/shop\/tanit-auf-ibiza-3d-anhaenger-mit-herrenkette-kopie\/","name":"Tanit auf Ibiza \u2013 3D-Anh\u00e4nger mit Herrenkette (Kopie) - Maiers Goldschmiede","isPartOf":{"@id":"https:\/\/maiersgoldschmiede.com\/es\/#website"},"primaryImageOfPage":{"@id":"https:\/\/maiersgoldschmiede.com\/shop\/tanit-auf-ibiza-3d-anhaenger-mit-herrenkette-kopie\/#primaryimage"},"image":{"@id":"https:\/\/maiersgoldschmiede.com\/shop\/tanit-auf-ibiza-3d-anhaenger-mit-herrenkette-kopie\/#primaryimage"},"thumbnailUrl":"https:\/\/maiersgoldschmiede.com\/wp-content\/uploads\/2026\/01\/DSC_0220.jpg","datePublished":"2026-03-27T12:21:44+00:00","dateModified":"2026-03-27T12:22:34+00:00","breadcrumb":{"@id":"https:\/\/maiersgoldschmiede.com\/shop\/tanit-auf-ibiza-3d-anhaenger-mit-herrenkette-kopie\/#breadcrumb"},"inLanguage":"es","potentialAction":[{"@type":"ReadAction","target":["https:\/\/maiersgoldschmiede.com\/shop\/tanit-auf-ibiza-3d-anhaenger-mit-herrenkette-kopie\/"]}]},{"@type":"ImageObject","inLanguage":"es","@id":"https:\/\/maiersgoldschmiede.com\/shop\/tanit-auf-ibiza-3d-anhaenger-mit-herrenkette-kopie\/#primaryimage","url":"https:\/\/maiersgoldschmiede.com\/wp-content\/uploads\/2026\/01\/DSC_0220.jpg","contentUrl":"https:\/\/maiersgoldschmiede.com\/wp-content\/uploads\/2026\/01\/DSC_0220.jpg","width":989,"height":1200,"caption":"Tanit auf Ibiza 3D Anh\u00e4nger.www.maiersgoldschmiede.com"},{"@type":"BreadcrumbList","@id":"https:\/\/maiersgoldschmiede.com\/shop\/tanit-auf-ibiza-3d-anhaenger-mit-herrenkette-kopie\/#breadcrumb","itemListElement":[{"@type":"ListItem","position":1,"name":"Startseite","item":"https:\/\/maiersgoldschmiede.com\/es\/"},{"@type":"ListItem","position":2,"name":"Maiers Goldschmiede Shop","item":"https:\/\/maiersgoldschmiede.com\/es\/maiers-goldschmiede-shop\/"},{"@type":"ListItem","position":3,"name":"Tanit auf Ibiza \u2013 3D-Anh\u00e4nger mit Herrenkette (Kopie)"}]},{"@type":"WebSite","@id":"https:\/\/maiersgoldschmiede.com\/es\/#website","url":"https:\/\/maiersgoldschmiede.com\/es\/","name":"Maiers Goldschmiede","description":"Ibiza Goldschmied Werkstatt \u2013 Atelier","publisher":{"@id":"https:\/\/maiersgoldschmiede.com\/es\/#organization"},"potentialAction":[{"@type":"SearchAction","target":{"@type":"EntryPoint","urlTemplate":"https:\/\/maiersgoldschmiede.com\/es\/?s={search_term_string}"},"query-input":{"@type":"PropertyValueSpecification","valueRequired":true,"valueName":"search_term_string"}}],"inLanguage":"es"},{"@type":"Organization","@id":"https:\/\/maiersgoldschmiede.com\/es\/#organization","name":"Maiers Goldschmiede Ibiza","url":"https:\/\/maiersgoldschmiede.com\/es\/","logo":{"@type":"ImageObject","inLanguage":"es","@id":"https:\/\/maiersgoldschmiede.com\/es\/#\/schema\/logo\/image\/","url":"https:\/\/maiersgoldschmiede.com\/wp-content\/uploads\/2017\/05\/logo2.png","contentUrl":"https:\/\/maiersgoldschmiede.com\/wp-content\/uploads\/2017\/05\/logo2.png","width":150,"height":116,"caption":"Maiers Goldschmiede Ibiza"},"image":{"@id":"https:\/\/maiersgoldschmiede.com\/es\/#\/schema\/logo\/image\/"},"sameAs":["https:\/\/www.facebook.com\/MaiersGoldschmiede","https:\/\/www.instagram.com\/maier.reinhard"]}]}},"_links":{"self":[{"href":"https:\/\/maiersgoldschmiede.com\/es\/wp-json\/wp\/v2\/product\/22942","targetHints":{"allow":["GET"]}}],"collection":[{"href":"https:\/\/maiersgoldschmiede.com\/es\/wp-json\/wp\/v2\/product"}],"about":[{"href":"https:\/\/maiersgoldschmiede.com\/es\/wp-json\/wp\/v2\/types\/product"}],"wp:featuredmedia":[{"embeddable":true,"href":"https:\/\/maiersgoldschmiede.com\/es\/wp-json\/wp\/v2\/media\/22564"}],"wp:attachment":[{"href":"https:\/\/maiersgoldschmiede.com\/es\/wp-json\/wp\/v2\/media?parent=22942"}],"wp:term":[{"taxonomy":"product_brand","embeddable":true,"href":"https:\/\/maiersgoldschmiede.com\/es\/wp-json\/wp\/v2\/product_brand?post=22942"},{"taxonomy":"product_cat","embeddable":true,"href":"https:\/\/maiersgoldschmiede.com\/es\/wp-json\/wp\/v2\/product_cat?post=22942"},{"taxonomy":"product_tag","embeddable":true,"href":"https:\/\/maiersgoldschmiede.com\/es\/wp-json\/wp\/v2\/product_tag?post=22942"}],"curies":[{"name":"wp","href":"https:\/\/api.w.org\/{rel}","templated":true}]}}