{"id":6600,"date":"2019-02-15T18:08:51","date_gmt":"2019-03-05T19:33:37","guid":{"rendered":"https:\/\/maiersgoldschmiede.com\/shop\/anillo-geco-de-fibra-de-carbono\/"},"modified":"2019-03-31T22:29:36","modified_gmt":"2019-03-31T20:29:36","slug":"anillo-gecko-en-fibra-de-carbono","status":"publish","type":"product","link":"https:\/\/maiersgoldschmiede.com\/es\/shop\/anillo-gecko-en-fibra-de-carbono\/","title":{"rendered":"Anillo Gecko de fibra de carbono"},"content":{"rendered":"<p>Anillo de fibra de carbono con Gecko para el dedo me\u00f1ique en 925 plata rodiado<\/p>\n<p>con dos brillantes negro de 0,035 quilates, anchura:8,6mm. Gecko: largo 22 mm, peso: 2,2 gr<\/p>\n<p>La parte abierta es para el dedo de a lado para que en ning\u00fan momento se siente alguna molestia!<\/p>\n<p>El tama\u00f1o del anillo es de 58 mm<\/p>\n<p>A petici\u00f3n tambi\u00e9n est\u00e1 disponible en otros tama\u00f1os.<\/p>\n","protected":false},"excerpt":{"rendered":"<p>Anillo de fibra de carbono con Gecko para el dedo me\u00f1ique en 925 plata rodiado con dos brillantes negro de 0,035 quilates, anchura:8,6mm. Gecko: largo 22 mm, peso: 2,2 gr La parte abierta es para el dedo de a lado para que en ning\u00fan momento se siente alguna molestia! El tama\u00f1o del anillo es de<\/p>\n","protected":false},"featured_media":6351,"template":"","meta":{"_exactmetrics_skip_tracking":false,"_exactmetrics_sitenote_active":false,"_exactmetrics_sitenote_note":"","_exactmetrics_sitenote_category":0},"product_brand":[],"product_cat":[612,614,611,613,606,605],"product_tag":[617,616,615],"class_list":{"0":"post-6600","1":"product","2":"type-product","3":"status-publish","4":"has-post-thumbnail","6":"product_cat-anillos","7":"product_cat-carbono","8":"product_cat-coleccion-de-fibra-de-carbono","9":"product_cat-joyas-para-hombre","10":"product_cat-joyas-para-mujer","11":"product_cat-novedades","12":"product_tag-anillo","13":"product_tag-carbono","14":"product_tag-gecko-es","15":"pa_collection-carbon-collection","17":"first","18":"instock","19":"taxable","20":"shipping-taxable","21":"purchasable","22":"product-type-simple","23":"prodpage-style3"},"yoast_head":"<!-- This site is optimized with the Yoast SEO plugin v26.1.1 - https:\/\/yoast.com\/wordpress\/plugins\/seo\/ -->\n<title>Anillo Gecko de fibra de carbono - Maiers Goldschmiede<\/title>\n<meta name=\"robots\" content=\"index, follow, max-snippet:-1, max-image-preview:large, max-video-preview:-1\" \/>\n<link rel=\"canonical\" href=\"https:\/\/maiersgoldschmiede.com\/es\/shop\/anillo-gecko-en-fibra-de-carbono\/\" \/>\n<meta property=\"og:locale\" content=\"es_ES\" \/>\n<meta property=\"og:type\" content=\"article\" \/>\n<meta property=\"og:title\" content=\"Anillo Gecko de fibra de carbono - Maiers Goldschmiede\" \/>\n<meta property=\"og:description\" content=\"Anillo de fibra de carbono con Gecko para el dedo me\u00f1ique en 925 plata rodiado con dos brillantes negro de 0,035 quilates, anchura:8,6mm. Gecko: largo 22 mm, peso: 2,2 gr La parte abierta es para el dedo de a lado para que en ning\u00fan momento se siente alguna molestia! El tama\u00f1o del anillo es de\" \/>\n<meta property=\"og:url\" content=\"https:\/\/maiersgoldschmiede.com\/es\/shop\/anillo-gecko-en-fibra-de-carbono\/\" \/>\n<meta property=\"og:site_name\" content=\"Maiers Goldschmiede\" \/>\n<meta property=\"article:publisher\" content=\"https:\/\/www.facebook.com\/MaiersGoldschmiede\" \/>\n<meta property=\"article:modified_time\" content=\"2019-03-31T20:29:36+00:00\" \/>\n<meta property=\"og:image\" content=\"https:\/\/maiersgoldschmiede.com\/wp-content\/uploads\/2019\/02\/Gecko-auf-Carbonring-offen-15.02.19-6.jpg\" \/>\n\t<meta property=\"og:image:width\" content=\"1200\" \/>\n\t<meta property=\"og:image:height\" content=\"871\" \/>\n\t<meta property=\"og:image:type\" content=\"image\/jpeg\" \/>\n<meta name=\"twitter:card\" content=\"summary_large_image\" \/>\n<script type=\"application\/ld+json\" class=\"yoast-schema-graph\">{\"@context\":\"https:\/\/schema.org\",\"@graph\":[{\"@type\":\"WebPage\",\"@id\":\"https:\/\/maiersgoldschmiede.com\/es\/shop\/anillo-gecko-en-fibra-de-carbono\/\",\"url\":\"https:\/\/maiersgoldschmiede.com\/es\/shop\/anillo-gecko-en-fibra-de-carbono\/\",\"name\":\"Anillo Gecko de fibra de carbono - Maiers Goldschmiede\",\"isPartOf\":{\"@id\":\"https:\/\/maiersgoldschmiede.com\/es\/#website\"},\"primaryImageOfPage\":{\"@id\":\"https:\/\/maiersgoldschmiede.com\/es\/shop\/anillo-gecko-en-fibra-de-carbono\/#primaryimage\"},\"image\":{\"@id\":\"https:\/\/maiersgoldschmiede.com\/es\/shop\/anillo-gecko-en-fibra-de-carbono\/#primaryimage\"},\"thumbnailUrl\":\"https:\/\/maiersgoldschmiede.com\/wp-content\/uploads\/2019\/02\/Gecko-auf-Carbonring-offen-15.02.19-6.jpg\",\"datePublished\":\"2019-03-05T19:33:37+00:00\",\"dateModified\":\"2019-03-31T20:29:36+00:00\",\"breadcrumb\":{\"@id\":\"https:\/\/maiersgoldschmiede.com\/es\/shop\/anillo-gecko-en-fibra-de-carbono\/#breadcrumb\"},\"inLanguage\":\"es\",\"potentialAction\":[{\"@type\":\"ReadAction\",\"target\":[\"https:\/\/maiersgoldschmiede.com\/es\/shop\/anillo-gecko-en-fibra-de-carbono\/\"]}]},{\"@type\":\"ImageObject\",\"inLanguage\":\"es\",\"@id\":\"https:\/\/maiersgoldschmiede.com\/es\/shop\/anillo-gecko-en-fibra-de-carbono\/#primaryimage\",\"url\":\"https:\/\/maiersgoldschmiede.com\/wp-content\/uploads\/2019\/02\/Gecko-auf-Carbonring-offen-15.02.19-6.jpg\",\"contentUrl\":\"https:\/\/maiersgoldschmiede.com\/wp-content\/uploads\/2019\/02\/Gecko-auf-Carbonring-offen-15.02.19-6.jpg\",\"width\":1200,\"height\":871,\"caption\":\"Anillo Gecko de fibra de carbono\"},{\"@type\":\"BreadcrumbList\",\"@id\":\"https:\/\/maiersgoldschmiede.com\/es\/shop\/anillo-gecko-en-fibra-de-carbono\/#breadcrumb\",\"itemListElement\":[{\"@type\":\"ListItem\",\"position\":1,\"name\":\"Startseite\",\"item\":\"https:\/\/maiersgoldschmiede.com\/es\/\"},{\"@type\":\"ListItem\",\"position\":2,\"name\":\"Maiers Goldschmiede Shop\",\"item\":\"https:\/\/maiersgoldschmiede.com\/es\/maiers-goldschmiede-shop\/\"},{\"@type\":\"ListItem\",\"position\":3,\"name\":\"Anillo Gecko de fibra de carbono\"}]},{\"@type\":\"WebSite\",\"@id\":\"https:\/\/maiersgoldschmiede.com\/es\/#website\",\"url\":\"https:\/\/maiersgoldschmiede.com\/es\/\",\"name\":\"Maiers Goldschmiede\",\"description\":\"Ibiza Goldschmied Werkstatt \u2013 Atelier\",\"publisher\":{\"@id\":\"https:\/\/maiersgoldschmiede.com\/es\/#organization\"},\"potentialAction\":[{\"@type\":\"SearchAction\",\"target\":{\"@type\":\"EntryPoint\",\"urlTemplate\":\"https:\/\/maiersgoldschmiede.com\/es\/?s={search_term_string}\"},\"query-input\":{\"@type\":\"PropertyValueSpecification\",\"valueRequired\":true,\"valueName\":\"search_term_string\"}}],\"inLanguage\":\"es\"},{\"@type\":\"Organization\",\"@id\":\"https:\/\/maiersgoldschmiede.com\/es\/#organization\",\"name\":\"Maiers Goldschmiede Ibiza\",\"url\":\"https:\/\/maiersgoldschmiede.com\/es\/\",\"logo\":{\"@type\":\"ImageObject\",\"inLanguage\":\"es\",\"@id\":\"https:\/\/maiersgoldschmiede.com\/es\/#\/schema\/logo\/image\/\",\"url\":\"https:\/\/maiersgoldschmiede.com\/wp-content\/uploads\/2017\/05\/logo2.png\",\"contentUrl\":\"https:\/\/maiersgoldschmiede.com\/wp-content\/uploads\/2017\/05\/logo2.png\",\"width\":150,\"height\":116,\"caption\":\"Maiers Goldschmiede Ibiza\"},\"image\":{\"@id\":\"https:\/\/maiersgoldschmiede.com\/es\/#\/schema\/logo\/image\/\"},\"sameAs\":[\"https:\/\/www.facebook.com\/MaiersGoldschmiede\",\"https:\/\/www.instagram.com\/maier.reinhard\"]}]}<\/script>\n<!-- \/ Yoast SEO plugin. -->","yoast_head_json":{"title":"Anillo Gecko de fibra de carbono - Maiers Goldschmiede","robots":{"index":"index","follow":"follow","max-snippet":"max-snippet:-1","max-image-preview":"max-image-preview:large","max-video-preview":"max-video-preview:-1"},"canonical":"https:\/\/maiersgoldschmiede.com\/es\/shop\/anillo-gecko-en-fibra-de-carbono\/","og_locale":"es_ES","og_type":"article","og_title":"Anillo Gecko de fibra de carbono - Maiers Goldschmiede","og_description":"Anillo de fibra de carbono con Gecko para el dedo me\u00f1ique en 925 plata rodiado con dos brillantes negro de 0,035 quilates, anchura:8,6mm. Gecko: largo 22 mm, peso: 2,2 gr La parte abierta es para el dedo de a lado para que en ning\u00fan momento se siente alguna molestia! El tama\u00f1o del anillo es de","og_url":"https:\/\/maiersgoldschmiede.com\/es\/shop\/anillo-gecko-en-fibra-de-carbono\/","og_site_name":"Maiers Goldschmiede","article_publisher":"https:\/\/www.facebook.com\/MaiersGoldschmiede","article_modified_time":"2019-03-31T20:29:36+00:00","og_image":[{"width":1200,"height":871,"url":"https:\/\/maiersgoldschmiede.com\/wp-content\/uploads\/2019\/02\/Gecko-auf-Carbonring-offen-15.02.19-6.jpg","type":"image\/jpeg"}],"twitter_card":"summary_large_image","schema":{"@context":"https:\/\/schema.org","@graph":[{"@type":"WebPage","@id":"https:\/\/maiersgoldschmiede.com\/es\/shop\/anillo-gecko-en-fibra-de-carbono\/","url":"https:\/\/maiersgoldschmiede.com\/es\/shop\/anillo-gecko-en-fibra-de-carbono\/","name":"Anillo Gecko de fibra de carbono - Maiers Goldschmiede","isPartOf":{"@id":"https:\/\/maiersgoldschmiede.com\/es\/#website"},"primaryImageOfPage":{"@id":"https:\/\/maiersgoldschmiede.com\/es\/shop\/anillo-gecko-en-fibra-de-carbono\/#primaryimage"},"image":{"@id":"https:\/\/maiersgoldschmiede.com\/es\/shop\/anillo-gecko-en-fibra-de-carbono\/#primaryimage"},"thumbnailUrl":"https:\/\/maiersgoldschmiede.com\/wp-content\/uploads\/2019\/02\/Gecko-auf-Carbonring-offen-15.02.19-6.jpg","datePublished":"2019-03-05T19:33:37+00:00","dateModified":"2019-03-31T20:29:36+00:00","breadcrumb":{"@id":"https:\/\/maiersgoldschmiede.com\/es\/shop\/anillo-gecko-en-fibra-de-carbono\/#breadcrumb"},"inLanguage":"es","potentialAction":[{"@type":"ReadAction","target":["https:\/\/maiersgoldschmiede.com\/es\/shop\/anillo-gecko-en-fibra-de-carbono\/"]}]},{"@type":"ImageObject","inLanguage":"es","@id":"https:\/\/maiersgoldschmiede.com\/es\/shop\/anillo-gecko-en-fibra-de-carbono\/#primaryimage","url":"https:\/\/maiersgoldschmiede.com\/wp-content\/uploads\/2019\/02\/Gecko-auf-Carbonring-offen-15.02.19-6.jpg","contentUrl":"https:\/\/maiersgoldschmiede.com\/wp-content\/uploads\/2019\/02\/Gecko-auf-Carbonring-offen-15.02.19-6.jpg","width":1200,"height":871,"caption":"Anillo Gecko de fibra de carbono"},{"@type":"BreadcrumbList","@id":"https:\/\/maiersgoldschmiede.com\/es\/shop\/anillo-gecko-en-fibra-de-carbono\/#breadcrumb","itemListElement":[{"@type":"ListItem","position":1,"name":"Startseite","item":"https:\/\/maiersgoldschmiede.com\/es\/"},{"@type":"ListItem","position":2,"name":"Maiers Goldschmiede Shop","item":"https:\/\/maiersgoldschmiede.com\/es\/maiers-goldschmiede-shop\/"},{"@type":"ListItem","position":3,"name":"Anillo Gecko de fibra de carbono"}]},{"@type":"WebSite","@id":"https:\/\/maiersgoldschmiede.com\/es\/#website","url":"https:\/\/maiersgoldschmiede.com\/es\/","name":"Maiers Goldschmiede","description":"Ibiza Goldschmied Werkstatt \u2013 Atelier","publisher":{"@id":"https:\/\/maiersgoldschmiede.com\/es\/#organization"},"potentialAction":[{"@type":"SearchAction","target":{"@type":"EntryPoint","urlTemplate":"https:\/\/maiersgoldschmiede.com\/es\/?s={search_term_string}"},"query-input":{"@type":"PropertyValueSpecification","valueRequired":true,"valueName":"search_term_string"}}],"inLanguage":"es"},{"@type":"Organization","@id":"https:\/\/maiersgoldschmiede.com\/es\/#organization","name":"Maiers Goldschmiede Ibiza","url":"https:\/\/maiersgoldschmiede.com\/es\/","logo":{"@type":"ImageObject","inLanguage":"es","@id":"https:\/\/maiersgoldschmiede.com\/es\/#\/schema\/logo\/image\/","url":"https:\/\/maiersgoldschmiede.com\/wp-content\/uploads\/2017\/05\/logo2.png","contentUrl":"https:\/\/maiersgoldschmiede.com\/wp-content\/uploads\/2017\/05\/logo2.png","width":150,"height":116,"caption":"Maiers Goldschmiede Ibiza"},"image":{"@id":"https:\/\/maiersgoldschmiede.com\/es\/#\/schema\/logo\/image\/"},"sameAs":["https:\/\/www.facebook.com\/MaiersGoldschmiede","https:\/\/www.instagram.com\/maier.reinhard"]}]}},"_links":{"self":[{"href":"https:\/\/maiersgoldschmiede.com\/es\/wp-json\/wp\/v2\/product\/6600","targetHints":{"allow":["GET"]}}],"collection":[{"href":"https:\/\/maiersgoldschmiede.com\/es\/wp-json\/wp\/v2\/product"}],"about":[{"href":"https:\/\/maiersgoldschmiede.com\/es\/wp-json\/wp\/v2\/types\/product"}],"wp:featuredmedia":[{"embeddable":true,"href":"https:\/\/maiersgoldschmiede.com\/es\/wp-json\/wp\/v2\/media\/6351"}],"wp:attachment":[{"href":"https:\/\/maiersgoldschmiede.com\/es\/wp-json\/wp\/v2\/media?parent=6600"}],"wp:term":[{"taxonomy":"product_brand","embeddable":true,"href":"https:\/\/maiersgoldschmiede.com\/es\/wp-json\/wp\/v2\/product_brand?post=6600"},{"taxonomy":"product_cat","embeddable":true,"href":"https:\/\/maiersgoldschmiede.com\/es\/wp-json\/wp\/v2\/product_cat?post=6600"},{"taxonomy":"product_tag","embeddable":true,"href":"https:\/\/maiersgoldschmiede.com\/es\/wp-json\/wp\/v2\/product_tag?post=6600"}],"curies":[{"name":"wp","href":"https:\/\/api.w.org\/{rel}","templated":true}]}}