{"id":6664,"date":"2019-01-14T17:04:26","date_gmt":"2019-03-07T16:46:40","guid":{"rendered":"https:\/\/maiersgoldschmiede.com\/shop\/anillo-de-fibra-de-carbono-con-circonita\/"},"modified":"2019-03-07T17:46:40","modified_gmt":"2019-03-07T16:46:40","slug":"anillo-de-fibra-de-carbono-tensado-con-circonita","status":"publish","type":"product","link":"https:\/\/maiersgoldschmiede.com\/es\/shop\/anillo-de-fibra-de-carbono-tensado-con-circonita\/","title":{"rendered":"Anillo de fibra de carbono con circonita"},"content":{"rendered":"<p>Circonita naranja talla princesa,<\/p>\n<p>Tama\u00f1o: 5 x 5 mm.<\/p>\n<p>Montura del anillo: ancho 8 mm.<\/p>\n<p>Tama\u00f1o: 49 mm<\/p>\n<p>Tambi\u00e9n disponible en otro tama\u00f1os bajo petici\u00f3n!<\/p>\n<p>&nbsp;<\/p>\n","protected":false},"excerpt":{"rendered":"<p>Circonita naranja talla princesa, Tama\u00f1o: 5 x 5 mm. Montura del anillo: ancho 8 mm. Tama\u00f1o: 49 mm Tambi\u00e9n disponible en otro tama\u00f1os bajo petici\u00f3n! &nbsp;<\/p>\n","protected":false},"featured_media":5984,"template":"","meta":{"_exactmetrics_skip_tracking":false,"_exactmetrics_sitenote_active":false,"_exactmetrics_sitenote_note":"","_exactmetrics_sitenote_category":0},"product_brand":[],"product_cat":[612,614,611,613,606,605],"product_tag":[631,616],"class_list":{"0":"post-6664","1":"product","2":"type-product","3":"status-publish","4":"has-post-thumbnail","6":"product_cat-anillos","7":"product_cat-carbono","8":"product_cat-coleccion-de-fibra-de-carbono","9":"product_cat-joyas-para-hombre","10":"product_cat-joyas-para-mujer","11":"product_cat-novedades","12":"product_tag-anillo-tensado","13":"product_tag-carbono","14":"pa_collection-carbon-collection-es","16":"first","17":"instock","18":"taxable","19":"shipping-taxable","20":"purchasable","21":"product-type-simple","22":"prodpage-style3"},"yoast_head":"<!-- This site is optimized with the Yoast SEO plugin v26.1.1 - https:\/\/yoast.com\/wordpress\/plugins\/seo\/ -->\n<title>Anillo de fibra de carbono con circonita - Maiers Goldschmiede<\/title>\n<meta name=\"robots\" content=\"index, follow, max-snippet:-1, max-image-preview:large, max-video-preview:-1\" \/>\n<link rel=\"canonical\" href=\"https:\/\/maiersgoldschmiede.com\/es\/shop\/anillo-de-fibra-de-carbono-tensado-con-circonita\/\" \/>\n<meta property=\"og:locale\" content=\"es_ES\" \/>\n<meta property=\"og:type\" content=\"article\" \/>\n<meta property=\"og:title\" content=\"Anillo de fibra de carbono con circonita - Maiers Goldschmiede\" \/>\n<meta property=\"og:description\" content=\"Circonita naranja talla princesa, Tama\u00f1o: 5 x 5 mm. Montura del anillo: ancho 8 mm. Tama\u00f1o: 49 mm Tambi\u00e9n disponible en otro tama\u00f1os bajo petici\u00f3n! &nbsp;\" \/>\n<meta property=\"og:url\" content=\"https:\/\/maiersgoldschmiede.com\/es\/shop\/anillo-de-fibra-de-carbono-tensado-con-circonita\/\" \/>\n<meta property=\"og:site_name\" content=\"Maiers Goldschmiede\" \/>\n<meta property=\"article:publisher\" content=\"https:\/\/www.facebook.com\/MaiersGoldschmiede\" \/>\n<meta property=\"og:image\" content=\"https:\/\/maiersgoldschmiede.com\/wp-content\/uploads\/2019\/01\/Carbon-Zirconia-13.01.19.jpg\" \/>\n\t<meta property=\"og:image:width\" content=\"1200\" \/>\n\t<meta property=\"og:image:height\" content=\"756\" \/>\n\t<meta property=\"og:image:type\" content=\"image\/jpeg\" \/>\n<meta name=\"twitter:card\" content=\"summary_large_image\" \/>\n<script type=\"application\/ld+json\" class=\"yoast-schema-graph\">{\"@context\":\"https:\/\/schema.org\",\"@graph\":[{\"@type\":\"WebPage\",\"@id\":\"https:\/\/maiersgoldschmiede.com\/es\/shop\/anillo-de-fibra-de-carbono-tensado-con-circonita\/\",\"url\":\"https:\/\/maiersgoldschmiede.com\/es\/shop\/anillo-de-fibra-de-carbono-tensado-con-circonita\/\",\"name\":\"Anillo de fibra de carbono con circonita - Maiers Goldschmiede\",\"isPartOf\":{\"@id\":\"https:\/\/maiersgoldschmiede.com\/es\/#website\"},\"primaryImageOfPage\":{\"@id\":\"https:\/\/maiersgoldschmiede.com\/es\/shop\/anillo-de-fibra-de-carbono-tensado-con-circonita\/#primaryimage\"},\"image\":{\"@id\":\"https:\/\/maiersgoldschmiede.com\/es\/shop\/anillo-de-fibra-de-carbono-tensado-con-circonita\/#primaryimage\"},\"thumbnailUrl\":\"https:\/\/maiersgoldschmiede.com\/wp-content\/uploads\/2019\/01\/Carbon-Zirconia-13.01.19.jpg\",\"datePublished\":\"2019-03-07T16:46:40+00:00\",\"breadcrumb\":{\"@id\":\"https:\/\/maiersgoldschmiede.com\/es\/shop\/anillo-de-fibra-de-carbono-tensado-con-circonita\/#breadcrumb\"},\"inLanguage\":\"es\",\"potentialAction\":[{\"@type\":\"ReadAction\",\"target\":[\"https:\/\/maiersgoldschmiede.com\/es\/shop\/anillo-de-fibra-de-carbono-tensado-con-circonita\/\"]}]},{\"@type\":\"ImageObject\",\"inLanguage\":\"es\",\"@id\":\"https:\/\/maiersgoldschmiede.com\/es\/shop\/anillo-de-fibra-de-carbono-tensado-con-circonita\/#primaryimage\",\"url\":\"https:\/\/maiersgoldschmiede.com\/wp-content\/uploads\/2019\/01\/Carbon-Zirconia-13.01.19.jpg\",\"contentUrl\":\"https:\/\/maiersgoldschmiede.com\/wp-content\/uploads\/2019\/01\/Carbon-Zirconia-13.01.19.jpg\",\"width\":1200,\"height\":756,\"caption\":\"Anillo de fibra de carbono con circonita\"},{\"@type\":\"BreadcrumbList\",\"@id\":\"https:\/\/maiersgoldschmiede.com\/es\/shop\/anillo-de-fibra-de-carbono-tensado-con-circonita\/#breadcrumb\",\"itemListElement\":[{\"@type\":\"ListItem\",\"position\":1,\"name\":\"Startseite\",\"item\":\"https:\/\/maiersgoldschmiede.com\/es\/\"},{\"@type\":\"ListItem\",\"position\":2,\"name\":\"Maiers Goldschmiede Shop\",\"item\":\"https:\/\/maiersgoldschmiede.com\/es\/maiers-goldschmiede-shop\/\"},{\"@type\":\"ListItem\",\"position\":3,\"name\":\"Anillo de fibra de carbono con circonita\"}]},{\"@type\":\"WebSite\",\"@id\":\"https:\/\/maiersgoldschmiede.com\/es\/#website\",\"url\":\"https:\/\/maiersgoldschmiede.com\/es\/\",\"name\":\"Maiers Goldschmiede\",\"description\":\"Ibiza Goldschmied Werkstatt \u2013 Atelier\",\"publisher\":{\"@id\":\"https:\/\/maiersgoldschmiede.com\/es\/#organization\"},\"potentialAction\":[{\"@type\":\"SearchAction\",\"target\":{\"@type\":\"EntryPoint\",\"urlTemplate\":\"https:\/\/maiersgoldschmiede.com\/es\/?s={search_term_string}\"},\"query-input\":{\"@type\":\"PropertyValueSpecification\",\"valueRequired\":true,\"valueName\":\"search_term_string\"}}],\"inLanguage\":\"es\"},{\"@type\":\"Organization\",\"@id\":\"https:\/\/maiersgoldschmiede.com\/es\/#organization\",\"name\":\"Maiers Goldschmiede Ibiza\",\"url\":\"https:\/\/maiersgoldschmiede.com\/es\/\",\"logo\":{\"@type\":\"ImageObject\",\"inLanguage\":\"es\",\"@id\":\"https:\/\/maiersgoldschmiede.com\/es\/#\/schema\/logo\/image\/\",\"url\":\"https:\/\/maiersgoldschmiede.com\/wp-content\/uploads\/2017\/05\/logo2.png\",\"contentUrl\":\"https:\/\/maiersgoldschmiede.com\/wp-content\/uploads\/2017\/05\/logo2.png\",\"width\":150,\"height\":116,\"caption\":\"Maiers Goldschmiede Ibiza\"},\"image\":{\"@id\":\"https:\/\/maiersgoldschmiede.com\/es\/#\/schema\/logo\/image\/\"},\"sameAs\":[\"https:\/\/www.facebook.com\/MaiersGoldschmiede\",\"https:\/\/www.instagram.com\/maier.reinhard\"]}]}<\/script>\n<!-- \/ Yoast SEO plugin. -->","yoast_head_json":{"title":"Anillo de fibra de carbono con circonita - Maiers Goldschmiede","robots":{"index":"index","follow":"follow","max-snippet":"max-snippet:-1","max-image-preview":"max-image-preview:large","max-video-preview":"max-video-preview:-1"},"canonical":"https:\/\/maiersgoldschmiede.com\/es\/shop\/anillo-de-fibra-de-carbono-tensado-con-circonita\/","og_locale":"es_ES","og_type":"article","og_title":"Anillo de fibra de carbono con circonita - Maiers Goldschmiede","og_description":"Circonita naranja talla princesa, Tama\u00f1o: 5 x 5 mm. Montura del anillo: ancho 8 mm. Tama\u00f1o: 49 mm Tambi\u00e9n disponible en otro tama\u00f1os bajo petici\u00f3n! &nbsp;","og_url":"https:\/\/maiersgoldschmiede.com\/es\/shop\/anillo-de-fibra-de-carbono-tensado-con-circonita\/","og_site_name":"Maiers Goldschmiede","article_publisher":"https:\/\/www.facebook.com\/MaiersGoldschmiede","og_image":[{"width":1200,"height":756,"url":"https:\/\/maiersgoldschmiede.com\/wp-content\/uploads\/2019\/01\/Carbon-Zirconia-13.01.19.jpg","type":"image\/jpeg"}],"twitter_card":"summary_large_image","schema":{"@context":"https:\/\/schema.org","@graph":[{"@type":"WebPage","@id":"https:\/\/maiersgoldschmiede.com\/es\/shop\/anillo-de-fibra-de-carbono-tensado-con-circonita\/","url":"https:\/\/maiersgoldschmiede.com\/es\/shop\/anillo-de-fibra-de-carbono-tensado-con-circonita\/","name":"Anillo de fibra de carbono con circonita - Maiers Goldschmiede","isPartOf":{"@id":"https:\/\/maiersgoldschmiede.com\/es\/#website"},"primaryImageOfPage":{"@id":"https:\/\/maiersgoldschmiede.com\/es\/shop\/anillo-de-fibra-de-carbono-tensado-con-circonita\/#primaryimage"},"image":{"@id":"https:\/\/maiersgoldschmiede.com\/es\/shop\/anillo-de-fibra-de-carbono-tensado-con-circonita\/#primaryimage"},"thumbnailUrl":"https:\/\/maiersgoldschmiede.com\/wp-content\/uploads\/2019\/01\/Carbon-Zirconia-13.01.19.jpg","datePublished":"2019-03-07T16:46:40+00:00","breadcrumb":{"@id":"https:\/\/maiersgoldschmiede.com\/es\/shop\/anillo-de-fibra-de-carbono-tensado-con-circonita\/#breadcrumb"},"inLanguage":"es","potentialAction":[{"@type":"ReadAction","target":["https:\/\/maiersgoldschmiede.com\/es\/shop\/anillo-de-fibra-de-carbono-tensado-con-circonita\/"]}]},{"@type":"ImageObject","inLanguage":"es","@id":"https:\/\/maiersgoldschmiede.com\/es\/shop\/anillo-de-fibra-de-carbono-tensado-con-circonita\/#primaryimage","url":"https:\/\/maiersgoldschmiede.com\/wp-content\/uploads\/2019\/01\/Carbon-Zirconia-13.01.19.jpg","contentUrl":"https:\/\/maiersgoldschmiede.com\/wp-content\/uploads\/2019\/01\/Carbon-Zirconia-13.01.19.jpg","width":1200,"height":756,"caption":"Anillo de fibra de carbono con circonita"},{"@type":"BreadcrumbList","@id":"https:\/\/maiersgoldschmiede.com\/es\/shop\/anillo-de-fibra-de-carbono-tensado-con-circonita\/#breadcrumb","itemListElement":[{"@type":"ListItem","position":1,"name":"Startseite","item":"https:\/\/maiersgoldschmiede.com\/es\/"},{"@type":"ListItem","position":2,"name":"Maiers Goldschmiede Shop","item":"https:\/\/maiersgoldschmiede.com\/es\/maiers-goldschmiede-shop\/"},{"@type":"ListItem","position":3,"name":"Anillo de fibra de carbono con circonita"}]},{"@type":"WebSite","@id":"https:\/\/maiersgoldschmiede.com\/es\/#website","url":"https:\/\/maiersgoldschmiede.com\/es\/","name":"Maiers Goldschmiede","description":"Ibiza Goldschmied Werkstatt \u2013 Atelier","publisher":{"@id":"https:\/\/maiersgoldschmiede.com\/es\/#organization"},"potentialAction":[{"@type":"SearchAction","target":{"@type":"EntryPoint","urlTemplate":"https:\/\/maiersgoldschmiede.com\/es\/?s={search_term_string}"},"query-input":{"@type":"PropertyValueSpecification","valueRequired":true,"valueName":"search_term_string"}}],"inLanguage":"es"},{"@type":"Organization","@id":"https:\/\/maiersgoldschmiede.com\/es\/#organization","name":"Maiers Goldschmiede Ibiza","url":"https:\/\/maiersgoldschmiede.com\/es\/","logo":{"@type":"ImageObject","inLanguage":"es","@id":"https:\/\/maiersgoldschmiede.com\/es\/#\/schema\/logo\/image\/","url":"https:\/\/maiersgoldschmiede.com\/wp-content\/uploads\/2017\/05\/logo2.png","contentUrl":"https:\/\/maiersgoldschmiede.com\/wp-content\/uploads\/2017\/05\/logo2.png","width":150,"height":116,"caption":"Maiers Goldschmiede Ibiza"},"image":{"@id":"https:\/\/maiersgoldschmiede.com\/es\/#\/schema\/logo\/image\/"},"sameAs":["https:\/\/www.facebook.com\/MaiersGoldschmiede","https:\/\/www.instagram.com\/maier.reinhard"]}]}},"_links":{"self":[{"href":"https:\/\/maiersgoldschmiede.com\/es\/wp-json\/wp\/v2\/product\/6664","targetHints":{"allow":["GET"]}}],"collection":[{"href":"https:\/\/maiersgoldschmiede.com\/es\/wp-json\/wp\/v2\/product"}],"about":[{"href":"https:\/\/maiersgoldschmiede.com\/es\/wp-json\/wp\/v2\/types\/product"}],"wp:featuredmedia":[{"embeddable":true,"href":"https:\/\/maiersgoldschmiede.com\/es\/wp-json\/wp\/v2\/media\/5984"}],"wp:attachment":[{"href":"https:\/\/maiersgoldschmiede.com\/es\/wp-json\/wp\/v2\/media?parent=6664"}],"wp:term":[{"taxonomy":"product_brand","embeddable":true,"href":"https:\/\/maiersgoldschmiede.com\/es\/wp-json\/wp\/v2\/product_brand?post=6664"},{"taxonomy":"product_cat","embeddable":true,"href":"https:\/\/maiersgoldschmiede.com\/es\/wp-json\/wp\/v2\/product_cat?post=6664"},{"taxonomy":"product_tag","embeddable":true,"href":"https:\/\/maiersgoldschmiede.com\/es\/wp-json\/wp\/v2\/product_tag?post=6664"}],"curies":[{"name":"wp","href":"https:\/\/api.w.org\/{rel}","templated":true}]}}