{"id":6676,"date":"2018-11-08T16:16:22","date_gmt":"2019-03-07T19:00:56","guid":{"rendered":"https:\/\/maiersgoldschmiede.com\/shop\/gecko-saliendo-de-colgante-de-amonita\/"},"modified":"2019-03-07T20:00:56","modified_gmt":"2019-03-07T19:00:56","slug":"colgante-de-gecko-en-amonita","status":"publish","type":"product","link":"https:\/\/maiersgoldschmiede.com\/es\/shop\/colgante-de-gecko-en-amonita\/","title":{"rendered":"Gecko saliendo de colgante de amonita"},"content":{"rendered":"<p>Colgante en 925 plata, Gecko &#8211; ba\u00f1ado en oro saliendo de amonita con 2 brillantes negros en los ojos, 0,05 quilates<\/p>\n<p>Peso: 42 gr. Largo: 45 mm, Ancho: 35 mm,<\/p>\n<p>Cord\u00f3n de cuero ajustable (3 mm) marr\u00f3n oscuro, largo: 64 cm con dos Geckos en los finales 925 ba\u00f1ado en oro<\/p>\n<p><strong>Las amonitas eran criaturas depredadoras parecidas a los calamares que viv\u00edan en el interior de conchas con forma de espiral. Existieron en los mares hace unos 400 millones de a\u00f1os. Gracias a su r\u00e1pida evoluci\u00f3n y distribuci\u00f3n mundial son excelentes f\u00f3siles usadas en este caso para crear unas piezas \u00fanicas.<\/strong><\/p>\n","protected":false},"excerpt":{"rendered":"<p>Colgante en 925 plata, Gecko &#8211; ba\u00f1ado en oro saliendo de amonita con 2 brillantes negros en los ojos, 0,05 quilates Peso: 42 gr. Largo: 45 mm, Ancho: 35 mm, Cord\u00f3n de cuero ajustable (3 mm) marr\u00f3n oscuro, largo: 64 cm con dos Geckos en los finales 925 ba\u00f1ado en oro Las amonitas eran criaturas<\/p>\n","protected":false},"featured_media":4418,"template":"","meta":{"_exactmetrics_skip_tracking":false,"_exactmetrics_sitenote_active":false,"_exactmetrics_sitenote_note":"","_exactmetrics_sitenote_category":0},"product_brand":[],"product_cat":[632,620,607,606,621,608],"product_tag":[648,609,615],"class_list":{"0":"post-6676","1":"product","2":"type-product","3":"status-publish","4":"has-post-thumbnail","6":"product_cat-coleccion-de-diseno","7":"product_cat-coleccion-de-geckos","8":"product_cat-collares","9":"product_cat-joyas-para-mujer","10":"product_cat-piezas-unicas","11":"product_cat-plata","12":"product_tag-amonita","13":"product_tag-colgante","14":"product_tag-gecko-es","15":"pa_collection-design-collection-es","17":"first","18":"instock","19":"taxable","20":"shipping-taxable","21":"purchasable","22":"product-type-simple","23":"prodpage-style3"},"yoast_head":"<!-- This site is optimized with the Yoast SEO plugin v26.1.1 - https:\/\/yoast.com\/wordpress\/plugins\/seo\/ -->\n<title>Gecko saliendo de colgante de amonita - Maiers Goldschmiede<\/title>\n<meta name=\"robots\" content=\"index, follow, max-snippet:-1, max-image-preview:large, max-video-preview:-1\" \/>\n<link rel=\"canonical\" href=\"https:\/\/maiersgoldschmiede.com\/es\/shop\/colgante-de-gecko-en-amonita\/\" \/>\n<meta property=\"og:locale\" content=\"es_ES\" \/>\n<meta property=\"og:type\" content=\"article\" \/>\n<meta property=\"og:title\" content=\"Gecko saliendo de colgante de amonita - Maiers Goldschmiede\" \/>\n<meta property=\"og:description\" content=\"Colgante en 925 plata, Gecko &#8211; ba\u00f1ado en oro saliendo de amonita con 2 brillantes negros en los ojos, 0,05 quilates Peso: 42 gr. Largo: 45 mm, Ancho: 35 mm, Cord\u00f3n de cuero ajustable (3 mm) marr\u00f3n oscuro, largo: 64 cm con dos Geckos en los finales 925 ba\u00f1ado en oro Las amonitas eran criaturas\" \/>\n<meta property=\"og:url\" content=\"https:\/\/maiersgoldschmiede.com\/es\/shop\/colgante-de-gecko-en-amonita\/\" \/>\n<meta property=\"og:site_name\" content=\"Maiers Goldschmiede\" \/>\n<meta property=\"article:publisher\" content=\"https:\/\/www.facebook.com\/MaiersGoldschmiede\" \/>\n<meta property=\"og:image\" content=\"https:\/\/maiersgoldschmiede.com\/wp-content\/uploads\/2018\/11\/Gecko-2-Anh\u00e4nger-04.11.jpg\" \/>\n\t<meta property=\"og:image:width\" content=\"1200\" \/>\n\t<meta property=\"og:image:height\" content=\"1155\" \/>\n\t<meta property=\"og:image:type\" content=\"image\/jpeg\" \/>\n<meta name=\"twitter:card\" content=\"summary_large_image\" \/>\n<meta name=\"twitter:label1\" content=\"Tiempo de lectura\" \/>\n\t<meta name=\"twitter:data1\" content=\"1 minuto\" \/>\n<script type=\"application\/ld+json\" class=\"yoast-schema-graph\">{\"@context\":\"https:\/\/schema.org\",\"@graph\":[{\"@type\":\"WebPage\",\"@id\":\"https:\/\/maiersgoldschmiede.com\/es\/shop\/colgante-de-gecko-en-amonita\/\",\"url\":\"https:\/\/maiersgoldschmiede.com\/es\/shop\/colgante-de-gecko-en-amonita\/\",\"name\":\"Gecko saliendo de colgante de amonita - Maiers Goldschmiede\",\"isPartOf\":{\"@id\":\"https:\/\/maiersgoldschmiede.com\/es\/#website\"},\"primaryImageOfPage\":{\"@id\":\"https:\/\/maiersgoldschmiede.com\/es\/shop\/colgante-de-gecko-en-amonita\/#primaryimage\"},\"image\":{\"@id\":\"https:\/\/maiersgoldschmiede.com\/es\/shop\/colgante-de-gecko-en-amonita\/#primaryimage\"},\"thumbnailUrl\":\"https:\/\/maiersgoldschmiede.com\/wp-content\/uploads\/2018\/11\/Gecko-2-Anh\u00e4nger-04.11.jpg\",\"datePublished\":\"2019-03-07T19:00:56+00:00\",\"breadcrumb\":{\"@id\":\"https:\/\/maiersgoldschmiede.com\/es\/shop\/colgante-de-gecko-en-amonita\/#breadcrumb\"},\"inLanguage\":\"es\",\"potentialAction\":[{\"@type\":\"ReadAction\",\"target\":[\"https:\/\/maiersgoldschmiede.com\/es\/shop\/colgante-de-gecko-en-amonita\/\"]}]},{\"@type\":\"ImageObject\",\"inLanguage\":\"es\",\"@id\":\"https:\/\/maiersgoldschmiede.com\/es\/shop\/colgante-de-gecko-en-amonita\/#primaryimage\",\"url\":\"https:\/\/maiersgoldschmiede.com\/wp-content\/uploads\/2018\/11\/Gecko-2-Anh\u00e4nger-04.11.jpg\",\"contentUrl\":\"https:\/\/maiersgoldschmiede.com\/wp-content\/uploads\/2018\/11\/Gecko-2-Anh\u00e4nger-04.11.jpg\",\"width\":1200,\"height\":1155,\"caption\":\"Gecko en amonita\"},{\"@type\":\"BreadcrumbList\",\"@id\":\"https:\/\/maiersgoldschmiede.com\/es\/shop\/colgante-de-gecko-en-amonita\/#breadcrumb\",\"itemListElement\":[{\"@type\":\"ListItem\",\"position\":1,\"name\":\"Startseite\",\"item\":\"https:\/\/maiersgoldschmiede.com\/es\/\"},{\"@type\":\"ListItem\",\"position\":2,\"name\":\"Maiers Goldschmiede Shop\",\"item\":\"https:\/\/maiersgoldschmiede.com\/es\/maiers-goldschmiede-shop\/\"},{\"@type\":\"ListItem\",\"position\":3,\"name\":\"Gecko saliendo de colgante de amonita\"}]},{\"@type\":\"WebSite\",\"@id\":\"https:\/\/maiersgoldschmiede.com\/es\/#website\",\"url\":\"https:\/\/maiersgoldschmiede.com\/es\/\",\"name\":\"Maiers Goldschmiede\",\"description\":\"Ibiza Goldschmied Werkstatt \u2013 Atelier\",\"publisher\":{\"@id\":\"https:\/\/maiersgoldschmiede.com\/es\/#organization\"},\"potentialAction\":[{\"@type\":\"SearchAction\",\"target\":{\"@type\":\"EntryPoint\",\"urlTemplate\":\"https:\/\/maiersgoldschmiede.com\/es\/?s={search_term_string}\"},\"query-input\":{\"@type\":\"PropertyValueSpecification\",\"valueRequired\":true,\"valueName\":\"search_term_string\"}}],\"inLanguage\":\"es\"},{\"@type\":\"Organization\",\"@id\":\"https:\/\/maiersgoldschmiede.com\/es\/#organization\",\"name\":\"Maiers Goldschmiede Ibiza\",\"url\":\"https:\/\/maiersgoldschmiede.com\/es\/\",\"logo\":{\"@type\":\"ImageObject\",\"inLanguage\":\"es\",\"@id\":\"https:\/\/maiersgoldschmiede.com\/es\/#\/schema\/logo\/image\/\",\"url\":\"https:\/\/maiersgoldschmiede.com\/wp-content\/uploads\/2017\/05\/logo2.png\",\"contentUrl\":\"https:\/\/maiersgoldschmiede.com\/wp-content\/uploads\/2017\/05\/logo2.png\",\"width\":150,\"height\":116,\"caption\":\"Maiers Goldschmiede Ibiza\"},\"image\":{\"@id\":\"https:\/\/maiersgoldschmiede.com\/es\/#\/schema\/logo\/image\/\"},\"sameAs\":[\"https:\/\/www.facebook.com\/MaiersGoldschmiede\",\"https:\/\/www.instagram.com\/maier.reinhard\"]}]}<\/script>\n<!-- \/ Yoast SEO plugin. -->","yoast_head_json":{"title":"Gecko saliendo de colgante de amonita - Maiers Goldschmiede","robots":{"index":"index","follow":"follow","max-snippet":"max-snippet:-1","max-image-preview":"max-image-preview:large","max-video-preview":"max-video-preview:-1"},"canonical":"https:\/\/maiersgoldschmiede.com\/es\/shop\/colgante-de-gecko-en-amonita\/","og_locale":"es_ES","og_type":"article","og_title":"Gecko saliendo de colgante de amonita - Maiers Goldschmiede","og_description":"Colgante en 925 plata, Gecko &#8211; ba\u00f1ado en oro saliendo de amonita con 2 brillantes negros en los ojos, 0,05 quilates Peso: 42 gr. Largo: 45 mm, Ancho: 35 mm, Cord\u00f3n de cuero ajustable (3 mm) marr\u00f3n oscuro, largo: 64 cm con dos Geckos en los finales 925 ba\u00f1ado en oro Las amonitas eran criaturas","og_url":"https:\/\/maiersgoldschmiede.com\/es\/shop\/colgante-de-gecko-en-amonita\/","og_site_name":"Maiers Goldschmiede","article_publisher":"https:\/\/www.facebook.com\/MaiersGoldschmiede","og_image":[{"width":1200,"height":1155,"url":"https:\/\/maiersgoldschmiede.com\/wp-content\/uploads\/2018\/11\/Gecko-2-Anh\u00e4nger-04.11.jpg","type":"image\/jpeg"}],"twitter_card":"summary_large_image","twitter_misc":{"Tiempo de lectura":"1 minuto"},"schema":{"@context":"https:\/\/schema.org","@graph":[{"@type":"WebPage","@id":"https:\/\/maiersgoldschmiede.com\/es\/shop\/colgante-de-gecko-en-amonita\/","url":"https:\/\/maiersgoldschmiede.com\/es\/shop\/colgante-de-gecko-en-amonita\/","name":"Gecko saliendo de colgante de amonita - Maiers Goldschmiede","isPartOf":{"@id":"https:\/\/maiersgoldschmiede.com\/es\/#website"},"primaryImageOfPage":{"@id":"https:\/\/maiersgoldschmiede.com\/es\/shop\/colgante-de-gecko-en-amonita\/#primaryimage"},"image":{"@id":"https:\/\/maiersgoldschmiede.com\/es\/shop\/colgante-de-gecko-en-amonita\/#primaryimage"},"thumbnailUrl":"https:\/\/maiersgoldschmiede.com\/wp-content\/uploads\/2018\/11\/Gecko-2-Anh\u00e4nger-04.11.jpg","datePublished":"2019-03-07T19:00:56+00:00","breadcrumb":{"@id":"https:\/\/maiersgoldschmiede.com\/es\/shop\/colgante-de-gecko-en-amonita\/#breadcrumb"},"inLanguage":"es","potentialAction":[{"@type":"ReadAction","target":["https:\/\/maiersgoldschmiede.com\/es\/shop\/colgante-de-gecko-en-amonita\/"]}]},{"@type":"ImageObject","inLanguage":"es","@id":"https:\/\/maiersgoldschmiede.com\/es\/shop\/colgante-de-gecko-en-amonita\/#primaryimage","url":"https:\/\/maiersgoldschmiede.com\/wp-content\/uploads\/2018\/11\/Gecko-2-Anh\u00e4nger-04.11.jpg","contentUrl":"https:\/\/maiersgoldschmiede.com\/wp-content\/uploads\/2018\/11\/Gecko-2-Anh\u00e4nger-04.11.jpg","width":1200,"height":1155,"caption":"Gecko en amonita"},{"@type":"BreadcrumbList","@id":"https:\/\/maiersgoldschmiede.com\/es\/shop\/colgante-de-gecko-en-amonita\/#breadcrumb","itemListElement":[{"@type":"ListItem","position":1,"name":"Startseite","item":"https:\/\/maiersgoldschmiede.com\/es\/"},{"@type":"ListItem","position":2,"name":"Maiers Goldschmiede Shop","item":"https:\/\/maiersgoldschmiede.com\/es\/maiers-goldschmiede-shop\/"},{"@type":"ListItem","position":3,"name":"Gecko saliendo de colgante de amonita"}]},{"@type":"WebSite","@id":"https:\/\/maiersgoldschmiede.com\/es\/#website","url":"https:\/\/maiersgoldschmiede.com\/es\/","name":"Maiers Goldschmiede","description":"Ibiza Goldschmied Werkstatt \u2013 Atelier","publisher":{"@id":"https:\/\/maiersgoldschmiede.com\/es\/#organization"},"potentialAction":[{"@type":"SearchAction","target":{"@type":"EntryPoint","urlTemplate":"https:\/\/maiersgoldschmiede.com\/es\/?s={search_term_string}"},"query-input":{"@type":"PropertyValueSpecification","valueRequired":true,"valueName":"search_term_string"}}],"inLanguage":"es"},{"@type":"Organization","@id":"https:\/\/maiersgoldschmiede.com\/es\/#organization","name":"Maiers Goldschmiede Ibiza","url":"https:\/\/maiersgoldschmiede.com\/es\/","logo":{"@type":"ImageObject","inLanguage":"es","@id":"https:\/\/maiersgoldschmiede.com\/es\/#\/schema\/logo\/image\/","url":"https:\/\/maiersgoldschmiede.com\/wp-content\/uploads\/2017\/05\/logo2.png","contentUrl":"https:\/\/maiersgoldschmiede.com\/wp-content\/uploads\/2017\/05\/logo2.png","width":150,"height":116,"caption":"Maiers Goldschmiede Ibiza"},"image":{"@id":"https:\/\/maiersgoldschmiede.com\/es\/#\/schema\/logo\/image\/"},"sameAs":["https:\/\/www.facebook.com\/MaiersGoldschmiede","https:\/\/www.instagram.com\/maier.reinhard"]}]}},"_links":{"self":[{"href":"https:\/\/maiersgoldschmiede.com\/es\/wp-json\/wp\/v2\/product\/6676","targetHints":{"allow":["GET"]}}],"collection":[{"href":"https:\/\/maiersgoldschmiede.com\/es\/wp-json\/wp\/v2\/product"}],"about":[{"href":"https:\/\/maiersgoldschmiede.com\/es\/wp-json\/wp\/v2\/types\/product"}],"wp:featuredmedia":[{"embeddable":true,"href":"https:\/\/maiersgoldschmiede.com\/es\/wp-json\/wp\/v2\/media\/4418"}],"wp:attachment":[{"href":"https:\/\/maiersgoldschmiede.com\/es\/wp-json\/wp\/v2\/media?parent=6676"}],"wp:term":[{"taxonomy":"product_brand","embeddable":true,"href":"https:\/\/maiersgoldschmiede.com\/es\/wp-json\/wp\/v2\/product_brand?post=6676"},{"taxonomy":"product_cat","embeddable":true,"href":"https:\/\/maiersgoldschmiede.com\/es\/wp-json\/wp\/v2\/product_cat?post=6676"},{"taxonomy":"product_tag","embeddable":true,"href":"https:\/\/maiersgoldschmiede.com\/es\/wp-json\/wp\/v2\/product_tag?post=6676"}],"curies":[{"name":"wp","href":"https:\/\/api.w.org\/{rel}","templated":true}]}}