{"id":6955,"date":"2017-11-25T13:11:23","date_gmt":"2019-03-23T11:33:27","guid":{"rendered":"https:\/\/maiersgoldschmiede.com\/shop\/gecko-realista-movil-en-segmento-de-concha\/"},"modified":"2019-03-23T12:33:27","modified_gmt":"2019-03-23T11:33:27","slug":"gecko-realista-movil-en-segmento-de-concha","status":"publish","type":"product","link":"https:\/\/maiersgoldschmiede.com\/es\/shop\/gecko-realista-movil-en-segmento-de-concha\/","title":{"rendered":"Gecko realista, m\u00f3vil en segmento de concha"},"content":{"rendered":"<p>Gecko m\u00f3vil, 925 plata &#8211; ba\u00f1ado en oro,<\/p>\n<p>Largo de la concha: 48 mm, ancho: 24 mm, Peso con Gecko: 11 gr.<\/p>\n<p>Gecko con dos brillantes en los ojos, Gewicht: 0,06 ct. Si\/top wess.<\/p>\n<p>Largo: 45 mm, ancho: 17 mm<\/p>\n<p>Collar de caucho con cierre de mosquet\u00f3n, plata 925 &#8211; ba\u00f1ado en oro, largo: 45 cm, grosor: 2,8 mm.<\/p>\n<p>&nbsp;<\/p>\n","protected":false},"excerpt":{"rendered":"<p>Gecko m\u00f3vil, 925 plata &#8211; ba\u00f1ado en oro, Largo de la concha: 48 mm, ancho: 24 mm, Peso con Gecko: 11 gr. Gecko con dos brillantes en los ojos, Gewicht: 0,06 ct. Si\/top wess. Largo: 45 mm, ancho: 17 mm Collar de caucho con cierre de mosquet\u00f3n, plata 925 &#8211; ba\u00f1ado en oro, largo: 45<\/p>\n","protected":false},"featured_media":1951,"template":"","meta":{"_exactmetrics_skip_tracking":false,"_exactmetrics_sitenote_active":false,"_exactmetrics_sitenote_note":"","_exactmetrics_sitenote_category":0},"product_brand":[],"product_cat":[620,607,606,621,608],"product_tag":[609,615,725],"class_list":{"0":"post-6955","1":"product","2":"type-product","3":"status-publish","4":"has-post-thumbnail","6":"product_cat-coleccion-de-geckos","7":"product_cat-collares","8":"product_cat-joyas-para-mujer","9":"product_cat-piezas-unicas","10":"product_cat-plata","11":"product_tag-colgante","12":"product_tag-gecko-es","13":"product_tag-segmento-de-concha","14":"pa_collection-gecko-collection","16":"first","17":"instock","18":"taxable","19":"shipping-taxable","20":"product-type-simple","21":"prodpage-style3"},"yoast_head":"<!-- This site is optimized with the Yoast SEO plugin v26.1.1 - https:\/\/yoast.com\/wordpress\/plugins\/seo\/ -->\n<title>Gecko realista, m\u00f3vil en segmento de concha - Maiers Goldschmiede<\/title>\n<meta name=\"robots\" content=\"index, follow, max-snippet:-1, max-image-preview:large, max-video-preview:-1\" \/>\n<link rel=\"canonical\" href=\"https:\/\/maiersgoldschmiede.com\/es\/shop\/gecko-realista-movil-en-segmento-de-concha\/\" \/>\n<meta property=\"og:locale\" content=\"es_ES\" \/>\n<meta property=\"og:type\" content=\"article\" \/>\n<meta property=\"og:title\" content=\"Gecko realista, m\u00f3vil en segmento de concha - Maiers Goldschmiede\" \/>\n<meta property=\"og:description\" content=\"Gecko m\u00f3vil, 925 plata &#8211; ba\u00f1ado en oro, Largo de la concha: 48 mm, ancho: 24 mm, Peso con Gecko: 11 gr. Gecko con dos brillantes en los ojos, Gewicht: 0,06 ct. Si\/top wess. Largo: 45 mm, ancho: 17 mm Collar de caucho con cierre de mosquet\u00f3n, plata 925 &#8211; ba\u00f1ado en oro, largo: 45\" \/>\n<meta property=\"og:url\" content=\"https:\/\/maiersgoldschmiede.com\/es\/shop\/gecko-realista-movil-en-segmento-de-concha\/\" \/>\n<meta property=\"og:site_name\" content=\"Maiers Goldschmiede\" \/>\n<meta property=\"article:publisher\" content=\"https:\/\/www.facebook.com\/MaiersGoldschmiede\" \/>\n<meta property=\"og:image\" content=\"https:\/\/maiersgoldschmiede.com\/wp-content\/uploads\/2017\/11\/080_.jpg\" \/>\n\t<meta property=\"og:image:width\" content=\"857\" \/>\n\t<meta property=\"og:image:height\" content=\"1200\" \/>\n\t<meta property=\"og:image:type\" content=\"image\/jpeg\" \/>\n<meta name=\"twitter:card\" content=\"summary_large_image\" \/>\n<script type=\"application\/ld+json\" class=\"yoast-schema-graph\">{\"@context\":\"https:\/\/schema.org\",\"@graph\":[{\"@type\":\"WebPage\",\"@id\":\"https:\/\/maiersgoldschmiede.com\/es\/shop\/gecko-realista-movil-en-segmento-de-concha\/\",\"url\":\"https:\/\/maiersgoldschmiede.com\/es\/shop\/gecko-realista-movil-en-segmento-de-concha\/\",\"name\":\"Gecko realista, m\u00f3vil en segmento de concha - Maiers Goldschmiede\",\"isPartOf\":{\"@id\":\"https:\/\/maiersgoldschmiede.com\/es\/#website\"},\"primaryImageOfPage\":{\"@id\":\"https:\/\/maiersgoldschmiede.com\/es\/shop\/gecko-realista-movil-en-segmento-de-concha\/#primaryimage\"},\"image\":{\"@id\":\"https:\/\/maiersgoldschmiede.com\/es\/shop\/gecko-realista-movil-en-segmento-de-concha\/#primaryimage\"},\"thumbnailUrl\":\"https:\/\/maiersgoldschmiede.com\/wp-content\/uploads\/2017\/11\/080_.jpg\",\"datePublished\":\"2019-03-23T11:33:27+00:00\",\"breadcrumb\":{\"@id\":\"https:\/\/maiersgoldschmiede.com\/es\/shop\/gecko-realista-movil-en-segmento-de-concha\/#breadcrumb\"},\"inLanguage\":\"es\",\"potentialAction\":[{\"@type\":\"ReadAction\",\"target\":[\"https:\/\/maiersgoldschmiede.com\/es\/shop\/gecko-realista-movil-en-segmento-de-concha\/\"]}]},{\"@type\":\"ImageObject\",\"inLanguage\":\"es\",\"@id\":\"https:\/\/maiersgoldschmiede.com\/es\/shop\/gecko-realista-movil-en-segmento-de-concha\/#primaryimage\",\"url\":\"https:\/\/maiersgoldschmiede.com\/wp-content\/uploads\/2017\/11\/080_.jpg\",\"contentUrl\":\"https:\/\/maiersgoldschmiede.com\/wp-content\/uploads\/2017\/11\/080_.jpg\",\"width\":857,\"height\":1200,\"caption\":\"Colgante Gecko\"},{\"@type\":\"BreadcrumbList\",\"@id\":\"https:\/\/maiersgoldschmiede.com\/es\/shop\/gecko-realista-movil-en-segmento-de-concha\/#breadcrumb\",\"itemListElement\":[{\"@type\":\"ListItem\",\"position\":1,\"name\":\"Startseite\",\"item\":\"https:\/\/maiersgoldschmiede.com\/es\/\"},{\"@type\":\"ListItem\",\"position\":2,\"name\":\"Maiers Goldschmiede Shop\",\"item\":\"https:\/\/maiersgoldschmiede.com\/es\/maiers-goldschmiede-shop\/\"},{\"@type\":\"ListItem\",\"position\":3,\"name\":\"Gecko realista, m\u00f3vil en segmento de concha\"}]},{\"@type\":\"WebSite\",\"@id\":\"https:\/\/maiersgoldschmiede.com\/es\/#website\",\"url\":\"https:\/\/maiersgoldschmiede.com\/es\/\",\"name\":\"Maiers Goldschmiede\",\"description\":\"Ibiza Goldschmied Werkstatt \u2013 Atelier\",\"publisher\":{\"@id\":\"https:\/\/maiersgoldschmiede.com\/es\/#organization\"},\"potentialAction\":[{\"@type\":\"SearchAction\",\"target\":{\"@type\":\"EntryPoint\",\"urlTemplate\":\"https:\/\/maiersgoldschmiede.com\/es\/?s={search_term_string}\"},\"query-input\":{\"@type\":\"PropertyValueSpecification\",\"valueRequired\":true,\"valueName\":\"search_term_string\"}}],\"inLanguage\":\"es\"},{\"@type\":\"Organization\",\"@id\":\"https:\/\/maiersgoldschmiede.com\/es\/#organization\",\"name\":\"Maiers Goldschmiede Ibiza\",\"url\":\"https:\/\/maiersgoldschmiede.com\/es\/\",\"logo\":{\"@type\":\"ImageObject\",\"inLanguage\":\"es\",\"@id\":\"https:\/\/maiersgoldschmiede.com\/es\/#\/schema\/logo\/image\/\",\"url\":\"https:\/\/maiersgoldschmiede.com\/wp-content\/uploads\/2017\/05\/logo2.png\",\"contentUrl\":\"https:\/\/maiersgoldschmiede.com\/wp-content\/uploads\/2017\/05\/logo2.png\",\"width\":150,\"height\":116,\"caption\":\"Maiers Goldschmiede Ibiza\"},\"image\":{\"@id\":\"https:\/\/maiersgoldschmiede.com\/es\/#\/schema\/logo\/image\/\"},\"sameAs\":[\"https:\/\/www.facebook.com\/MaiersGoldschmiede\",\"https:\/\/www.instagram.com\/maier.reinhard\"]}]}<\/script>\n<!-- \/ Yoast SEO plugin. -->","yoast_head_json":{"title":"Gecko realista, m\u00f3vil en segmento de concha - Maiers Goldschmiede","robots":{"index":"index","follow":"follow","max-snippet":"max-snippet:-1","max-image-preview":"max-image-preview:large","max-video-preview":"max-video-preview:-1"},"canonical":"https:\/\/maiersgoldschmiede.com\/es\/shop\/gecko-realista-movil-en-segmento-de-concha\/","og_locale":"es_ES","og_type":"article","og_title":"Gecko realista, m\u00f3vil en segmento de concha - Maiers Goldschmiede","og_description":"Gecko m\u00f3vil, 925 plata &#8211; ba\u00f1ado en oro, Largo de la concha: 48 mm, ancho: 24 mm, Peso con Gecko: 11 gr. Gecko con dos brillantes en los ojos, Gewicht: 0,06 ct. Si\/top wess. Largo: 45 mm, ancho: 17 mm Collar de caucho con cierre de mosquet\u00f3n, plata 925 &#8211; ba\u00f1ado en oro, largo: 45","og_url":"https:\/\/maiersgoldschmiede.com\/es\/shop\/gecko-realista-movil-en-segmento-de-concha\/","og_site_name":"Maiers Goldschmiede","article_publisher":"https:\/\/www.facebook.com\/MaiersGoldschmiede","og_image":[{"width":857,"height":1200,"url":"https:\/\/maiersgoldschmiede.com\/wp-content\/uploads\/2017\/11\/080_.jpg","type":"image\/jpeg"}],"twitter_card":"summary_large_image","schema":{"@context":"https:\/\/schema.org","@graph":[{"@type":"WebPage","@id":"https:\/\/maiersgoldschmiede.com\/es\/shop\/gecko-realista-movil-en-segmento-de-concha\/","url":"https:\/\/maiersgoldschmiede.com\/es\/shop\/gecko-realista-movil-en-segmento-de-concha\/","name":"Gecko realista, m\u00f3vil en segmento de concha - Maiers Goldschmiede","isPartOf":{"@id":"https:\/\/maiersgoldschmiede.com\/es\/#website"},"primaryImageOfPage":{"@id":"https:\/\/maiersgoldschmiede.com\/es\/shop\/gecko-realista-movil-en-segmento-de-concha\/#primaryimage"},"image":{"@id":"https:\/\/maiersgoldschmiede.com\/es\/shop\/gecko-realista-movil-en-segmento-de-concha\/#primaryimage"},"thumbnailUrl":"https:\/\/maiersgoldschmiede.com\/wp-content\/uploads\/2017\/11\/080_.jpg","datePublished":"2019-03-23T11:33:27+00:00","breadcrumb":{"@id":"https:\/\/maiersgoldschmiede.com\/es\/shop\/gecko-realista-movil-en-segmento-de-concha\/#breadcrumb"},"inLanguage":"es","potentialAction":[{"@type":"ReadAction","target":["https:\/\/maiersgoldschmiede.com\/es\/shop\/gecko-realista-movil-en-segmento-de-concha\/"]}]},{"@type":"ImageObject","inLanguage":"es","@id":"https:\/\/maiersgoldschmiede.com\/es\/shop\/gecko-realista-movil-en-segmento-de-concha\/#primaryimage","url":"https:\/\/maiersgoldschmiede.com\/wp-content\/uploads\/2017\/11\/080_.jpg","contentUrl":"https:\/\/maiersgoldschmiede.com\/wp-content\/uploads\/2017\/11\/080_.jpg","width":857,"height":1200,"caption":"Colgante Gecko"},{"@type":"BreadcrumbList","@id":"https:\/\/maiersgoldschmiede.com\/es\/shop\/gecko-realista-movil-en-segmento-de-concha\/#breadcrumb","itemListElement":[{"@type":"ListItem","position":1,"name":"Startseite","item":"https:\/\/maiersgoldschmiede.com\/es\/"},{"@type":"ListItem","position":2,"name":"Maiers Goldschmiede Shop","item":"https:\/\/maiersgoldschmiede.com\/es\/maiers-goldschmiede-shop\/"},{"@type":"ListItem","position":3,"name":"Gecko realista, m\u00f3vil en segmento de concha"}]},{"@type":"WebSite","@id":"https:\/\/maiersgoldschmiede.com\/es\/#website","url":"https:\/\/maiersgoldschmiede.com\/es\/","name":"Maiers Goldschmiede","description":"Ibiza Goldschmied Werkstatt \u2013 Atelier","publisher":{"@id":"https:\/\/maiersgoldschmiede.com\/es\/#organization"},"potentialAction":[{"@type":"SearchAction","target":{"@type":"EntryPoint","urlTemplate":"https:\/\/maiersgoldschmiede.com\/es\/?s={search_term_string}"},"query-input":{"@type":"PropertyValueSpecification","valueRequired":true,"valueName":"search_term_string"}}],"inLanguage":"es"},{"@type":"Organization","@id":"https:\/\/maiersgoldschmiede.com\/es\/#organization","name":"Maiers Goldschmiede Ibiza","url":"https:\/\/maiersgoldschmiede.com\/es\/","logo":{"@type":"ImageObject","inLanguage":"es","@id":"https:\/\/maiersgoldschmiede.com\/es\/#\/schema\/logo\/image\/","url":"https:\/\/maiersgoldschmiede.com\/wp-content\/uploads\/2017\/05\/logo2.png","contentUrl":"https:\/\/maiersgoldschmiede.com\/wp-content\/uploads\/2017\/05\/logo2.png","width":150,"height":116,"caption":"Maiers Goldschmiede Ibiza"},"image":{"@id":"https:\/\/maiersgoldschmiede.com\/es\/#\/schema\/logo\/image\/"},"sameAs":["https:\/\/www.facebook.com\/MaiersGoldschmiede","https:\/\/www.instagram.com\/maier.reinhard"]}]}},"_links":{"self":[{"href":"https:\/\/maiersgoldschmiede.com\/es\/wp-json\/wp\/v2\/product\/6955","targetHints":{"allow":["GET"]}}],"collection":[{"href":"https:\/\/maiersgoldschmiede.com\/es\/wp-json\/wp\/v2\/product"}],"about":[{"href":"https:\/\/maiersgoldschmiede.com\/es\/wp-json\/wp\/v2\/types\/product"}],"wp:featuredmedia":[{"embeddable":true,"href":"https:\/\/maiersgoldschmiede.com\/es\/wp-json\/wp\/v2\/media\/1951"}],"wp:attachment":[{"href":"https:\/\/maiersgoldschmiede.com\/es\/wp-json\/wp\/v2\/media?parent=6955"}],"wp:term":[{"taxonomy":"product_brand","embeddable":true,"href":"https:\/\/maiersgoldschmiede.com\/es\/wp-json\/wp\/v2\/product_brand?post=6955"},{"taxonomy":"product_cat","embeddable":true,"href":"https:\/\/maiersgoldschmiede.com\/es\/wp-json\/wp\/v2\/product_cat?post=6955"},{"taxonomy":"product_tag","embeddable":true,"href":"https:\/\/maiersgoldschmiede.com\/es\/wp-json\/wp\/v2\/product_tag?post=6955"}],"curies":[{"name":"wp","href":"https:\/\/api.w.org\/{rel}","templated":true}]}}