{"id":6956,"date":"2019-03-23T12:33:29","date_gmt":"2019-03-23T11:33:29","guid":{"rendered":"https:\/\/maiersgoldschmiede.com\/shop\/anillo-de-fibra-de-carbono-tensado-con-peridoto-2\/"},"modified":"2019-03-23T12:33:29","modified_gmt":"2019-03-23T11:33:29","slug":"anillo-de-fibra-de-carbono-tensado-con-peridoto-2","status":"publish","type":"product","link":"https:\/\/maiersgoldschmiede.com\/es\/shop\/anillo-de-fibra-de-carbono-tensado-con-peridoto-2\/","title":{"rendered":"Anillo de fibra de carbono tensado con peridoto"},"content":{"rendered":"<p>Fibra de carbono &#8211; Anillo con peridoto y engaste estilo Ibiza<\/p>\n<p>Peridoto: Corte Navette 8 x 4 mm<\/p>\n<p>Anillo: Ancho: 8 mm, altura: 3 mm<\/p>\n<p>Tama\u00f1o: 54 mm<\/p>\n<p>Otros tama\u00f1os bajo petici\u00f3n!<\/p>\n","protected":false},"excerpt":{"rendered":"<p>Fibra de carbono &#8211; Anillo con peridoto y engaste estilo Ibiza Peridoto: Corte Navette 8 x 4 mm Anillo: Ancho: 8 mm, altura: 3 mm Tama\u00f1o: 54 mm Otros tama\u00f1os bajo petici\u00f3n!<\/p>\n","protected":false},"featured_media":0,"template":"","meta":{"_exactmetrics_skip_tracking":false,"_exactmetrics_sitenote_active":false,"_exactmetrics_sitenote_note":"","_exactmetrics_sitenote_category":0},"product_brand":[],"product_cat":[612,614,611,606,605],"product_tag":[617,616,726],"class_list":{"0":"post-6956","1":"product","2":"type-product","3":"status-publish","5":"product_cat-anillos","6":"product_cat-carbono","7":"product_cat-coleccion-de-fibra-de-carbono","8":"product_cat-joyas-para-mujer","9":"product_cat-novedades","10":"product_tag-anillo","11":"product_tag-carbono","12":"product_tag-peridoto","13":"pa_collection-carbon-collection","15":"first","16":"instock","17":"taxable","18":"shipping-taxable","19":"purchasable","20":"product-type-simple","21":"prodpage-style3"},"yoast_head":"<!-- This site is optimized with the Yoast SEO plugin v26.1.1 - https:\/\/yoast.com\/wordpress\/plugins\/seo\/ -->\n<title>Anillo de fibra de carbono tensado con peridoto - Maiers Goldschmiede<\/title>\n<meta name=\"robots\" content=\"index, follow, max-snippet:-1, max-image-preview:large, max-video-preview:-1\" \/>\n<link rel=\"canonical\" href=\"https:\/\/maiersgoldschmiede.com\/es\/shop\/anillo-de-fibra-de-carbono-tensado-con-peridoto-2\/\" \/>\n<meta property=\"og:locale\" content=\"es_ES\" \/>\n<meta property=\"og:type\" content=\"article\" \/>\n<meta property=\"og:title\" content=\"Anillo de fibra de carbono tensado con peridoto - Maiers Goldschmiede\" \/>\n<meta property=\"og:description\" content=\"Fibra de carbono &#8211; Anillo con peridoto y engaste estilo Ibiza Peridoto: Corte Navette 8 x 4 mm Anillo: Ancho: 8 mm, altura: 3 mm Tama\u00f1o: 54 mm Otros tama\u00f1os bajo petici\u00f3n!\" \/>\n<meta property=\"og:url\" content=\"https:\/\/maiersgoldschmiede.com\/es\/shop\/anillo-de-fibra-de-carbono-tensado-con-peridoto-2\/\" \/>\n<meta property=\"og:site_name\" content=\"Maiers Goldschmiede\" \/>\n<meta property=\"article:publisher\" content=\"https:\/\/www.facebook.com\/MaiersGoldschmiede\" \/>\n<meta name=\"twitter:card\" content=\"summary_large_image\" \/>\n<script type=\"application\/ld+json\" class=\"yoast-schema-graph\">{\"@context\":\"https:\/\/schema.org\",\"@graph\":[{\"@type\":\"WebPage\",\"@id\":\"https:\/\/maiersgoldschmiede.com\/es\/shop\/anillo-de-fibra-de-carbono-tensado-con-peridoto-2\/\",\"url\":\"https:\/\/maiersgoldschmiede.com\/es\/shop\/anillo-de-fibra-de-carbono-tensado-con-peridoto-2\/\",\"name\":\"Anillo de fibra de carbono tensado con peridoto - Maiers Goldschmiede\",\"isPartOf\":{\"@id\":\"https:\/\/maiersgoldschmiede.com\/es\/#website\"},\"datePublished\":\"2019-03-23T11:33:29+00:00\",\"breadcrumb\":{\"@id\":\"https:\/\/maiersgoldschmiede.com\/es\/shop\/anillo-de-fibra-de-carbono-tensado-con-peridoto-2\/#breadcrumb\"},\"inLanguage\":\"es\",\"potentialAction\":[{\"@type\":\"ReadAction\",\"target\":[\"https:\/\/maiersgoldschmiede.com\/es\/shop\/anillo-de-fibra-de-carbono-tensado-con-peridoto-2\/\"]}]},{\"@type\":\"BreadcrumbList\",\"@id\":\"https:\/\/maiersgoldschmiede.com\/es\/shop\/anillo-de-fibra-de-carbono-tensado-con-peridoto-2\/#breadcrumb\",\"itemListElement\":[{\"@type\":\"ListItem\",\"position\":1,\"name\":\"Startseite\",\"item\":\"https:\/\/maiersgoldschmiede.com\/es\/\"},{\"@type\":\"ListItem\",\"position\":2,\"name\":\"Maiers Goldschmiede Shop\",\"item\":\"https:\/\/maiersgoldschmiede.com\/es\/maiers-goldschmiede-shop\/\"},{\"@type\":\"ListItem\",\"position\":3,\"name\":\"Anillo de fibra de carbono tensado con peridoto\"}]},{\"@type\":\"WebSite\",\"@id\":\"https:\/\/maiersgoldschmiede.com\/es\/#website\",\"url\":\"https:\/\/maiersgoldschmiede.com\/es\/\",\"name\":\"Maiers Goldschmiede\",\"description\":\"Ibiza Goldschmied Werkstatt \u2013 Atelier\",\"publisher\":{\"@id\":\"https:\/\/maiersgoldschmiede.com\/es\/#organization\"},\"potentialAction\":[{\"@type\":\"SearchAction\",\"target\":{\"@type\":\"EntryPoint\",\"urlTemplate\":\"https:\/\/maiersgoldschmiede.com\/es\/?s={search_term_string}\"},\"query-input\":{\"@type\":\"PropertyValueSpecification\",\"valueRequired\":true,\"valueName\":\"search_term_string\"}}],\"inLanguage\":\"es\"},{\"@type\":\"Organization\",\"@id\":\"https:\/\/maiersgoldschmiede.com\/es\/#organization\",\"name\":\"Maiers Goldschmiede Ibiza\",\"url\":\"https:\/\/maiersgoldschmiede.com\/es\/\",\"logo\":{\"@type\":\"ImageObject\",\"inLanguage\":\"es\",\"@id\":\"https:\/\/maiersgoldschmiede.com\/es\/#\/schema\/logo\/image\/\",\"url\":\"https:\/\/maiersgoldschmiede.com\/wp-content\/uploads\/2017\/05\/logo2.png\",\"contentUrl\":\"https:\/\/maiersgoldschmiede.com\/wp-content\/uploads\/2017\/05\/logo2.png\",\"width\":150,\"height\":116,\"caption\":\"Maiers Goldschmiede Ibiza\"},\"image\":{\"@id\":\"https:\/\/maiersgoldschmiede.com\/es\/#\/schema\/logo\/image\/\"},\"sameAs\":[\"https:\/\/www.facebook.com\/MaiersGoldschmiede\",\"https:\/\/www.instagram.com\/maier.reinhard\"]}]}<\/script>\n<!-- \/ Yoast SEO plugin. -->","yoast_head_json":{"title":"Anillo de fibra de carbono tensado con peridoto - Maiers Goldschmiede","robots":{"index":"index","follow":"follow","max-snippet":"max-snippet:-1","max-image-preview":"max-image-preview:large","max-video-preview":"max-video-preview:-1"},"canonical":"https:\/\/maiersgoldschmiede.com\/es\/shop\/anillo-de-fibra-de-carbono-tensado-con-peridoto-2\/","og_locale":"es_ES","og_type":"article","og_title":"Anillo de fibra de carbono tensado con peridoto - Maiers Goldschmiede","og_description":"Fibra de carbono &#8211; Anillo con peridoto y engaste estilo Ibiza Peridoto: Corte Navette 8 x 4 mm Anillo: Ancho: 8 mm, altura: 3 mm Tama\u00f1o: 54 mm Otros tama\u00f1os bajo petici\u00f3n!","og_url":"https:\/\/maiersgoldschmiede.com\/es\/shop\/anillo-de-fibra-de-carbono-tensado-con-peridoto-2\/","og_site_name":"Maiers Goldschmiede","article_publisher":"https:\/\/www.facebook.com\/MaiersGoldschmiede","twitter_card":"summary_large_image","schema":{"@context":"https:\/\/schema.org","@graph":[{"@type":"WebPage","@id":"https:\/\/maiersgoldschmiede.com\/es\/shop\/anillo-de-fibra-de-carbono-tensado-con-peridoto-2\/","url":"https:\/\/maiersgoldschmiede.com\/es\/shop\/anillo-de-fibra-de-carbono-tensado-con-peridoto-2\/","name":"Anillo de fibra de carbono tensado con peridoto - Maiers Goldschmiede","isPartOf":{"@id":"https:\/\/maiersgoldschmiede.com\/es\/#website"},"datePublished":"2019-03-23T11:33:29+00:00","breadcrumb":{"@id":"https:\/\/maiersgoldschmiede.com\/es\/shop\/anillo-de-fibra-de-carbono-tensado-con-peridoto-2\/#breadcrumb"},"inLanguage":"es","potentialAction":[{"@type":"ReadAction","target":["https:\/\/maiersgoldschmiede.com\/es\/shop\/anillo-de-fibra-de-carbono-tensado-con-peridoto-2\/"]}]},{"@type":"BreadcrumbList","@id":"https:\/\/maiersgoldschmiede.com\/es\/shop\/anillo-de-fibra-de-carbono-tensado-con-peridoto-2\/#breadcrumb","itemListElement":[{"@type":"ListItem","position":1,"name":"Startseite","item":"https:\/\/maiersgoldschmiede.com\/es\/"},{"@type":"ListItem","position":2,"name":"Maiers Goldschmiede Shop","item":"https:\/\/maiersgoldschmiede.com\/es\/maiers-goldschmiede-shop\/"},{"@type":"ListItem","position":3,"name":"Anillo de fibra de carbono tensado con peridoto"}]},{"@type":"WebSite","@id":"https:\/\/maiersgoldschmiede.com\/es\/#website","url":"https:\/\/maiersgoldschmiede.com\/es\/","name":"Maiers Goldschmiede","description":"Ibiza Goldschmied Werkstatt \u2013 Atelier","publisher":{"@id":"https:\/\/maiersgoldschmiede.com\/es\/#organization"},"potentialAction":[{"@type":"SearchAction","target":{"@type":"EntryPoint","urlTemplate":"https:\/\/maiersgoldschmiede.com\/es\/?s={search_term_string}"},"query-input":{"@type":"PropertyValueSpecification","valueRequired":true,"valueName":"search_term_string"}}],"inLanguage":"es"},{"@type":"Organization","@id":"https:\/\/maiersgoldschmiede.com\/es\/#organization","name":"Maiers Goldschmiede Ibiza","url":"https:\/\/maiersgoldschmiede.com\/es\/","logo":{"@type":"ImageObject","inLanguage":"es","@id":"https:\/\/maiersgoldschmiede.com\/es\/#\/schema\/logo\/image\/","url":"https:\/\/maiersgoldschmiede.com\/wp-content\/uploads\/2017\/05\/logo2.png","contentUrl":"https:\/\/maiersgoldschmiede.com\/wp-content\/uploads\/2017\/05\/logo2.png","width":150,"height":116,"caption":"Maiers Goldschmiede Ibiza"},"image":{"@id":"https:\/\/maiersgoldschmiede.com\/es\/#\/schema\/logo\/image\/"},"sameAs":["https:\/\/www.facebook.com\/MaiersGoldschmiede","https:\/\/www.instagram.com\/maier.reinhard"]}]}},"_links":{"self":[{"href":"https:\/\/maiersgoldschmiede.com\/es\/wp-json\/wp\/v2\/product\/6956","targetHints":{"allow":["GET"]}}],"collection":[{"href":"https:\/\/maiersgoldschmiede.com\/es\/wp-json\/wp\/v2\/product"}],"about":[{"href":"https:\/\/maiersgoldschmiede.com\/es\/wp-json\/wp\/v2\/types\/product"}],"wp:attachment":[{"href":"https:\/\/maiersgoldschmiede.com\/es\/wp-json\/wp\/v2\/media?parent=6956"}],"wp:term":[{"taxonomy":"product_brand","embeddable":true,"href":"https:\/\/maiersgoldschmiede.com\/es\/wp-json\/wp\/v2\/product_brand?post=6956"},{"taxonomy":"product_cat","embeddable":true,"href":"https:\/\/maiersgoldschmiede.com\/es\/wp-json\/wp\/v2\/product_cat?post=6956"},{"taxonomy":"product_tag","embeddable":true,"href":"https:\/\/maiersgoldschmiede.com\/es\/wp-json\/wp\/v2\/product_tag?post=6956"}],"curies":[{"name":"wp","href":"https:\/\/api.w.org\/{rel}","templated":true}]}}