{"id":7071,"date":"2017-09-22T17:22:59","date_gmt":"2019-03-26T18:40:08","guid":{"rendered":"https:\/\/maiersgoldschmiede.com\/shop\/gecko-diamantado-en-cordon-de-cuero\/"},"modified":"2019-03-26T19:40:08","modified_gmt":"2019-03-26T18:40:08","slug":"gecko-realista-diamantado-en-cordon-de-cuero","status":"publish","type":"product","link":"https:\/\/maiersgoldschmiede.com\/es\/shop\/gecko-realista-diamantado-en-cordon-de-cuero\/","title":{"rendered":"Gecko diamantado en cord\u00f3n de cuero"},"content":{"rendered":"<p>&nbsp;<\/p>\n<p>Gecko se envuelve alrededor de un cord\u00f3n de cuero negro: 7 mm,<\/p>\n<p>Gecko diamantado en plata 925 bana\u00f1do en oro<\/p>\n<p>con dos brillantes en los ojos y uno en la cola, peso: 0.08 ct, si \/ top wess<\/p>\n<p>Gecko: longitud 50 mm, ancho: 16 mm, peso: 6,0 gr.<\/p>\n<p>Cierre: mosquet\u00f3n con c\u00e1psulas finales,<\/p>\n<p>Longitud de la cadena: 48 cm, peso: 36 gr.<\/p>\n<p>&nbsp;<\/p>\n","protected":false},"excerpt":{"rendered":"<p>&nbsp; Gecko se envuelve alrededor de un cord\u00f3n de cuero negro: 7 mm, Gecko diamantado en plata 925 bana\u00f1do en oro con dos brillantes en los ojos y uno en la cola, peso: 0.08 ct, si \/ top wess Gecko: longitud 50 mm, ancho: 16 mm, peso: 6,0 gr. Cierre: mosquet\u00f3n con c\u00e1psulas finales, Longitud<\/p>\n","protected":false},"featured_media":0,"template":"","meta":{"_exactmetrics_skip_tracking":false,"_exactmetrics_sitenote_active":false,"_exactmetrics_sitenote_note":"","_exactmetrics_sitenote_category":0},"product_brand":[],"product_cat":[620,607,613,606,608],"product_tag":[758,757,644,615],"class_list":{"0":"post-7071","1":"product","2":"type-product","3":"status-publish","5":"product_cat-coleccion-de-geckos","6":"product_cat-collares","7":"product_cat-joyas-para-hombre","8":"product_cat-joyas-para-mujer","9":"product_cat-plata","10":"product_tag-cordon-de-cuero","11":"product_tag-diamantado","12":"product_tag-fiel-a-su-naturaleza","13":"product_tag-gecko-es","14":"pa_collection-gecko-collection","16":"first","17":"instock","18":"taxable","19":"shipping-taxable","20":"purchasable","21":"product-type-simple","22":"prodpage-style3"},"yoast_head":"<!-- This site is optimized with the Yoast SEO plugin v26.1.1 - https:\/\/yoast.com\/wordpress\/plugins\/seo\/ -->\n<title>Gecko diamantado en cord\u00f3n de cuero - Maiers Goldschmiede<\/title>\n<meta name=\"robots\" content=\"index, follow, max-snippet:-1, max-image-preview:large, max-video-preview:-1\" \/>\n<link rel=\"canonical\" href=\"https:\/\/maiersgoldschmiede.com\/es\/shop\/gecko-realista-diamantado-en-cordon-de-cuero\/\" \/>\n<meta property=\"og:locale\" content=\"es_ES\" \/>\n<meta property=\"og:type\" content=\"article\" \/>\n<meta property=\"og:title\" content=\"Gecko diamantado en cord\u00f3n de cuero - Maiers Goldschmiede\" \/>\n<meta property=\"og:description\" content=\"&nbsp; Gecko se envuelve alrededor de un cord\u00f3n de cuero negro: 7 mm, Gecko diamantado en plata 925 bana\u00f1do en oro con dos brillantes en los ojos y uno en la cola, peso: 0.08 ct, si \/ top wess Gecko: longitud 50 mm, ancho: 16 mm, peso: 6,0 gr. Cierre: mosquet\u00f3n con c\u00e1psulas finales, Longitud\" \/>\n<meta property=\"og:url\" content=\"https:\/\/maiersgoldschmiede.com\/es\/shop\/gecko-realista-diamantado-en-cordon-de-cuero\/\" \/>\n<meta property=\"og:site_name\" content=\"Maiers Goldschmiede\" \/>\n<meta property=\"article:publisher\" content=\"https:\/\/www.facebook.com\/MaiersGoldschmiede\" \/>\n<meta property=\"og:image\" content=\"https:\/\/maiersgoldschmiede.com\/wp-content\/uploads\/2017\/09\/016_.jpg\" \/>\n\t<meta property=\"og:image:width\" content=\"1200\" \/>\n\t<meta property=\"og:image:height\" content=\"800\" \/>\n\t<meta property=\"og:image:type\" content=\"image\/jpeg\" \/>\n<meta name=\"twitter:card\" content=\"summary_large_image\" \/>\n<script type=\"application\/ld+json\" class=\"yoast-schema-graph\">{\"@context\":\"https:\/\/schema.org\",\"@graph\":[{\"@type\":\"WebPage\",\"@id\":\"https:\/\/maiersgoldschmiede.com\/es\/shop\/gecko-realista-diamantado-en-cordon-de-cuero\/\",\"url\":\"https:\/\/maiersgoldschmiede.com\/es\/shop\/gecko-realista-diamantado-en-cordon-de-cuero\/\",\"name\":\"Gecko diamantado en cord\u00f3n de cuero - Maiers Goldschmiede\",\"isPartOf\":{\"@id\":\"https:\/\/maiersgoldschmiede.com\/es\/#website\"},\"datePublished\":\"2019-03-26T18:40:08+00:00\",\"breadcrumb\":{\"@id\":\"https:\/\/maiersgoldschmiede.com\/es\/shop\/gecko-realista-diamantado-en-cordon-de-cuero\/#breadcrumb\"},\"inLanguage\":\"es\",\"potentialAction\":[{\"@type\":\"ReadAction\",\"target\":[\"https:\/\/maiersgoldschmiede.com\/es\/shop\/gecko-realista-diamantado-en-cordon-de-cuero\/\"]}]},{\"@type\":\"BreadcrumbList\",\"@id\":\"https:\/\/maiersgoldschmiede.com\/es\/shop\/gecko-realista-diamantado-en-cordon-de-cuero\/#breadcrumb\",\"itemListElement\":[{\"@type\":\"ListItem\",\"position\":1,\"name\":\"Startseite\",\"item\":\"https:\/\/maiersgoldschmiede.com\/es\/\"},{\"@type\":\"ListItem\",\"position\":2,\"name\":\"Maiers Goldschmiede Shop\",\"item\":\"https:\/\/maiersgoldschmiede.com\/es\/maiers-goldschmiede-shop\/\"},{\"@type\":\"ListItem\",\"position\":3,\"name\":\"Gecko diamantado en cord\u00f3n de cuero\"}]},{\"@type\":\"WebSite\",\"@id\":\"https:\/\/maiersgoldschmiede.com\/es\/#website\",\"url\":\"https:\/\/maiersgoldschmiede.com\/es\/\",\"name\":\"Maiers Goldschmiede\",\"description\":\"Ibiza Goldschmied Werkstatt \u2013 Atelier\",\"publisher\":{\"@id\":\"https:\/\/maiersgoldschmiede.com\/es\/#organization\"},\"potentialAction\":[{\"@type\":\"SearchAction\",\"target\":{\"@type\":\"EntryPoint\",\"urlTemplate\":\"https:\/\/maiersgoldschmiede.com\/es\/?s={search_term_string}\"},\"query-input\":{\"@type\":\"PropertyValueSpecification\",\"valueRequired\":true,\"valueName\":\"search_term_string\"}}],\"inLanguage\":\"es\"},{\"@type\":\"Organization\",\"@id\":\"https:\/\/maiersgoldschmiede.com\/es\/#organization\",\"name\":\"Maiers Goldschmiede Ibiza\",\"url\":\"https:\/\/maiersgoldschmiede.com\/es\/\",\"logo\":{\"@type\":\"ImageObject\",\"inLanguage\":\"es\",\"@id\":\"https:\/\/maiersgoldschmiede.com\/es\/#\/schema\/logo\/image\/\",\"url\":\"https:\/\/maiersgoldschmiede.com\/wp-content\/uploads\/2017\/05\/logo2.png\",\"contentUrl\":\"https:\/\/maiersgoldschmiede.com\/wp-content\/uploads\/2017\/05\/logo2.png\",\"width\":150,\"height\":116,\"caption\":\"Maiers Goldschmiede Ibiza\"},\"image\":{\"@id\":\"https:\/\/maiersgoldschmiede.com\/es\/#\/schema\/logo\/image\/\"},\"sameAs\":[\"https:\/\/www.facebook.com\/MaiersGoldschmiede\",\"https:\/\/www.instagram.com\/maier.reinhard\"]}]}<\/script>\n<!-- \/ Yoast SEO plugin. -->","yoast_head_json":{"title":"Gecko diamantado en cord\u00f3n de cuero - Maiers Goldschmiede","robots":{"index":"index","follow":"follow","max-snippet":"max-snippet:-1","max-image-preview":"max-image-preview:large","max-video-preview":"max-video-preview:-1"},"canonical":"https:\/\/maiersgoldschmiede.com\/es\/shop\/gecko-realista-diamantado-en-cordon-de-cuero\/","og_locale":"es_ES","og_type":"article","og_title":"Gecko diamantado en cord\u00f3n de cuero - Maiers Goldschmiede","og_description":"&nbsp; Gecko se envuelve alrededor de un cord\u00f3n de cuero negro: 7 mm, Gecko diamantado en plata 925 bana\u00f1do en oro con dos brillantes en los ojos y uno en la cola, peso: 0.08 ct, si \/ top wess Gecko: longitud 50 mm, ancho: 16 mm, peso: 6,0 gr. Cierre: mosquet\u00f3n con c\u00e1psulas finales, Longitud","og_url":"https:\/\/maiersgoldschmiede.com\/es\/shop\/gecko-realista-diamantado-en-cordon-de-cuero\/","og_site_name":"Maiers Goldschmiede","article_publisher":"https:\/\/www.facebook.com\/MaiersGoldschmiede","og_image":[{"width":1200,"height":800,"url":"https:\/\/maiersgoldschmiede.com\/wp-content\/uploads\/2017\/09\/016_.jpg","type":"image\/jpeg"}],"twitter_card":"summary_large_image","schema":{"@context":"https:\/\/schema.org","@graph":[{"@type":"WebPage","@id":"https:\/\/maiersgoldschmiede.com\/es\/shop\/gecko-realista-diamantado-en-cordon-de-cuero\/","url":"https:\/\/maiersgoldschmiede.com\/es\/shop\/gecko-realista-diamantado-en-cordon-de-cuero\/","name":"Gecko diamantado en cord\u00f3n de cuero - Maiers Goldschmiede","isPartOf":{"@id":"https:\/\/maiersgoldschmiede.com\/es\/#website"},"datePublished":"2019-03-26T18:40:08+00:00","breadcrumb":{"@id":"https:\/\/maiersgoldschmiede.com\/es\/shop\/gecko-realista-diamantado-en-cordon-de-cuero\/#breadcrumb"},"inLanguage":"es","potentialAction":[{"@type":"ReadAction","target":["https:\/\/maiersgoldschmiede.com\/es\/shop\/gecko-realista-diamantado-en-cordon-de-cuero\/"]}]},{"@type":"BreadcrumbList","@id":"https:\/\/maiersgoldschmiede.com\/es\/shop\/gecko-realista-diamantado-en-cordon-de-cuero\/#breadcrumb","itemListElement":[{"@type":"ListItem","position":1,"name":"Startseite","item":"https:\/\/maiersgoldschmiede.com\/es\/"},{"@type":"ListItem","position":2,"name":"Maiers Goldschmiede Shop","item":"https:\/\/maiersgoldschmiede.com\/es\/maiers-goldschmiede-shop\/"},{"@type":"ListItem","position":3,"name":"Gecko diamantado en cord\u00f3n de cuero"}]},{"@type":"WebSite","@id":"https:\/\/maiersgoldschmiede.com\/es\/#website","url":"https:\/\/maiersgoldschmiede.com\/es\/","name":"Maiers Goldschmiede","description":"Ibiza Goldschmied Werkstatt \u2013 Atelier","publisher":{"@id":"https:\/\/maiersgoldschmiede.com\/es\/#organization"},"potentialAction":[{"@type":"SearchAction","target":{"@type":"EntryPoint","urlTemplate":"https:\/\/maiersgoldschmiede.com\/es\/?s={search_term_string}"},"query-input":{"@type":"PropertyValueSpecification","valueRequired":true,"valueName":"search_term_string"}}],"inLanguage":"es"},{"@type":"Organization","@id":"https:\/\/maiersgoldschmiede.com\/es\/#organization","name":"Maiers Goldschmiede Ibiza","url":"https:\/\/maiersgoldschmiede.com\/es\/","logo":{"@type":"ImageObject","inLanguage":"es","@id":"https:\/\/maiersgoldschmiede.com\/es\/#\/schema\/logo\/image\/","url":"https:\/\/maiersgoldschmiede.com\/wp-content\/uploads\/2017\/05\/logo2.png","contentUrl":"https:\/\/maiersgoldschmiede.com\/wp-content\/uploads\/2017\/05\/logo2.png","width":150,"height":116,"caption":"Maiers Goldschmiede Ibiza"},"image":{"@id":"https:\/\/maiersgoldschmiede.com\/es\/#\/schema\/logo\/image\/"},"sameAs":["https:\/\/www.facebook.com\/MaiersGoldschmiede","https:\/\/www.instagram.com\/maier.reinhard"]}]}},"_links":{"self":[{"href":"https:\/\/maiersgoldschmiede.com\/es\/wp-json\/wp\/v2\/product\/7071","targetHints":{"allow":["GET"]}}],"collection":[{"href":"https:\/\/maiersgoldschmiede.com\/es\/wp-json\/wp\/v2\/product"}],"about":[{"href":"https:\/\/maiersgoldschmiede.com\/es\/wp-json\/wp\/v2\/types\/product"}],"wp:attachment":[{"href":"https:\/\/maiersgoldschmiede.com\/es\/wp-json\/wp\/v2\/media?parent=7071"}],"wp:term":[{"taxonomy":"product_brand","embeddable":true,"href":"https:\/\/maiersgoldschmiede.com\/es\/wp-json\/wp\/v2\/product_brand?post=7071"},{"taxonomy":"product_cat","embeddable":true,"href":"https:\/\/maiersgoldschmiede.com\/es\/wp-json\/wp\/v2\/product_cat?post=7071"},{"taxonomy":"product_tag","embeddable":true,"href":"https:\/\/maiersgoldschmiede.com\/es\/wp-json\/wp\/v2\/product_tag?post=7071"}],"curies":[{"name":"wp","href":"https:\/\/api.w.org\/{rel}","templated":true}]}}